{"id":103,"date":"2026-04-11T14:31:55","date_gmt":"2026-04-11T07:31:55","guid":{"rendered":"https:\/\/kk55.archi\/?page_id=103"},"modified":"2026-04-12T14:05:23","modified_gmt":"2026-04-12T07:05:23","slug":"ban-ca-kk55","status":"publish","type":"page","link":"https:\/\/kk55.archi\/index.php\/ban-ca-kk55\/","title":{"rendered":"S\u0103n Th\u01b0\u1edfng \u0110\u1ea1i D\u01b0\u01a1ng B\u1eafn C\u00e1 KK55 \u0110\u1eb3ng C\u1ea5p V\u1edbi T\u1ef7 L\u1ec7 Cao"},"content":{"rendered":"<div id=\"ez-toc-container\" class=\"ez-toc-v2_0_82_2 counter-hierarchy ez-toc-counter ez-toc-grey ez-toc-container-direction\">\n<div class=\"ez-toc-title-container\">\n<p class=\"ez-toc-title\" style=\"cursor:inherit\">M\u1ee5c L\u1ee5c<\/p>\n<span class=\"ez-toc-title-toggle\"><a href=\"#\" class=\"ez-toc-pull-right ez-toc-btn ez-toc-btn-xs ez-toc-btn-default ez-toc-toggle\" aria-label=\"Toggle Table of Content\"><span class=\"ez-toc-js-icon-con\"><span class=\"\"><span class=\"eztoc-hide\" style=\"display:none;\">Toggle<\/span><span class=\"ez-toc-icon-toggle-span\"><svg style=\"fill: #999;color:#999\" xmlns=\"http:\/\/www.w3.org\/2000\/svg\" class=\"list-377408\" width=\"20px\" height=\"20px\" viewBox=\"0 0 24 24\" fill=\"none\"><path d=\"M6 6H4v2h2V6zm14 0H8v2h12V6zM4 11h2v2H4v-2zm16 0H8v2h12v-2zM4 16h2v2H4v-2zm16 0H8v2h12v-2z\" fill=\"currentColor\"><\/path><\/svg><svg style=\"fill: #999;color:#999\" class=\"arrow-unsorted-368013\" xmlns=\"http:\/\/www.w3.org\/2000\/svg\" width=\"10px\" height=\"10px\" viewBox=\"0 0 24 24\" version=\"1.2\" baseProfile=\"tiny\"><path d=\"M18.2 9.3l-6.2-6.3-6.2 6.3c-.2.2-.3.4-.3.7s.1.5.3.7c.2.2.4.3.7.3h11c.3 0 .5-.1.7-.3.2-.2.3-.5.3-.7s-.1-.5-.3-.7zM5.8 14.7l6.2 6.3 6.2-6.3c.2-.2.3-.5.3-.7s-.1-.5-.3-.7c-.2-.2-.4-.3-.7-.3h-11c-.3 0-.5.1-.7.3-.2.2-.3.5-.3.7s.1.5.3.7z\"\/><\/svg><\/span><\/span><\/span><\/a><\/span><\/div>\n<nav><ul class='ez-toc-list ez-toc-list-level-1 ' ><li class='ez-toc-page-1 ez-toc-heading-level-1'><a class=\"ez-toc-link ez-toc-heading-1\" href=\"https:\/\/kk55.archi\/index.php\/ban-ca-kk55\/#San_Thuong_Dai_Duong_Ban_Ca_KK55_Dang_Cap_Voi_Ty_Le_Cao\" >S\u0103n Th\u01b0\u1edfng \u0110\u1ea1i D\u01b0\u01a1ng B\u1eafn C\u00e1 KK55 \u0110\u1eb3ng C\u1ea5p V\u1edbi T\u1ef7 L\u1ec7 Cao<\/a><ul class='ez-toc-list-level-2' ><li class='ez-toc-heading-level-2'><a class=\"ez-toc-link ez-toc-heading-2\" href=\"https:\/\/kk55.archi\/index.php\/ban-ca-kk55\/#Kham_pha_the_gioi_dai_duong_ban_ca_KK55_sinh_dong\" >Kh\u00e1m ph\u00e1 th\u1ebf gi\u1edbi \u0111\u1ea1i d\u01b0\u01a1ng b\u1eafn c\u00e1 KK55 sinh \u0111\u1ed9ng<\/a><ul class='ez-toc-list-level-3' ><li class='ez-toc-heading-level-3'><a class=\"ez-toc-link ez-toc-heading-3\" href=\"https:\/\/kk55.archi\/index.php\/ban-ca-kk55\/#Do_hoa_3D_chan_thuc_cung_hieu_ung_am_thanh_loi_cuon\" >\u0110\u1ed3 h\u1ecda 3D ch\u00e2n th\u1ef1c c\u00f9ng hi\u1ec7u \u1ee9ng \u00e2m thanh l\u00f4i cu\u1ed1n<\/a><\/li><li class='ez-toc-page-1 ez-toc-heading-level-3'><a class=\"ez-toc-link ez-toc-heading-4\" href=\"https:\/\/kk55.archi\/index.php\/ban-ca-kk55\/#He_thong_sinh_vat_bien_da_dang_voi_boss_sieu_khung\" >H\u1ec7 th\u1ed1ng sinh v\u1eadt bi\u1ec3n \u0111a d\u1ea1ng v\u1edbi boss si\u00eau kh\u1ee7ng<\/a><\/li><li class='ez-toc-page-1 ez-toc-heading-level-3'><a class=\"ez-toc-link ez-toc-heading-5\" href=\"https:\/\/kk55.archi\/index.php\/ban-ca-kk55\/#Kho_vu_khi_toi_tan_ho_tro_ha_guc_muc_tieu_nhanh\" >Kho v\u0169 kh\u00ed t\u1ed1i t\u00e2n h\u1ed7 tr\u1ee3 h\u1ea1 g\u1ee5c m\u1ee5c ti\u00eau nhanh<\/a><\/li><\/ul><\/li><li class='ez-toc-page-1 ez-toc-heading-level-2'><a class=\"ez-toc-link ez-toc-heading-6\" href=\"https:\/\/kk55.archi\/index.php\/ban-ca-kk55\/#Cac_sanh_san_thuy_quai_phan_chia_theo_tung_cap_do\" >C\u00e1c s\u1ea3nh s\u0103n th\u1ee7y qu\u00e1i ph\u00e2n chia theo t\u1eebng c\u1ea5p \u0111\u1ed9<\/a><ul class='ez-toc-list-level-3' ><li class='ez-toc-heading-level-3'><a class=\"ez-toc-link ez-toc-heading-7\" href=\"https:\/\/kk55.archi\/index.php\/ban-ca-kk55\/#Vung_bien_tan_thu_giup_lam_quen_thao_tac_ngam_ban\" >V\u00f9ng bi\u1ec3n t\u00e2n th\u1ee7 gi\u00fap l\u00e0m quen thao t\u00e1c ng\u1eafm b\u1eafn<\/a><\/li><li class='ez-toc-page-1 ez-toc-heading-level-3'><a class=\"ez-toc-link ez-toc-heading-8\" href=\"https:\/\/kk55.archi\/index.php\/ban-ca-kk55\/#Vung_bien_dai_duong_thu_thach_ky_nang_san_boss_lon\" >V\u00f9ng bi\u1ec3n \u0111\u1ea1i d\u01b0\u01a1ng th\u1eed th\u00e1ch k\u1ef9 n\u0103ng s\u0103n boss l\u1edbn<\/a><\/li><\/ul><\/li><li class='ez-toc-page-1 ez-toc-heading-level-2'><a class=\"ez-toc-link ez-toc-heading-9\" href=\"https:\/\/kk55.archi\/index.php\/ban-ca-kk55\/#Trai_nghiem_giai_tri_an_toan_va_tra_thuong_minh_bach\" >Tr\u1ea3i nghi\u1ec7m gi\u1ea3i tr\u00ed an to\u00e0n v\u00e0 tr\u1ea3 th\u01b0\u1edfng minh b\u1ea1ch<\/a><\/li><li class='ez-toc-page-1 ez-toc-heading-level-2'><a class=\"ez-toc-link ez-toc-heading-10\" href=\"https:\/\/kk55.archi\/index.php\/ban-ca-kk55\/#Ket_luan\" >K\u1ebft lu\u1eadn<\/a><\/li><\/ul><\/li><\/ul><\/nav><\/div>\n<h1 style=\"text-align: center;\"><span class=\"ez-toc-section\" id=\"San_Thuong_Dai_Duong_Ban_Ca_KK55_Dang_Cap_Voi_Ty_Le_Cao\"><\/span><b>S\u0103n Th\u01b0\u1edfng \u0110\u1ea1i D\u01b0\u01a1ng B\u1eafn C\u00e1 KK55 \u0110\u1eb3ng C\u1ea5p V\u1edbi T\u1ef7 L\u1ec7 Cao<\/b><span class=\"ez-toc-section-end\"><\/span><\/h1>\n<p><span style=\"font-weight: 400;\">B\u1eafn c\u00e1 KK55 m\u1edf ra m\u1ed9t h\u00e0nh tr\u00ecnh chinh ph\u1ee5c bi\u1ec3n kh\u01a1i \u0111\u1ea7y k\u1ecbch t\u00ednh v\u1edbi v\u00f4 v\u00e0n kho b\u00e1u gi\u00e1 tr\u1ecb \u0111ang ch\u1edd \u0111\u00f3n. Ch\u00fang t\u00f4i ki\u1ebfn t\u1ea1o n\u00ean m\u1ed9t kh\u00f4ng gian gi\u1ea3i tr\u00ed v\u01b0\u1ee3t tr\u1ed9i, n\u01a1i m\u1ed7i ng\u01b0 th\u1ee7 \u0111\u1ec1u c\u00f3 c\u01a1 h\u1ed9i tr\u1edf th\u00e0nh tri\u1ec7u ph\u00fa ch\u1ec9 sau v\u00e0i l\u01b0\u1ee3t b\u1eafn. S\u1ef1 k\u1ebft h\u1ee3p gi\u1eefa c\u00f4ng ngh\u1ec7 hi\u1ec7n \u0111\u1ea1i v\u00e0 uy t\u00edn kh\u1eb3ng \u0111\u1ecbnh v\u1ecb th\u1ebf d\u1eabn \u0111\u1ea7u c\u1ee7a nh\u00e0 c\u00e1i <a href=\"https:\/\/kk55.archi\/\"><strong>KK55<\/strong><\/a> trong l\u00f2ng c\u1ed9ng \u0111\u1ed3ng.<\/span><\/p>\n<h2><span class=\"ez-toc-section\" id=\"Kham_pha_the_gioi_dai_duong_ban_ca_KK55_sinh_dong\"><\/span><b>Kh\u00e1m ph\u00e1 th\u1ebf gi\u1edbi \u0111\u1ea1i d\u01b0\u01a1ng b\u1eafn c\u00e1 KK55 sinh \u0111\u1ed9ng<\/b><span class=\"ez-toc-section-end\"><\/span><\/h2>\n<p><span style=\"font-weight: 400;\">\u0110\u1ec3 t\u1ea1o n\u00ean s\u1ee9c h\u00fat kh\u00f3 c\u01b0\u1ee1ng, ch\u00fang t\u00f4i \u0111\u00e3 \u0111\u1ea7u t\u01b0 m\u1ea1nh m\u1ebd v\u00e0o giao di\u1ec7n v\u00e0 \u00e2m thanh, bi\u1ebfn m\u1ed7i gi\u00e2y ph\u00fat b\u1eafn c\u00e1 KK55 tr\u1edf th\u00e0nh m\u1ed9t chuy\u1ebfn phi\u00eau l\u01b0u th\u1ef1c th\u1ee5 d\u01b0\u1edbi l\u00f2ng bi\u1ec3n s\u00e2u.<\/span><\/p>\n<figure id=\"attachment_105\" aria-describedby=\"caption-attachment-105\" style=\"width: 800px\" class=\"wp-caption aligncenter\"><img decoding=\"async\" class=\"size-full wp-image-105\" src=\"https:\/\/kk55.archi\/wp-content\/uploads\/2026\/04\/dai-duong-ban-ca-kk55-day-mau-sac.jpg\" alt=\"\u0110\u1ea1i d\u01b0\u01a1ng b\u1eafn c\u00e1 KK55 \u0111\u1ea7y m\u00e0u s\u1eafc\" width=\"800\" height=\"400\" srcset=\"https:\/\/kk55.archi\/wp-content\/uploads\/2026\/04\/dai-duong-ban-ca-kk55-day-mau-sac.jpg 800w, https:\/\/kk55.archi\/wp-content\/uploads\/2026\/04\/dai-duong-ban-ca-kk55-day-mau-sac-300x150.jpg 300w, https:\/\/kk55.archi\/wp-content\/uploads\/2026\/04\/dai-duong-ban-ca-kk55-day-mau-sac-768x384.jpg 768w\" sizes=\"(max-width: 800px) 100vw, 800px\" \/><figcaption id=\"caption-attachment-105\" class=\"wp-caption-text\">\u0110\u1ea1i d\u01b0\u01a1ng b\u1eafn c\u00e1 KK55 \u0111\u1ea7y m\u00e0u s\u1eafc<\/figcaption><\/figure>\n<h3><span class=\"ez-toc-section\" id=\"Do_hoa_3D_chan_thuc_cung_hieu_ung_am_thanh_loi_cuon\"><\/span><b>\u0110\u1ed3 h\u1ecda 3D ch\u00e2n th\u1ef1c c\u00f9ng hi\u1ec7u \u1ee9ng \u00e2m thanh l\u00f4i cu\u1ed1n<\/b><span class=\"ez-toc-section-end\"><\/span><\/h3>\n<p><span style=\"font-weight: 400;\">Ngay t\u1eeb khi b\u01b0\u1edbc v\u00e0o s\u1ea3nh ch\u01a1i, b\u1ea1n s\u1ebd b\u1ecb cho\u00e1ng ng\u1ee3p b\u1edfi khung c\u1ea3nh \u0111\u1ea1i d\u01b0\u01a1ng xanh ng\u1eaft \u0111\u01b0\u1ee3c t\u00e1i hi\u1ec7n b\u1eb1ng c\u00f4ng ngh\u1ec7 3D \u0111\u1ec9nh cao. T\u1eebng chuy\u1ec3n \u0111\u1ed9ng c\u1ee7a b\u1ecdt n\u01b0\u1edbc, \u00e1nh s\u00e1ng xuy\u00ean qua k\u1ebd l\u00e1 rong bi\u1ec3n \u0111\u1ec1u \u0111\u01b0\u1ee3c ch\u0103m ch\u00fat t\u1ec9 m\u1ec9, t\u1ea1o c\u1ea3m gi\u00e1c s\u1ed1ng \u0111\u1ed9ng nh\u01b0 th\u1eadt. K\u1ebft h\u1ee3p c\u00f9ng \u00e2m thanh s\u00f3ng bi\u1ec3n v\u00e0 ti\u1ebfng c\u00e1 qu\u1eaby \u0111u\u00f4i, ng\u01b0\u1eddi d\u00f9ng s\u1ebd ho\u00e0n to\u00e0n ch\u00ecm \u0111\u1eafm trong th\u1ebf gi\u1edbi \u1ea3o \u0111\u1ea7y m\u00ea ho\u1eb7c n\u00e0y.<br \/>\n<\/span><\/p>\n<blockquote><p><span style=\"font-weight: 400;\"><br \/>\nXem Th\u00eam:\u00a0Top Game <a href=\"https:\/\/kk55.archi\/index.php\/no-hu-kk55\/\">N\u1ed5 H\u0169 KK55<\/a> Uy T\u00edn V\u1edbi T\u1ef7 L\u1ec7 Th\u01b0\u1edfng C\u1ef1c Cao<\/span><\/p><\/blockquote>\n<h3><span class=\"ez-toc-section\" id=\"He_thong_sinh_vat_bien_da_dang_voi_boss_sieu_khung\"><\/span><b>H\u1ec7 th\u1ed1ng sinh v\u1eadt bi\u1ec3n \u0111a d\u1ea1ng v\u1edbi boss si\u00eau kh\u1ee7ng<\/b><span class=\"ez-toc-section-end\"><\/span><\/h3>\n<p><span style=\"font-weight: 400;\">T\u1ea1i \u0111\u00e2y, ch\u00fang t\u00f4i mang \u0111\u1ebfn h\u00e0ng tr\u0103m lo\u00e0i c\u00e1 kh\u00e1c nhau v\u1edbi m\u00e0u s\u1eafc v\u00e0 k\u00edch th\u01b0\u1edbc phong ph\u00fa. \u0110\u1eb7c bi\u1ec7t, s\u1ef1 xu\u1ea5t hi\u1ec7n c\u1ee7a c\u00e1c Boss nh\u01b0 R\u1ed3ng V\u00e0ng, H\u1ea3i V\u01b0\u01a1ng hay C\u00e1 M\u1eadp Kim C\u01b0\u01a1ng ch\u00ednh l\u00e0 \u0111i\u1ec3m nh\u1ea5n khi\u1ebfn b\u1eafn c\u00e1 KK55 tr\u1edf n\u00ean k\u1ecbch t\u00ednh. M\u1ed7i khi h\u1ea1 g\u1ee5c \u0111\u01b0\u1ee3c m\u1ed9t si\u00eau qu\u00e1i v\u1eadt, ng\u01b0\u1eddi ch\u01a1i s\u1ebd nh\u1eadn v\u1ec1 l\u01b0\u1ee3ng xu th\u01b0\u1edfng kh\u1ed5ng l\u1ed3, \u0111\u1ee7 s\u1ee9c l\u00e0m thay \u0111\u1ed5i c\u1ee5c di\u1ec7n tr\u1eadn \u0111\u1ea5u ngay l\u1eadp t\u1ee9c.<\/span><\/p>\n<h3><span class=\"ez-toc-section\" id=\"Kho_vu_khi_toi_tan_ho_tro_ha_guc_muc_tieu_nhanh\"><\/span><b>Kho v\u0169 kh\u00ed t\u1ed1i t\u00e2n h\u1ed7 tr\u1ee3 h\u1ea1 g\u1ee5c m\u1ee5c ti\u00eau nhanh<\/b><span class=\"ez-toc-section-end\"><\/span><\/h3>\n<p><span style=\"font-weight: 400;\">\u0110\u1ec3 h\u1ed7 tr\u1ee3 b\u1ea1n trong cu\u1ed9c \u0111i s\u0103n, h\u1ec7 th\u1ed1ng cung c\u1ea5p kho v\u0169 kh\u00ed \u0111a d\u1ea1ng v\u1edbi s\u1ee9c c\u00f4ng ph\u00e1 kh\u00e1c nhau. T\u00f9y v\u00e0o lo\u1ea1i c\u00e1 m\u00e0 ng\u01b0\u1eddi d\u00f9ng c\u00f3 th\u1ec3 l\u1ef1a ch\u1ecdn s\u00fang \u0111\u1ea1i b\u00e1c, bom n\u1ed5 hay tia s\u00e9t \u0111i\u1ec7n \u0111\u1ec3 t\u1ed1i \u01b0u h\u00f3a l\u01b0\u1ee3ng \u0111\u1ea1n s\u1eed d\u1ee5ng. Vi\u1ec7c s\u1edf h\u1eefu nh\u1eefng trang b\u1ecb b\u1eafn c\u00e1 KK55 m\u1ea1nh m\u1ebd gi\u00fap c\u00e1c ng\u01b0 th\u1ee7 t\u1ef1 tin h\u01a1n khi \u0111\u1ed1i \u0111\u1ea7u v\u1edbi nh\u1eefng m\u1ee5c ti\u00eau kh\u00f3 nh\u1eb1n nh\u1ea5t.<\/span><\/p>\n<h2><span class=\"ez-toc-section\" id=\"Cac_sanh_san_thuy_quai_phan_chia_theo_tung_cap_do\"><\/span><b>C\u00e1c s\u1ea3nh s\u0103n th\u1ee7y qu\u00e1i ph\u00e2n chia theo t\u1eebng c\u1ea5p \u0111\u1ed9<\/b><span class=\"ez-toc-section-end\"><\/span><\/h2>\n<p><span style=\"font-weight: 400;\">Nh\u1eb1m mang l\u1ea1i s\u1ef1 c\u00f4ng b\u1eb1ng v\u00e0 ph\u00f9 h\u1ee3p v\u1edbi n\u0103ng l\u1ef1c c\u1ee7a t\u1eebng th\u00e0nh vi\u00ean, h\u1ec7 th\u1ed1ng \u0111\u00e3 thi\u1ebft l\u1eadp c\u00e1c khu v\u1ef1c s\u0103n b\u1eafn ri\u00eang bi\u1ec7t. D\u01b0\u1edbi \u0111\u00e2y l\u00e0 b\u1ea3ng th\u00f4ng s\u1ed1 tham kh\u1ea3o v\u1ec1 c\u00e1c s\u1ea3nh c\u01b0\u1ee3c m\u00e0 ch\u00fang t\u00f4i \u0111ang v\u1eadn h\u00e0nh:<\/span><\/p>\n<figure id=\"attachment_107\" aria-describedby=\"caption-attachment-107\" style=\"width: 800px\" class=\"wp-caption aligncenter\"><img decoding=\"async\" class=\"size-full wp-image-107\" src=\"https:\/\/kk55.archi\/wp-content\/uploads\/2026\/04\/sanh-san-thuy-quai-da-cap-do.jpg\" alt=\"S\u1ea3nh s\u0103n th\u1ee7y qu\u00e1i \u0111a c\u1ea5p \u0111\u1ed9\" width=\"800\" height=\"400\" srcset=\"https:\/\/kk55.archi\/wp-content\/uploads\/2026\/04\/sanh-san-thuy-quai-da-cap-do.jpg 800w, https:\/\/kk55.archi\/wp-content\/uploads\/2026\/04\/sanh-san-thuy-quai-da-cap-do-300x150.jpg 300w, https:\/\/kk55.archi\/wp-content\/uploads\/2026\/04\/sanh-san-thuy-quai-da-cap-do-768x384.jpg 768w\" sizes=\"(max-width: 800px) 100vw, 800px\" \/><figcaption id=\"caption-attachment-107\" class=\"wp-caption-text\">S\u1ea3nh s\u0103n th\u1ee7y qu\u00e1i \u0111a c\u1ea5p \u0111\u1ed9<\/figcaption><\/figure>\n<table>\n<tbody>\n<tr>\n<td><span style=\"font-weight: 400;\">T\u00ean s\u1ea3nh c\u01b0\u1ee3c<\/span><\/td>\n<td><span style=\"font-weight: 400;\">\u0110\u1ed1i t\u01b0\u1ee3ng ph\u00f9 h\u1ee3p<\/span><\/td>\n<td><span style=\"font-weight: 400;\">M\u1ee9c c\u01b0\u1ee3c t\u1ed1i thi\u1ec3u<\/span><\/td>\n<td><span style=\"font-weight: 400;\">Lo\u1ea1i Boss xu\u1ea5t hi\u1ec7n<\/span><\/td>\n<\/tr>\n<tr>\n<td><span style=\"font-weight: 400;\">V\u00f9ng bi\u1ec3n t\u00e2n th\u1ee7<\/span><\/td>\n<td><span style=\"font-weight: 400;\">Ng\u01b0\u1eddi m\u1edbi b\u1eaft \u0111\u1ea7u<\/span><\/td>\n<td><span style=\"font-weight: 400;\">100 xu<\/span><\/td>\n<td><span style=\"font-weight: 400;\">C\u00e1 ch\u00e9p, C\u00e1 \u0111u\u1ed1i<\/span><\/td>\n<\/tr>\n<tr>\n<td><span style=\"font-weight: 400;\">\u0110\u1ea1i d\u01b0\u01a1ng huy\u1ec1n b\u00ed<\/span><\/td>\n<td><span style=\"font-weight: 400;\">Ng\u01b0 th\u1ee7 c\u00f3 kinh nghi\u1ec7m<\/span><\/td>\n<td><span style=\"font-weight: 400;\">1.000 xu<\/span><\/td>\n<td><span style=\"font-weight: 400;\">R\u1ed3ng xanh, R\u00f9a th\u1ea7n<\/span><\/td>\n<\/tr>\n<tr>\n<td><span style=\"font-weight: 400;\">V\u01b0\u01a1ng qu\u1ed1c Boss<\/span><\/td>\n<td><span style=\"font-weight: 400;\">Chuy\u00ean gia s\u0103n th\u01b0\u1edfng<\/span><\/td>\n<td><span style=\"font-weight: 400;\">5.000 xu<\/span><\/td>\n<td><span style=\"font-weight: 400;\">H\u1ea3i v\u01b0\u01a1ng, Ph\u01b0\u1ee3ng ho\u00e0ng<\/span><\/td>\n<\/tr>\n<\/tbody>\n<\/table>\n<h3><span class=\"ez-toc-section\" id=\"Vung_bien_tan_thu_giup_lam_quen_thao_tac_ngam_ban\"><\/span><b>V\u00f9ng bi\u1ec3n t\u00e2n th\u1ee7 gi\u00fap l\u00e0m quen thao t\u00e1c ng\u1eafm b\u1eafn<\/b><span class=\"ez-toc-section-end\"><\/span><\/h3>\n<p><span style=\"font-weight: 400;\">\u0110\u1ed1i v\u1edbi nh\u1eefng b\u1ea1n m\u1edbi l\u1ea7n \u0111\u1ea7u tham gia, \u0111\u00e2y l\u00e0 m\u00f4i tr\u01b0\u1eddng l\u00fd t\u01b0\u1edfng \u0111\u1ec3 luy\u1ec7n t\u1eadp k\u1ef9 n\u0103ng. T\u1ea1i \u0111\u00e2y, t\u1ed1c \u0111\u1ed9 di chuy\u1ec3n c\u1ee7a c\u00e1c lo\u00e0i c\u00e1 kh\u00e1 ch\u1eadm, gi\u00fap ng\u01b0\u1eddi d\u00f9ng d\u1ec5 d\u00e0ng c\u0103n ch\u1ec9nh t\u1ecda \u0111\u1ed9 v\u00e0 l\u00e0m quen v\u1edbi nh\u1ecbp \u0111\u1ed9 c\u1ee7a tr\u00f2 ch\u01a1i b\u1eafn c\u00e1 KK55 m\u00e0 kh\u00f4ng lo \u00e1p l\u1ef1c v\u1ec1 v\u1ed1n. \u0110\u00e2y l\u00e0 b\u01b0\u1edbc \u0111\u1ec7m quan tr\u1ecdng \u0111\u1ec3 t\u00edch l\u0169y kinh nghi\u1ec7m tr\u01b0\u1edbc khi ti\u1ebfn xa h\u01a1n v\u00e0o c\u00e1c v\u00f9ng bi\u1ec3n d\u1eef d\u1ed9i.<\/span><\/p>\n<h3><span class=\"ez-toc-section\" id=\"Vung_bien_dai_duong_thu_thach_ky_nang_san_boss_lon\"><\/span><b>V\u00f9ng bi\u1ec3n \u0111\u1ea1i d\u01b0\u01a1ng th\u1eed th\u00e1ch k\u1ef9 n\u0103ng s\u0103n boss l\u1edbn<\/b><span class=\"ez-toc-section-end\"><\/span><\/h3>\n<p><span style=\"font-weight: 400;\">Khi \u0111\u00e3 t\u1ef1 tin h\u01a1n, ng\u01b0\u1eddi ch\u01a1i c\u00f3 th\u1ec3 th\u1eed s\u1ee9c t\u1ea1i c\u00e1c s\u1ea3nh cao c\u1ea5p h\u01a1n, n\u01a1i nh\u1eefng ph\u1ea7n qu\u00e0 gi\u00e1 tr\u1ecb \u0111ang \u1ea9n gi\u1ea5u. T\u1ea1i \u0111\u00e2y, vi\u1ec7c \u00e1p d\u1ee5ng c\u00e1c chi\u1ebfn thu\u1eadt b\u1eafn c\u00e1 KK55 linh ho\u1ea1t nh\u01b0 b\u1eafn t\u1ec9a, b\u1eafn b\u0103ng chuy\u1ec1n l\u00e0 \u0111i\u1ec1u c\u1ea7n thi\u1ebft. M\u1ed7i quy\u1ebft \u0111\u1ecbnh s\u1eed d\u1ee5ng \u0111\u1ea1n \u0111\u00fang l\u00fac s\u1ebd mang l\u1ea1i hi\u1ec7u qu\u1ea3 b\u1ea5t ng\u1edd, gi\u00fap b\u1ea1n thu v\u1ec1 nh\u1eefng kho\u1ea3n l\u1ee3i nhu\u1eadn l\u1edbn t\u1eeb vi\u1ec7c s\u0103n \u0111u\u1ed5i c\u00e1c lo\u00e0i c\u00e1 hi\u1ebfm.<\/span><\/p>\n<figure id=\"attachment_106\" aria-describedby=\"caption-attachment-106\" style=\"width: 800px\" class=\"wp-caption aligncenter\"><img decoding=\"async\" class=\"size-full wp-image-106\" src=\"https:\/\/kk55.archi\/wp-content\/uploads\/2026\/04\/giao-dien-tra-thuong-minh-bach-nhat.jpg\" alt=\"Giao di\u1ec7n tr\u1ea3 th\u01b0\u1edfng minh b\u1ea1ch nh\u1ea5t\" width=\"800\" height=\"400\" srcset=\"https:\/\/kk55.archi\/wp-content\/uploads\/2026\/04\/giao-dien-tra-thuong-minh-bach-nhat.jpg 800w, https:\/\/kk55.archi\/wp-content\/uploads\/2026\/04\/giao-dien-tra-thuong-minh-bach-nhat-300x150.jpg 300w, https:\/\/kk55.archi\/wp-content\/uploads\/2026\/04\/giao-dien-tra-thuong-minh-bach-nhat-768x384.jpg 768w\" sizes=\"(max-width: 800px) 100vw, 800px\" \/><figcaption id=\"caption-attachment-106\" class=\"wp-caption-text\">Giao di\u1ec7n tr\u1ea3 th\u01b0\u1edfng minh b\u1ea1ch nh\u1ea5t<\/figcaption><\/figure>\n<h2><span class=\"ez-toc-section\" id=\"Trai_nghiem_giai_tri_an_toan_va_tra_thuong_minh_bach\"><\/span><b>Tr\u1ea3i nghi\u1ec7m gi\u1ea3i tr\u00ed an to\u00e0n v\u00e0 tr\u1ea3 th\u01b0\u1edfng minh b\u1ea1ch<\/b><span class=\"ez-toc-section-end\"><\/span><\/h2>\n<p><span style=\"font-weight: 400;\">Ch\u00fang t\u00f4i hi\u1ec3u r\u1eb1ng s\u1ef1 an to\u00e0n v\u00e0 uy t\u00edn l\u00e0 y\u1ebfu t\u1ed1 then ch\u1ed1t \u0111\u1ec3 gi\u1eef ch\u00e2n ng\u01b0\u1eddi d\u00f9ng. Do \u0111\u00f3, m\u1ecdi giao d\u1ecbch t\u1ea1i s\u1ea3nh b\u1eafn c\u00e1 KK55 \u0111\u1ec1u \u0111\u01b0\u1ee3c th\u1ef1c hi\u1ec7n th\u00f4ng qua h\u1ec7 th\u1ed1ng m\u00e3 h\u00f3a t\u1ef1 \u0111\u1ed9ng, \u0111\u1ea3m b\u1ea3o t\u00ednh b\u1ea3o m\u1eadt tuy\u1ec7t \u0111\u1ed1i. Khi t\u00edch l\u0169y \u0111\u1ee7 s\u1ed1 xu th\u01b0\u1edfng, ng\u01b0\u1eddi ch\u01a1i c\u00f3 th\u1ec3 th\u1ef1c hi\u1ec7n l\u1ec7nh quy \u0111\u1ed5i sang ti\u1ec1n m\u1eb7t ho\u1eb7c th\u1ebb c\u00e0o m\u1ed9t c\u00e1ch nhanh ch\u00f3ng ch\u1ec9 trong v\u00e0i ph\u00fat.<\/span><\/p>\n<p><span style=\"font-weight: 400;\">B\u00ean c\u1ea1nh \u0111\u00f3, \u0111\u1ed9i ng\u0169 h\u1ed7 tr\u1ee3 c\u1ee7a ch\u00fang t\u00f4i lu\u00f4n t\u00fac tr\u1ef1c 24\/7 \u0111\u1ec3 gi\u1ea3i \u0111\u00e1p m\u1ecdi th\u1eafc m\u1eafc c\u1ee7a b\u1ea1n trong qu\u00e1 tr\u00ecnh s\u0103n b\u1eafn. T\u00ednh minh b\u1ea1ch trong c\u01a1 ch\u1ebf t\u00ednh \u0111i\u1ec3m v\u00e0 t\u1ef7 l\u1ec7 quy \u0111\u1ed5i r\u00f5 r\u00e0ng ch\u00ednh l\u00e0 l\u00fd do khi\u1ebfn c\u1ed9ng \u0111\u1ed3ng lu\u00f4n tin t\u01b0\u1edfng l\u1ef1a ch\u1ecdn b\u1eafn c\u00e1 KK55 l\u00e0m \u0111i\u1ec3m \u0111\u1ebfn gi\u1ea3i tr\u00ed h\u00e0ng ng\u00e0y.<\/span><\/p>\n<h2><span class=\"ez-toc-section\" id=\"Ket_luan\"><\/span><b>K\u1ebft lu\u1eadn<\/b><span class=\"ez-toc-section-end\"><\/span><\/h2>\n<p><span style=\"font-weight: 400;\">Chuy\u1ebfn h\u00e0nh tr\u00ecnh s\u0103n th\u01b0\u1edfng d\u01b0\u1edbi \u0111\u00e1y bi\u1ec3n <a href=\"https:\/\/kk55.archi\/index.php\/ban-ca-kk55\/\"><strong>b\u1eafn c\u00e1 KK55<\/strong><\/a> ch\u1eafc ch\u1eafn s\u1ebd mang \u0111\u1ebfn cho b\u1ea1n nh\u1eefng cung b\u1eadc c\u1ea3m x\u00fac kh\u00f3 qu\u00ean c\u00f9ng nh\u1eefng ph\u1ea7n qu\u00e0 v\u00f4 c\u00f9ng gi\u00e1 tr\u1ecb. V\u1edbi s\u1ef1 chuy\u00ean nghi\u1ec7p v\u00e0 cam k\u1ebft ch\u1ea5t l\u01b0\u1ee3ng, nh\u00e0 c\u00e1i KK55 t\u1ef1 h\u00e0o l\u00e0 ng\u01b0\u1eddi \u0111\u1ed3ng h\u00e0nh \u0111\u00e1ng tin c\u1eady tr\u00ean con \u0111\u01b0\u1eddng chinh ph\u1ee5c \u0111\u1ec9nh cao c\u1ee7a m\u1ecdi ng\u01b0 th\u1ee7.<\/span><\/p>\n","protected":false},"excerpt":{"rendered":"<p>S\u0103n Th\u01b0\u1edfng \u0110\u1ea1i D\u01b0\u01a1ng B\u1eafn C\u00e1 KK55 \u0110\u1eb3ng C\u1ea5p V\u1edbi T\u1ef7 L\u1ec7 Cao B\u1eafn c\u00e1 KK55 m\u1edf ra m\u1ed9t h\u00e0nh tr\u00ecnh chinh ph\u1ee5c bi\u1ec3n kh\u01a1i \u0111\u1ea7y k\u1ecbch t\u00ednh v\u1edbi v\u00f4 v\u00e0n kho b\u00e1u gi\u00e1 tr\u1ecb \u0111ang ch\u1edd \u0111\u00f3n. Ch\u00fang t\u00f4i ki\u1ebfn t\u1ea1o n\u00ean m\u1ed9t kh\u00f4ng gian gi\u1ea3i tr\u00ed v\u01b0\u1ee3t tr\u1ed9i, n\u01a1i m\u1ed7i ng\u01b0 th\u1ee7 \u0111\u1ec1u [&#8230;]\n","protected":false},"author":1,"featured_media":104,"parent":0,"menu_order":0,"comment_status":"closed","ping_status":"closed","template":"","meta":{"footnotes":""},"class_list":["post-103","page","type-page","status-publish","has-post-thumbnail","hentry"],"_links":{"self":[{"href":"https:\/\/kk55.archi\/index.php\/wp-json\/wp\/v2\/pages\/103","targetHints":{"allow":["GET"]}}],"collection":[{"href":"https:\/\/kk55.archi\/index.php\/wp-json\/wp\/v2\/pages"}],"about":[{"href":"https:\/\/kk55.archi\/index.php\/wp-json\/wp\/v2\/types\/page"}],"author":[{"embeddable":true,"href":"https:\/\/kk55.archi\/index.php\/wp-json\/wp\/v2\/users\/1"}],"replies":[{"embeddable":true,"href":"https:\/\/kk55.archi\/index.php\/wp-json\/wp\/v2\/comments?post=103"}],"version-history":[{"count":3,"href":"https:\/\/kk55.archi\/index.php\/wp-json\/wp\/v2\/pages\/103\/revisions"}],"predecessor-version":[{"id":322,"href":"https:\/\/kk55.archi\/index.php\/wp-json\/wp\/v2\/pages\/103\/revisions\/322"}],"wp:featuredmedia":[{"embeddable":true,"href":"https:\/\/kk55.archi\/index.php\/wp-json\/wp\/v2\/media\/104"}],"wp:attachment":[{"href":"https:\/\/kk55.archi\/index.php\/wp-json\/wp\/v2\/media?parent=103"}],"curies":[{"name":"wp","href":"https:\/\/api.w.org\/{rel}","templated":true}]}}