{"id":110,"date":"2026-04-11T14:33:36","date_gmt":"2026-04-11T07:33:36","guid":{"rendered":"https:\/\/kk55.archi\/?page_id=110"},"modified":"2026-04-12T14:07:31","modified_gmt":"2026-04-12T07:07:31","slug":"no-hu-kk55","status":"publish","type":"page","link":"https:\/\/kk55.archi\/index.php\/no-hu-kk55\/","title":{"rendered":"Top Game N\u1ed5 H\u0169 KK55 Uy T\u00edn V\u1edbi T\u1ef7 L\u1ec7 Th\u01b0\u1edfng C\u1ef1c Cao"},"content":{"rendered":"<div id=\"ez-toc-container\" class=\"ez-toc-v2_0_82_2 counter-hierarchy ez-toc-counter ez-toc-grey ez-toc-container-direction\">\n<div class=\"ez-toc-title-container\">\n<p class=\"ez-toc-title\" style=\"cursor:inherit\">M\u1ee5c L\u1ee5c<\/p>\n<span class=\"ez-toc-title-toggle\"><a href=\"#\" class=\"ez-toc-pull-right ez-toc-btn ez-toc-btn-xs ez-toc-btn-default ez-toc-toggle\" aria-label=\"Toggle Table of Content\"><span class=\"ez-toc-js-icon-con\"><span class=\"\"><span class=\"eztoc-hide\" style=\"display:none;\">Toggle<\/span><span class=\"ez-toc-icon-toggle-span\"><svg style=\"fill: #999;color:#999\" xmlns=\"http:\/\/www.w3.org\/2000\/svg\" class=\"list-377408\" width=\"20px\" height=\"20px\" viewBox=\"0 0 24 24\" fill=\"none\"><path d=\"M6 6H4v2h2V6zm14 0H8v2h12V6zM4 11h2v2H4v-2zm16 0H8v2h12v-2zM4 16h2v2H4v-2zm16 0H8v2h12v-2z\" fill=\"currentColor\"><\/path><\/svg><svg style=\"fill: #999;color:#999\" class=\"arrow-unsorted-368013\" xmlns=\"http:\/\/www.w3.org\/2000\/svg\" width=\"10px\" height=\"10px\" viewBox=\"0 0 24 24\" version=\"1.2\" baseProfile=\"tiny\"><path d=\"M18.2 9.3l-6.2-6.3-6.2 6.3c-.2.2-.3.4-.3.7s.1.5.3.7c.2.2.4.3.7.3h11c.3 0 .5-.1.7-.3.2-.2.3-.5.3-.7s-.1-.5-.3-.7zM5.8 14.7l6.2 6.3 6.2-6.3c.2-.2.3-.5.3-.7s-.1-.5-.3-.7c-.2-.2-.4-.3-.7-.3h-11c-.3 0-.5.1-.7.3-.2.2-.3.5-.3.7s.1.5.3.7z\"\/><\/svg><\/span><\/span><\/span><\/a><\/span><\/div>\n<nav><ul class='ez-toc-list ez-toc-list-level-1 ' ><li class='ez-toc-page-1 ez-toc-heading-level-1'><a class=\"ez-toc-link ez-toc-heading-1\" href=\"https:\/\/kk55.archi\/index.php\/no-hu-kk55\/#Top_Game_No_Hu_KK55_Uy_Tin_Voi_Ty_Le_Thuong_Cuc_Cao\" >Top Game N\u1ed5 H\u0169 KK55 Uy T\u00edn V\u1edbi T\u1ef7 L\u1ec7 Th\u01b0\u1edfng C\u1ef1c Cao<\/a><ul class='ez-toc-list-level-2' ><li class='ez-toc-heading-level-2'><a class=\"ez-toc-link ez-toc-heading-2\" href=\"https:\/\/kk55.archi\/index.php\/no-hu-kk55\/#Suc_hap_dan_tu_kho_game_no_hu_KK55_dang_cap_quoc_te\" >S\u1ee9c h\u1ea5p d\u1eabn t\u1eeb kho game n\u1ed5 h\u0169 KK55 \u0111\u1eb3ng c\u1ea5p qu\u1ed1c t\u1ebf<\/a><ul class='ez-toc-list-level-3' ><li class='ez-toc-heading-level-3'><a class=\"ez-toc-link ez-toc-heading-3\" href=\"https:\/\/kk55.archi\/index.php\/no-hu-kk55\/#Do_hoa_3D_song_dong\" >\u0110\u1ed3 h\u1ecda 3D s\u1ed1ng \u0111\u1ed9ng<\/a><\/li><li class='ez-toc-page-1 ez-toc-heading-level-3'><a class=\"ez-toc-link ez-toc-heading-4\" href=\"https:\/\/kk55.archi\/index.php\/no-hu-kk55\/#He_thong_chu_de_quay_hu_phong_phu_tu_A_sang_Au\" >H\u1ec7 th\u1ed1ng ch\u1ee7 \u0111\u1ec1 quay h\u0169 phong ph\u00fa t\u1eeb \u00c1 sang \u00c2u<\/a><\/li><li class='ez-toc-page-1 ez-toc-heading-level-3'><a class=\"ez-toc-link ez-toc-heading-5\" href=\"https:\/\/kk55.archi\/index.php\/no-hu-kk55\/#Ty_le_no_hu_Jackpot_cuc_cao_mang_lai_co_hoi_lon\" >T\u1ef7 l\u1ec7 n\u1ed5 h\u0169 Jackpot c\u1ef1c cao mang l\u1ea1i c\u01a1 h\u1ed9i l\u1edbn<\/a><\/li><\/ul><\/li><li class='ez-toc-page-1 ez-toc-heading-level-2'><a class=\"ez-toc-link ez-toc-heading-6\" href=\"https:\/\/kk55.archi\/index.php\/no-hu-kk55\/#Cong_nghe_van_hanh_chuan_quoc_te_tai_cong_game\" >C\u00f4ng ngh\u1ec7 v\u1eadn h\u00e0nh chu\u1ea9n qu\u1ed1c t\u1ebf t\u1ea1i c\u1ed5ng game<\/a><ul class='ez-toc-list-level-3' ><li class='ez-toc-heading-level-3'><a class=\"ez-toc-link ez-toc-heading-7\" href=\"https:\/\/kk55.archi\/index.php\/no-hu-kk55\/#Thuat_toan_Random_Number_Generator_dam_bao_cong_bang\" >Thu\u1eadt to\u00e1n Random Number Generator \u0111\u1ea3m b\u1ea3o c\u00f4ng b\u1eb1ng<\/a><\/li><li class='ez-toc-page-1 ez-toc-heading-level-3'><a class=\"ez-toc-link ez-toc-heading-8\" href=\"https:\/\/kk55.archi\/index.php\/no-hu-kk55\/#Giao_dien_toi_uu_muot_ma\" >Giao di\u1ec7n t\u1ed1i \u01b0u m\u01b0\u1ee3t m\u00e0<\/a><\/li><\/ul><\/li><li class='ez-toc-page-1 ez-toc-heading-level-2'><a class=\"ez-toc-link ez-toc-heading-9\" href=\"https:\/\/kk55.archi\/index.php\/no-hu-kk55\/#Dich_vu_ho_tro_chuyen_nghiep\" >D\u1ecbch v\u1ee5 h\u1ed7 tr\u1ee3 chuy\u00ean nghi\u1ec7p<\/a><ul class='ez-toc-list-level-3' ><li class='ez-toc-heading-level-3'><a class=\"ez-toc-link ez-toc-heading-10\" href=\"https:\/\/kk55.archi\/index.php\/no-hu-kk55\/#He_thong_bao_mat_thong_tin_da_lop_toi_tan_nhat\" >H\u1ec7 th\u1ed1ng b\u1ea3o m\u1eadt th\u00f4ng tin \u0111a l\u1edbp t\u1ed1i t\u00e2n nh\u1ea5t<\/a><\/li><li class='ez-toc-page-1 ez-toc-heading-level-3'><a class=\"ez-toc-link ez-toc-heading-11\" href=\"https:\/\/kk55.archi\/index.php\/no-hu-kk55\/#Quy_trinh_nap_rut_tien_tu_dong_xu_ly_trong_tich_tac\" >Quy tr\u00ecnh n\u1ea1p r\u00fat ti\u1ec1n t\u1ef1 \u0111\u1ed9ng x\u1eed l\u00fd trong t\u00edch t\u1eafc<\/a><\/li><\/ul><\/li><li class='ez-toc-page-1 ez-toc-heading-level-2'><a class=\"ez-toc-link ez-toc-heading-12\" href=\"https:\/\/kk55.archi\/index.php\/no-hu-kk55\/#Ket_luan\" >K\u1ebft lu\u1eadn<\/a><\/li><\/ul><\/li><\/ul><\/nav><\/div>\n<h1 style=\"text-align: center;\"><span class=\"ez-toc-section\" id=\"Top_Game_No_Hu_KK55_Uy_Tin_Voi_Ty_Le_Thuong_Cuc_Cao\"><\/span><b>Top Game N\u1ed5 H\u0169 KK55 Uy T\u00edn V\u1edbi T\u1ef7 L\u1ec7 Th\u01b0\u1edfng C\u1ef1c Cao<\/b><span class=\"ez-toc-section-end\"><\/span><\/h1>\n<p><span style=\"font-weight: 400;\">N\u1ed5 h\u0169 KK55 l\u00e0 \u0111i\u1ec3m \u0111\u1ebfn l\u00fd t\u01b0\u1edfng cho nh\u1eefng ai \u0111ang t\u00ecm ki\u1ebfm c\u01a1 h\u1ed9i \u0111\u1ed5i \u0111\u1eddi th\u00f4ng qua c\u00e1c v\u00f2ng quay may m\u1eafn \u0111\u1ea7y k\u1ecbch t\u00ednh. Ch\u00fang t\u00f4i mang \u0111\u1ebfn m\u1ed9t kh\u00f4ng gian gi\u1ea3i tr\u00ed chuy\u00ean nghi\u1ec7p, n\u01a1i m\u1ed7i l\u1ea7n \u0111\u1eb7t c\u01b0\u1ee3c \u0111\u1ec1u \u0111\u01b0\u1ee3c b\u1ea3o ch\u1ee9ng b\u1edfi s\u1ef1 uy t\u00edn v\u00e0 minh b\u1ea1ch tuy\u1ec7t \u0111\u1ed1i. \u0110\u0103ng k\u00fd ngay \u0111\u1ec3 b\u1eaft \u0111\u1ea7u h\u00e0nh tr\u00ecnh chinh ph\u1ee5c nh\u1eefng h\u0169 th\u01b0\u1edfng gi\u00e1 tr\u1ecb l\u1edbn t\u1ea1i \u0111\u01a1n v\u1ecb <a href=\"https:\/\/kk55.archi\/\"><strong>KK55<\/strong><\/a> ch\u00ednh th\u1ee9c b\u1eaft \u0111\u1ea7u ngay h\u00f4m nay.<\/span><\/p>\n<h2><span class=\"ez-toc-section\" id=\"Suc_hap_dan_tu_kho_game_no_hu_KK55_dang_cap_quoc_te\"><\/span><b>S\u1ee9c h\u1ea5p d\u1eabn t\u1eeb kho game n\u1ed5 h\u0169 KK55 \u0111\u1eb3ng c\u1ea5p qu\u1ed1c t\u1ebf<\/b><span class=\"ez-toc-section-end\"><\/span><\/h2>\n<p><span style=\"font-weight: 400;\">T\u1ea1i \u0111\u00e2y, b\u1ea1n s\u1ebd \u0111\u01b0\u1ee3c \u0111\u1eafm ch\u00ecm trong th\u1ebf gi\u1edbi gi\u1ea3i tr\u00ed \u0111a s\u1eafc m\u00e0u, n\u01a1i m\u1ecdi chi ti\u1ebft nh\u1ecf nh\u1ea5t \u0111\u1ec1u \u0111\u01b0\u1ee3c ch\u0103m ch\u00fat k\u1ef9 l\u01b0\u1ee1ng \u0111\u1ec3 mang l\u1ea1i c\u1ea3m gi\u00e1c ph\u1ea5n kh\u00edch. S\u1ef1 k\u1ebft h\u1ee3p gi\u1eefa c\u00f4ng ngh\u1ec7 v\u00e0 ngh\u1ec7 thu\u1eadt h\u00ecnh \u1ea3nh \u0111\u00e3 t\u1ea1o n\u00ean m\u1ed9t th\u01b0\u01a1ng hi\u1ec7u n\u1ed5 h\u0169 KK55 kh\u00e1c bi\u1ec7t ho\u00e0n to\u00e0n so v\u1edbi th\u1ecb tr\u01b0\u1eddng hi\u1ec7n nay.<\/span><\/p>\n<figure id=\"attachment_112\" aria-describedby=\"caption-attachment-112\" style=\"width: 800px\" class=\"wp-caption aligncenter\"><img decoding=\"async\" class=\"size-full wp-image-112\" src=\"https:\/\/kk55.archi\/wp-content\/uploads\/2026\/04\/giao-dien-sanh-no-hu-kk55-bat-mat.jpg\" alt=\"Giao di\u1ec7n s\u1ea3nh n\u1ed5 h\u0169 KK55 b\u1eaft m\u1eaft\" width=\"800\" height=\"400\" srcset=\"https:\/\/kk55.archi\/wp-content\/uploads\/2026\/04\/giao-dien-sanh-no-hu-kk55-bat-mat.jpg 800w, https:\/\/kk55.archi\/wp-content\/uploads\/2026\/04\/giao-dien-sanh-no-hu-kk55-bat-mat-300x150.jpg 300w, https:\/\/kk55.archi\/wp-content\/uploads\/2026\/04\/giao-dien-sanh-no-hu-kk55-bat-mat-768x384.jpg 768w\" sizes=\"(max-width: 800px) 100vw, 800px\" \/><figcaption id=\"caption-attachment-112\" class=\"wp-caption-text\">Giao di\u1ec7n s\u1ea3nh n\u1ed5 h\u0169 KK55 b\u1eaft m\u1eaft<\/figcaption><\/figure>\n<h3><span class=\"ez-toc-section\" id=\"Do_hoa_3D_song_dong\"><\/span><b>\u0110\u1ed3 h\u1ecda 3D s\u1ed1ng \u0111\u1ed9ng<\/b><span class=\"ez-toc-section-end\"><\/span><\/h3>\n<p><span style=\"font-weight: 400;\">Ch\u00fang t\u00f4i ch\u00fa tr\u1ecdng v\u00e0o vi\u1ec7c x\u00e2y d\u1ef1ng n\u1ec1n t\u1ea3ng h\u00ecnh \u1ea3nh ba chi\u1ec1u \u0111\u1ea1t chu\u1ea9n 4K, gi\u00fap m\u1ed7i bi\u1ec3u t\u01b0\u1ee3ng tr\u00ean v\u00f2ng quay \u0111\u1ec1u tr\u1edf n\u00ean s\u1eafc n\u00e9t. Khi tham gia n\u1ed5 h\u0169 KK55, b\u1ea1n kh\u00f4ng ch\u1ec9 ch\u01a1i game m\u00e0 c\u00f2n nh\u01b0 \u0111ang l\u1ea1c v\u00e0o m\u1ed9t b\u1ed9 phim ho\u1ea1t h\u00ecnh ch\u1ea5t l\u01b0\u1ee3ng cao. \u00c2m thanh \u0111\u01b0\u1ee3c thi\u1ebft k\u1ebf ri\u00eang bi\u1ec7t cho t\u1eebng ch\u1ee7 \u0111\u1ec1, t\u1eeb ti\u1ebfng s\u00f3ng bi\u1ec3n r\u00ec r\u00e0o \u0111\u1ebfn ti\u1ebfng kim lo\u1ea1i va ch\u1ea1m \u0111\u1ea7y k\u00edch th\u00edch khi tr\u00fang l\u1edbn.<br \/>\n<\/span><\/p>\n<blockquote><p><span style=\"font-weight: 400;\"><br \/>\nXem Th\u00eam:\u00a0<a href=\"https:\/\/kk55.archi\/index.php\/game-bai-kk55\/\">Game B\u00e0i KK55<\/a> \u0110\u1eb3ng C\u1ea5p Qu\u1ed1c T\u1ebf \u0110\u1ed5i Th\u01b0\u1edfng C\u1ef1c Nhanh<\/span><\/p><\/blockquote>\n<h3><span class=\"ez-toc-section\" id=\"He_thong_chu_de_quay_hu_phong_phu_tu_A_sang_Au\"><\/span><b>H\u1ec7 th\u1ed1ng ch\u1ee7 \u0111\u1ec1 quay h\u0169 phong ph\u00fa t\u1eeb \u00c1 sang \u00c2u<\/b><span class=\"ez-toc-section-end\"><\/span><\/h3>\n<p><span style=\"font-weight: 400;\">S\u1ef1 \u0111a d\u1ea1ng l\u00e0 y\u1ebfu t\u1ed1 gi\u00fap n\u1ed5 h\u0169 KK55 gi\u1eef ch\u00e2n h\u00e0ng tri\u1ec7u ng\u01b0\u1eddi d\u00f9ng trong su\u1ed1t th\u1eddi gian qua. B\u1ea1n c\u00f3 th\u1ec3 d\u1ec5 d\u00e0ng chuy\u1ec3n \u0111\u1ed5i gi\u1eefa c\u00e1c ch\u1ee7 \u0111\u1ec1 kh\u00e1c nhau \u0111\u1ec3 l\u00e0m m\u1edbi c\u1ea3m x\u00fac c\u1ee7a m\u00ecnh m\u1ed7i ng\u00e0y:<\/span><\/p>\n<ul>\n<li style=\"font-weight: 400;\" aria-level=\"1\"><span style=\"font-weight: 400;\">Ch\u1ee7 \u0111\u1ec1 th\u1ea7n tho\u1ea1i Hy L\u1ea1p.<\/span><\/li>\n<li style=\"font-weight: 400;\" aria-level=\"1\"><span style=\"font-weight: 400;\">Phong c\u00e1ch hoa qu\u1ea3 quen thu\u1ed9c.<\/span><\/li>\n<li style=\"font-weight: 400;\" aria-level=\"1\"><span style=\"font-weight: 400;\">Th\u1ebf gi\u1edbi ki\u1ebfm hi\u1ec7p ph\u01b0\u01a1ng \u0110\u00f4ng \u0111\u1ea7y huy\u1ec1n b\u00ed v\u00e0 k\u1ecbch t\u00ednh.<\/span><\/li>\n<li style=\"font-weight: 400;\" aria-level=\"1\"><span style=\"font-weight: 400;\">Kh\u00e1m ph\u00e1 kho b\u00e1u d\u01b0\u1edbi \u0111\u1ea1i d\u01b0\u01a1ng s\u00e2u th\u1eb3m c\u00f9ng c\u00e1c lo\u00e0i sinh v\u1eadt l\u1ea1.<\/span><\/li>\n<\/ul>\n<h3><span class=\"ez-toc-section\" id=\"Ty_le_no_hu_Jackpot_cuc_cao_mang_lai_co_hoi_lon\"><\/span><b>T\u1ef7 l\u1ec7 n\u1ed5 h\u0169 Jackpot c\u1ef1c cao mang l\u1ea1i c\u01a1 h\u1ed9i l\u1edbn<\/b><span class=\"ez-toc-section-end\"><\/span><\/h3>\n<p><span style=\"font-weight: 400;\">M\u1ed9t trong nh\u1eefng l\u00fd do khi\u1ebfn n\u1ed5 h\u0169 KK55 tr\u1edf th\u00e0nh t\u00e2m \u0111i\u1ec3m l\u00e0 nh\u1edd v\u00e0o thu\u1eadt to\u00e1n t\u1ed1i \u01b0u, gi\u00fap qu\u1ef9 th\u01b0\u1edfng Jackpot t\u0103ng tr\u01b0\u1edfng nhanh ch\u00f3ng. Ch\u00fang t\u00f4i ghi nh\u1eadn h\u00e0ng lo\u1ea1t phi\u00ean th\u1eafng l\u1edbn v\u1edbi gi\u00e1 tr\u1ecb t\u00edch l\u0169y kh\u1ed5ng l\u1ed3 m\u1ed7i ng\u00e0y, t\u1ea1o \u0111i\u1ec1u ki\u1ec7n cho b\u1ea1n hi\u1ec7n th\u1ef1c h\u00f3a gi\u1ea5c m\u01a1 t\u00e0i ch\u00ednh ch\u1ec9 sau m\u1ed9t v\u00f2ng quay may m\u1eafn.<\/span><\/p>\n<table>\n<tbody>\n<tr>\n<td><span style=\"font-weight: 400;\">Lo\u1ea1i s\u1ea3nh<\/span><\/td>\n<td><span style=\"font-weight: 400;\">M\u1ee9c c\u01b0\u1ee3c t\u1ed1i thi\u1ec3u<\/span><\/td>\n<td><span style=\"font-weight: 400;\">Gi\u00e1 tr\u1ecb Jackpot trung b\u00ecnh<\/span><\/td>\n<\/tr>\n<tr>\n<td><span style=\"font-weight: 400;\">S\u1ea3nh T\u00e2n Th\u1ee7<\/span><\/td>\n<td><span style=\"font-weight: 400;\">1.000 VN\u0110<\/span><\/td>\n<td><span style=\"font-weight: 400;\">50.000.000 VN\u0110<\/span><\/td>\n<\/tr>\n<tr>\n<td><span style=\"font-weight: 400;\">S\u1ea3nh Cao Th\u1ee7<\/span><\/td>\n<td><span style=\"font-weight: 400;\">10.000 VN\u0110<\/span><\/td>\n<td><span style=\"font-weight: 400;\">500.000.000 VN\u0110<\/span><\/td>\n<\/tr>\n<tr>\n<td><span style=\"font-weight: 400;\">S\u1ea3nh VIP<\/span><\/td>\n<td><span style=\"font-weight: 400;\">100.000 VN\u0110<\/span><\/td>\n<td><span style=\"font-weight: 400;\">5.000.000.000 VN\u0110<\/span><\/td>\n<\/tr>\n<\/tbody>\n<\/table>\n<h2><span class=\"ez-toc-section\" id=\"Cong_nghe_van_hanh_chuan_quoc_te_tai_cong_game\"><\/span><b>C\u00f4ng ngh\u1ec7 v\u1eadn h\u00e0nh chu\u1ea9n qu\u1ed1c t\u1ebf t\u1ea1i c\u1ed5ng game<\/b><span class=\"ez-toc-section-end\"><\/span><\/h2>\n<p><span style=\"font-weight: 400;\">\u0110\u1ec3 duy tr\u00ec v\u1ecb th\u1ebf d\u1eabn \u0111\u1ea7u, n\u1ec1n t\u1ea3ng lu\u00f4n kh\u00f4ng ng\u1eebng c\u1eadp nh\u1eadt nh\u1eefng c\u00f4ng ngh\u1ec7 ti\u00ean ti\u1ebfn nh\u1ea5t th\u1ebf gi\u1edbi v\u00e0o h\u1ec7 th\u1ed1ng v\u1eadn h\u00e0nh. \u0110i\u1ec1u n\u00e0y \u0111\u1ea3m b\u1ea3o r\u1eb1ng m\u1ecdi k\u1ebft qu\u1ea3 t\u1ea1i n\u1ed5 h\u0169 KK55 \u0111\u1ec1u d\u1ef1a tr\u00ean s\u1ef1 ng\u1eabu nhi\u00ean thu\u1ea7n t\u00fay, lo\u1ea1i b\u1ecf ho\u00e0n to\u00e0n c\u00e1c y\u1ebfu t\u1ed1 can thi\u1ec7p t\u1eeb b\u00ean ngo\u00e0i.<\/span><\/p>\n<figure id=\"attachment_113\" aria-describedby=\"caption-attachment-113\" style=\"width: 800px\" class=\"wp-caption aligncenter\"><img decoding=\"async\" class=\"size-full wp-image-113\" src=\"https:\/\/kk55.archi\/wp-content\/uploads\/2026\/04\/he-thong-quay-thuong-cong-bang.jpg\" alt=\"H\u1ec7 th\u1ed1ng quay th\u01b0\u1edfng c\u00f4ng b\u1eb1ng\" width=\"800\" height=\"400\" srcset=\"https:\/\/kk55.archi\/wp-content\/uploads\/2026\/04\/he-thong-quay-thuong-cong-bang.jpg 800w, https:\/\/kk55.archi\/wp-content\/uploads\/2026\/04\/he-thong-quay-thuong-cong-bang-300x150.jpg 300w, https:\/\/kk55.archi\/wp-content\/uploads\/2026\/04\/he-thong-quay-thuong-cong-bang-768x384.jpg 768w\" sizes=\"(max-width: 800px) 100vw, 800px\" \/><figcaption id=\"caption-attachment-113\" class=\"wp-caption-text\">H\u1ec7 th\u1ed1ng quay th\u01b0\u1edfng c\u00f4ng b\u1eb1ng<\/figcaption><\/figure>\n<h3><span class=\"ez-toc-section\" id=\"Thuat_toan_Random_Number_Generator_dam_bao_cong_bang\"><\/span><b>Thu\u1eadt to\u00e1n Random Number Generator \u0111\u1ea3m b\u1ea3o c\u00f4ng b\u1eb1ng<\/b><span class=\"ez-toc-section-end\"><\/span><\/h3>\n<p><span style=\"font-weight: 400;\">S\u1ef1 minh b\u1ea1ch l\u00e0 t\u00f4n ch\u1ec9 ho\u1ea1t \u0111\u1ed9ng h\u00e0ng \u0111\u1ea7u m\u00e0 ch\u00fang t\u00f4i lu\u00f4n theo \u0111u\u1ed5i \u0111\u1ec3 x\u00e2y d\u1ef1ng ni\u1ec1m tin n\u01a1i c\u1ed9ng \u0111\u1ed3ng. B\u1eb1ng vi\u1ec7c \u00e1p d\u1ee5ng thu\u1eadt to\u00e1n RNG (Random Number Generator), m\u1ecdi k\u1ebft qu\u1ea3 c\u1ee7a n\u1ed5 h\u0169 KK55 \u0111\u1ec1u \u0111\u01b0\u1ee3c t\u1ea1o ra m\u1ed9t c\u00e1ch t\u1ef1 nhi\u00ean v\u00e0 kh\u00f4ng th\u1ec3 d\u1ef1 \u0111o\u00e1n tr\u01b0\u1edbc. \u0110i\u1ec1u n\u00e0y gi\u00fap b\u1ea1n ho\u00e0n to\u00e0n an t\u00e2m r\u1eb1ng c\u01a1 h\u1ed9i chi\u1ebfn th\u1eafng \u0111\u01b0\u1ee3c chia \u0111\u1ec1u cho t\u1ea5t c\u1ea3 m\u1ecdi ng\u01b0\u1eddi d\u1ef1a tr\u00ean s\u1ef1 may m\u1eafn.<\/span><\/p>\n<h3><span class=\"ez-toc-section\" id=\"Giao_dien_toi_uu_muot_ma\"><\/span><b>Giao di\u1ec7n t\u1ed1i \u01b0u m\u01b0\u1ee3t m\u00e0<\/b><span class=\"ez-toc-section-end\"><\/span><\/h3>\n<p><span style=\"font-weight: 400;\">D\u00f9 b\u1ea1n s\u1eed d\u1ee5ng \u0111i\u1ec7n tho\u1ea1i th\u00f4ng minh hay m\u00e1y t\u00ednh b\u1ea3ng, vi\u1ec7c truy c\u1eadp n\u1ed5 h\u0169 KK55 lu\u00f4n di\u1ec5n ra v\u00f4 c\u00f9ng m\u01b0\u1ee3t m\u00e0 v\u00e0 \u1ed5n \u0111\u1ecbnh. \u0110\u1ed9i ng\u0169 k\u1ef9 thu\u1eadt \u0111\u00e3 t\u1ed1i \u01b0u h\u00f3a dung l\u01b0\u1ee3ng \u1ee9ng d\u1ee5ng v\u00e0 t\u1ed1c \u0111\u1ed9 \u0111\u01b0\u1eddng truy\u1ec1n, gi\u00fap gi\u1ea3m thi\u1ec3u t\u1ed1i \u0111a t\u00ecnh tr\u1ea1ng gi\u1eadt lag ngay c\u1ea3 trong gi\u1edd cao \u0111i\u1ec3m. Vi\u1ec7c thao t\u00e1c quay h\u0169 tr\u1edf n\u00ean \u0111\u01a1n gi\u1ea3n h\u01a1n bao gi\u1edd h\u1ebft ch\u1ec9 v\u1edbi m\u1ed9t c\u00fa ch\u1ea1m nh\u1eb9 tr\u00ean m\u00e0n h\u00ecnh.<\/span><\/p>\n<h2><span class=\"ez-toc-section\" id=\"Dich_vu_ho_tro_chuyen_nghiep\"><\/span><b>D\u1ecbch v\u1ee5 h\u1ed7 tr\u1ee3 chuy\u00ean nghi\u1ec7p<\/b><span class=\"ez-toc-section-end\"><\/span><\/h2>\n<p><span style=\"font-weight: 400;\">Ngo\u00e0i y\u1ebfu t\u1ed1 gi\u1ea3i tr\u00ed, ch\u00fang t\u00f4i hi\u1ec3u r\u1eb1ng s\u1ef1 an to\u00e0n v\u00e0 quy\u1ec1n l\u1ee3i c\u1ee7a b\u1ea1n m\u1edbi l\u00e0 \u0111i\u1ec1u quan tr\u1ecdng nh\u1ea5t. V\u00ec v\u1eady, m\u1ecdi ho\u1ea1t \u0111\u1ed9ng di\u1ec5n ra t\u1ea1i h\u1ec7 th\u1ed1ng \u0111\u1ec1u \u0111\u01b0\u1ee3c gi\u00e1m s\u00e1t ch\u1eb7t ch\u1ebd b\u1edfi c\u00e1c t\u1ed5 ch\u1ee9c qu\u1ea3n l\u00fd tr\u00f2 ch\u01a1i qu\u1ed1c t\u1ebf c\u00f3 th\u1ea9m quy\u1ec1n.<\/span><\/p>\n<h3><span class=\"ez-toc-section\" id=\"He_thong_bao_mat_thong_tin_da_lop_toi_tan_nhat\"><\/span><b>H\u1ec7 th\u1ed1ng b\u1ea3o m\u1eadt th\u00f4ng tin \u0111a l\u1edbp t\u1ed1i t\u00e2n nh\u1ea5t<\/b><span class=\"ez-toc-section-end\"><\/span><\/h3>\n<p><span style=\"font-weight: 400;\">M\u1ecdi d\u1eef li\u1ec7u c\u00e1 nh\u00e2n c\u1ee7a b\u1ea1n khi tham gia n\u1ed5 h\u0169 KK55 \u0111\u1ec1u \u0111\u01b0\u1ee3c m\u00e3 h\u00f3a b\u1eb1ng c\u00f4ng ngh\u1ec7 SSL 128-bit v\u00f4 c\u00f9ng an to\u00e0n. Ch\u00fang t\u00f4i thi\u1ebft l\u1eadp nhi\u1ec1u t\u1ea7ng t\u01b0\u1eddng l\u1eeda \u0111\u1ec3 ng\u0103n ch\u1eb7n m\u1ecdi h\u00e0nh vi x\u00e2m nh\u1eadp tr\u00e1i ph\u00e9p, b\u1ea3o v\u1ec7 t\u00e0i kho\u1ea3n c\u1ee7a b\u1ea1n lu\u00f4n trong tr\u1ea1ng th\u00e1i an to\u00e0n tuy\u1ec7t \u0111\u1ed1i. Vi\u1ec7c chia s\u1ebb th\u00f4ng tin cho b\u00ean th\u1ee9 ba l\u00e0 \u0111i\u1ec1u ho\u00e0n to\u00e0n kh\u00f4ng th\u1ec3 x\u1ea3y ra t\u1ea1i \u0111\u00e2y.<\/span><\/p>\n<figure id=\"attachment_111\" aria-describedby=\"caption-attachment-111\" style=\"width: 800px\" class=\"wp-caption aligncenter\"><img decoding=\"async\" class=\"size-full wp-image-111\" src=\"https:\/\/kk55.archi\/wp-content\/uploads\/2026\/04\/bao-mat-du-lieu-nguoi-dung.jpg\" alt=\"B\u1ea3o m\u1eadt d\u1eef li\u1ec7u ng\u01b0\u1eddi d\u00f9ng\" width=\"800\" height=\"400\" srcset=\"https:\/\/kk55.archi\/wp-content\/uploads\/2026\/04\/bao-mat-du-lieu-nguoi-dung.jpg 800w, https:\/\/kk55.archi\/wp-content\/uploads\/2026\/04\/bao-mat-du-lieu-nguoi-dung-300x150.jpg 300w, https:\/\/kk55.archi\/wp-content\/uploads\/2026\/04\/bao-mat-du-lieu-nguoi-dung-768x384.jpg 768w\" sizes=\"(max-width: 800px) 100vw, 800px\" \/><figcaption id=\"caption-attachment-111\" class=\"wp-caption-text\">B\u1ea3o m\u1eadt d\u1eef li\u1ec7u ng\u01b0\u1eddi d\u00f9ng<\/figcaption><\/figure>\n<h3><span class=\"ez-toc-section\" id=\"Quy_trinh_nap_rut_tien_tu_dong_xu_ly_trong_tich_tac\"><\/span><b>Quy tr\u00ecnh n\u1ea1p r\u00fat ti\u1ec1n t\u1ef1 \u0111\u1ed9ng x\u1eed l\u00fd trong t\u00edch t\u1eafc<\/b><span class=\"ez-toc-section-end\"><\/span><\/h3>\n<p><span style=\"font-weight: 400;\">T\u1ed1c \u0111\u1ed9 giao d\u1ecbch t\u00e0i ch\u00ednh t\u1ea1i n\u1ed5 h\u0169 KK55 lu\u00f4n \u0111\u01b0\u1ee3c \u0111\u00e1nh gi\u00e1 l\u00e0 nhanh nh\u1ea5t th\u1ecb tr\u01b0\u1eddng hi\u1ec7n nay. Ch\u00fang t\u00f4i h\u1ee3p t\u00e1c c\u00f9ng h\u1ea7u h\u1ebft c\u00e1c ng\u00e2n h\u00e0ng l\u1edbn v\u00e0 v\u00ed \u0111i\u1ec7n t\u1eed \u0111\u01b0\u1ee3c s\u1eed d\u1ee5ng ph\u1ed5 bi\u1ebfn t\u1ea1i Vi\u1ec7t Nam, gi\u00fap b\u1ea1n th\u1ef1c hi\u1ec7n l\u1ec7nh n\u1ea1p ho\u1eb7c r\u00fat ti\u1ec1n ch\u1ec9 trong v\u00f2ng 3 \u0111\u1ebfn 5 ph\u00fat.<\/span><\/p>\n<ul>\n<li style=\"font-weight: 400;\" aria-level=\"1\"><span style=\"font-weight: 400;\">H\u1ed7 tr\u1ee3 \u0111a ph\u01b0\u01a1ng th\u1ee9c: Chuy\u1ec3n kho\u1ea3n, th\u1ebb c\u00e0o, v\u00ed MoMo, ZaloPay.<\/span><\/li>\n<li style=\"font-weight: 400;\" aria-level=\"1\"><span style=\"font-weight: 400;\">X\u1eed l\u00fd l\u1ec7nh r\u00fat ti\u1ec1n 24\/7.<\/span><\/li>\n<li style=\"font-weight: 400;\" aria-level=\"1\"><span style=\"font-weight: 400;\">Kh\u00f4ng thu ph\u00ed giao d\u1ecbch, \u0111\u1ea3m b\u1ea3o gi\u1eef nguy\u00ean gi\u00e1 tr\u1ecb l\u1ee3i nhu\u1eadn cho b\u1ea1n.<\/span><\/li>\n<li style=\"font-weight: 400;\" aria-level=\"1\"><span style=\"font-weight: 400;\">L\u1ecbch s\u1eed giao d\u1ecbch r\u00f5 r\u00e0ng.<\/span><\/li>\n<\/ul>\n<h2><span class=\"ez-toc-section\" id=\"Ket_luan\"><\/span><b>K\u1ebft lu\u1eadn<\/b><span class=\"ez-toc-section-end\"><\/span><\/h2>\n<p><span style=\"font-weight: 400;\">Ch\u00fac b\u1ea1n c\u00f3 nh\u1eefng gi\u00e2y ph\u00fat gi\u1ea3i tr\u00ed tuy\u1ec7t v\u1eddi v\u00e0 s\u1edbm chinh ph\u1ee5c \u0111\u01b0\u1ee3c qu\u1ef9 th\u01b0\u1edfng <a href=\"https:\/\/kk55.archi\/index.php\/no-hu-kk55\/\"><strong>n\u1ed5 h\u0169 KK55<\/strong><\/a> kh\u1ed5ng l\u1ed3 \u0111ang ch\u1edd \u0111\u00f3n. Ch\u00fang t\u00f4i tin r\u1eb1ng s\u1ef1 chuy\u00ean nghi\u1ec7p c\u1ee7a \u0111\u1ed9i ng\u0169 nh\u00e0 c\u00e1i s\u1ebd gi\u00fap h\u00e0nh tr\u00ecnh t\u1ea1i KK55 c\u1ee7a b\u1ea1n tr\u1edf n\u00ean r\u1ef1c r\u1ee1 v\u00e0 th\u00e0nh c\u00f4ng h\u01a1n bao gi\u1edd h\u1ebft.<\/span><\/p>\n","protected":false},"excerpt":{"rendered":"<p>Top Game N\u1ed5 H\u0169 KK55 Uy T\u00edn V\u1edbi T\u1ef7 L\u1ec7 Th\u01b0\u1edfng C\u1ef1c Cao N\u1ed5 h\u0169 KK55 l\u00e0 \u0111i\u1ec3m \u0111\u1ebfn l\u00fd t\u01b0\u1edfng cho nh\u1eefng ai \u0111ang t\u00ecm ki\u1ebfm c\u01a1 h\u1ed9i \u0111\u1ed5i \u0111\u1eddi th\u00f4ng qua c\u00e1c v\u00f2ng quay may m\u1eafn \u0111\u1ea7y k\u1ecbch t\u00ednh. Ch\u00fang t\u00f4i mang \u0111\u1ebfn m\u1ed9t kh\u00f4ng gian gi\u1ea3i tr\u00ed chuy\u00ean nghi\u1ec7p, n\u01a1i m\u1ed7i l\u1ea7n [&#8230;]\n","protected":false},"author":1,"featured_media":114,"parent":0,"menu_order":0,"comment_status":"closed","ping_status":"closed","template":"","meta":{"footnotes":""},"class_list":["post-110","page","type-page","status-publish","has-post-thumbnail","hentry"],"_links":{"self":[{"href":"https:\/\/kk55.archi\/index.php\/wp-json\/wp\/v2\/pages\/110","targetHints":{"allow":["GET"]}}],"collection":[{"href":"https:\/\/kk55.archi\/index.php\/wp-json\/wp\/v2\/pages"}],"about":[{"href":"https:\/\/kk55.archi\/index.php\/wp-json\/wp\/v2\/types\/page"}],"author":[{"embeddable":true,"href":"https:\/\/kk55.archi\/index.php\/wp-json\/wp\/v2\/users\/1"}],"replies":[{"embeddable":true,"href":"https:\/\/kk55.archi\/index.php\/wp-json\/wp\/v2\/comments?post=110"}],"version-history":[{"count":3,"href":"https:\/\/kk55.archi\/index.php\/wp-json\/wp\/v2\/pages\/110\/revisions"}],"predecessor-version":[{"id":323,"href":"https:\/\/kk55.archi\/index.php\/wp-json\/wp\/v2\/pages\/110\/revisions\/323"}],"wp:featuredmedia":[{"embeddable":true,"href":"https:\/\/kk55.archi\/index.php\/wp-json\/wp\/v2\/media\/114"}],"wp:attachment":[{"href":"https:\/\/kk55.archi\/index.php\/wp-json\/wp\/v2\/media?parent=110"}],"curies":[{"name":"wp","href":"https:\/\/api.w.org\/{rel}","templated":true}]}}