{"id":117,"date":"2026-04-11T14:35:16","date_gmt":"2026-04-11T07:35:16","guid":{"rendered":"https:\/\/kk55.archi\/?page_id=117"},"modified":"2026-04-12T14:08:32","modified_gmt":"2026-04-12T07:08:32","slug":"game-bai-kk55","status":"publish","type":"page","link":"https:\/\/kk55.archi\/index.php\/game-bai-kk55\/","title":{"rendered":"Game B\u00e0i KK55 \u0110\u1eb3ng C\u1ea5p Qu\u1ed1c T\u1ebf \u0110\u1ed5i Th\u01b0\u1edfng C\u1ef1c Nhanh"},"content":{"rendered":"<div id=\"ez-toc-container\" class=\"ez-toc-v2_0_82_2 counter-hierarchy ez-toc-counter ez-toc-grey ez-toc-container-direction\">\n<div class=\"ez-toc-title-container\">\n<p class=\"ez-toc-title\" style=\"cursor:inherit\">M\u1ee5c L\u1ee5c<\/p>\n<span class=\"ez-toc-title-toggle\"><a href=\"#\" class=\"ez-toc-pull-right ez-toc-btn ez-toc-btn-xs ez-toc-btn-default ez-toc-toggle\" aria-label=\"Toggle Table of Content\"><span class=\"ez-toc-js-icon-con\"><span class=\"\"><span class=\"eztoc-hide\" style=\"display:none;\">Toggle<\/span><span class=\"ez-toc-icon-toggle-span\"><svg style=\"fill: #999;color:#999\" xmlns=\"http:\/\/www.w3.org\/2000\/svg\" class=\"list-377408\" width=\"20px\" height=\"20px\" viewBox=\"0 0 24 24\" fill=\"none\"><path d=\"M6 6H4v2h2V6zm14 0H8v2h12V6zM4 11h2v2H4v-2zm16 0H8v2h12v-2zM4 16h2v2H4v-2zm16 0H8v2h12v-2z\" fill=\"currentColor\"><\/path><\/svg><svg style=\"fill: #999;color:#999\" class=\"arrow-unsorted-368013\" xmlns=\"http:\/\/www.w3.org\/2000\/svg\" width=\"10px\" height=\"10px\" viewBox=\"0 0 24 24\" version=\"1.2\" baseProfile=\"tiny\"><path d=\"M18.2 9.3l-6.2-6.3-6.2 6.3c-.2.2-.3.4-.3.7s.1.5.3.7c.2.2.4.3.7.3h11c.3 0 .5-.1.7-.3.2-.2.3-.5.3-.7s-.1-.5-.3-.7zM5.8 14.7l6.2 6.3 6.2-6.3c.2-.2.3-.5.3-.7s-.1-.5-.3-.7c-.2-.2-.4-.3-.7-.3h-11c-.3 0-.5.1-.7.3-.2.2-.3.5-.3.7s.1.5.3.7z\"\/><\/svg><\/span><\/span><\/span><\/a><\/span><\/div>\n<nav><ul class='ez-toc-list ez-toc-list-level-1 ' ><li class='ez-toc-page-1 ez-toc-heading-level-1'><a class=\"ez-toc-link ez-toc-heading-1\" href=\"https:\/\/kk55.archi\/index.php\/game-bai-kk55\/#Game_Bai_KK55_Dang_Cap_Quoc_Te_Doi_Thuong_Cuc_Nhanh\" >Game B\u00e0i KK55 \u0110\u1eb3ng C\u1ea5p Qu\u1ed1c T\u1ebf \u0110\u1ed5i Th\u01b0\u1edfng C\u1ef1c Nhanh<\/a><ul class='ez-toc-list-level-2' ><li class='ez-toc-heading-level-2'><a class=\"ez-toc-link ez-toc-heading-2\" href=\"https:\/\/kk55.archi\/index.php\/game-bai-kk55\/#Game_bai_KK55_noi_hoi_tu_tinh_hoa_giai_tri_truc_tuyen\" >Game b\u00e0i KK55 n\u01a1i h\u1ed9i t\u1ee5 tinh hoa gi\u1ea3i tr\u00ed tr\u1ef1c tuy\u1ebfn<\/a><ul class='ez-toc-list-level-3' ><li class='ez-toc-heading-level-3'><a class=\"ez-toc-link ez-toc-heading-3\" href=\"https:\/\/kk55.archi\/index.php\/game-bai-kk55\/#He_thong_tro_choi_da_dang_tu_dan_gian_den_quoc_te\" >H\u1ec7 th\u1ed1ng tr\u00f2 ch\u01a1i \u0111a d\u1ea1ng t\u1eeb d\u00e2n gian \u0111\u1ebfn qu\u1ed1c t\u1ebf<\/a><\/li><li class='ez-toc-page-1 ez-toc-heading-level-3'><a class=\"ez-toc-link ez-toc-heading-4\" href=\"https:\/\/kk55.archi\/index.php\/game-bai-kk55\/#Do_hoa_sac_net_kien_tao_khong_gian_song_bai_dang_cap\" >\u0110\u1ed3 h\u1ecda s\u1eafc n\u00e9t ki\u1ebfn t\u1ea1o kh\u00f4ng gian s\u00f2ng b\u00e0i \u0111\u1eb3ng c\u1ea5p<\/a><\/li><li class='ez-toc-page-1 ez-toc-heading-level-3'><a class=\"ez-toc-link ez-toc-heading-5\" href=\"https:\/\/kk55.archi\/index.php\/game-bai-kk55\/#Cong_nghe_RNG_hien_dai_loai_bo_moi_su_can_thiep_ket_qua\" >C\u00f4ng ngh\u1ec7 RNG hi\u1ec7n \u0111\u1ea1i lo\u1ea1i b\u1ecf m\u1ecdi s\u1ef1 can thi\u1ec7p k\u1ebft qu\u1ea3<\/a><\/li><\/ul><\/li><li class='ez-toc-page-1 ez-toc-heading-level-2'><a class=\"ez-toc-link ez-toc-heading-6\" href=\"https:\/\/kk55.archi\/index.php\/game-bai-kk55\/#Danh_sach_nhung_sieu_pham_doi_khang_an_khach_nhat\" >Danh s\u00e1ch nh\u1eefng si\u00eau ph\u1ea9m \u0111\u1ed1i kh\u00e1ng \u0103n kh\u00e1ch nh\u1ea5t<\/a><ul class='ez-toc-list-level-3' ><li class='ez-toc-heading-level-3'><a class=\"ez-toc-link ez-toc-heading-7\" href=\"https:\/\/kk55.archi\/index.php\/game-bai-kk55\/#Tien_len_mien_Nam_va_Phom_thu_hut_luong_lon_nguoi_choi\" >Ti\u1ebfn l\u00ean mi\u1ec1n Nam v\u00e0 Ph\u1ecfm thu h\u00fat l\u01b0\u1ee3ng l\u1edbn ng\u01b0\u1eddi ch\u01a1i<\/a><\/li><li class='ez-toc-page-1 ez-toc-heading-level-3'><a class=\"ez-toc-link ez-toc-heading-8\" href=\"https:\/\/kk55.archi\/index.php\/game-bai-kk55\/#Poker_va_Mau_binh_khang_dinh_dang_cap_tay_choi\" >Poker v\u00e0 M\u1eadu binh kh\u1eb3ng \u0111\u1ecbnh \u0111\u1eb3ng c\u1ea5p tay ch\u01a1i<\/a><\/li><li class='ez-toc-page-1 ez-toc-heading-level-3'><a class=\"ez-toc-link ez-toc-heading-9\" href=\"https:\/\/kk55.archi\/index.php\/game-bai-kk55\/#Sam_loc_va_Lieng_tao_nen_nhung_man_so_tai_nay_lua\" >S\u00e2m l\u1ed1c v\u00e0 Li\u00eang t\u1ea1o n\u00ean nh\u1eefng m\u00e0n so t\u00e0i n\u1ea3y l\u1eeda<\/a><\/li><\/ul><\/li><li class='ez-toc-page-1 ez-toc-heading-level-2'><a class=\"ez-toc-link ez-toc-heading-10\" href=\"https:\/\/kk55.archi\/index.php\/game-bai-kk55\/#Cam_ket_ve_quyen_loi_va_tinh_minh_bach_cho_khach_hang\" >Cam k\u1ebft v\u1ec1 quy\u1ec1n l\u1ee3i v\u00e0 t\u00ednh minh b\u1ea1ch cho kh\u00e1ch h\u00e0ng<\/a><\/li><li class='ez-toc-page-1 ez-toc-heading-level-2'><a class=\"ez-toc-link ez-toc-heading-11\" href=\"https:\/\/kk55.archi\/index.php\/game-bai-kk55\/#Ket_luan\" >K\u1ebft lu\u1eadn<\/a><\/li><\/ul><\/li><\/ul><\/nav><\/div>\n<h1 style=\"text-align: center;\"><span class=\"ez-toc-section\" id=\"Game_Bai_KK55_Dang_Cap_Quoc_Te_Doi_Thuong_Cuc_Nhanh\"><\/span><b>Game B\u00e0i KK55 \u0110\u1eb3ng C\u1ea5p Qu\u1ed1c T\u1ebf \u0110\u1ed5i Th\u01b0\u1edfng C\u1ef1c Nhanh<\/b><span class=\"ez-toc-section-end\"><\/span><\/h1>\n<p><span style=\"font-weight: 400;\">Game b\u00e0i KK55 mang \u0111\u1ebfn kh\u00f4ng gian gi\u1ea3i tr\u00ed \u0111\u1ec9nh cao v\u1edbi nh\u1eefng tr\u00f2 ch\u01a1i \u0111\u1ed1i kh\u00e1ng \u0111\u1ea7y k\u1ecbch t\u00ednh cho ng\u01b0\u1eddi d\u00f9ng. Ch\u00fang t\u00f4i cam k\u1ebft t\u1ea1o ra m\u00f4i tr\u01b0\u1eddng c\u00e1 c\u01b0\u1ee3c an to\u00e0n, n\u01a1i m\u00e3 <a href=\"https:\/\/kk55.archi\/\"><strong>KK55<\/strong><\/a> gi\u00fap b\u1ea1n gia t\u0103ng c\u01a1 h\u1ed9i chi\u1ebfn th\u1eafng ngay t\u1eeb l\u1ea7n \u0111\u1ea7u tham gia. V\u1edbi s\u1ef1 \u0111\u1ea7u t\u01b0 b\u00e0i b\u1ea3n t\u1eeb h\u1ec7 th\u1ed1ng, KK55 ch\u1eafc ch\u1eafn s\u1ebd l\u00e0m h\u00e0i l\u00f2ng nh\u1eefng tay ch\u01a1i kh\u00f3 t\u00ednh nh\u1ea5t.<\/span><\/p>\n<h2><span class=\"ez-toc-section\" id=\"Game_bai_KK55_noi_hoi_tu_tinh_hoa_giai_tri_truc_tuyen\"><\/span><b>Game b\u00e0i KK55 n\u01a1i h\u1ed9i t\u1ee5 tinh hoa gi\u1ea3i tr\u00ed tr\u1ef1c tuy\u1ebfn<\/b><span class=\"ez-toc-section-end\"><\/span><\/h2>\n<p><span style=\"font-weight: 400;\">S\u00e2n ch\u01a1i n\u00e0y kh\u00f4ng ch\u1ec9 l\u00e0 n\u01a1i th\u01b0 gi\u00e3n m\u00e0 c\u00f2n l\u00e0 \u0111i\u1ec3m \u0111\u1ebfn l\u00fd t\u01b0\u1edfng \u0111\u1ec3 ng\u01b0\u1eddi ch\u01a1i r\u00e8n luy\u1ec7n t\u01b0 duy v\u00e0 s\u1ef1 nh\u1ea1y b\u00e9n. Ch\u00fang t\u00f4i hi\u1ec3u r\u1eb1ng s\u1ef1 \u0111a d\u1ea1ng l\u00e0 y\u1ebfu t\u1ed1 then ch\u1ed1t \u0111\u1ec3 gi\u1eef ch\u00e2n kh\u00e1ch h\u00e0ng l\u00e2u d\u00e0i.<\/span><\/p>\n<figure id=\"attachment_119\" aria-describedby=\"caption-attachment-119\" style=\"width: 800px\" class=\"wp-caption aligncenter\"><img decoding=\"async\" class=\"size-full wp-image-119\" src=\"https:\/\/kk55.archi\/wp-content\/uploads\/2026\/04\/giao-dien-sanh-game-bai-kk55-hien-dai.jpg\" alt=\"Giao di\u1ec7n s\u1ea3nh game b\u00e0i KK55 hi\u1ec7n \u0111\u1ea1i\" width=\"800\" height=\"400\" srcset=\"https:\/\/kk55.archi\/wp-content\/uploads\/2026\/04\/giao-dien-sanh-game-bai-kk55-hien-dai.jpg 800w, https:\/\/kk55.archi\/wp-content\/uploads\/2026\/04\/giao-dien-sanh-game-bai-kk55-hien-dai-300x150.jpg 300w, https:\/\/kk55.archi\/wp-content\/uploads\/2026\/04\/giao-dien-sanh-game-bai-kk55-hien-dai-768x384.jpg 768w\" sizes=\"(max-width: 800px) 100vw, 800px\" \/><figcaption id=\"caption-attachment-119\" class=\"wp-caption-text\">Giao di\u1ec7n s\u1ea3nh game b\u00e0i KK55 hi\u1ec7n \u0111\u1ea1i<\/figcaption><\/figure>\n<h3><span class=\"ez-toc-section\" id=\"He_thong_tro_choi_da_dang_tu_dan_gian_den_quoc_te\"><\/span><b>H\u1ec7 th\u1ed1ng tr\u00f2 ch\u01a1i \u0111a d\u1ea1ng t\u1eeb d\u00e2n gian \u0111\u1ebfn qu\u1ed1c t\u1ebf<\/b><span class=\"ez-toc-section-end\"><\/span><\/h3>\n<p><span style=\"font-weight: 400;\">T\u1ea1i \u0111\u00e2y, ng\u01b0\u1eddi ch\u01a1i c\u00f3 th\u1ec3 d\u1ec5 d\u00e0ng t\u00ecm th\u1ea5y nh\u1eefng t\u1ef1a game b\u00e0i KK55 quen thu\u1ed9c \u0111\u00e3 g\u1eafn li\u1ec1n v\u1edbi k\u00fd \u1ee9c bao th\u1ebf h\u1ec7. Ch\u00fang t\u00f4i \u0111\u00e3 kh\u00e9o l\u00e9o l\u1ed3ng gh\u00e9p nh\u1eefng lu\u1eadt ch\u01a1i truy\u1ec1n th\u1ed1ng v\u00e0o m\u00f4i tr\u01b0\u1eddng s\u1ed1 h\u00f3a \u0111\u1ec3 mang l\u1ea1i s\u1ef1 ti\u1ec7n l\u1ee3i t\u1ed1i \u0111a.<\/span><\/p>\n<p><span style=\"font-weight: 400;\">B\u00ean c\u1ea1nh \u0111\u00f3, c\u00e1c d\u00f2ng game b\u00e0i KK55 theo ti\u00eau chu\u1ea9n qu\u1ed1c t\u1ebf c\u0169ng \u0111\u01b0\u1ee3c c\u1eadp nh\u1eadt li\u00ean t\u1ee5c \u0111\u1ec3 b\u1eaft k\u1ecbp xu h\u01b0\u1edbng to\u00e0n c\u1ea7u. B\u1ea1n c\u00f3 th\u1ec3 th\u1eed s\u1ee9c v\u1edbi nhi\u1ec1u h\u00ecnh th\u1ee9c \u0111\u1eb7t c\u01b0\u1ee3c kh\u00e1c nhau t\u00f9y theo kh\u1ea3 n\u0103ng t\u00e0i ch\u00ednh c\u1ee7a m\u00ecnh.<br \/>\n<\/span><\/p>\n<blockquote><p><span style=\"font-weight: 400;\"><br \/>\nXem Th\u00eam:\u00a0<a href=\"https:\/\/kk55.archi\/index.php\/da-ga-kk55\/\">\u0110\u00e1 G\u00e0 KK55<\/a> \u0110\u1ea5u Tr\u01b0\u1eddng Tr\u1ef1c Ti\u1ebfp \u0110\u1eb3ng C\u1ea5p V\u00e0 Uy T\u00edn Nh\u1ea5t<\/span><\/p><\/blockquote>\n<h3><span class=\"ez-toc-section\" id=\"Do_hoa_sac_net_kien_tao_khong_gian_song_bai_dang_cap\"><\/span><b>\u0110\u1ed3 h\u1ecda s\u1eafc n\u00e9t ki\u1ebfn t\u1ea1o kh\u00f4ng gian s\u00f2ng b\u00e0i \u0111\u1eb3ng c\u1ea5p<\/b><span class=\"ez-toc-section-end\"><\/span><\/h3>\n<p><span style=\"font-weight: 400;\">\u0110i\u1ec3m nh\u1ea5n m\u1ea1nh m\u1ebd nh\u1ea5t ch\u00ednh l\u00e0 h\u1ec7 th\u1ed1ng h\u00ecnh \u1ea3nh \u0111\u01b0\u1ee3c thi\u1ebft k\u1ebf theo phong c\u00e1ch 3D ch\u00e2n th\u1ef1c \u0111\u1ebfn t\u1eebng chi ti\u1ebft nh\u1ecf. Khi b\u01b0\u1edbc v\u00e0o th\u1ebf gi\u1edbi game b\u00e0i KK55, ng\u01b0\u1eddi d\u00f9ng s\u1ebd c\u1ea3m nh\u1eadn \u0111\u01b0\u1ee3c kh\u00f4ng kh\u00ed s\u00f4i \u0111\u1ed9ng kh\u00f4ng k\u00e9m g\u00ec c\u00e1c s\u00f2ng b\u00e0i t\u1ea1i Las Vegas hay Macau.<\/span><\/p>\n<figure id=\"attachment_120\" aria-describedby=\"caption-attachment-120\" style=\"width: 800px\" class=\"wp-caption aligncenter\"><img decoding=\"async\" class=\"size-full wp-image-120\" src=\"https:\/\/kk55.archi\/wp-content\/uploads\/2026\/04\/sac-mau-ruc-ro-trong-game-bai.jpg\" alt=\"S\u1eafc m\u00e0u r\u1ef1c r\u1ee1 trong game b\u00e0i\" width=\"800\" height=\"400\" srcset=\"https:\/\/kk55.archi\/wp-content\/uploads\/2026\/04\/sac-mau-ruc-ro-trong-game-bai.jpg 800w, https:\/\/kk55.archi\/wp-content\/uploads\/2026\/04\/sac-mau-ruc-ro-trong-game-bai-300x150.jpg 300w, https:\/\/kk55.archi\/wp-content\/uploads\/2026\/04\/sac-mau-ruc-ro-trong-game-bai-768x384.jpg 768w\" sizes=\"(max-width: 800px) 100vw, 800px\" \/><figcaption id=\"caption-attachment-120\" class=\"wp-caption-text\">S\u1eafc m\u00e0u r\u1ef1c r\u1ee1 trong game b\u00e0i<\/figcaption><\/figure>\n<p><span style=\"font-weight: 400;\">S\u1ef1 k\u1ebft h\u1ee3p ho\u00e0n h\u1ea3o gi\u1eefa \u00e1nh s\u00e1ng v\u00e0 chuy\u1ec3n \u0111\u1ed9ng m\u01b0\u1ee3t m\u00e0 gi\u00fap ng\u01b0\u1eddi ch\u01a1i kh\u00f4ng b\u1ecb m\u1ecfi m\u1eaft d\u00f9 tham gia trong th\u1eddi gian d\u00e0i. Ch\u00fang t\u00f4i lu\u00f4n \u01b0u ti\u00ean c\u1ea3m gi\u00e1c d\u1ec5 ch\u1ecbu c\u1ee7a b\u1ea1n trong t\u1eebng v\u00e1n \u0111\u1ea5u.<\/span><\/p>\n<h3><span class=\"ez-toc-section\" id=\"Cong_nghe_RNG_hien_dai_loai_bo_moi_su_can_thiep_ket_qua\"><\/span><b>C\u00f4ng ngh\u1ec7 RNG hi\u1ec7n \u0111\u1ea1i lo\u1ea1i b\u1ecf m\u1ecdi s\u1ef1 can thi\u1ec7p k\u1ebft qu\u1ea3<\/b><span class=\"ez-toc-section-end\"><\/span><\/h3>\n<p><span style=\"font-weight: 400;\">T\u00ednh c\u00f4ng b\u1eb1ng trong game b\u00e0i KK55 l\u00e0 \u01b0u ti\u00ean h\u00e0ng \u0111\u1ea7u m\u00e0 ch\u00fang t\u00f4i lu\u00f4n n\u1ed7 l\u1ef1c duy tr\u00ec su\u1ed1t nhi\u1ec1u n\u0103m qua. M\u1ecdi k\u1ebft qu\u1ea3 chia b\u00e0i hay l\u1eadt b\u00e0i \u0111\u1ec1u \u0111\u01b0\u1ee3c \u0111i\u1ec1u khi\u1ec3n b\u1edfi thu\u1eadt to\u00e1n Random Number Generator (RNG) \u0111\u1ea1t chu\u1ea9n qu\u1ed1c t\u1ebf.<\/span><\/p>\n<p><span style=\"font-weight: 400;\">\u0110i\u1ec1u n\u00e0y \u0111\u1ea3m b\u1ea3o r\u1eb1ng kh\u00f4ng m\u1ed9t c\u00e1 nh\u00e2n hay t\u1ed5 ch\u1ee9c n\u00e0o c\u00f3 th\u1ec3 can thi\u1ec7p v\u00e0o ti\u1ebfn tr\u00ecnh c\u1ee7a tr\u00f2 ch\u01a1i. Ng\u01b0\u1eddi d\u00f9ng ho\u00e0n to\u00e0n c\u00f3 th\u1ec3 y\u00ean t\u00e2m \u0111\u1eb7t ni\u1ec1m tin v\u00e0o s\u1ef1 minh b\u1ea1ch tuy\u1ec7t \u0111\u1ed1i t\u1ea1i \u0111\u00e2y.<\/span><\/p>\n<h2><span class=\"ez-toc-section\" id=\"Danh_sach_nhung_sieu_pham_doi_khang_an_khach_nhat\"><\/span><b>Danh s\u00e1ch nh\u1eefng si\u00eau ph\u1ea9m \u0111\u1ed1i kh\u00e1ng \u0103n kh\u00e1ch nh\u1ea5t<\/b><span class=\"ez-toc-section-end\"><\/span><\/h2>\n<p><span style=\"font-weight: 400;\">D\u01b0\u1edbi \u0111\u00e2y l\u00e0 b\u1ea3ng th\u1ed1ng k\u00ea s\u01a1 b\u1ed9 v\u1ec1 m\u1ee9c \u0111\u1ed9 y\u00eau th\u00edch c\u1ee7a c\u1ed9ng \u0111\u1ed3ng \u0111\u1ed1i v\u1edbi c\u00e1c s\u1ea3n ph\u1ea9m \u0111ang \u0111\u01b0\u1ee3c ch\u00fang t\u00f4i v\u1eadn h\u00e0nh:<\/span><\/p>\n<table>\n<tbody>\n<tr>\n<td><span style=\"font-weight: 400;\">Tr\u00f2 ch\u01a1i<\/span><\/td>\n<td><span style=\"font-weight: 400;\">L\u01b0\u1ee3t truy c\u1eadp h\u00e0ng ng\u00e0y<\/span><\/td>\n<td><span style=\"font-weight: 400;\">\u0110\u00e1nh gi\u00e1 t\u1eeb ng\u01b0\u1eddi d\u00f9ng<\/span><\/td>\n<\/tr>\n<tr>\n<td><span style=\"font-weight: 400;\">Ti\u1ebfn l\u00ean mi\u1ec1n Nam<\/span><\/td>\n<td><span style=\"font-weight: 400;\">12.500<\/span><\/td>\n<td><span style=\"font-weight: 400;\">4.9\/5<\/span><\/td>\n<\/tr>\n<tr>\n<td><span style=\"font-weight: 400;\">Poker qu\u1ed1c t\u1ebf<\/span><\/td>\n<td><span style=\"font-weight: 400;\">8.200<\/span><\/td>\n<td><span style=\"font-weight: 400;\">4.8\/5<\/span><\/td>\n<\/tr>\n<tr>\n<td><span style=\"font-weight: 400;\">Ph\u1ecfm (T\u00e1 l\u1ea3)<\/span><\/td>\n<td><span style=\"font-weight: 400;\">6.400<\/span><\/td>\n<td><span style=\"font-weight: 400;\">4.7\/5<\/span><\/td>\n<\/tr>\n<tr>\n<td><span style=\"font-weight: 400;\">M\u1eadu binh<\/span><\/td>\n<td><span style=\"font-weight: 400;\">5.900<\/span><\/td>\n<td><span style=\"font-weight: 400;\">4.6\/5<\/span><\/td>\n<\/tr>\n<\/tbody>\n<\/table>\n<p><span style=\"font-weight: 400;\">S\u1ef1 phong ph\u00fa v\u1ec1 th\u1ec3 lo\u1ea1i gi\u00fap ng\u01b0\u1eddi ch\u01a1i kh\u00f4ng bao gi\u1edd c\u1ea3m th\u1ea5y nh\u00e0m ch\u00e1n khi \u0111\u1ed3ng h\u00e0nh c\u00f9ng ch\u00fang t\u00f4i.<\/span><\/p>\n<h3><span class=\"ez-toc-section\" id=\"Tien_len_mien_Nam_va_Phom_thu_hut_luong_lon_nguoi_choi\"><\/span><b>Ti\u1ebfn l\u00ean mi\u1ec1n Nam v\u00e0 Ph\u1ecfm thu h\u00fat l\u01b0\u1ee3ng l\u1edbn ng\u01b0\u1eddi ch\u01a1i<\/b><span class=\"ez-toc-section-end\"><\/span><\/h3>\n<p><span style=\"font-weight: 400;\">Hai t\u1ef1a game n\u00e0y lu\u00f4n \u0111\u1ee9ng \u0111\u1ea7u b\u1ea3ng x\u1ebfp h\u1ea1ng nh\u1edd lu\u1eadt ch\u01a1i \u0111\u01a1n gi\u1ea3n nh\u01b0ng \u0111\u1ea7y t\u00ednh chi\u1ebfn thu\u1eadt. Ng\u01b0\u1eddi ch\u01a1i c\u1ea7n c\u00f3 kh\u1ea3 n\u0103ng \u0111\u1ecdc b\u00e0i v\u00e0 ph\u00e1n \u0111o\u00e1n t\u00e2m l\u00fd \u0111\u1ed1i th\u1ee7 \u0111\u1ec3 gi\u00e0nh \u0111\u01b0\u1ee3c l\u1ee3i th\u1ebf cu\u1ed1i c\u00f9ng.<\/span><\/p>\n<figure id=\"attachment_121\" aria-describedby=\"caption-attachment-121\" style=\"width: 800px\" class=\"wp-caption aligncenter\"><img decoding=\"async\" class=\"size-full wp-image-121\" src=\"https:\/\/kk55.archi\/wp-content\/uploads\/2026\/04\/top-nhung-tro-choi-noi-bat.jpg\" alt=\"Top nh\u1eefng\u00a0 tr\u00f2 ch\u01a1i n\u1ed5i b\u1eadt\" width=\"800\" height=\"400\" srcset=\"https:\/\/kk55.archi\/wp-content\/uploads\/2026\/04\/top-nhung-tro-choi-noi-bat.jpg 800w, https:\/\/kk55.archi\/wp-content\/uploads\/2026\/04\/top-nhung-tro-choi-noi-bat-300x150.jpg 300w, https:\/\/kk55.archi\/wp-content\/uploads\/2026\/04\/top-nhung-tro-choi-noi-bat-768x384.jpg 768w\" sizes=\"(max-width: 800px) 100vw, 800px\" \/><figcaption id=\"caption-attachment-121\" class=\"wp-caption-text\">Top nh\u1eefng\u00a0 tr\u00f2 ch\u01a1i n\u1ed5i b\u1eadt<\/figcaption><\/figure>\n<p><span style=\"font-weight: 400;\">Trong m\u1ed7i b\u00e0n \u0111\u1ea5u game b\u00e0i KK55, s\u1ef1 k\u1ecbch t\u00ednh \u0111\u01b0\u1ee3c \u0111\u1ea9y l\u00ean cao tr\u00e0o khi c\u00e1c l\u00e1 b\u00e0i cu\u1ed1i c\u00f9ng \u0111\u01b0\u1ee3c h\u1ea1 xu\u1ed1ng. \u0110\u00e2y ch\u00ednh l\u00e0 s\u1ee9c h\u00fat m\u00e3nh li\u1ec7t khi\u1ebfn l\u01b0\u1ee3ng ng\u01b0\u1eddi d\u00f9ng truy c\u1eadp v\u00e0o hai s\u1ea3nh n\u00e0y lu\u00f4n \u1edf m\u1ee9c cao k\u1ef7 l\u1ee5c.<\/span><\/p>\n<h3><span class=\"ez-toc-section\" id=\"Poker_va_Mau_binh_khang_dinh_dang_cap_tay_choi\"><\/span><b>Poker v\u00e0 M\u1eadu binh kh\u1eb3ng \u0111\u1ecbnh \u0111\u1eb3ng c\u1ea5p tay ch\u01a1i<\/b><span class=\"ez-toc-section-end\"><\/span><\/h3>\n<p><span style=\"font-weight: 400;\">N\u1ebfu b\u1ea1n l\u00e0 ng\u01b0\u1eddi y\u00eau th\u00edch nh\u1eefng m\u00e0n &#8220;\u0111\u1ea5u tr\u00ed&#8221; c\u00e2n n\u00e3o th\u00ec Poker ch\u00ednh l\u00e0 s\u1ef1 l\u1ef1a ch\u1ecdn ho\u00e0n h\u1ea3o nh\u1ea5t. T\u1ea1i c\u00e1c b\u00e0n game b\u00e0i KK55, ng\u01b0\u1eddi d\u00f9ng kh\u00f4ng ch\u1ec9 d\u1ef1a v\u00e0o may m\u1eafn m\u00e0 c\u00f2n ph\u1ea3i s\u1edf h\u1eefu m\u1ed9t c\u00e1i \u0111\u1ea7u l\u1ea1nh \u0111\u1ec3 \u0111\u01b0a ra quy\u1ebft \u0111\u1ecbnh \u0111\u1eb7t c\u01b0\u1ee3c ch\u00ednh x\u00e1c.<\/span><\/p>\n<p><span style=\"font-weight: 400;\">M\u1eadu binh c\u0169ng l\u00e0 m\u1ed9t th\u1eed th\u00e1ch th\u00fa v\u1ecb khi y\u00eau c\u1ea7u ng\u01b0\u1eddi ch\u01a1i ph\u1ea3i bi\u1ebft c\u00e1ch s\u1eafp x\u1ebfp chi b\u00e0i sao cho t\u1ed1i \u01b0u nh\u1ea5t. S\u1ef1 logic v\u00e0 kh\u1ea3 n\u0103ng quan s\u00e1t s\u1ebd gi\u00fap b\u1ea1n v\u01b0\u1ee3t qua nh\u1eefng \u0111\u1ed1i th\u1ee7 n\u1eb7ng k\u00fd trong s\u1ea3nh game b\u00e0i KK55.<\/span><\/p>\n<h3><span class=\"ez-toc-section\" id=\"Sam_loc_va_Lieng_tao_nen_nhung_man_so_tai_nay_lua\"><\/span><b>S\u00e2m l\u1ed1c v\u00e0 Li\u00eang t\u1ea1o n\u00ean nh\u1eefng m\u00e0n so t\u00e0i n\u1ea3y l\u1eeda<\/b><span class=\"ez-toc-section-end\"><\/span><\/h3>\n<p><span style=\"font-weight: 400;\">S\u00e2m l\u1ed1c mang l\u1ea1i t\u1ed1c \u0111\u1ed9 tr\u1eadn \u0111\u1ea5u c\u1ef1c nhanh, ph\u00f9 h\u1ee3p cho nh\u1eefng ng\u01b0\u1eddi ch\u01a1i y\u00eau th\u00edch s\u1ef1 quy\u1ebft \u0111o\u00e1n v\u00e0 ch\u1edbp nho\u00e1ng. Ch\u1ec9 c\u1ea7n m\u1ed9t sai s\u00f3t nh\u1ecf, b\u1ea1n c\u00f3 th\u1ec3 b\u1ecb \u0111\u1ed1i th\u1ee7 &#8220;ch\u1eb7n \u0111\u1ee9ng&#8221; con \u0111\u01b0\u1eddng v\u1ec1 \u0111\u00edch m\u1ed9t c\u00e1ch d\u1ec5 d\u00e0ng.<\/span><\/p>\n<p><span style=\"font-weight: 400;\">Li\u00eang l\u1ea1i mang \u0111\u1ebfn m\u1ed9t c\u1ea3m gi\u00e1c kh\u00e1c bi\u1ec7t khi y\u1ebfu t\u1ed1 t\u00e2m l\u00fd \u0111\u00f3ng vai tr\u00f2 quan tr\u1ecdng h\u01a1n bao gi\u1edd h\u1ebft. Nh\u1eefng pha &#8220;t\u1ed1&#8221; b\u00e0i c\u00e2n n\u00e3o trong game b\u00e0i KK55 lu\u00f4n khi\u1ebfn ng\u01b0\u1eddi d\u00f9ng c\u1ea3m th\u1ea5y ph\u1ea5n kh\u00edch v\u00e0 h\u1ed3i h\u1ed9p \u0111\u1ebfn ph\u00fat ch\u00f3t.<\/span><\/p>\n<h2><span class=\"ez-toc-section\" id=\"Cam_ket_ve_quyen_loi_va_tinh_minh_bach_cho_khach_hang\"><\/span><b>Cam k\u1ebft v\u1ec1 quy\u1ec1n l\u1ee3i v\u00e0 t\u00ednh minh b\u1ea1ch cho kh\u00e1ch h\u00e0ng<\/b><span class=\"ez-toc-section-end\"><\/span><\/h2>\n<p><span style=\"font-weight: 400;\">Ch\u00fang t\u00f4i cam k\u1ebft b\u1ea3o v\u1ec7 th\u00f4ng tin c\u00e1 nh\u00e2n c\u1ee7a ng\u01b0\u1eddi ch\u01a1i b\u1eb1ng c\u00f4ng ngh\u1ec7 m\u00e3 h\u00f3a \u0111a l\u1edbp ti\u00ean ti\u1ebfn nh\u1ea5t hi\u1ec7n nay. M\u1ecdi giao d\u1ecbch n\u1ea1p v\u00e0 r\u00fat ti\u1ec1n li\u00ean quan \u0111\u1ebfn game b\u00e0i KK55 \u0111\u1ec1u \u0111\u01b0\u1ee3c x\u1eed l\u00fd nhanh ch\u00f3ng th\u00f4ng qua c\u00e1c c\u1ed5ng thanh to\u00e1n t\u1ef1 \u0111\u1ed9ng an to\u00e0n.<\/span><\/p>\n<p><span style=\"font-weight: 400;\">\u0110\u1ed9i ng\u0169 ch\u0103m s\u00f3c kh\u00e1ch h\u00e0ng c\u1ee7a ch\u00fang t\u00f4i lu\u00f4n t\u00fac tr\u1ef1c \u0111\u1ec3 h\u1ed7 tr\u1ee3 ng\u01b0\u1eddi d\u00f9ng x\u1eed l\u00fd m\u1ecdi v\u1ea5n \u0111\u1ec1 ph\u00e1t sinh trong qu\u00e1 tr\u00ecnh gi\u1ea3i tr\u00ed. S\u1ef1 h\u00e0i l\u00f2ng c\u1ee7a b\u1ea1n ch\u00ednh l\u00e0 th\u01b0\u1edbc \u0111o th\u00e0nh c\u00f4ng ch\u00ednh x\u00e1c nh\u1ea5t cho ch\u1ea5t l\u01b0\u1ee3ng d\u1ecbch v\u1ee5 c\u1ee7a nh\u00e0 c\u00e1i.<\/span><\/p>\n<h2><span class=\"ez-toc-section\" id=\"Ket_luan\"><\/span><b>K\u1ebft lu\u1eadn<\/b><span class=\"ez-toc-section-end\"><\/span><\/h2>\n<p><span style=\"font-weight: 400;\"><a href=\"https:\/\/kk55.archi\/index.php\/game-bai-kk55\/\"><strong>Game b\u00e0i KK55<\/strong><\/a> kh\u00f4ng ch\u1ec9 l\u00e0 n\u01a1i gi\u1ea3i tr\u00ed m\u00e0 c\u00f2n l\u00e0 c\u1ed9ng \u0111\u1ed3ng k\u1ebft n\u1ed1i nh\u1eefng ng\u01b0\u1eddi d\u00f9ng \u0111am m\u00ea th\u1eed th\u00e1ch. H\u00e3y s\u1eed d\u1ee5ng m\u00e3 KK55 \u0111\u1ec3 nh\u1eadn nh\u1eefng \u0111\u1eb7c quy\u1ec1n h\u1ea5p d\u1eabn v\u00e0 t\u1eadn h\u01b0\u1edfng d\u1ecbch v\u1ee5 chuy\u00ean nghi\u1ec7p t\u1eeb ch\u00fang t\u00f4i. S\u1ef1 tin t\u01b0\u1edfng c\u1ee7a b\u1ea1n ch\u00ednh l\u00e0 \u0111\u1ed9ng l\u1ef1c \u0111\u1ec3 ch\u00fang t\u00f4i kh\u00f4ng ng\u1eebng n\u00e2ng cao ch\u1ea5t l\u01b0\u1ee3ng d\u1ecbch v\u1ee5 m\u1ed7i ng\u00e0y.<\/span><\/p>\n","protected":false},"excerpt":{"rendered":"<p>Game B\u00e0i KK55 \u0110\u1eb3ng C\u1ea5p Qu\u1ed1c T\u1ebf \u0110\u1ed5i Th\u01b0\u1edfng C\u1ef1c Nhanh Game b\u00e0i KK55 mang \u0111\u1ebfn kh\u00f4ng gian gi\u1ea3i tr\u00ed \u0111\u1ec9nh cao v\u1edbi nh\u1eefng tr\u00f2 ch\u01a1i \u0111\u1ed1i kh\u00e1ng \u0111\u1ea7y k\u1ecbch t\u00ednh cho ng\u01b0\u1eddi d\u00f9ng. Ch\u00fang t\u00f4i cam k\u1ebft t\u1ea1o ra m\u00f4i tr\u01b0\u1eddng c\u00e1 c\u01b0\u1ee3c an to\u00e0n, n\u01a1i m\u00e3 KK55 gi\u00fap b\u1ea1n gia t\u0103ng c\u01a1 h\u1ed9i [&#8230;]\n","protected":false},"author":1,"featured_media":118,"parent":0,"menu_order":0,"comment_status":"closed","ping_status":"closed","template":"","meta":{"footnotes":""},"class_list":["post-117","page","type-page","status-publish","has-post-thumbnail","hentry"],"_links":{"self":[{"href":"https:\/\/kk55.archi\/index.php\/wp-json\/wp\/v2\/pages\/117","targetHints":{"allow":["GET"]}}],"collection":[{"href":"https:\/\/kk55.archi\/index.php\/wp-json\/wp\/v2\/pages"}],"about":[{"href":"https:\/\/kk55.archi\/index.php\/wp-json\/wp\/v2\/types\/page"}],"author":[{"embeddable":true,"href":"https:\/\/kk55.archi\/index.php\/wp-json\/wp\/v2\/users\/1"}],"replies":[{"embeddable":true,"href":"https:\/\/kk55.archi\/index.php\/wp-json\/wp\/v2\/comments?post=117"}],"version-history":[{"count":3,"href":"https:\/\/kk55.archi\/index.php\/wp-json\/wp\/v2\/pages\/117\/revisions"}],"predecessor-version":[{"id":324,"href":"https:\/\/kk55.archi\/index.php\/wp-json\/wp\/v2\/pages\/117\/revisions\/324"}],"wp:featuredmedia":[{"embeddable":true,"href":"https:\/\/kk55.archi\/index.php\/wp-json\/wp\/v2\/media\/118"}],"wp:attachment":[{"href":"https:\/\/kk55.archi\/index.php\/wp-json\/wp\/v2\/media?parent=117"}],"curies":[{"name":"wp","href":"https:\/\/api.w.org\/{rel}","templated":true}]}}