{"id":124,"date":"2026-04-11T14:37:44","date_gmt":"2026-04-11T07:37:44","guid":{"rendered":"https:\/\/kk55.archi\/?page_id=124"},"modified":"2026-04-12T14:10:47","modified_gmt":"2026-04-12T07:10:47","slug":"da-ga-kk55","status":"publish","type":"page","link":"https:\/\/kk55.archi\/index.php\/da-ga-kk55\/","title":{"rendered":"\u0110\u00e1 G\u00e0 KK55 \u0110\u1ea5u Tr\u01b0\u1eddng Tr\u1ef1c Ti\u1ebfp \u0110\u1eb3ng C\u1ea5p V\u00e0 Uy T\u00edn Nh\u1ea5t"},"content":{"rendered":"<div id=\"ez-toc-container\" class=\"ez-toc-v2_0_82_2 counter-hierarchy ez-toc-counter ez-toc-grey ez-toc-container-direction\">\n<div class=\"ez-toc-title-container\">\n<p class=\"ez-toc-title\" style=\"cursor:inherit\">M\u1ee5c L\u1ee5c<\/p>\n<span class=\"ez-toc-title-toggle\"><a href=\"#\" class=\"ez-toc-pull-right ez-toc-btn ez-toc-btn-xs ez-toc-btn-default ez-toc-toggle\" aria-label=\"Toggle Table of Content\"><span class=\"ez-toc-js-icon-con\"><span class=\"\"><span class=\"eztoc-hide\" style=\"display:none;\">Toggle<\/span><span class=\"ez-toc-icon-toggle-span\"><svg style=\"fill: #999;color:#999\" xmlns=\"http:\/\/www.w3.org\/2000\/svg\" class=\"list-377408\" width=\"20px\" height=\"20px\" viewBox=\"0 0 24 24\" fill=\"none\"><path d=\"M6 6H4v2h2V6zm14 0H8v2h12V6zM4 11h2v2H4v-2zm16 0H8v2h12v-2zM4 16h2v2H4v-2zm16 0H8v2h12v-2z\" fill=\"currentColor\"><\/path><\/svg><svg style=\"fill: #999;color:#999\" class=\"arrow-unsorted-368013\" xmlns=\"http:\/\/www.w3.org\/2000\/svg\" width=\"10px\" height=\"10px\" viewBox=\"0 0 24 24\" version=\"1.2\" baseProfile=\"tiny\"><path d=\"M18.2 9.3l-6.2-6.3-6.2 6.3c-.2.2-.3.4-.3.7s.1.5.3.7c.2.2.4.3.7.3h11c.3 0 .5-.1.7-.3.2-.2.3-.5.3-.7s-.1-.5-.3-.7zM5.8 14.7l6.2 6.3 6.2-6.3c.2-.2.3-.5.3-.7s-.1-.5-.3-.7c-.2-.2-.4-.3-.7-.3h-11c-.3 0-.5.1-.7.3-.2.2-.3.5-.3.7s.1.5.3.7z\"\/><\/svg><\/span><\/span><\/span><\/a><\/span><\/div>\n<nav><ul class='ez-toc-list ez-toc-list-level-1 ' ><li class='ez-toc-page-1 ez-toc-heading-level-1'><a class=\"ez-toc-link ez-toc-heading-1\" href=\"https:\/\/kk55.archi\/index.php\/da-ga-kk55\/#Da_Ga_KK55_Dau_Truong_Truc_Tiep_Dang_Cap_Va_Uy_Tin_Nhat\" >\u0110\u00e1 G\u00e0 KK55 \u0110\u1ea5u Tr\u01b0\u1eddng Tr\u1ef1c Ti\u1ebfp \u0110\u1eb3ng C\u1ea5p V\u00e0 Uy T\u00edn Nh\u1ea5t<\/a><ul class='ez-toc-list-level-2' ><li class='ez-toc-heading-level-2'><a class=\"ez-toc-link ez-toc-heading-2\" href=\"https:\/\/kk55.archi\/index.php\/da-ga-kk55\/#Da_ga_KK55_dau_truong_truc_tiep_kich_tinh_moi_ngay\" >\u0110\u00e1 g\u00e0 KK55 \u0111\u1ea5u tr\u01b0\u1eddng tr\u1ef1c ti\u1ebfp k\u1ecbch t\u00ednh m\u1ed7i ng\u00e0y<\/a><ul class='ez-toc-list-level-3' ><li class='ez-toc-heading-level-3'><a class=\"ez-toc-link ez-toc-heading-3\" href=\"https:\/\/kk55.archi\/index.php\/da-ga-kk55\/#Da_dang_cac_loai_hinh_ca_cuoc_tu_Campuchia_va_Thai_Lan\" >\u0110a d\u1ea1ng c\u00e1c lo\u1ea1i h\u00ecnh c\u00e1 c\u01b0\u1ee3c t\u1eeb Campuchia v\u00e0 Th\u00e1i Lan<\/a><\/li><li class='ez-toc-page-1 ez-toc-heading-level-3'><a class=\"ez-toc-link ez-toc-heading-4\" href=\"https:\/\/kk55.archi\/index.php\/da-ga-kk55\/#Cong_nghe_livestream_chuan_4K_tai_hien_dau_truong_thuc\" >C\u00f4ng ngh\u1ec7 livestream chu\u1ea9n 4K t\u00e1i hi\u1ec7n \u0111\u1ea5u tr\u01b0\u1eddng th\u1ef1c<\/a><\/li><li class='ez-toc-page-1 ez-toc-heading-level-3'><a class=\"ez-toc-link ez-toc-heading-5\" href=\"https:\/\/kk55.archi\/index.php\/da-ga-kk55\/#He_thong_bang_keo_cap_nhat_thoi_gian_thuc_chinh_xac\" >H\u1ec7 th\u1ed1ng b\u1ea3ng k\u00e8o c\u1eadp nh\u1eadt th\u1eddi gian th\u1ef1c ch\u00ednh x\u00e1c<\/a><\/li><\/ul><\/li><li class='ez-toc-page-1 ez-toc-heading-level-2'><a class=\"ez-toc-link ez-toc-heading-6\" href=\"https:\/\/kk55.archi\/index.php\/da-ga-kk55\/#Nhung_sanh_dau_ga_chuyen_nghiep_duoc_ua_chuong_nhat\" >Nh\u1eefng s\u1ea3nh \u0111\u1ea5u g\u00e0 chuy\u00ean nghi\u1ec7p \u0111\u01b0\u1ee3c \u01b0a chu\u1ed9ng nh\u1ea5t<\/a><ul class='ez-toc-list-level-3' ><li class='ez-toc-heading-level-3'><a class=\"ez-toc-link ez-toc-heading-7\" href=\"https:\/\/kk55.archi\/index.php\/da-ga-kk55\/#Da_ga_cua_sat_voi_nhung_man_so_tai_man_nhan\" >\u0110\u00e1 g\u00e0 c\u1ef1a s\u1eaft v\u1edbi nh\u1eefng m\u00e0n so t\u00e0i m\u00e3n nh\u00e3n<\/a><\/li><li class='ez-toc-page-1 ez-toc-heading-level-3'><a class=\"ez-toc-link ez-toc-heading-8\" href=\"https:\/\/kk55.archi\/index.php\/da-ga-kk55\/#Da_ga_cua_dao_kich_tinh_den_nhung_giay_cuoi_cung\" >\u0110\u00e1 g\u00e0 c\u1ef1a dao k\u1ecbch t\u00ednh \u0111\u1ebfn nh\u1eefng gi\u00e2y cu\u1ed1i c\u00f9ng<\/a><\/li><\/ul><\/li><li class='ez-toc-page-1 ez-toc-heading-level-2'><a class=\"ez-toc-link ez-toc-heading-9\" href=\"https:\/\/kk55.archi\/index.php\/da-ga-kk55\/#Quy_trinh_tham_gia_minh_bach_va_bao_mat_tuyet_doi\" >Quy tr\u00ecnh tham gia minh b\u1ea1ch v\u00e0 b\u1ea3o m\u1eadt tuy\u1ec7t \u0111\u1ed1i<\/a><ul class='ez-toc-list-level-3' ><li class='ez-toc-heading-level-3'><a class=\"ez-toc-link ez-toc-heading-10\" href=\"https:\/\/kk55.archi\/index.php\/da-ga-kk55\/#Co_che_thanh_toan_tu_dong_toi_uu_cho_nguoi_dung\" >C\u01a1 ch\u1ebf thanh to\u00e1n t\u1ef1 \u0111\u1ed9ng t\u1ed1i \u01b0u cho ng\u01b0\u1eddi d\u00f9ng<\/a><\/li><li class='ez-toc-page-1 ez-toc-heading-level-3'><a class=\"ez-toc-link ez-toc-heading-11\" href=\"https:\/\/kk55.archi\/index.php\/da-ga-kk55\/#Chinh_sach_bao_ve_thong_tin_va_quyen_loi_khach_hang\" >Ch\u00ednh s\u00e1ch b\u1ea3o v\u1ec7 th\u00f4ng tin v\u00e0 quy\u1ec1n l\u1ee3i kh\u00e1ch h\u00e0ng<\/a><\/li><\/ul><\/li><li class='ez-toc-page-1 ez-toc-heading-level-2'><a class=\"ez-toc-link ez-toc-heading-12\" href=\"https:\/\/kk55.archi\/index.php\/da-ga-kk55\/#Ket_luan\" >K\u1ebft lu\u1eadn<\/a><\/li><\/ul><\/li><\/ul><\/nav><\/div>\n<h1 style=\"text-align: center;\"><span class=\"ez-toc-section\" id=\"Da_Ga_KK55_Dau_Truong_Truc_Tiep_Dang_Cap_Va_Uy_Tin_Nhat\"><\/span><b>\u0110\u00e1 G\u00e0 KK55 \u0110\u1ea5u Tr\u01b0\u1eddng Tr\u1ef1c Ti\u1ebfp \u0110\u1eb3ng C\u1ea5p V\u00e0 Uy T\u00edn Nh\u1ea5t<\/b><span class=\"ez-toc-section-end\"><\/span><\/h1>\n<p><span style=\"font-weight: 400;\">\u0110\u00e1 g\u00e0 KK55 \u0111ang tr\u1edf th\u00e0nh t\u00e2m \u0111i\u1ec3m ch\u00fa \u00fd khi t\u00e1i hi\u1ec7n ho\u00e0n h\u1ea3o kh\u00f4ng kh\u00ed s\u00f4i \u0111\u1ed9ng t\u1eeb c\u00e1c s\u1edbi g\u00e0 danh ti\u1ebfng b\u1eadc nh\u1ea5t ch\u00e2u \u00c1 hi\u1ec7n nay. <a href=\"https:\/\/kk55.archi\/\"><strong>KK55<\/strong><\/a> t\u1ef1 h\u00e0o mang \u0111\u1ebfn cho b\u1ea1n nh\u1eefng gi\u00e2y ph\u00fat gi\u1ea3i tr\u00ed m\u00e3n nh\u00e3n v\u1edbi h\u00ecnh \u1ea3nh s\u1eafc n\u00e9t v\u00e0 d\u00e0n \u00e2m thanh s\u1ed1ng \u0111\u1ed9ng trong t\u1eebng c\u00fa \u0111\u00e1. Ch\u00fang t\u00f4i cam k\u1ebft t\u1ea1o ra m\u1ed9t m\u00f4i tr\u01b0\u1eddng minh b\u1ea1ch, n\u01a1i \u0111am m\u00ea c\u1ee7a b\u1ea1n \u0111\u01b0\u1ee3c tr\u00e2n tr\u1ecdng v\u00e0 b\u1ea3o v\u1ec7 b\u1edfi c\u00e1c ti\u00eau chu\u1ea9n v\u1eadn h\u00e0nh qu\u1ed1c t\u1ebf.<\/span><\/p>\n<h2><span class=\"ez-toc-section\" id=\"Da_ga_KK55_dau_truong_truc_tiep_kich_tinh_moi_ngay\"><\/span><b>\u0110\u00e1 g\u00e0 KK55 \u0111\u1ea5u tr\u01b0\u1eddng tr\u1ef1c ti\u1ebfp k\u1ecbch t\u00ednh m\u1ed7i ng\u00e0y<\/b><span class=\"ez-toc-section-end\"><\/span><\/h2>\n<p><span style=\"font-weight: 400;\">Nh\u00e0 c\u00e1i \u0111\u00e3 \u0111\u1ea7u t\u01b0 m\u1ea1nh m\u1ebd v\u00e0o h\u1ea1 t\u1ea7ng c\u00f4ng ngh\u1ec7 \u0111\u1ec3 k\u1ebft n\u1ed1i b\u1ea1n tr\u1ef1c ti\u1ebfp v\u1edbi c\u00e1c \u0111\u1ea5u tr\u01b0\u1eddng l\u1edbn nh\u1ea5t khu v\u1ef1c, \u0111\u1ea3m b\u1ea3o t\u00ednh ch\u00e2n th\u1ef1c v\u00e0 chuy\u00ean nghi\u1ec7p cao nh\u1ea5t.<\/span><\/p>\n<ul>\n<li style=\"font-weight: 400;\" aria-level=\"1\"><span style=\"font-weight: 400;\">H\u1ee3p t\u00e1c tr\u1ef1c ti\u1ebfp v\u1edbi c\u00e1c b\u1ed3 g\u00e0 Thomo (Campuchia) v\u00e0 Philippines uy t\u00edn.<\/span><\/li>\n<li style=\"font-weight: 400;\" aria-level=\"1\"><span style=\"font-weight: 400;\">L\u1ecbch thi \u0111\u1ea5u d\u00e0y \u0111\u1eb7c v\u1edbi h\u01a1n 50 tr\u1eadn m\u1ed7i ng\u00e0y v\u00e0o khung gi\u1edd cao \u0111i\u1ec3m.<\/span><\/li>\n<li style=\"font-weight: 400;\" aria-level=\"1\"><span style=\"font-weight: 400;\">\u0110a d\u1ea1ng k\u00e8o c\u01b0\u1ee3c t\u1eeb Meron, Wala cho \u0111\u1ebfn c\u00e1c c\u1eeda h\u00f2a c\u00f3 t\u1ef7 l\u1ec7 \u0103n c\u1ef1c cao.<\/span><\/li>\n<\/ul>\n<h3><span class=\"ez-toc-section\" id=\"Da_dang_cac_loai_hinh_ca_cuoc_tu_Campuchia_va_Thai_Lan\"><\/span><b>\u0110a d\u1ea1ng c\u00e1c lo\u1ea1i h\u00ecnh c\u00e1 c\u01b0\u1ee3c t\u1eeb Campuchia v\u00e0 Th\u00e1i Lan<\/b><span class=\"ez-toc-section-end\"><\/span><\/h3>\n<p><span style=\"font-weight: 400;\">S\u1ef1 phong ph\u00fa trong danh m\u1ee5c tr\u00f2 ch\u01a1i l\u00e0 \u0111i\u1ec3m c\u1ed9ng l\u1edbn gi\u00fap ch\u00fang t\u00f4i gi\u1eef ch\u00e2n nh\u1eefng ng\u01b0\u1eddi d\u00f9ng kh\u00f3 t\u00ednh nh\u1ea5t qua nhi\u1ec1u n\u0103m ho\u1ea1t \u0111\u1ed9ng. B\u1ea1n c\u00f3 th\u1ec3 d\u1ec5 d\u00e0ng t\u00ecm th\u1ea5y nh\u1eefng tr\u1eadn th\u01b0 h\u00f9ng c\u1ee7a c\u00e1c chi\u1ebfn k\u00ea t\u1eeb gi\u1ed1ng g\u00e0 tre b\u1ea3n \u0111\u1ecba cho \u0111\u1ebfn g\u00e0 n\u00f2i v\u1edbi s\u1ee9c b\u1ec1n kinh ng\u1ea1c. M\u1ed7i khu v\u1ef1c \u0111\u1ecba l\u00fd mang \u0111\u1ebfn m\u1ed9t phong c\u00e1ch chi\u1ebfn \u0111\u1ea5u ri\u00eang bi\u1ec7t, t\u1ea1o n\u00ean s\u1ef1 h\u1ea5p d\u1eabn kh\u00f4ng th\u1ec3 r\u1eddi m\u1eaft cho \u0111\u00e1 g\u00e0 KK55.<\/span><\/p>\n<figure id=\"attachment_126\" aria-describedby=\"caption-attachment-126\" style=\"width: 800px\" class=\"wp-caption aligncenter\"><img decoding=\"async\" class=\"size-full wp-image-126\" src=\"https:\/\/kk55.archi\/wp-content\/uploads\/2026\/04\/chien-ke-thomo-da-ga-kk55-dang-cap.jpg\" alt=\"Chi\u1ebfn k\u00ea Thomo \u0111\u00e1 g\u00e0 KK55 \u0111\u1eb3ng c\u1ea5p\" width=\"800\" height=\"400\" srcset=\"https:\/\/kk55.archi\/wp-content\/uploads\/2026\/04\/chien-ke-thomo-da-ga-kk55-dang-cap.jpg 800w, https:\/\/kk55.archi\/wp-content\/uploads\/2026\/04\/chien-ke-thomo-da-ga-kk55-dang-cap-300x150.jpg 300w, https:\/\/kk55.archi\/wp-content\/uploads\/2026\/04\/chien-ke-thomo-da-ga-kk55-dang-cap-768x384.jpg 768w\" sizes=\"(max-width: 800px) 100vw, 800px\" \/><figcaption id=\"caption-attachment-126\" class=\"wp-caption-text\">Chi\u1ebfn k\u00ea Thomo \u0111\u00e1 g\u00e0 KK55 \u0111\u1eb3ng c\u1ea5p<\/figcaption><\/figure>\n<h3><span class=\"ez-toc-section\" id=\"Cong_nghe_livestream_chuan_4K_tai_hien_dau_truong_thuc\"><\/span><b>C\u00f4ng ngh\u1ec7 livestream chu\u1ea9n 4K t\u00e1i hi\u1ec7n \u0111\u1ea5u tr\u01b0\u1eddng th\u1ef1c<\/b><span class=\"ez-toc-section-end\"><\/span><\/h3>\n<p><span style=\"font-weight: 400;\">Ch\u00fang t\u00f4i hi\u1ec3u r\u1eb1ng c\u1ea3m x\u00fac c\u1ee7a b\u1ea1n ph\u1ee5 thu\u1ed9c r\u1ea5t nhi\u1ec1u v\u00e0o ch\u1ea5t l\u01b0\u1ee3ng h\u00ecnh \u1ea3nh, v\u00ec v\u1eady h\u1ec7 th\u1ed1ng m\u00e1y quay t\u1ea1i \u0110\u00e1 G\u00e0 KK55\u00a0 \u0111\u01b0\u1ee3c thi\u1ebft l\u1eadp \u1edf nhi\u1ec1u g\u00f3c \u0111\u1ed9 kh\u00e1c nhau. T\u1ed1c \u0111\u1ed9 truy\u1ec1n t\u1ea3i d\u1eef li\u1ec7u lu\u00f4n duy tr\u00ec \u1ed5n \u0111\u1ecbnh, lo\u1ea1i b\u1ecf ho\u00e0n to\u00e0n hi\u1ec7n t\u01b0\u1ee3ng gi\u1eadt lag ngay c\u1ea3 khi c\u00f3 h\u00e0ng ngh\u00ecn ng\u01b0\u1eddi c\u00f9ng truy c\u1eadp. S\u1ef1 m\u01b0\u1ee3t m\u00e0 n\u00e0y gi\u00fap b\u1ea1n quan s\u00e1t r\u00f5 t\u1eebng chuy\u1ec3n \u0111\u1ed9ng nh\u1ecf nh\u1ea5t c\u1ee7a chi\u1ebfn k\u00ea nh\u01b0 \u0111ang ng\u1ed3i ngay t\u1ea1i kh\u00e1n \u0111\u00e0i.<br \/>\n<\/span><\/p>\n<blockquote><p><span style=\"font-weight: 400;\"><br \/>\nXem Th\u00eam:\u00a0<a href=\"https:\/\/kk55.archi\/index.php\/xo-so-kk55\/\">X\u1ed5 S\u1ed1 KK55<\/a> \u0110\u1ec9nh Cao C\u00e1 C\u01b0\u1ee3c Minh B\u1ea1ch V\u00e0 Uy T\u00edn<\/span><\/p><\/blockquote>\n<h3><span class=\"ez-toc-section\" id=\"He_thong_bang_keo_cap_nhat_thoi_gian_thuc_chinh_xac\"><\/span><b>H\u1ec7 th\u1ed1ng b\u1ea3ng k\u00e8o c\u1eadp nh\u1eadt th\u1eddi gian th\u1ef1c ch\u00ednh x\u00e1c<\/b><span class=\"ez-toc-section-end\"><\/span><\/h3>\n<p><span style=\"font-weight: 400;\">B\u1ea3ng s\u1ed1 li\u1ec7u d\u01b0\u1edbi \u0111\u00e2y ph\u1ea3n \u00e1nh s\u1ef1 \u1ed5n \u0111\u1ecbnh v\u00e0 minh b\u1ea1ch trong c\u00e1c giao d\u1ecbch t\u1ea1i s\u1ea3nh \u0111\u1ea5u c\u1ee7a ch\u00fang t\u00f4i trong th\u1eddi gian qua:<\/span><\/p>\n<table>\n<tbody>\n<tr>\n<td><span style=\"font-weight: 400;\">Ch\u1ec9 s\u1ed1 v\u1eadn h\u00e0nh<\/span><\/td>\n<td><span style=\"font-weight: 400;\">Th\u00f4ng s\u1ed1 chi ti\u1ebft<\/span><\/td>\n<td><span style=\"font-weight: 400;\">Ghi ch\u00fa<\/span><\/td>\n<\/tr>\n<tr>\n<td><span style=\"font-weight: 400;\">S\u1ed1 l\u01b0\u1ee3ng tr\u1eadn \u0111\u1ea5u<\/span><\/td>\n<td><span style=\"font-weight: 400;\">60 tr\u1eadn\/ng\u00e0y<\/span><\/td>\n<td><span style=\"font-weight: 400;\">\u0110a d\u1ea1ng khung gi\u1edd<\/span><\/td>\n<\/tr>\n<tr>\n<td><span style=\"font-weight: 400;\">Th\u1eddi gian kh\u1edbp l\u1ec7nh<\/span><\/td>\n<td><span style=\"font-weight: 400;\">0.5 gi\u00e2y<\/span><\/td>\n<td><span style=\"font-weight: 400;\">T\u1ed1c \u0111\u1ed9 c\u1ef1c nhanh<\/span><\/td>\n<\/tr>\n<tr>\n<td><span style=\"font-weight: 400;\">T\u1ef7 l\u1ec7 ho\u00e0n tr\u1ea3<\/span><\/td>\n<td><span style=\"font-weight: 400;\">0.25<\/span><\/td>\n<td><span style=\"font-weight: 400;\">\u01afu \u0111\u00e3i cho th\u00e0nh vi\u00ean<\/span><\/td>\n<\/tr>\n<tr>\n<td><span style=\"font-weight: 400;\">S\u1ed1 s\u1ea3nh li\u00ean k\u1ebft<\/span><\/td>\n<td><span style=\"font-weight: 400;\">04 s\u1ea3nh l\u1edbn<\/span><\/td>\n<td><span style=\"font-weight: 400;\">Thomo, Philippines, Th\u00e1i<\/span><\/td>\n<\/tr>\n<\/tbody>\n<\/table>\n<h2><span class=\"ez-toc-section\" id=\"Nhung_sanh_dau_ga_chuyen_nghiep_duoc_ua_chuong_nhat\"><\/span><b>Nh\u1eefng s\u1ea3nh \u0111\u1ea5u g\u00e0 chuy\u00ean nghi\u1ec7p \u0111\u01b0\u1ee3c \u01b0a chu\u1ed9ng nh\u1ea5t<\/b><span class=\"ez-toc-section-end\"><\/span><\/h2>\n<p><span style=\"font-weight: 400;\">S\u1ef1 chuy\u00ean m\u00f4n h\u00f3a trong t\u1eebng s\u1ea3nh \u0111\u1ea5u gi\u00fap b\u1ea1n d\u1ec5 d\u00e0ng l\u1ef1a ch\u1ecdn \u0111\u01b0\u1ee3c h\u00ecnh th\u1ee9c gi\u1ea3i tr\u00ed ph\u00f9 h\u1ee3p v\u1edbi s\u1edf th\u00edch c\u00e1 nh\u00e2n v\u00e0 chi\u1ebfn thu\u1eadt ri\u00eang.<\/span><\/p>\n<figure id=\"attachment_125\" aria-describedby=\"caption-attachment-125\" style=\"width: 800px\" class=\"wp-caption aligncenter\"><img decoding=\"async\" class=\"size-full wp-image-125\" src=\"https:\/\/kk55.archi\/wp-content\/uploads\/2026\/04\/chien-ke-cua-sat-da-ga-kk55.jpg\" alt=\"Chi\u1ebfn k\u00ea c\u1ef1a s\u1eaft \u0111\u00e1 g\u00e0 KK55\" width=\"800\" height=\"400\" srcset=\"https:\/\/kk55.archi\/wp-content\/uploads\/2026\/04\/chien-ke-cua-sat-da-ga-kk55.jpg 800w, https:\/\/kk55.archi\/wp-content\/uploads\/2026\/04\/chien-ke-cua-sat-da-ga-kk55-300x150.jpg 300w, https:\/\/kk55.archi\/wp-content\/uploads\/2026\/04\/chien-ke-cua-sat-da-ga-kk55-768x384.jpg 768w\" sizes=\"(max-width: 800px) 100vw, 800px\" \/><figcaption id=\"caption-attachment-125\" class=\"wp-caption-text\">Chi\u1ebfn k\u00ea c\u1ef1a s\u1eaft \u0111\u00e1 g\u00e0 KK55<\/figcaption><\/figure>\n<h3><span class=\"ez-toc-section\" id=\"Da_ga_cua_sat_voi_nhung_man_so_tai_man_nhan\"><\/span><b>\u0110\u00e1 g\u00e0 c\u1ef1a s\u1eaft v\u1edbi nh\u1eefng m\u00e0n so t\u00e0i m\u00e3n nh\u00e3n<\/b><span class=\"ez-toc-section-end\"><\/span><\/h3>\n<p><span style=\"font-weight: 400;\">\u0110\u00e2y l\u00e0 lo\u1ea1i h\u00ecnh \u0111\u00f2i h\u1ecfi chi\u1ebfn k\u00ea ph\u1ea3i c\u00f3 k\u1ef9 thu\u1eadt \u0111i\u00eau luy\u1ec7n v\u00e0 kh\u1ea3 n\u0103ng ch\u1ecbu \u0111\u00f2n c\u1ef1c t\u1ed1t tr\u01b0\u1edbc khi tung ra nh\u1eefng c\u00fa \u0111\u00e1 quy\u1ebft \u0111\u1ecbnh. C\u1ef1a s\u1eaft \u0111\u01b0\u1ee3c m\u00e0i gi\u0169a s\u1eafc b\u00e9n gi\u00fap r\u00fat ng\u1eafn th\u1eddi gian tr\u1eadn \u0111\u1ea5u nh\u01b0ng v\u1eabn gi\u1eef \u0111\u01b0\u1ee3c \u0111\u1ed9 k\u1ecbch t\u00ednh l\u00ean \u0111\u1ebfn \u0111\u1ec9nh \u0111i\u1ec3m trong t\u1eebng gi\u00e2y ph\u00fat. \u0110\u00e1 g\u00e0 KK55 lu\u00f4n \u0111\u1ea3m b\u1ea3o c\u00e1c chi\u1ebfn k\u00ea tham gia \u0111\u1ec1u \u0111\u01b0\u1ee3c ki\u1ec3m \u0111\u1ecbnh s\u1ee9c kh\u1ecfe v\u00e0 th\u1ec3 l\u1ef1c kh\u1eaft khe tr\u01b0\u1edbc khi ra s\u00e2n.<\/span><\/p>\n<h3><span class=\"ez-toc-section\" id=\"Da_ga_cua_dao_kich_tinh_den_nhung_giay_cuoi_cung\"><\/span><b>\u0110\u00e1 g\u00e0 c\u1ef1a dao k\u1ecbch t\u00ednh \u0111\u1ebfn nh\u1eefng gi\u00e2y cu\u1ed1i c\u00f9ng<\/b><span class=\"ez-toc-section-end\"><\/span><\/h3>\n<p><span style=\"font-weight: 400;\">N\u1ebfu b\u1ea1n y\u00eau th\u00edch s\u1ef1 t\u1ed1c \u0111\u1ed9 v\u00e0 nh\u1eefng bi\u1ebfn s\u1ed1 b\u1ea5t ng\u1edd, s\u1ea3nh c\u1ef1a dao ch\u00ednh l\u00e0 l\u1ef1a ch\u1ecdn kh\u00f4ng th\u1ec3 b\u1ecf qua t\u1ea1i h\u1ec7 th\u1ed1ng c\u1ee7a ch\u00fang t\u00f4i. V\u1edbi thi\u1ebft k\u1ebf c\u1ef1a h\u00ecnh l\u01b0\u1ee1i dao m\u1ecfng nh\u01b0ng v\u00f4 c\u00f9ng nguy hi\u1ec3m, k\u1ebft qu\u1ea3 tr\u1eadn \u0111\u1ea5u c\u00f3 th\u1ec3 xoay chuy\u1ec3n ch\u1ec9 sau m\u1ed9t l\u1ea7n ch\u1ea1m tr\u00e1n. T\u00ednh s\u00e1t th\u01b0\u01a1ng cao \u0111\u00f2i h\u1ecfi ng\u01b0\u1eddi d\u00f9ng ph\u1ea3i c\u00f3 c\u00e1i nh\u00ecn nh\u1ea1y b\u00e9n \u0111\u1ec3 \u0111\u01b0a ra nh\u1eefng quy\u1ebft \u0111\u1ecbnh ch\u00ednh x\u00e1c nh\u1ea5t.<\/span><\/p>\n<figure id=\"attachment_127\" aria-describedby=\"caption-attachment-127\" style=\"width: 800px\" class=\"wp-caption aligncenter\"><img decoding=\"async\" class=\"size-full wp-image-127\" src=\"https:\/\/kk55.archi\/wp-content\/uploads\/2026\/04\/cua-dao-kich-tinh-da-ga-kk55-dinh.jpg\" alt=\"C\u1ef1a dao k\u1ecbch t\u00ednh \u0111\u00e1 g\u00e0 KK55 \u0111\u1ec9nh\" width=\"800\" height=\"400\" srcset=\"https:\/\/kk55.archi\/wp-content\/uploads\/2026\/04\/cua-dao-kich-tinh-da-ga-kk55-dinh.jpg 800w, https:\/\/kk55.archi\/wp-content\/uploads\/2026\/04\/cua-dao-kich-tinh-da-ga-kk55-dinh-300x150.jpg 300w, https:\/\/kk55.archi\/wp-content\/uploads\/2026\/04\/cua-dao-kich-tinh-da-ga-kk55-dinh-768x384.jpg 768w\" sizes=\"(max-width: 800px) 100vw, 800px\" \/><figcaption id=\"caption-attachment-127\" class=\"wp-caption-text\">C\u1ef1a dao k\u1ecbch t\u00ednh \u0111\u00e1 g\u00e0 KK55 \u0111\u1ec9nh<\/figcaption><\/figure>\n<h2><span class=\"ez-toc-section\" id=\"Quy_trinh_tham_gia_minh_bach_va_bao_mat_tuyet_doi\"><\/span><b>Quy tr\u00ecnh tham gia minh b\u1ea1ch v\u00e0 b\u1ea3o m\u1eadt tuy\u1ec7t \u0111\u1ed1i<\/b><span class=\"ez-toc-section-end\"><\/span><\/h2>\n<p><span style=\"font-weight: 400;\">Ch\u00fang t\u00f4i \u0111\u1eb7t s\u1ef1 an to\u00e0n c\u1ee7a kh\u00e1ch h\u00e0ng l\u00ean h\u00e0ng \u0111\u1ea7u b\u1eb1ng vi\u1ec7c \u00e1p d\u1ee5ng c\u00e1c ti\u00eau chu\u1ea9n m\u00e3 h\u00f3a d\u1eef li\u1ec7u ti\u00ean ti\u1ebfn nh\u1ea5t th\u1ebf gi\u1edbi hi\u1ec7n nay.<\/span><\/p>\n<h3><span class=\"ez-toc-section\" id=\"Co_che_thanh_toan_tu_dong_toi_uu_cho_nguoi_dung\"><\/span><b>C\u01a1 ch\u1ebf thanh to\u00e1n t\u1ef1 \u0111\u1ed9ng t\u1ed1i \u01b0u cho ng\u01b0\u1eddi d\u00f9ng<\/b><span class=\"ez-toc-section-end\"><\/span><\/h3>\n<p><span style=\"font-weight: 400;\">M\u1ecdi giao d\u1ecbch n\u1ea1p v\u00e0 r\u00fat ti\u1ec1n \u0111\u1ec1u \u0111\u01b0\u1ee3c th\u1ef1c hi\u1ec7n qua h\u1ec7 th\u1ed1ng x\u00e9t duy\u1ec7t t\u1ef1 \u0111\u1ed9ng, gi\u00fap b\u1ea1n ti\u1ebft ki\u1ec7m th\u1eddi gian v\u00e0 tr\u00e1nh c\u00e1c sai s\u00f3t th\u1ee7 c\u00f4ng. Nh\u00e0 c\u00e1i c\u1ee7a ch\u00fang t\u00f4i\u00a0 li\u00ean k\u1ebft v\u1edbi h\u1ea7u h\u1ebft nh\u1eefng ng\u00e2n h\u00e0ng l\u1edbn v\u00e0 v\u00ed \u0111i\u1ec7n t\u1eed ph\u1ed5 bi\u1ebfn nh\u1ea5t hi\u1ec7n nay \u0111\u1ec3 \u0111\u1ea3m b\u1ea3o d\u00f2ng ti\u1ec1n c\u1ee7a b\u1ea1n lu\u00f4n \u0111\u01b0\u1ee3c lu\u00e2n chuy\u1ec3n m\u1ed9t c\u00e1ch an to\u00e0n v\u00e0 nhanh ch\u00f3ng nh\u1ea5t. S\u1ef1 ti\u1ec7n l\u1ee3i n\u00e0y l\u00e0 minh ch\u1ee9ng r\u00f5 n\u00e9t cho uy t\u00edn m\u00e0 \u0111\u00e1 g\u00e0 KK55 \u0111\u00e3 d\u00e0y c\u00f4ng x\u00e2y d\u1ef1ng.<\/span><\/p>\n<h3><span class=\"ez-toc-section\" id=\"Chinh_sach_bao_ve_thong_tin_va_quyen_loi_khach_hang\"><\/span><b>Ch\u00ednh s\u00e1ch b\u1ea3o v\u1ec7 th\u00f4ng tin v\u00e0 quy\u1ec1n l\u1ee3i kh\u00e1ch h\u00e0ng<\/b><span class=\"ez-toc-section-end\"><\/span><\/h3>\n<p><span style=\"font-weight: 400;\">Ch\u00fang t\u00f4i cam k\u1ebft tuy\u1ec7t \u0111\u1ed1i an to\u00e0n \u0111\u1ed1i v\u1edbi th\u00f4ng tin c\u00e1 nh\u00e2n n\u00e0o c\u1ee7a th\u00e0nh vi\u00ean cho b\u00ean th\u1ee9 ba d\u01b0\u1edbi m\u1ecdi h\u00ecnh th\u1ee9c \u0111\u1ec3 \u0111\u1ea3m b\u1ea3o quy\u1ec1n ri\u00eang t\u01b0. \u0110\u1ed9i ng\u0169 CSKH lu\u00f4n s\u1eb5n s\u00e0ng 24\/7 \u0111\u1ec3 tr\u1ea3 l\u1eddi m\u1ecdi c\u00e2u h\u1ecfi v\u00e0 nhanh ch\u00f3ng kh\u1eafc ph\u1ee5c c\u00e1c s\u1ef1 c\u1ed1 ph\u00e1t sinh trong su\u1ed1t qu\u00e1 tr\u00ecnh ng\u01b0\u1eddi d\u00f9ng tham gia ho\u1ea1t \u0111\u1ed9ng gi\u1ea3i tr\u00ed. M\u1ecdi quy\u1ec1n l\u1ee3i c\u1ee7a b\u1ea1n \u0111\u1ec1u \u0111\u01b0\u1ee3c quy \u0111\u1ecbnh r\u00f5 r\u00e0ng trong \u0111i\u1ec1u kho\u1ea3n s\u1eed d\u1ee5ng, t\u1ea1o n\u00ean s\u1ef1 an t\u00e2m tuy\u1ec7t \u0111\u1ed1i.<\/span><\/p>\n<h2><span class=\"ez-toc-section\" id=\"Ket_luan\"><\/span><b>K\u1ebft lu\u1eadn<\/b><span class=\"ez-toc-section-end\"><\/span><\/h2>\n<p><span style=\"font-weight: 400;\"><a href=\"https:\/\/kk55.archi\/index.php\/da-ga-kk55\/\"><strong>\u0110\u00e1 g\u00e0 KK55<\/strong><\/a> kh\u00f4ng ch\u1ec9 l\u00e0 n\u01a1i th\u1ecfa m\u00e3n ni\u1ec1m \u0111am m\u00ea v\u1edbi nh\u1eefng tr\u1eadn \u0111\u1ea5u r\u1ef1c l\u1eeda m\u00e0 c\u00f2n l\u00e0 c\u1ed9ng \u0111\u1ed3ng uy t\u00edn cho nh\u1eefng ai t\u00ecm ki\u1ebfm s\u1ef1 c\u00f4ng b\u1eb1ng. V\u1edbi s\u1ef1 h\u1ed7 tr\u1ee3 c\u1ee7a c\u00f4ng ngh\u1ec7 KK55, ch\u00fang t\u00f4i tin r\u1eb1ng m\u1ed7i tr\u1ea3i nghi\u1ec7m c\u1ee7a b\u1ea1n t\u1ea1i \u0111\u00e2y \u0111\u1ec1u mang l\u1ea1i gi\u00e1 tr\u1ecb gi\u1ea3i tr\u00ed cao nh\u1ea5t v\u00e0 s\u1ef1 h\u00e0i l\u00f2ng tr\u1ecdn v\u1eb9n. H\u00e3y \u0111\u1ec3 nh\u1eefng chi\u1ebfn k\u00ea d\u0169ng m\u00e3nh vi\u1ebft ti\u1ebfp c\u00e2u chuy\u1ec7n th\u00e0nh c\u00f4ng c\u1ee7a b\u1ea1n ngay h\u00f4m nay.<\/span><\/p>\n","protected":false},"excerpt":{"rendered":"<p>\u0110\u00e1 G\u00e0 KK55 \u0110\u1ea5u Tr\u01b0\u1eddng Tr\u1ef1c Ti\u1ebfp \u0110\u1eb3ng C\u1ea5p V\u00e0 Uy T\u00edn Nh\u1ea5t \u0110\u00e1 g\u00e0 KK55 \u0111ang tr\u1edf th\u00e0nh t\u00e2m \u0111i\u1ec3m ch\u00fa \u00fd khi t\u00e1i hi\u1ec7n ho\u00e0n h\u1ea3o kh\u00f4ng kh\u00ed s\u00f4i \u0111\u1ed9ng t\u1eeb c\u00e1c s\u1edbi g\u00e0 danh ti\u1ebfng b\u1eadc nh\u1ea5t ch\u00e2u \u00c1 hi\u1ec7n nay. KK55 t\u1ef1 h\u00e0o mang \u0111\u1ebfn cho b\u1ea1n nh\u1eefng gi\u00e2y ph\u00fat gi\u1ea3i [&#8230;]\n","protected":false},"author":1,"featured_media":128,"parent":0,"menu_order":0,"comment_status":"closed","ping_status":"closed","template":"","meta":{"footnotes":""},"class_list":["post-124","page","type-page","status-publish","has-post-thumbnail","hentry"],"_links":{"self":[{"href":"https:\/\/kk55.archi\/index.php\/wp-json\/wp\/v2\/pages\/124","targetHints":{"allow":["GET"]}}],"collection":[{"href":"https:\/\/kk55.archi\/index.php\/wp-json\/wp\/v2\/pages"}],"about":[{"href":"https:\/\/kk55.archi\/index.php\/wp-json\/wp\/v2\/types\/page"}],"author":[{"embeddable":true,"href":"https:\/\/kk55.archi\/index.php\/wp-json\/wp\/v2\/users\/1"}],"replies":[{"embeddable":true,"href":"https:\/\/kk55.archi\/index.php\/wp-json\/wp\/v2\/comments?post=124"}],"version-history":[{"count":3,"href":"https:\/\/kk55.archi\/index.php\/wp-json\/wp\/v2\/pages\/124\/revisions"}],"predecessor-version":[{"id":325,"href":"https:\/\/kk55.archi\/index.php\/wp-json\/wp\/v2\/pages\/124\/revisions\/325"}],"wp:featuredmedia":[{"embeddable":true,"href":"https:\/\/kk55.archi\/index.php\/wp-json\/wp\/v2\/media\/128"}],"wp:attachment":[{"href":"https:\/\/kk55.archi\/index.php\/wp-json\/wp\/v2\/media?parent=124"}],"curies":[{"name":"wp","href":"https:\/\/api.w.org\/{rel}","templated":true}]}}