{"id":131,"date":"2026-04-11T14:40:04","date_gmt":"2026-04-11T07:40:04","guid":{"rendered":"https:\/\/kk55.archi\/?page_id=131"},"modified":"2026-04-12T14:12:04","modified_gmt":"2026-04-12T07:12:04","slug":"xo-so-kk55","status":"publish","type":"page","link":"https:\/\/kk55.archi\/index.php\/xo-so-kk55\/","title":{"rendered":"X\u1ed5 S\u1ed1 KK55 \u0110\u1ec9nh Cao C\u00e1 C\u01b0\u1ee3c Minh B\u1ea1ch V\u00e0 Uy T\u00edn"},"content":{"rendered":"<div id=\"ez-toc-container\" class=\"ez-toc-v2_0_82_2 counter-hierarchy ez-toc-counter ez-toc-grey ez-toc-container-direction\">\n<div class=\"ez-toc-title-container\">\n<p class=\"ez-toc-title\" style=\"cursor:inherit\">M\u1ee5c L\u1ee5c<\/p>\n<span class=\"ez-toc-title-toggle\"><a href=\"#\" class=\"ez-toc-pull-right ez-toc-btn ez-toc-btn-xs ez-toc-btn-default ez-toc-toggle\" aria-label=\"Toggle Table of Content\"><span class=\"ez-toc-js-icon-con\"><span class=\"\"><span class=\"eztoc-hide\" style=\"display:none;\">Toggle<\/span><span class=\"ez-toc-icon-toggle-span\"><svg style=\"fill: #999;color:#999\" xmlns=\"http:\/\/www.w3.org\/2000\/svg\" class=\"list-377408\" width=\"20px\" height=\"20px\" viewBox=\"0 0 24 24\" fill=\"none\"><path d=\"M6 6H4v2h2V6zm14 0H8v2h12V6zM4 11h2v2H4v-2zm16 0H8v2h12v-2zM4 16h2v2H4v-2zm16 0H8v2h12v-2z\" fill=\"currentColor\"><\/path><\/svg><svg style=\"fill: #999;color:#999\" class=\"arrow-unsorted-368013\" xmlns=\"http:\/\/www.w3.org\/2000\/svg\" width=\"10px\" height=\"10px\" viewBox=\"0 0 24 24\" version=\"1.2\" baseProfile=\"tiny\"><path d=\"M18.2 9.3l-6.2-6.3-6.2 6.3c-.2.2-.3.4-.3.7s.1.5.3.7c.2.2.4.3.7.3h11c.3 0 .5-.1.7-.3.2-.2.3-.5.3-.7s-.1-.5-.3-.7zM5.8 14.7l6.2 6.3 6.2-6.3c.2-.2.3-.5.3-.7s-.1-.5-.3-.7c-.2-.2-.4-.3-.7-.3h-11c-.3 0-.5.1-.7.3-.2.2-.3.5-.3.7s.1.5.3.7z\"\/><\/svg><\/span><\/span><\/span><\/a><\/span><\/div>\n<nav><ul class='ez-toc-list ez-toc-list-level-1 ' ><li class='ez-toc-page-1 ez-toc-heading-level-1'><a class=\"ez-toc-link ez-toc-heading-1\" href=\"https:\/\/kk55.archi\/index.php\/xo-so-kk55\/#Xo_So_KK55_Dinh_Cao_Ca_Cuoc_Minh_Bach_Va_Uy_Tin\" >X\u1ed5 S\u1ed1 KK55 \u0110\u1ec9nh Cao C\u00e1 C\u01b0\u1ee3c Minh B\u1ea1ch V\u00e0 Uy T\u00edn<\/a><ul class='ez-toc-list-level-2' ><li class='ez-toc-heading-level-2'><a class=\"ez-toc-link ez-toc-heading-2\" href=\"https:\/\/kk55.archi\/index.php\/xo-so-kk55\/#Xo_so_Kk55_diem_den_xo_so_uy_tin_hang_dau\" >X\u1ed5 s\u1ed1 Kk55 \u0111i\u1ec3m \u0111\u1ebfn x\u1ed5 s\u1ed1 uy t\u00edn h\u00e0ng \u0111\u1ea7u<\/a><ul class='ez-toc-list-level-3' ><li class='ez-toc-heading-level-3'><a class=\"ez-toc-link ez-toc-heading-3\" href=\"https:\/\/kk55.archi\/index.php\/xo-so-kk55\/#He_thong_bao_mat_dat_chuan\" >H\u1ec7 th\u1ed1ng b\u1ea3o m\u1eadt \u0111\u1ea1t chu\u1ea9n<\/a><\/li><li class='ez-toc-page-1 ez-toc-heading-level-3'><a class=\"ez-toc-link ez-toc-heading-4\" href=\"https:\/\/kk55.archi\/index.php\/xo-so-kk55\/#Cam_ket_tra_thuong_minh_bach\" >Cam k\u1ebft tr\u1ea3 th\u01b0\u1edfng minh b\u1ea1ch<\/a><\/li><li class='ez-toc-page-1 ez-toc-heading-level-3'><a class=\"ez-toc-link ez-toc-heading-5\" href=\"https:\/\/kk55.archi\/index.php\/xo-so-kk55\/#Doi_tac_phat_hanh_ve_duoc_cap_phep\" >\u0110\u1ed1i t\u00e1c ph\u00e1t h\u00e0nh v\u00e9 \u0111\u01b0\u1ee3c c\u1ea5p ph\u00e9p<\/a><\/li><\/ul><\/li><li class='ez-toc-page-1 ez-toc-heading-level-2'><a class=\"ez-toc-link ez-toc-heading-6\" href=\"https:\/\/kk55.archi\/index.php\/xo-so-kk55\/#Cac_loai_hinh_xo_so_KK55_pho_bien\" >C\u00e1c lo\u1ea1i h\u00ecnh x\u1ed5 s\u1ed1 KK55 ph\u1ed5 bi\u1ebfn<\/a><ul class='ez-toc-list-level-3' ><li class='ez-toc-heading-level-3'><a class=\"ez-toc-link ez-toc-heading-7\" href=\"https:\/\/kk55.archi\/index.php\/xo-so-kk55\/#Xo_so_KK55_truyen_thong_ba_mien_day_du\" >X\u1ed5 s\u1ed1 KK55 truy\u1ec1n th\u1ed1ng ba mi\u1ec1n \u0111\u1ea7y \u0111\u1ee7<\/a><\/li><li class='ez-toc-page-1 ez-toc-heading-level-3'><a class=\"ez-toc-link ez-toc-heading-8\" href=\"https:\/\/kk55.archi\/index.php\/xo-so-kk55\/#Xo_so_KK55_sieu_toc_ket_qua_moi_1_phut\" >X\u1ed5 s\u1ed1 KK55 si\u00eau t\u1ed1c k\u1ebft qu\u1ea3 m\u1ed7i 1 ph\u00fat<\/a><\/li><li class='ez-toc-page-1 ez-toc-heading-level-3'><a class=\"ez-toc-link ez-toc-heading-9\" href=\"https:\/\/kk55.archi\/index.php\/xo-so-kk55\/#Xo_so_dien_toan_mega_va_power_cap_nhat\" >X\u1ed5 s\u1ed1 \u0111i\u1ec7n to\u00e1n mega v\u00e0 power c\u1eadp nh\u1eadt<\/a><\/li><\/ul><\/li><li class='ez-toc-page-1 ez-toc-heading-level-2'><a class=\"ez-toc-link ez-toc-heading-10\" href=\"https:\/\/kk55.archi\/index.php\/xo-so-kk55\/#Huong_dan_tham_gia_xo_so_KK55_de_dang\" >H\u01b0\u1edbng d\u1eabn tham gia x\u1ed5 s\u1ed1 KK55 d\u1ec5 d\u00e0ng<\/a><ul class='ez-toc-list-level-3' ><li class='ez-toc-heading-level-3'><a class=\"ez-toc-link ez-toc-heading-11\" href=\"https:\/\/kk55.archi\/index.php\/xo-so-kk55\/#Cac_buoc_dat_xo_so_KK55_chi_trong_vai_giay\" >C\u00e1c b\u01b0\u1edbc \u0111\u1eb7t x\u1ed5 s\u1ed1 KK55 ch\u1ec9 trong v\u00e0i gi\u00e2y<\/a><\/li><li class='ez-toc-page-1 ez-toc-heading-level-3'><a class=\"ez-toc-link ez-toc-heading-12\" href=\"https:\/\/kk55.archi\/index.php\/xo-so-kk55\/#Theo_doi_ket_qua_nhanh\" >Theo d\u00f5i k\u1ebft qu\u1ea3 nhanh<\/a><\/li><li class='ez-toc-page-1 ez-toc-heading-level-3'><a class=\"ez-toc-link ez-toc-heading-13\" href=\"https:\/\/kk55.archi\/index.php\/xo-so-kk55\/#CSKH_247_chuyen_nghiep\" >CSKH 24\/7 chuy\u00ean nghi\u1ec7p<\/a><\/li><\/ul><\/li><li class='ez-toc-page-1 ez-toc-heading-level-2'><a class=\"ez-toc-link ez-toc-heading-14\" href=\"https:\/\/kk55.archi\/index.php\/xo-so-kk55\/#Ket_luan\" >K\u1ebft lu\u1eadn<\/a><\/li><\/ul><\/li><\/ul><\/nav><\/div>\n<h1 style=\"text-align: center;\"><span class=\"ez-toc-section\" id=\"Xo_So_KK55_Dinh_Cao_Ca_Cuoc_Minh_Bach_Va_Uy_Tin\"><\/span><b>X\u1ed5 S\u1ed1 KK55 \u0110\u1ec9nh Cao C\u00e1 C\u01b0\u1ee3c Minh B\u1ea1ch V\u00e0 Uy T\u00edn<\/b><span class=\"ez-toc-section-end\"><\/span><\/h1>\n<p><span style=\"font-weight: 400;\">X\u1ed5 s\u1ed1 KK55 l\u00e0 \u0111i\u1ec3m h\u1eb9n l\u00fd t\u01b0\u1edfng cho nh\u1eefng ai \u0111ang t\u00ecm ki\u1ebfm c\u01a1 h\u1ed9i \u0111\u1ed5i \u0111\u1eddi th\u00f4ng qua nh\u1eefng con s\u1ed1 may m\u1eafn \u0111\u1ea7y k\u1ecbch t\u00ednh. Ch\u00fang t\u00f4i x\u00e2y d\u1ef1ng m\u1ed9t n\u1ec1n t\u1ea3ng quay s\u1ed1 chuy\u00ean nghi\u1ec7p, n\u01a1i s\u1ef1 minh b\u1ea1ch v\u00e0 an to\u00e0n c\u1ee7a ng\u01b0\u1eddi ch\u01a1i lu\u00f4n \u0111\u01b0\u1ee3c \u0111\u1eb7t l\u00ean h\u00e0ng \u0111\u1ea7u. C\u00f9ng <a href=\"https:\/\/kk55.archi\/\"><strong>KK55<\/strong><\/a> kh\u1edfi \u0111\u1ea7u h\u00e0nh tr\u00ecnh chinh ph\u1ee5c nh\u1eefng gi\u1ea3i th\u01b0\u1edfng gi\u00e1 tr\u1ecb nh\u1ea5t t\u1ea1i nh\u00e0 c\u00e1i ngay b\u00e2y gi\u1edd.<\/span><\/p>\n<h2><span class=\"ez-toc-section\" id=\"Xo_so_Kk55_diem_den_xo_so_uy_tin_hang_dau\"><\/span><b>X\u1ed5 s\u1ed1 Kk55 \u0111i\u1ec3m \u0111\u1ebfn x\u1ed5 s\u1ed1 uy t\u00edn h\u00e0ng \u0111\u1ea7u<\/b><span class=\"ez-toc-section-end\"><\/span><\/h2>\n<p><span style=\"font-weight: 400;\">Hi\u1ec7n nay, vi\u1ec7c l\u1ef1a ch\u1ecdn m\u1ed9t \u0111\u01a1n v\u1ecb c\u00e1 c\u01b0\u1ee3c tin c\u1eady l\u00e0 y\u1ebfu t\u1ed1 ti\u00ean quy\u1ebft gi\u00fap ng\u01b0\u1eddi d\u00f9ng an t\u00e2m tham gia d\u1ef1 th\u01b0\u1edfng m\u1ed7i ng\u00e0y. Ch\u00fang t\u00f4i hi\u1ec3u r\u1eb1ng ni\u1ec1m tin \u0111\u01b0\u1ee3c x\u00e2y d\u1ef1ng t\u1eeb s\u1ef1 minh b\u1ea1ch trong t\u1eebng k\u1ef3 quay s\u1ed1.<\/span><\/p>\n<figure id=\"attachment_133\" aria-describedby=\"caption-attachment-133\" style=\"width: 800px\" class=\"wp-caption aligncenter\"><img decoding=\"async\" class=\"size-full wp-image-133\" src=\"https:\/\/kk55.archi\/wp-content\/uploads\/2026\/04\/giao-dien-dat-cuoc-xo-so-kk55.jpg\" alt=\"Giao di\u1ec7n \u0111\u1eb7t c\u01b0\u1ee3c x\u1ed5 s\u1ed1 KK55\" width=\"800\" height=\"400\" srcset=\"https:\/\/kk55.archi\/wp-content\/uploads\/2026\/04\/giao-dien-dat-cuoc-xo-so-kk55.jpg 800w, https:\/\/kk55.archi\/wp-content\/uploads\/2026\/04\/giao-dien-dat-cuoc-xo-so-kk55-300x150.jpg 300w, https:\/\/kk55.archi\/wp-content\/uploads\/2026\/04\/giao-dien-dat-cuoc-xo-so-kk55-768x384.jpg 768w\" sizes=\"(max-width: 800px) 100vw, 800px\" \/><figcaption id=\"caption-attachment-133\" class=\"wp-caption-text\">Giao di\u1ec7n \u0111\u1eb7t c\u01b0\u1ee3c x\u1ed5 s\u1ed1 KK55<\/figcaption><\/figure>\n<h3><span class=\"ez-toc-section\" id=\"He_thong_bao_mat_dat_chuan\"><\/span><b>H\u1ec7 th\u1ed1ng b\u1ea3o m\u1eadt \u0111\u1ea1t chu\u1ea9n<\/b><span class=\"ez-toc-section-end\"><\/span><\/h3>\n<p><span style=\"font-weight: 400;\">Nh\u00e0 c\u00e1i \u0111\u1ea7u t\u01b0 m\u1ea1nh m\u1ebd v\u00e0o c\u00f4ng ngh\u1ec7 m\u00e3 h\u00f3a SSL 256-bit \u0111\u1ec3 b\u1ea3o v\u1ec7 th\u00f4ng tin c\u00e1 nh\u00e2n v\u00e0 t\u00e0i kho\u1ea3n c\u1ee7a ng\u01b0\u1eddi ch\u01a1i. M\u1ecdi giao d\u1ecbch \u0111\u1eb7t v\u00e9 \u0111\u1ec1u \u0111\u01b0\u1ee3c l\u01b0u v\u1ebft h\u1ec7 th\u1ed1ng, \u0111\u1ea3m b\u1ea3o kh\u00f4ng c\u00f3 s\u1ef1 can thi\u1ec7p t\u1eeb b\u00ean th\u1ee9 ba. \u0110i\u1ec1u n\u00e0y gi\u00fap b\u1ea1n ho\u00e0n to\u00e0n t\u1eadp trung v\u00e0o vi\u1ec7c soi c\u1ea7u v\u00e0 l\u1ef1a ch\u1ecdn nh\u1eefng con s\u1ed1 ti\u1ec1m n\u0103ng nh\u1ea5t.<br \/>\n<\/span><\/p>\n<blockquote><p><span style=\"font-weight: 400;\"><br \/>\nXem Th\u00eam:\u00a0S\u1ea3nh C\u00e1 C\u01b0\u1ee3c <a href=\"https:\/\/kk55.archi\/index.php\/the-thao-kk55\/\">Th\u1ec3 Thao KK55<\/a> Uy T\u00edn V\u00e0 \u0110\u1eb3ng C\u1ea5p Nh\u1ea5t N\u0103m<\/span><\/p><\/blockquote>\n<h3><span class=\"ez-toc-section\" id=\"Cam_ket_tra_thuong_minh_bach\"><\/span><b>Cam k\u1ebft tr\u1ea3 th\u01b0\u1edfng minh b\u1ea1ch<\/b><span class=\"ez-toc-section-end\"><\/span><\/h3>\n<p><span style=\"font-weight: 400;\">Ch\u00fang t\u00f4i duy tr\u00ec quy tr\u00ecnh thanh to\u00e1n t\u1ef1 \u0111\u1ed9ng ngay sau khi k\u1ebft qu\u1ea3 quay s\u1ed1 \u0111\u01b0\u1ee3c c\u00f4ng b\u1ed1 ch\u00ednh th\u1ee9c. Ti\u1ec1n th\u01b0\u1edfng s\u1ebd \u0111\u01b0\u1ee3c c\u1ed9ng tr\u1ef1c ti\u1ebfp v\u00e0o s\u1ed1 d\u01b0 t\u00e0i kho\u1ea3n c\u1ee7a ng\u01b0\u1eddi d\u00f9ng m\u00e0 kh\u00f4ng qua b\u1ea5t k\u1ef3 kh\u00e2u trung gian n\u00e0o. S\u1ef1 s\u00f2ng ph\u1eb3ng n\u00e0y l\u00e0 n\u1ec1n t\u1ea3ng gi\u00fap th\u01b0\u01a1ng hi\u1ec7u \u0111\u1ee9ng v\u1eefng tr\u00ean th\u1ecb tr\u01b0\u1eddng c\u00e1 c\u01b0\u1ee3c nhi\u1ec1u n\u0103m qua.<\/span><\/p>\n<h3><span class=\"ez-toc-section\" id=\"Doi_tac_phat_hanh_ve_duoc_cap_phep\"><\/span><b>\u0110\u1ed1i t\u00e1c ph\u00e1t h\u00e0nh v\u00e9 \u0111\u01b0\u1ee3c c\u1ea5p ph\u00e9p<\/b><span class=\"ez-toc-section-end\"><\/span><\/h3>\n<p><span style=\"font-weight: 400;\">M\u1ecdi lo\u1ea1i h\u00ecnh x\u1ed5 s\u1ed1 t\u1ea1i \u0111\u00e2y \u0111\u1ec1u \u0111\u01b0\u1ee3c li\u00ean k\u1ebft v\u1edbi c\u00e1c \u0111\u01a1n v\u1ecb ph\u00e1t h\u00e0nh uy t\u00edn v\u00e0 c\u00f3 gi\u1ea5y ph\u00e9p ho\u1ea1t \u0111\u1ed9ng h\u1ee3p ph\u00e1p. \u0110i\u1ec1u n\u00e0y kh\u1eb3ng \u0111\u1ecbnh t\u00ednh ph\u00e1p l\u00fd v\u00e0 s\u1ef1 c\u00f4ng b\u1eb1ng trong k\u1ebft qu\u1ea3 tr\u1ea3 v\u1ec1, c\u00e1 c\u01b0\u1ee3c tho\u1ea3i m\u00e1i kh\u00f4ng ph\u1ea3i lo b\u1ecb gian l\u1eadn hay d\u00e0n x\u1ebfp k\u1ebft qu\u1ea3.<\/span><\/p>\n<h2><span class=\"ez-toc-section\" id=\"Cac_loai_hinh_xo_so_KK55_pho_bien\"><\/span><b>C\u00e1c lo\u1ea1i h\u00ecnh x\u1ed5 s\u1ed1 KK55 ph\u1ed5 bi\u1ebfn<\/b><span class=\"ez-toc-section-end\"><\/span><\/h2>\n<p><span style=\"font-weight: 400;\">Ch\u00fang t\u00f4i cung c\u1ea5p danh m\u1ee5c s\u1ea3n ph\u1ea9m phong ph\u00fa, t\u1eeb nh\u1eefng h\u00ecnh th\u1ee9c truy\u1ec1n th\u1ed1ng \u0111\u1ebfn c\u00e1c lo\u1ea1i v\u00e9 s\u1ed1 hi\u1ec7n \u0111\u1ea1i \u0111\u1ea7y h\u1ea5p d\u1eabn. C\u00e1c s\u1ea3nh c\u01b0\u1ee3c x\u1ed5 s\u1ed1 KK55 lu\u00f4n t\u1ea5p n\u1eadp nh\u1edd v\u00e0o t\u1ef7 l\u1ec7 tr\u1ea3 th\u01b0\u1edfng cao h\u01a1n \u0111\u00e1ng k\u1ec3 so v\u1edbi m\u1eb7t b\u1eb1ng chung c\u1ee7a th\u1ecb tr\u01b0\u1eddng.<\/span><\/p>\n<table>\n<tbody>\n<tr>\n<td><span style=\"font-weight: 400;\">Lo\u1ea1i h\u00ecnh<\/span><\/td>\n<td><span style=\"font-weight: 400;\">T\u1ef7 l\u1ec7 tr\u1ea3 th\u01b0\u1edfng<\/span><\/td>\n<td><span style=\"font-weight: 400;\">Th\u1eddi gian quay<\/span><\/td>\n<\/tr>\n<tr>\n<td><span style=\"font-weight: 400;\">X\u1ed5 s\u1ed1 mi\u1ec1n B\u1eafc<\/span><\/td>\n<td><span style=\"font-weight: 400;\">1 \u0103n 99<\/span><\/td>\n<td><span style=\"font-weight: 400;\">18:15 h\u00e0ng ng\u00e0y<\/span><\/td>\n<\/tr>\n<tr>\n<td><span style=\"font-weight: 400;\">X\u1ed5 s\u1ed1 si\u00eau t\u1ed1c<\/span><\/td>\n<td><span style=\"font-weight: 400;\">1 \u0103n 99.5<\/span><\/td>\n<td><span style=\"font-weight: 400;\">1 ph\u00fat \/ v\u00f2ng<\/span><\/td>\n<\/tr>\n<tr>\n<td><span style=\"font-weight: 400;\">Mega 6\/45<\/span><\/td>\n<td><span style=\"font-weight: 400;\">Theo gi\u1ea3i th\u01b0\u1edfng<\/span><\/td>\n<td><span style=\"font-weight: 400;\">Th\u1ee9 4, 6, Ch\u1ee7 nh\u1eadt<\/span><\/td>\n<\/tr>\n<\/tbody>\n<\/table>\n<h3><span class=\"ez-toc-section\" id=\"Xo_so_KK55_truyen_thong_ba_mien_day_du\"><\/span><b>X\u1ed5 s\u1ed1 KK55 truy\u1ec1n th\u1ed1ng ba mi\u1ec1n \u0111\u1ea7y \u0111\u1ee7<\/b><span class=\"ez-toc-section-end\"><\/span><\/h3>\n<p><span style=\"font-weight: 400;\">B\u1ea1n c\u00f3 th\u1ec3 tham gia d\u1ef1 th\u01b0\u1edfng k\u1ebft qu\u1ea3 ki\u1ebfn thi\u1ebft c\u1ee7a c\u00e1c \u0111\u00e0i mi\u1ec1n B\u1eafc, mi\u1ec1n Trung v\u00e0 mi\u1ec1n Nam m\u1ed9t c\u00e1ch thu\u1eadn ti\u1ec7n. H\u1ec7 th\u1ed1ng b\u1ea3ng k\u00e8o \u0111\u01b0\u1ee3c c\u1eadp nh\u1eadt chi ti\u1ebft v\u1edbi \u0111\u1ea7y \u0111\u1ee7 c\u00e1c ki\u1ec3u c\u01b0\u1ee3c nh\u01b0 l\u00f4 xi\u00ean, \u0111\u1ec1 \u0111\u1ea7u \u0111u\u00f4i, hay bao l\u00f4 v\u1edbi m\u1ee9c th\u01b0\u1edfng c\u1ef1c k\u1ef3 c\u1ea1nh tranh.<\/span><\/p>\n<figure id=\"attachment_132\" aria-describedby=\"caption-attachment-132\" style=\"width: 800px\" class=\"wp-caption aligncenter\"><img decoding=\"async\" class=\"size-full wp-image-132\" src=\"https:\/\/kk55.archi\/wp-content\/uploads\/2026\/04\/da-dang-sanh-cuoc-quay-so-nhanh.jpg\" alt=\"\u0110a d\u1ea1ng s\u1ea3nh c\u01b0\u1ee3c quay s\u1ed1 nhanh\" width=\"800\" height=\"400\" srcset=\"https:\/\/kk55.archi\/wp-content\/uploads\/2026\/04\/da-dang-sanh-cuoc-quay-so-nhanh.jpg 800w, https:\/\/kk55.archi\/wp-content\/uploads\/2026\/04\/da-dang-sanh-cuoc-quay-so-nhanh-300x150.jpg 300w, https:\/\/kk55.archi\/wp-content\/uploads\/2026\/04\/da-dang-sanh-cuoc-quay-so-nhanh-768x384.jpg 768w\" sizes=\"(max-width: 800px) 100vw, 800px\" \/><figcaption id=\"caption-attachment-132\" class=\"wp-caption-text\">\u0110a d\u1ea1ng s\u1ea3nh c\u01b0\u1ee3c quay s\u1ed1 nhanh<\/figcaption><\/figure>\n<h3><span class=\"ez-toc-section\" id=\"Xo_so_KK55_sieu_toc_ket_qua_moi_1_phut\"><\/span><b>X\u1ed5 s\u1ed1 KK55 si\u00eau t\u1ed1c k\u1ebft qu\u1ea3 m\u1ed7i 1 ph\u00fat<\/b><span class=\"ez-toc-section-end\"><\/span><\/h3>\n<p><span style=\"font-weight: 400;\">\u0110\u1ed1i v\u1edbi nh\u1eefng ng\u01b0\u1eddi ch\u01a1i kh\u00f4ng mu\u1ed1n ch\u1edd \u0111\u1ee3i qu\u00e1 l\u00e2u, lo\u1ea1i h\u00ecnh si\u00eau t\u1ed1c l\u00e0 l\u1ef1a ch\u1ecdn ho\u00e0n h\u1ea3o. B\u1ea1n c\u00f3 th\u1ec3 tham gia h\u00e0ng tr\u0103m k\u1ef3 quay m\u1ed7i ng\u00e0y v\u1edbi th\u1eddi gian tr\u1ea3 k\u1ebft qu\u1ea3 linh ho\u1ea1t t\u1eeb 1 ph\u00fat, 3 ph\u00fat \u0111\u1ebfn 5 ph\u00fat, t\u1ea1o ra c\u01a1 h\u1ed9i lu\u00e2n chuy\u1ec3n v\u1ed1n nhanh ch\u00f3ng.<\/span><\/p>\n<h3><span class=\"ez-toc-section\" id=\"Xo_so_dien_toan_mega_va_power_cap_nhat\"><\/span><b>X\u1ed5 s\u1ed1 \u0111i\u1ec7n to\u00e1n mega v\u00e0 power c\u1eadp nh\u1eadt<\/b><span class=\"ez-toc-section-end\"><\/span><\/h3>\n<p><span style=\"font-weight: 400;\">Nh\u00e0 c\u00e1i t\u00edch h\u1ee3p c\u00e1c h\u00ecnh th\u1ee9c \u0111i\u1ec7n to\u00e1n ph\u1ed5 bi\u1ebfn, cho ph\u00e9p ng\u01b0\u1eddi d\u00f9ng s\u0103n t\u00ecm nh\u1eefng gi\u1ea3i th\u01b0\u1edfng Jackpot kh\u1ed5ng l\u1ed3. Quy tr\u00ecnh mua v\u00e9 \u0111\u01a1n gi\u1ea3n v\u00e0 h\u1ec7 th\u1ed1ng c\u1eadp nh\u1eadt k\u1ebft qu\u1ea3 tr\u1ef1c ti\u1ebfp gi\u00fap b\u1ea1n kh\u00f4ng b\u1ecf l\u1ee1 b\u1ea5t k\u1ef3 k\u1ef3 quay quan tr\u1ecdng n\u00e0o.<\/span><\/p>\n<h2><span class=\"ez-toc-section\" id=\"Huong_dan_tham_gia_xo_so_KK55_de_dang\"><\/span><b>H\u01b0\u1edbng d\u1eabn tham gia x\u1ed5 s\u1ed1 KK55 d\u1ec5 d\u00e0ng<\/b><span class=\"ez-toc-section-end\"><\/span><\/h2>\n<p><span style=\"font-weight: 400;\">Quy tr\u00ecnh th\u1ef1c hi\u1ec7n t\u1ea1i nh\u00e0 c\u00e1i \u0111\u01b0\u1ee3c t\u1ed1i \u01b0u h\u00f3a ho\u00e0n to\u00e0n \u0111\u1ec3 b\u1ea1n c\u00f3 th\u1ec3 s\u1edf h\u1eefu t\u1ea5m v\u00e9 may m\u1eafn ch\u1ec9 v\u1edbi v\u00e0i thao t\u00e1c c\u01a1 b\u1ea3n. Ch\u00fang t\u00f4i lu\u00f4n c\u1ed1 g\u1eafng gi\u1ea3n l\u01b0\u1ee3c c\u00e1c b\u01b0\u1edbc r\u01b0\u1eddm r\u00e0 \u0111\u1ec3 ng\u01b0\u1eddi ch\u01a1i m\u1edbi c\u0169ng c\u00f3 th\u1ec3 l\u00e0m quen ngay l\u1eadp t\u1ee9c.<\/span><\/p>\n<h3><span class=\"ez-toc-section\" id=\"Cac_buoc_dat_xo_so_KK55_chi_trong_vai_giay\"><\/span><b>C\u00e1c b\u01b0\u1edbc \u0111\u1eb7t x\u1ed5 s\u1ed1 KK55 ch\u1ec9 trong v\u00e0i gi\u00e2y<\/b><span class=\"ez-toc-section-end\"><\/span><\/h3>\n<p><span style=\"font-weight: 400;\">\u0110\u1ea7u ti\u00ean, b\u1ea1n c\u1ea7n \u0111\u0103ng nh\u1eadp v\u00e0o t\u00e0i kho\u1ea3n v\u00e0 ch\u1ecdn s\u1ea3nh c\u01b0\u1ee3c y\u00eau th\u00edch trong danh m\u1ee5c. Ti\u1ebfp theo, h\u00e3y nh\u1eadp con s\u1ed1 mu\u1ed1n \u0111\u1eb7t v\u00e0 ch\u1ecdn m\u1ee9c ti\u1ec1n c\u01b0\u1ee3c ph\u00f9 h\u1ee3p v\u1edbi ng\u00e2n s\u00e1ch c\u00e1 nh\u00e2n. Cu\u1ed1i c\u00f9ng, ch\u1ec9 c\u1ea7n x\u00e1c nh\u1eadn \u0111\u01a1n c\u01b0\u1ee3c v\u00e0 ch\u1edd \u0111\u1ee3i h\u1ec7 th\u1ed1ng ghi nh\u1eadn th\u00e0nh c\u00f4ng.<\/span><\/p>\n<figure id=\"attachment_134\" aria-describedby=\"caption-attachment-134\" style=\"width: 800px\" class=\"wp-caption aligncenter\"><img decoding=\"async\" class=\"size-full wp-image-134\" src=\"https:\/\/kk55.archi\/wp-content\/uploads\/2026\/04\/he-thong-bang-keo.jpg\" alt=\"B\u1ea3ng k\u00e8o c\u1eadp nh\u1eadt li\u00ean t\u1ee5c\" width=\"800\" height=\"400\" srcset=\"https:\/\/kk55.archi\/wp-content\/uploads\/2026\/04\/he-thong-bang-keo.jpg 800w, https:\/\/kk55.archi\/wp-content\/uploads\/2026\/04\/he-thong-bang-keo-300x150.jpg 300w, https:\/\/kk55.archi\/wp-content\/uploads\/2026\/04\/he-thong-bang-keo-768x384.jpg 768w\" sizes=\"(max-width: 800px) 100vw, 800px\" \/><figcaption id=\"caption-attachment-134\" class=\"wp-caption-text\">B\u1ea3ng k\u00e8o c\u1eadp nh\u1eadt li\u00ean t\u1ee5c<\/figcaption><\/figure>\n<h3><span class=\"ez-toc-section\" id=\"Theo_doi_ket_qua_nhanh\"><\/span><b>Theo d\u00f5i k\u1ebft qu\u1ea3 nhanh<\/b><span class=\"ez-toc-section-end\"><\/span><\/h3>\n<p><span style=\"font-weight: 400;\">Ch\u00fang t\u00f4i cung c\u1ea5p t\u00ednh n\u0103ng xem k\u1ebft qu\u1ea3 tr\u1ef1c ti\u1ebfp ngay tr\u00ean giao di\u1ec7n trang ch\u1ee7. Ng\u01b0\u1eddi ch\u01a1i c\u00f3 th\u1ec3 ki\u1ec3m tra l\u1ea1i l\u1ecbch s\u1eed c\u00e1c k\u1ef3 quay tr\u01b0\u1edbc \u0111\u00f3 \u0111\u1ec3 th\u1ef1c hi\u1ec7n soi c\u1ea7u ch\u00ednh x\u00e1c h\u01a1n. M\u1ecdi th\u00f4ng tin \u0111\u1ec1u \u0111\u01b0\u1ee3c tr\u00edch xu\u1ea5t t\u1eeb ngu\u1ed3n ch\u00ednh th\u1ed1ng, \u0111\u1ea3m b\u1ea3o \u0111\u1ed9 ch\u00ednh x\u00e1c tuy\u1ec7t \u0111\u1ed1i 100%.<\/span><\/p>\n<h3><span class=\"ez-toc-section\" id=\"CSKH_247_chuyen_nghiep\"><\/span><b>CSKH 24\/7 chuy\u00ean nghi\u1ec7p<\/b><span class=\"ez-toc-section-end\"><\/span><\/h3>\n<p><span style=\"font-weight: 400;\">Trong qu\u00e1 tr\u00ecnh b\u1ea1n c\u00e1 c\u01b0\u1ee3c, n\u1ebfu c\u00f3 b\u1ea5t k\u1ef3 kh\u00f3 kh\u0103n n\u00e0o v\u1ec1 m\u1ecdi v\u1ea5n \u0111\u1ec1, \u0111\u1ed9i ng\u0169 nh\u00e2n vi\u00ean c\u1ee7a ch\u00fang t\u00f4i lu\u00f4n s\u1eb5n s\u00e0ng h\u1ed7 tr\u1ee3. B\u1ea1n c\u00f3 th\u1ec3 li\u00ean h\u1ec7 qua chat tr\u1ef1c tuy\u1ebfn, hotline ho\u1eb7c c\u00e1c k\u00eanh m\u1ea1ng x\u00e3 h\u1ed9i \u0111\u1ec3 \u0111\u01b0\u1ee3c gi\u1ea3i \u0111\u00e1p m\u1ecdi th\u1eafc m\u1eafc m\u1ed9t c\u00e1ch t\u1eadn t\u00e2m nh\u1ea5t.<\/span><\/p>\n<h2><span class=\"ez-toc-section\" id=\"Ket_luan\"><\/span><b>K\u1ebft lu\u1eadn<\/b><span class=\"ez-toc-section-end\"><\/span><\/h2>\n<p><span style=\"font-weight: 400;\">S\u1ef1 k\u1ebft h\u1ee3p gi\u1eefa c\u00f4ng ngh\u1ec7 hi\u1ec7n \u0111\u1ea1i v\u00e0 d\u1ecbch v\u1ee5 t\u1eadn t\u00e2m \u0111\u00e3 bi\u1ebfn <a href=\"https:\/\/kk55.archi\/index.php\/xo-so-kk55\/\"><strong>x\u1ed5 s\u1ed1 KK55<\/strong><\/a> th\u00e0nh bi\u1ec3u t\u01b0\u1ee3ng c\u1ee7a s\u1ef1 may m\u1eafn v\u00e0 th\u1ecbnh v\u01b0\u1ee3ng. KK55 cam k\u1ebft mang l\u1ea1i m\u1ed9t m\u00f4i tr\u01b0\u1eddng gi\u1ea3i tr\u00ed l\u00e0nh m\u1ea1nh, gi\u00fap ng\u01b0\u1eddi ch\u01a1i t\u1ef1 tin h\u01a1n tr\u00ean con \u0111\u01b0\u1eddng t\u00ecm ki\u1ebfm nh\u1eefng gi\u1ea3i th\u01b0\u1edfng l\u1edbn. H\u00e3y \u0111\u1ec3 ch\u00fang t\u00f4i \u0111\u1ed3ng h\u00e0nh c\u00f9ng b\u1ea1n trong t\u1eebng kho\u1ea3nh kh\u1eafc h\u1ed3i h\u1ed9p ch\u1edd \u0111\u1ee3i k\u1ebft qu\u1ea3 th\u1eafng c\u01b0\u1ee3c h\u00f4m nay.<\/span><\/p>\n","protected":false},"excerpt":{"rendered":"<p>X\u1ed5 S\u1ed1 KK55 \u0110\u1ec9nh Cao C\u00e1 C\u01b0\u1ee3c Minh B\u1ea1ch V\u00e0 Uy T\u00edn X\u1ed5 s\u1ed1 KK55 l\u00e0 \u0111i\u1ec3m h\u1eb9n l\u00fd t\u01b0\u1edfng cho nh\u1eefng ai \u0111ang t\u00ecm ki\u1ebfm c\u01a1 h\u1ed9i \u0111\u1ed5i \u0111\u1eddi th\u00f4ng qua nh\u1eefng con s\u1ed1 may m\u1eafn \u0111\u1ea7y k\u1ecbch t\u00ednh. Ch\u00fang t\u00f4i x\u00e2y d\u1ef1ng m\u1ed9t n\u1ec1n t\u1ea3ng quay s\u1ed1 chuy\u00ean nghi\u1ec7p, n\u01a1i s\u1ef1 minh b\u1ea1ch [&#8230;]\n","protected":false},"author":1,"featured_media":135,"parent":0,"menu_order":0,"comment_status":"closed","ping_status":"closed","template":"","meta":{"footnotes":""},"class_list":["post-131","page","type-page","status-publish","has-post-thumbnail","hentry"],"_links":{"self":[{"href":"https:\/\/kk55.archi\/index.php\/wp-json\/wp\/v2\/pages\/131","targetHints":{"allow":["GET"]}}],"collection":[{"href":"https:\/\/kk55.archi\/index.php\/wp-json\/wp\/v2\/pages"}],"about":[{"href":"https:\/\/kk55.archi\/index.php\/wp-json\/wp\/v2\/types\/page"}],"author":[{"embeddable":true,"href":"https:\/\/kk55.archi\/index.php\/wp-json\/wp\/v2\/users\/1"}],"replies":[{"embeddable":true,"href":"https:\/\/kk55.archi\/index.php\/wp-json\/wp\/v2\/comments?post=131"}],"version-history":[{"count":3,"href":"https:\/\/kk55.archi\/index.php\/wp-json\/wp\/v2\/pages\/131\/revisions"}],"predecessor-version":[{"id":326,"href":"https:\/\/kk55.archi\/index.php\/wp-json\/wp\/v2\/pages\/131\/revisions\/326"}],"wp:featuredmedia":[{"embeddable":true,"href":"https:\/\/kk55.archi\/index.php\/wp-json\/wp\/v2\/media\/135"}],"wp:attachment":[{"href":"https:\/\/kk55.archi\/index.php\/wp-json\/wp\/v2\/media?parent=131"}],"curies":[{"name":"wp","href":"https:\/\/api.w.org\/{rel}","templated":true}]}}