{"id":144,"date":"2026-04-11T15:21:51","date_gmt":"2026-04-11T08:21:51","guid":{"rendered":"https:\/\/kk55.archi\/?page_id=144"},"modified":"2026-04-12T13:27:54","modified_gmt":"2026-04-12T06:27:54","slug":"lien-he","status":"publish","type":"page","link":"https:\/\/kk55.archi\/index.php\/lien-he\/","title":{"rendered":"T\u1ed5ng H\u1ee3p K\u00eanh Li\u00ean H\u1ec7 H\u1ed7 Tr\u1ee3 Kh\u00e1ch H\u00e0ng Nhanh Ch\u00f3ng"},"content":{"rendered":"<div id=\"ez-toc-container\" class=\"ez-toc-v2_0_82_2 counter-hierarchy ez-toc-counter ez-toc-grey ez-toc-container-direction\">\n<div class=\"ez-toc-title-container\">\n<p class=\"ez-toc-title\" style=\"cursor:inherit\">M\u1ee5c L\u1ee5c<\/p>\n<span class=\"ez-toc-title-toggle\"><a href=\"#\" class=\"ez-toc-pull-right ez-toc-btn ez-toc-btn-xs ez-toc-btn-default ez-toc-toggle\" aria-label=\"Toggle Table of Content\"><span class=\"ez-toc-js-icon-con\"><span class=\"\"><span class=\"eztoc-hide\" style=\"display:none;\">Toggle<\/span><span class=\"ez-toc-icon-toggle-span\"><svg style=\"fill: #999;color:#999\" xmlns=\"http:\/\/www.w3.org\/2000\/svg\" class=\"list-377408\" width=\"20px\" height=\"20px\" viewBox=\"0 0 24 24\" fill=\"none\"><path d=\"M6 6H4v2h2V6zm14 0H8v2h12V6zM4 11h2v2H4v-2zm16 0H8v2h12v-2zM4 16h2v2H4v-2zm16 0H8v2h12v-2z\" fill=\"currentColor\"><\/path><\/svg><svg style=\"fill: #999;color:#999\" class=\"arrow-unsorted-368013\" xmlns=\"http:\/\/www.w3.org\/2000\/svg\" width=\"10px\" height=\"10px\" viewBox=\"0 0 24 24\" version=\"1.2\" baseProfile=\"tiny\"><path d=\"M18.2 9.3l-6.2-6.3-6.2 6.3c-.2.2-.3.4-.3.7s.1.5.3.7c.2.2.4.3.7.3h11c.3 0 .5-.1.7-.3.2-.2.3-.5.3-.7s-.1-.5-.3-.7zM5.8 14.7l6.2 6.3 6.2-6.3c.2-.2.3-.5.3-.7s-.1-.5-.3-.7c-.2-.2-.4-.3-.7-.3h-11c-.3 0-.5.1-.7.3-.2.2-.3.5-.3.7s.1.5.3.7z\"\/><\/svg><\/span><\/span><\/span><\/a><\/span><\/div>\n<nav><ul class='ez-toc-list ez-toc-list-level-1 ' ><li class='ez-toc-page-1 ez-toc-heading-level-1'><a class=\"ez-toc-link ez-toc-heading-1\" href=\"https:\/\/kk55.archi\/index.php\/lien-he\/#Tong_Hop_Kenh_Lien_He_Ho_Tro_Khach_Hang_Nhanh_Chong\" >T\u1ed5ng H\u1ee3p K\u00eanh Li\u00ean H\u1ec7 H\u1ed7 Tr\u1ee3 Kh\u00e1ch H\u00e0ng Nhanh Ch\u00f3ng<\/a><ul class='ez-toc-list-level-2' ><li class='ez-toc-heading-level-2'><a class=\"ez-toc-link ez-toc-heading-2\" href=\"https:\/\/kk55.archi\/index.php\/lien-he\/#Cac_kenh_lien_he_chinh_thuc_ho_tro_truc_tuyen\" >C\u00e1c k\u00eanh li\u00ean h\u1ec7 ch\u00ednh th\u1ee9c h\u1ed7 tr\u1ee3 tr\u1ef1c tuy\u1ebfn<\/a><ul class='ez-toc-list-level-3' ><li class='ez-toc-heading-level-3'><a class=\"ez-toc-link ez-toc-heading-3\" href=\"https:\/\/kk55.archi\/index.php\/lien-he\/#Chat_truc_tiep_tren_trang_chu_voi_tu_van_vien\" >Chat tr\u1ef1c ti\u1ebfp tr\u00ean trang ch\u1ee7 v\u1edbi t\u01b0 v\u1ea5n vi\u00ean<\/a><\/li><li class='ez-toc-page-1 ez-toc-heading-level-3'><a class=\"ez-toc-link ez-toc-heading-4\" href=\"https:\/\/kk55.archi\/index.php\/lien-he\/#Nhan_tin_qua_Telegram_bao_mat_giai_quyet_nap_rut\" >Nh\u1eafn tin qua Telegram b\u1ea3o m\u1eadt gi\u1ea3i quy\u1ebft n\u1ea1p r\u00fat<\/a><\/li><li class='ez-toc-page-1 ez-toc-heading-level-3'><a class=\"ez-toc-link ez-toc-heading-5\" href=\"https:\/\/kk55.archi\/index.php\/lien-he\/#Goi_duong_day_nong_hotline_xu_ly_su_co_khan_cap\" >G\u1ecdi \u0111\u01b0\u1eddng d\u00e2y n\u00f3ng hotline x\u1eed l\u00fd s\u1ef1 c\u1ed1 kh\u1ea9n c\u1ea5p<\/a><\/li><\/ul><\/li><li class='ez-toc-page-1 ez-toc-heading-level-2'><a class=\"ez-toc-link ez-toc-heading-6\" href=\"https:\/\/kk55.archi\/index.php\/lien-he\/#Quy_trinh_tiep_nhan_va_xu_ly_khieu_nai_cho_hoi_vien\" >Quy tr\u00ecnh ti\u1ebfp nh\u1eadn v\u00e0 x\u1eed l\u00fd khi\u1ebfu n\u1ea1i cho h\u1ed9i vi\u00ean<\/a><ul class='ez-toc-list-level-3' ><li class='ez-toc-heading-level-3'><a class=\"ez-toc-link ez-toc-heading-7\" href=\"https:\/\/kk55.archi\/index.php\/lien-he\/#Cung_cap_du_lieu_de_xac_minh_tai_khoan_chinh_chu\" >Cung c\u1ea5p d\u1eef li\u1ec7u \u0111\u1ec3 x\u00e1c minh t\u00e0i kho\u1ea3n ch\u00ednh ch\u1ee7<\/a><\/li><li class='ez-toc-page-1 ez-toc-heading-level-3'><a class=\"ez-toc-link ez-toc-heading-8\" href=\"https:\/\/kk55.archi\/index.php\/lien-he\/#Thoi_gian_cam_ket_phan_hoi_doi_voi_tung_dich_vu\" >Th\u1eddi gian cam k\u1ebft ph\u1ea3n h\u1ed3i \u0111\u1ed1i v\u1edbi t\u1eebng d\u1ecbch v\u1ee5<\/a><\/li><\/ul><\/li><li class='ez-toc-page-1 ez-toc-heading-level-2'><a class=\"ez-toc-link ez-toc-heading-9\" href=\"https:\/\/kk55.archi\/index.php\/lien-he\/#Canh_bao_an_toan_khi_tim_kiem_thong_tin_ho_tro\" >C\u1ea3nh b\u00e1o an to\u00e0n khi t\u00ecm ki\u1ebfm th\u00f4ng tin h\u1ed7 tr\u1ee3<\/a><\/li><li class='ez-toc-page-1 ez-toc-heading-level-2'><a class=\"ez-toc-link ez-toc-heading-10\" href=\"https:\/\/kk55.archi\/index.php\/lien-he\/#Ket_luan\" >K\u1ebft lu\u1eadn<\/a><\/li><\/ul><\/li><\/ul><\/nav><\/div>\n<h1 style=\"text-align: center;\"><span class=\"ez-toc-section\" id=\"Tong_Hop_Kenh_Lien_He_Ho_Tro_Khach_Hang_Nhanh_Chong\"><\/span><b>T\u1ed5ng H\u1ee3p K\u00eanh Li\u00ean H\u1ec7 H\u1ed7 Tr\u1ee3 Kh\u00e1ch H\u00e0ng Nhanh Ch\u00f3ng<\/b><span class=\"ez-toc-section-end\"><\/span><\/h1>\n<p><span style=\"font-weight: 400;\">Li\u00ean h\u1ec7 ngay v\u1edbi b\u1ed9 ph\u1eadn ch\u0103m s\u00f3c kh\u00e1ch h\u00e0ng l\u00e0 gi\u1ea3i ph\u00e1p t\u1ed1i \u01b0u nh\u1ea5t khi b\u1ea1n g\u1eb7p b\u1ea5t k\u1ef3 v\u01b0\u1edbng m\u1eafc n\u00e0o trong qu\u00e1 tr\u00ecnh thao t\u00e1c tr\u00ean h\u1ec7 th\u1ed1ng. \u0110\u1ed9i ng\u0169 nh\u00e2n vi\u00ean KK55 lu\u00f4n t\u00fac tr\u1ef1c ng\u00e0y \u0111\u00eam \u0111\u1ec3 l\u1eafng nghe, \u0111\u1ed3ng h\u00e0nh v\u00e0 b\u1ea3o v\u1ec7 quy\u1ec1n l\u1ee3i ch\u00ednh \u0111\u00e1ng c\u1ee7a m\u1ecdi h\u1ed9i vi\u00ean. H\u00e3y an t\u00e2m t\u1eadn h\u01b0\u1edfng kh\u00f4ng gian gi\u1ea3i tr\u00ed \u0111\u1ec9nh cao <a href=\"https:\/\/kk55.archi\/\"><strong>KK55<\/strong><\/a> \u0111\u1ec3 nh\u1eadn nh\u1eefng \u0111\u1eb7c quy\u1ec1n \u01b0u ti\u00ean.<\/span><\/p>\n<h2><span class=\"ez-toc-section\" id=\"Cac_kenh_lien_he_chinh_thuc_ho_tro_truc_tuyen\"><\/span><b>C\u00e1c k\u00eanh li\u00ean h\u1ec7 ch\u00ednh th\u1ee9c h\u1ed7 tr\u1ee3 tr\u1ef1c tuy\u1ebfn<\/b><span class=\"ez-toc-section-end\"><\/span><\/h2>\n<p><span style=\"font-weight: 400;\">\u0110\u1ec3 \u0111\u1ea3m b\u1ea3o m\u1ecdi nhu c\u1ea7u c\u1ee7a ng\u01b0\u1eddi d\u00f9ng \u0111\u01b0\u1ee3c gi\u1ea3i quy\u1ebft k\u1ecbp th\u1eddi, nh\u00e0 c\u00e1i \u0111\u00e3 x\u00e2y d\u1ef1ng m\u1ed9t m\u1ea1ng l\u01b0\u1edbi k\u1ebft n\u1ed1i \u0111a ph\u01b0\u01a1ng ti\u1ec7n v\u00f4 c\u00f9ng ti\u1ec7n l\u1ee3i. B\u1ea1n c\u00f3 th\u1ec3 ch\u1ee7 \u0111\u1ed9ng t\u00f9y ch\u1ecdn ph\u01b0\u01a1ng th\u1ee9c li\u00ean h\u1ec7 sao cho ph\u00f9 h\u1ee3p nh\u1ea5t v\u1edbi t\u00ecnh hu\u1ed1ng th\u1ef1c t\u1ebf m\u00e0 m\u00ecnh \u0111ang g\u1eb7p ph\u1ea3i. B\u1ed9 ph\u1eadn k\u1ef9 thu\u1eadt lu\u00f4n ph\u00e2n b\u1ed5 nh\u00e2n s\u1ef1 tr\u1ef1c ban xuy\u00ean su\u1ed1t \u0111\u1ec3 kh\u00f4ng b\u1ecf s\u00f3t b\u1ea5t k\u1ef3 m\u1ed9t y\u00eau c\u1ea7u n\u00e0o t\u1eeb ph\u00eda c\u1ed9ng \u0111\u1ed3ng.<\/span><\/p>\n<blockquote><p>Xem Th\u00eam:\u00a0To\u00e0n B\u1ed9 C\u00e1c <a href=\"https:\/\/kk55.archi\/index.php\/dieu-khoan-dieu-kien\/\">\u0110i\u1ec1u Kho\u1ea3n \u0110i\u1ec1u Ki\u1ec7n<\/a> Chu\u1ea9n Nh\u1ea5t Hi\u1ec7n Nay<\/p><\/blockquote>\n<figure id=\"attachment_146\" aria-describedby=\"caption-attachment-146\" style=\"width: 800px\" class=\"wp-caption aligncenter\"><img decoding=\"async\" class=\"size-full wp-image-146\" src=\"https:\/\/kk55.archi\/wp-content\/uploads\/2026\/04\/kenh-lien-he-chinh-thuc-da-nen-tang.jpg\" alt=\"K\u00eanh li\u00ean h\u1ec7 ch\u00ednh th\u1ee9c \u0111a n\u1ec1n t\u1ea3ng\" width=\"800\" height=\"400\" srcset=\"https:\/\/kk55.archi\/wp-content\/uploads\/2026\/04\/kenh-lien-he-chinh-thuc-da-nen-tang.jpg 800w, https:\/\/kk55.archi\/wp-content\/uploads\/2026\/04\/kenh-lien-he-chinh-thuc-da-nen-tang-300x150.jpg 300w, https:\/\/kk55.archi\/wp-content\/uploads\/2026\/04\/kenh-lien-he-chinh-thuc-da-nen-tang-768x384.jpg 768w\" sizes=\"(max-width: 800px) 100vw, 800px\" \/><figcaption id=\"caption-attachment-146\" class=\"wp-caption-text\">K\u00eanh li\u00ean h\u1ec7 ch\u00ednh th\u1ee9c \u0111a n\u1ec1n t\u1ea3ng<\/figcaption><\/figure>\n<h3><span class=\"ez-toc-section\" id=\"Chat_truc_tiep_tren_trang_chu_voi_tu_van_vien\"><\/span><b>Chat tr\u1ef1c ti\u1ebfp tr\u00ean trang ch\u1ee7 v\u1edbi t\u01b0 v\u1ea5n vi\u00ean<\/b><span class=\"ez-toc-section-end\"><\/span><\/h3>\n<p><span style=\"font-weight: 400;\">T\u00ednh n\u0103ng tr\u00f2 chuy\u1ec7n tr\u1ef1c tuy\u1ebfn \u0111\u01b0\u1ee3c t\u00edch h\u1ee3p ngay tr\u00ean m\u00e0n h\u00ecnh giao di\u1ec7n ch\u00ednh, mang l\u1ea1i s\u1ef1 thu\u1eadn ti\u1ec7n tuy\u1ec7t \u0111\u1ed1i cho m\u1ecdi th\u00e0nh vi\u00ean. Ng\u01b0\u1eddi ch\u01a1i ch\u1ec9 c\u1ea7n nh\u1ea5n v\u00e0o bi\u1ec3u t\u01b0\u1ee3ng tin nh\u1eafn l\u00e0 c\u00f3 th\u1ec3 b\u1eaft \u0111\u1ea7u trao \u0111\u1ed5i ngay l\u1eadp t\u1ee9c v\u1edbi chuy\u00ean vi\u00ean h\u1ed7 tr\u1ee3. Ph\u01b0\u01a1ng th\u1ee9c li\u00ean h\u1ec7 n\u00e0y c\u1ef1c k\u1ef3 ph\u00f9 h\u1ee3p cho nh\u1eefng ai mu\u1ed1n nh\u1eadn c\u00e2u tr\u1ea3 l\u1eddi ng\u1eafn g\u1ecdn v\u00e0 \u0111i th\u1eb3ng v\u00e0o tr\u1ecdng t\u00e2m v\u1ea5n \u0111\u1ec1.<\/span><\/p>\n<ul>\n<li style=\"font-weight: 400;\" aria-level=\"1\"><span style=\"font-weight: 400;\">T\u1ed1c \u0111\u1ed9 k\u1ebft n\u1ed1i h\u1ec7 th\u1ed1ng m\u00e1y ch\u1ee7 si\u00eau t\u1ed1c ch\u1ec9 m\u1ea5t kho\u1ea3ng v\u00e0i gi\u00e2y.<\/span><\/li>\n<li style=\"font-weight: 400;\" aria-level=\"1\"><span style=\"font-weight: 400;\">Giao di\u1ec7n h\u1ed9p tho\u1ea1i thi\u1ebft k\u1ebf tr\u1ef1c quan, cho ph\u00e9p \u0111\u00ednh k\u00e8m h\u00ecnh \u1ea3nh r\u00f5 n\u00e9t.<\/span><\/li>\n<li style=\"font-weight: 400;\" aria-level=\"1\"><span style=\"font-weight: 400;\">Gi\u1ea3i \u0111\u00e1p xuy\u00ean su\u1ed1t c\u00e1c ng\u00e0y l\u1ec5 t\u1ebft, kh\u00f4ng c\u00f3 kh\u00e1i ni\u1ec7m ng\u00e0y ngh\u1ec9.<\/span><\/li>\n<\/ul>\n<h3><span class=\"ez-toc-section\" id=\"Nhan_tin_qua_Telegram_bao_mat_giai_quyet_nap_rut\"><\/span><b>Nh\u1eafn tin qua Telegram b\u1ea3o m\u1eadt gi\u1ea3i quy\u1ebft n\u1ea1p r\u00fat<\/b><span class=\"ez-toc-section-end\"><\/span><\/h3>\n<p><span style=\"font-weight: 400;\">Khi g\u1eb7p s\u1ef1 c\u1ed1 li\u00ean quan \u0111\u1ebfn t\u00e0i ch\u00ednh, \u1ee9ng d\u1ee5ng tin nh\u1eafn m\u00e3 h\u00f3a n\u00e0y l\u00e0 l\u1ef1a ch\u1ecdn an to\u00e0n b\u1eadc nh\u1ea5t m\u00e0 ng\u01b0\u1eddi d\u00f9ng n\u00ean \u01b0u ti\u00ean s\u1eed d\u1ee5ng. N\u1ec1n t\u1ea3ng n\u00e0y gi\u00fap b\u1ea3o v\u1ec7 to\u00e0n b\u1ed9 n\u1ed9i dung trao \u0111\u1ed5i, ng\u0103n ch\u1eb7n tri\u1ec7t \u0111\u1ec3 r\u1ee7i ro r\u00f2 r\u1ec9 d\u1eef li\u1ec7u c\u00e1 nh\u00e2n ra b\u00ean ngo\u00e0i. Chuy\u00ean vi\u00ean t\u00e0i ch\u00ednh c\u1ee7a KK55 s\u1ebd tr\u1ef1c ti\u1ebfp ki\u1ec3m tra bi\u00ean lai v\u00e0 x\u1eed l\u00fd l\u1ec7nh giao d\u1ecbch \u0111ang b\u1ecb k\u1eb9t m\u1ed9t c\u00e1ch m\u01b0\u1ee3t m\u00e0 nh\u1ea5t.<\/span><\/p>\n<figure id=\"attachment_148\" aria-describedby=\"caption-attachment-148\" style=\"width: 800px\" class=\"wp-caption aligncenter\"><img decoding=\"async\" class=\"size-full wp-image-148\" src=\"https:\/\/kk55.archi\/wp-content\/uploads\/2026\/04\/nhan-tin-bao-mat-giai-quyet-nap-rut.jpg\" alt=\"Nh\u1eafn tin b\u1ea3o m\u1eadt gi\u1ea3i quy\u1ebft n\u1ea1p r\u00fat\" width=\"800\" height=\"400\" srcset=\"https:\/\/kk55.archi\/wp-content\/uploads\/2026\/04\/nhan-tin-bao-mat-giai-quyet-nap-rut.jpg 800w, https:\/\/kk55.archi\/wp-content\/uploads\/2026\/04\/nhan-tin-bao-mat-giai-quyet-nap-rut-300x150.jpg 300w, https:\/\/kk55.archi\/wp-content\/uploads\/2026\/04\/nhan-tin-bao-mat-giai-quyet-nap-rut-768x384.jpg 768w\" sizes=\"(max-width: 800px) 100vw, 800px\" \/><figcaption id=\"caption-attachment-148\" class=\"wp-caption-text\">Nh\u1eafn tin b\u1ea3o m\u1eadt gi\u1ea3i quy\u1ebft n\u1ea1p r\u00fat<\/figcaption><\/figure>\n<h3><span class=\"ez-toc-section\" id=\"Goi_duong_day_nong_hotline_xu_ly_su_co_khan_cap\"><\/span><b>G\u1ecdi \u0111\u01b0\u1eddng d\u00e2y n\u00f3ng hotline x\u1eed l\u00fd s\u1ef1 c\u1ed1 kh\u1ea9n c\u1ea5p<\/b><span class=\"ez-toc-section-end\"><\/span><\/h3>\n<p><span style=\"font-weight: 400;\">Trong nh\u1eefng tr\u01b0\u1eddng h\u1ee3p c\u1ea5p b\u00e1ch nh\u01b0 t\u00e0i kho\u1ea3n c\u00f3 d\u1ea5u hi\u1ec7u \u0111\u0103ng nh\u1eadp l\u1ea1, vi\u1ec7c nh\u1ea5c m\u00e1y g\u1ecdi \u0111i\u1ec7n s\u1ebd gi\u00fap ng\u0103n ch\u1eb7n r\u1ee7i ro ngay t\u1ee9c kh\u1eafc. M\u1ea1ng l\u01b0\u1edbi t\u1ed5ng \u0111\u00e0i vi\u00ean \u0111\u01b0\u1ee3c \u0111\u00e0o t\u1ea1o nghi\u1ec7p v\u1ee5 b\u00e0i b\u1ea3n, s\u1eb5n s\u00e0ng \u0111\u01b0a ra ph\u01b0\u01a1ng \u00e1n x\u1eed l\u00fd g\u1ecdn g\u00e0ng ch\u1ec9 trong v\u00f2ng v\u00e0i ph\u00fat. \u0110\u1eebng ng\u1ea7n ng\u1ea1i s\u1eed d\u1ee5ng k\u00eanh li\u00ean h\u1ec7 n\u00e0y n\u1ebfu t\u00ecnh h\u00ecnh \u0111\u00f2i h\u1ecfi t\u1ed1c \u0111\u1ed9 gi\u1ea3i quy\u1ebft t\u00ednh b\u1eb1ng gi\u00e2y.<\/span><\/p>\n<h2><span class=\"ez-toc-section\" id=\"Quy_trinh_tiep_nhan_va_xu_ly_khieu_nai_cho_hoi_vien\"><\/span><b>Quy tr\u00ecnh ti\u1ebfp nh\u1eadn v\u00e0 x\u1eed l\u00fd khi\u1ebfu n\u1ea1i cho h\u1ed9i vi\u00ean<\/b><span class=\"ez-toc-section-end\"><\/span><\/h2>\n<p><span style=\"font-weight: 400;\">S\u1ef1 chuy\u00ean nghi\u1ec7p kh\u00f4ng ch\u1ec9 n\u1eb1m \u1edf th\u00e1i \u0111\u1ed9 ph\u1ee5c v\u1ee5 m\u00e0 c\u00f2n th\u1ec3 hi\u1ec7n qua quy tr\u00ecnh l\u00e0m vi\u1ec7c chu\u1ea9n m\u1ef1c, minh b\u1ea1ch trong t\u1eebng kh\u00e2u v\u1eadn h\u00e0nh. Nh\u00e0 c\u00e1i lu\u00f4n tu\u00e2n th\u1ee7 nghi\u00eam ng\u1eb7t c\u00e1c b\u01b0\u1edbc x\u00e1c th\u1ef1c nh\u1eb1m b\u1ea3o v\u1ec7 t\u00e0i s\u1ea3n c\u1ee7a ng\u01b0\u1eddi ch\u01a1i m\u1ed9t c\u00e1ch tr\u1ecdn v\u1eb9n nh\u1ea5t. Vi\u1ec7c cung c\u1ea5p th\u00f4ng tin li\u00ean h\u1ec7 ch\u00ednh x\u00e1c ngay t\u1eeb \u0111\u1ea7u s\u1ebd gi\u00fap h\u1ec7 th\u1ed1ng \u0111\u1ed1i chi\u1ebfu h\u1ed3 s\u01a1 nhanh ch\u00f3ng h\u01a1n r\u1ea5t nhi\u1ec1u.<\/span><\/p>\n<h3><span class=\"ez-toc-section\" id=\"Cung_cap_du_lieu_de_xac_minh_tai_khoan_chinh_chu\"><\/span><b>Cung c\u1ea5p d\u1eef li\u1ec7u \u0111\u1ec3 x\u00e1c minh t\u00e0i kho\u1ea3n ch\u00ednh ch\u1ee7<\/b><span class=\"ez-toc-section-end\"><\/span><\/h3>\n<p><span style=\"font-weight: 400;\">Tr\u01b0\u1edbc khi can thi\u1ec7p v\u00e0o b\u1ea5t k\u1ef3 thay \u0111\u1ed5i n\u00e0o, chuy\u00ean vi\u00ean b\u1eaft bu\u1ed9c ph\u1ea3i th\u1ef1c hi\u1ec7n c\u00e1c nghi\u1ec7p v\u1ee5 ki\u1ec3m tra danh t\u00ednh \u0111\u1ec3 ph\u00f2ng ch\u1ed1ng gian l\u1eadn. Ng\u01b0\u1eddi ch\u01a1i c\u1ea7n chu\u1ea9n b\u1ecb s\u1eb5n th\u1ebb c\u0103n c\u01b0\u1edbc h\u1ee3p l\u1ec7 ho\u1eb7c h\u00ecnh ch\u1ee5p bi\u00ean lai chuy\u1ec3n ti\u1ec1n g\u1ea7n nh\u1ea5t \u0111\u1ec3 g\u1eedi cho h\u1ec7 th\u1ed1ng. S\u1ef1 h\u1ee3p t\u00e1c nh\u1ecbp nh\u00e0ng n\u00e0y l\u00e0 ch\u00eca kh\u00f3a quan tr\u1ecdng gi\u00fap KK55 b\u1ea3o v\u1ec7 h\u1ea7u bao c\u1ee7a b\u1ea1n kh\u1ecfi nh\u1eefng tay tin t\u1eb7c x\u1ea5u t\u00ednh.<\/span><\/p>\n<figure id=\"attachment_145\" aria-describedby=\"caption-attachment-145\" style=\"width: 800px\" class=\"wp-caption aligncenter\"><img decoding=\"async\" class=\"size-full wp-image-145\" src=\"https:\/\/kk55.archi\/wp-content\/uploads\/2026\/04\/cung-cap-du-lieu-xac-minh-tai-khoan.jpg\" alt=\"Cung c\u1ea5p d\u1eef li\u1ec7u x\u00e1c minh t\u00e0i kho\u1ea3n\" width=\"800\" height=\"400\" srcset=\"https:\/\/kk55.archi\/wp-content\/uploads\/2026\/04\/cung-cap-du-lieu-xac-minh-tai-khoan.jpg 800w, https:\/\/kk55.archi\/wp-content\/uploads\/2026\/04\/cung-cap-du-lieu-xac-minh-tai-khoan-300x150.jpg 300w, https:\/\/kk55.archi\/wp-content\/uploads\/2026\/04\/cung-cap-du-lieu-xac-minh-tai-khoan-768x384.jpg 768w\" sizes=\"(max-width: 800px) 100vw, 800px\" \/><figcaption id=\"caption-attachment-145\" class=\"wp-caption-text\">Cung c\u1ea5p d\u1eef li\u1ec7u x\u00e1c minh t\u00e0i kho\u1ea3n<\/figcaption><\/figure>\n<h3><span class=\"ez-toc-section\" id=\"Thoi_gian_cam_ket_phan_hoi_doi_voi_tung_dich_vu\"><\/span><b>Th\u1eddi gian cam k\u1ebft ph\u1ea3n h\u1ed3i \u0111\u1ed1i v\u1edbi t\u1eebng d\u1ecbch v\u1ee5<\/b><span class=\"ez-toc-section-end\"><\/span><\/h3>\n<p><span style=\"font-weight: 400;\">Ch\u00fang t\u00f4i th\u1ea5u hi\u1ec3u r\u1eb1ng s\u1ef1 ch\u1edd \u0111\u1ee3i lu\u00f4n mang l\u1ea1i c\u1ea3m gi\u00e1c s\u1ed1t ru\u1ed9t v\u00e0 b\u1ea5t an cho b\u1ea5t k\u1ef3 ai khi \u0111ang v\u01b0\u1edbng m\u1eafc s\u1ef1 c\u1ed1. V\u00ec v\u1eady, h\u1ec7 th\u1ed1ng \u0111\u00e3 thi\u1ebft l\u1eadp m\u1ed9t b\u1ed9 ti\u00eau chu\u1ea9n \u0111o l\u01b0\u1eddng th\u1eddi gian ph\u1ea3n h\u1ed3i c\u1ee5 th\u1ec3 cho t\u1eebng nh\u00f3m v\u1ea5n \u0111\u1ec1 li\u00ean h\u1ec7 kh\u00e1c nhau. D\u01b0\u1edbi \u0111\u00e2y l\u00e0 b\u1ea3ng s\u1ed1 li\u1ec7u th\u1ef1c t\u1ebf ph\u1ea3n \u00e1nh t\u1ed1c \u0111\u1ed9 ph\u1ee5c v\u1ee5 m\u00e0 nh\u00e0 c\u00e1i \u0111ang n\u1ed7 l\u1ef1c duy tr\u00ec.<\/span><\/p>\n<table>\n<tbody>\n<tr>\n<td><span style=\"font-weight: 400;\">V\u1ea5n \u0111\u1ec1 c\u1ea7n h\u1ed7 tr\u1ee3<\/span><\/td>\n<td><span style=\"font-weight: 400;\">K\u00eanh ti\u1ebfp nh\u1eadn ch\u00ednh<\/span><\/td>\n<td><span style=\"font-weight: 400;\">Th\u1eddi gian x\u1eed l\u00fd th\u1ef1c t\u1ebf<\/span><\/td>\n<\/tr>\n<tr>\n<td><span style=\"font-weight: 400;\">C\u1ea5p l\u1ea1i m\u1eadt kh\u1ea9u m\u1edbi<\/span><\/td>\n<td><span style=\"font-weight: 400;\">H\u1ed9p th\u01b0 tho\u1ea1i tr\u1ef1c tuy\u1ebfn<\/span><\/td>\n<td><span style=\"font-weight: 400;\">3 \u0111\u1ebfn 5 ph\u00fat<\/span><\/td>\n<\/tr>\n<tr>\n<td><span style=\"font-weight: 400;\">X\u1eed l\u00fd l\u1ec7nh n\u1ea1p ti\u1ec1n ch\u1eadm<\/span><\/td>\n<td><span style=\"font-weight: 400;\">\u1ee8ng d\u1ee5ng nh\u1eafn tin b\u1ea3o m\u1eadt<\/span><\/td>\n<td><span style=\"font-weight: 400;\">5 \u0111\u1ebfn 10 ph\u00fat<\/span><\/td>\n<\/tr>\n<tr>\n<td><span style=\"font-weight: 400;\">M\u1edf kh\u00f3a t\u00e0i kho\u1ea3n b\u1ea3o v\u1ec7<\/span><\/td>\n<td><span style=\"font-weight: 400;\">G\u1ecdi \u0111i\u1ec7n tho\u1ea1i \u0111\u01b0\u1eddng d\u00e2y n\u00f3ng<\/span><\/td>\n<td><span style=\"font-weight: 400;\">10 \u0111\u1ebfn 15 ph\u00fat<\/span><\/td>\n<\/tr>\n<\/tbody>\n<\/table>\n<h2><span class=\"ez-toc-section\" id=\"Canh_bao_an_toan_khi_tim_kiem_thong_tin_ho_tro\"><\/span><b>C\u1ea3nh b\u00e1o an to\u00e0n khi t\u00ecm ki\u1ebfm th\u00f4ng tin h\u1ed7 tr\u1ee3<\/b><span class=\"ez-toc-section-end\"><\/span><\/h2>\n<p><span style=\"font-weight: 400;\">Hi\u1ec7n nay c\u00f3 v\u00f4 s\u1ed1 trang web gi\u1ea3 m\u1ea1o l\u1eadp ra nh\u1eb1m m\u1ee5c \u0111\u00edch \u0111\u00e1nh c\u1eafp th\u00f4ng tin v\u00e0 tr\u1ee5c l\u1ee3i t\u1eeb nh\u1eefng th\u00e0nh vi\u00ean thi\u1ebfu tinh \u00fd. Ng\u01b0\u1eddi d\u00f9ng tuy\u1ec7t \u0111\u1ed1i kh\u00f4ng giao m\u00e3 OTP hay m\u1eadt m\u00e3 c\u00e1 nh\u00e2n cho b\u1ea5t k\u1ef3 ai, k\u1ec3 c\u1ea3 nh\u00e2n vi\u00ean \u0111ang l\u00e0m nhi\u1ec7m v\u1ee5 tr\u1ef1c ban. H\u00e3y ch\u1ec9 nh\u1ea5p chu\u1ed9t v\u00e0o c\u00e1c \u0111\u01b0\u1eddng link li\u00ean h\u1ec7 \u0111\u01b0\u1ee3c ghim c\u00f4ng khai tr\u00ean trang ch\u1ee7 ch\u00ednh th\u1ee9c c\u1ee7a KK55 \u0111\u1ec3 tr\u00e1nh s\u1eadp b\u1eaby k\u1ebb gian.<\/span><\/p>\n<h2><span class=\"ez-toc-section\" id=\"Ket_luan\"><\/span><b>K\u1ebft lu\u1eadn<\/b><span class=\"ez-toc-section-end\"><\/span><\/h2>\n<p><span style=\"font-weight: 400;\">\u0110\u01b0\u1ee3c th\u00e1o g\u1ee1 kh\u00f3 kh\u0103n v\u00e0 mang l\u1ea1i s\u1ef1 an t\u00e2m tuy\u1ec7t \u0111\u1ed1i cho b\u1ea1n ch\u00ednh l\u00e0 s\u1ee9 m\u1ec7nh to l\u1edbn nh\u1ea5t c\u1ee7a to\u00e0n th\u1ec3 \u0111\u1ed9i ng\u0169 ph\u00e1t tri\u1ec3n s\u1ea3n ph\u1ea9m. M\u1ecdi kh\u00fac m\u1eafc d\u00f9 l\u00e0 nh\u1ecf b\u00e9 nh\u1ea5t c\u0169ng s\u1ebd \u0111\u01b0\u1ee3c ch\u00fang t\u00f4i \u0111\u00f3n nh\u1eadn v\u00e0 ph\u1ea3n h\u1ed3i b\u1eb1ng th\u00e1i \u0111\u1ed9 t\u1eadn t\u00e2m, chu\u1ea9n m\u1ef1c nh\u1ea5t. \u0110\u1eebng ng\u1ea7n ng\u1ea1i <a href=\"https:\/\/kk55.archi\/index.php\/lien-he\/\"><strong>li\u00ean h\u1ec7<\/strong><\/a> v\u1edbi h\u1ec7 th\u1ed1ng KK55 b\u1ea5t c\u1ee9 khi n\u00e0o b\u1ea1n c\u1ea7n \u0111i\u1ec3m t\u1ef1a v\u1eefng ch\u1eafc nh\u00e9.<\/span><\/p>\n","protected":false},"excerpt":{"rendered":"<p>T\u1ed5ng H\u1ee3p K\u00eanh Li\u00ean H\u1ec7 H\u1ed7 Tr\u1ee3 Kh\u00e1ch H\u00e0ng Nhanh Ch\u00f3ng Li\u00ean h\u1ec7 ngay v\u1edbi b\u1ed9 ph\u1eadn ch\u0103m s\u00f3c kh\u00e1ch h\u00e0ng l\u00e0 gi\u1ea3i ph\u00e1p t\u1ed1i \u01b0u nh\u1ea5t khi b\u1ea1n g\u1eb7p b\u1ea5t k\u1ef3 v\u01b0\u1edbng m\u1eafc n\u00e0o trong qu\u00e1 tr\u00ecnh thao t\u00e1c tr\u00ean h\u1ec7 th\u1ed1ng. \u0110\u1ed9i ng\u0169 nh\u00e2n vi\u00ean KK55 lu\u00f4n t\u00fac tr\u1ef1c ng\u00e0y \u0111\u00eam \u0111\u1ec3 l\u1eafng [&#8230;]\n","protected":false},"author":1,"featured_media":147,"parent":0,"menu_order":0,"comment_status":"closed","ping_status":"closed","template":"","meta":{"footnotes":""},"class_list":["post-144","page","type-page","status-publish","has-post-thumbnail","hentry"],"_links":{"self":[{"href":"https:\/\/kk55.archi\/index.php\/wp-json\/wp\/v2\/pages\/144","targetHints":{"allow":["GET"]}}],"collection":[{"href":"https:\/\/kk55.archi\/index.php\/wp-json\/wp\/v2\/pages"}],"about":[{"href":"https:\/\/kk55.archi\/index.php\/wp-json\/wp\/v2\/types\/page"}],"author":[{"embeddable":true,"href":"https:\/\/kk55.archi\/index.php\/wp-json\/wp\/v2\/users\/1"}],"replies":[{"embeddable":true,"href":"https:\/\/kk55.archi\/index.php\/wp-json\/wp\/v2\/comments?post=144"}],"version-history":[{"count":3,"href":"https:\/\/kk55.archi\/index.php\/wp-json\/wp\/v2\/pages\/144\/revisions"}],"predecessor-version":[{"id":312,"href":"https:\/\/kk55.archi\/index.php\/wp-json\/wp\/v2\/pages\/144\/revisions\/312"}],"wp:featuredmedia":[{"embeddable":true,"href":"https:\/\/kk55.archi\/index.php\/wp-json\/wp\/v2\/media\/147"}],"wp:attachment":[{"href":"https:\/\/kk55.archi\/index.php\/wp-json\/wp\/v2\/media?parent=144"}],"curies":[{"name":"wp","href":"https:\/\/api.w.org\/{rel}","templated":true}]}}