{"id":158,"date":"2026-04-11T15:24:54","date_gmt":"2026-04-11T08:24:54","guid":{"rendered":"https:\/\/kk55.archi\/?page_id=158"},"modified":"2026-04-12T13:32:49","modified_gmt":"2026-04-12T06:32:49","slug":"mien-tru-trach-nhiem","status":"publish","type":"page","link":"https:\/\/kk55.archi\/index.php\/mien-tru-trach-nhiem\/","title":{"rendered":"C\u1eadp Nh\u1eadt Quy \u0110\u1ecbnh Mi\u1ec5n Tr\u1eeb Tr\u00e1ch Nhi\u1ec7m M\u1edbi Nh\u1ea5t 2026"},"content":{"rendered":"<div id=\"ez-toc-container\" class=\"ez-toc-v2_0_82_2 counter-hierarchy ez-toc-counter ez-toc-grey ez-toc-container-direction\">\n<div class=\"ez-toc-title-container\">\n<p class=\"ez-toc-title\" style=\"cursor:inherit\">M\u1ee5c L\u1ee5c<\/p>\n<span class=\"ez-toc-title-toggle\"><a href=\"#\" class=\"ez-toc-pull-right ez-toc-btn ez-toc-btn-xs ez-toc-btn-default ez-toc-toggle\" aria-label=\"Toggle Table of Content\"><span class=\"ez-toc-js-icon-con\"><span class=\"\"><span class=\"eztoc-hide\" style=\"display:none;\">Toggle<\/span><span class=\"ez-toc-icon-toggle-span\"><svg style=\"fill: #999;color:#999\" xmlns=\"http:\/\/www.w3.org\/2000\/svg\" class=\"list-377408\" width=\"20px\" height=\"20px\" viewBox=\"0 0 24 24\" fill=\"none\"><path d=\"M6 6H4v2h2V6zm14 0H8v2h12V6zM4 11h2v2H4v-2zm16 0H8v2h12v-2zM4 16h2v2H4v-2zm16 0H8v2h12v-2z\" fill=\"currentColor\"><\/path><\/svg><svg style=\"fill: #999;color:#999\" class=\"arrow-unsorted-368013\" xmlns=\"http:\/\/www.w3.org\/2000\/svg\" width=\"10px\" height=\"10px\" viewBox=\"0 0 24 24\" version=\"1.2\" baseProfile=\"tiny\"><path d=\"M18.2 9.3l-6.2-6.3-6.2 6.3c-.2.2-.3.4-.3.7s.1.5.3.7c.2.2.4.3.7.3h11c.3 0 .5-.1.7-.3.2-.2.3-.5.3-.7s-.1-.5-.3-.7zM5.8 14.7l6.2 6.3 6.2-6.3c.2-.2.3-.5.3-.7s-.1-.5-.3-.7c-.2-.2-.4-.3-.7-.3h-11c-.3 0-.5.1-.7.3-.2.2-.3.5-.3.7s.1.5.3.7z\"\/><\/svg><\/span><\/span><\/span><\/a><\/span><\/div>\n<nav><ul class='ez-toc-list ez-toc-list-level-1 ' ><li class='ez-toc-page-1 ez-toc-heading-level-1'><a class=\"ez-toc-link ez-toc-heading-1\" href=\"https:\/\/kk55.archi\/index.php\/mien-tru-trach-nhiem\/#Cap_Nhat_Quy_Dinh_Mien_Tru_Trach_Nhiem_Moi_Nhat_2026\" >C\u1eadp Nh\u1eadt Quy \u0110\u1ecbnh Mi\u1ec5n Tr\u1eeb Tr\u00e1ch Nhi\u1ec7m M\u1edbi Nh\u1ea5t 2026<\/a><ul class='ez-toc-list-level-2' ><li class='ez-toc-heading-level-2'><a class=\"ez-toc-link ez-toc-heading-2\" href=\"https:\/\/kk55.archi\/index.php\/mien-tru-trach-nhiem\/#Pham_vi_mien_tru_trach_nhiem\" >Ph\u1ea1m vi mi\u1ec5n tr\u1eeb tr\u00e1ch nhi\u1ec7m<\/a><ul class='ez-toc-list-level-3' ><li class='ez-toc-heading-level-3'><a class=\"ez-toc-link ez-toc-heading-3\" href=\"https:\/\/kk55.archi\/index.php\/mien-tru-trach-nhiem\/#Rui_ro_phat_sinh_tu_thiet_bi_ca_nhan_cua_nguoi_dung\" >R\u1ee7i ro ph\u00e1t sinh t\u1eeb thi\u1ebft b\u1ecb c\u00e1 nh\u00e2n c\u1ee7a ng\u01b0\u1eddi d\u00f9ng<\/a><\/li><li class='ez-toc-page-1 ez-toc-heading-level-3'><a class=\"ez-toc-link ez-toc-heading-4\" href=\"https:\/\/kk55.archi\/index.php\/mien-tru-trach-nhiem\/#Su_co_duong_truyen_mang_vuot_ngoai_tam_kiem_soat\" >S\u1ef1 c\u1ed1 \u0111\u01b0\u1eddng truy\u1ec1n m\u1ea1ng v\u01b0\u1ee3t ngo\u00e0i t\u1ea7m ki\u1ec3m so\u00e1t<\/a><\/li><\/ul><\/li><li class='ez-toc-page-1 ez-toc-heading-level-2'><a class=\"ez-toc-link ez-toc-heading-5\" href=\"https:\/\/kk55.archi\/index.php\/mien-tru-trach-nhiem\/#Truong_hop_tu_choi_giai_quyet_boi_thuong_thiet_hai\" >Tr\u01b0\u1eddng h\u1ee3p t\u1eeb ch\u1ed1i gi\u1ea3i quy\u1ebft b\u1ed3i th\u01b0\u1eddng thi\u1ec7t h\u1ea1i<\/a><ul class='ez-toc-list-level-3' ><li class='ez-toc-heading-level-3'><a class=\"ez-toc-link ez-toc-heading-6\" href=\"https:\/\/kk55.archi\/index.php\/mien-tru-trach-nhiem\/#Sai_thong_tin_giao_dich\" >Sai th\u00f4ng tin giao d\u1ecbch<\/a><\/li><li class='ez-toc-page-1 ez-toc-heading-level-3'><a class=\"ez-toc-link ez-toc-heading-7\" href=\"https:\/\/kk55.archi\/index.php\/mien-tru-trach-nhiem\/#Su_co_do_hoi_vien_tu_y_tiet_lo_mat_khau_tai_khoan\" >S\u1ef1 c\u1ed1 do h\u1ed9i vi\u00ean t\u1ef1 \u00fd ti\u1ebft l\u1ed9 m\u1eadt kh\u1ea9u t\u00e0i kho\u1ea3n<\/a><\/li><\/ul><\/li><li class='ez-toc-page-1 ez-toc-heading-level-2'><a class=\"ez-toc-link ez-toc-heading-8\" href=\"https:\/\/kk55.archi\/index.php\/mien-tru-trach-nhiem\/#Quyen_dieu_chinh_noi_dung_quy_dinh_tu_phia_he_thong\" >Quy\u1ec1n \u0111i\u1ec1u ch\u1ec9nh n\u1ed9i dung quy \u0111\u1ecbnh t\u1eeb ph\u00eda h\u1ec7 th\u1ed1ng<\/a><ul class='ez-toc-list-level-3' ><li class='ez-toc-heading-level-3'><a class=\"ez-toc-link ez-toc-heading-9\" href=\"https:\/\/kk55.archi\/index.php\/mien-tru-trach-nhiem\/#Thong_bao_cap_nhat_quy_tac_tren_giao_dien_trang_chu\" >Th\u00f4ng b\u00e1o c\u1eadp nh\u1eadt quy t\u1eafc tr\u00ean giao di\u1ec7n trang ch\u1ee7<\/a><\/li><li class='ez-toc-page-1 ez-toc-heading-level-3'><a class=\"ez-toc-link ez-toc-heading-10\" href=\"https:\/\/kk55.archi\/index.php\/mien-tru-trach-nhiem\/#Hieu_luc_thi_hanh_doi_voi_tat_ca_thanh_vien_tham_gia\" >Hi\u1ec7u l\u1ef1c thi h\u00e0nh \u0111\u1ed1i v\u1edbi t\u1ea5t c\u1ea3 th\u00e0nh vi\u00ean tham gia<\/a><\/li><\/ul><\/li><li class='ez-toc-page-1 ez-toc-heading-level-2'><a class=\"ez-toc-link ez-toc-heading-11\" href=\"https:\/\/kk55.archi\/index.php\/mien-tru-trach-nhiem\/#Ket_luan\" >K\u1ebft lu\u1eadn<\/a><\/li><\/ul><\/li><\/ul><\/nav><\/div>\n<h1 style=\"text-align: center;\"><span class=\"ez-toc-section\" id=\"Cap_Nhat_Quy_Dinh_Mien_Tru_Trach_Nhiem_Moi_Nhat_2026\"><\/span><b>C\u1eadp Nh\u1eadt Quy \u0110\u1ecbnh Mi\u1ec5n Tr\u1eeb Tr\u00e1ch Nhi\u1ec7m M\u1edbi Nh\u1ea5t 2026<\/b><span class=\"ez-toc-section-end\"><\/span><\/h1>\n<p><span style=\"font-weight: 400;\">Mi\u1ec5n tr\u1eeb tr\u00e1ch nhi\u1ec7m l\u00e0 h\u00e0nh trang ph\u00e1p l\u00fd quan tr\u1ecdng b\u1eadc nh\u1ea5t m\u00e0 b\u1ea5t k\u1ef3 ng\u01b0\u1eddi ch\u01a1i n\u00e0o c\u0169ng c\u1ea7n trang b\u1ecb tr\u01b0\u1edbc khi \u0111\u1ea7u t\u01b0. T\u1ea1i h\u1ec7 th\u1ed1ng <a href=\"https:\/\/kk55.archi\/\"><strong>KK55<\/strong><\/a>, ch\u00fang t\u00f4i lu\u00f4n minh b\u1ea1ch h\u00f3a m\u1ecdi ranh gi\u1edbi r\u1ee7i ro \u0111\u1ec3 b\u1ea1n an t\u00e2m t\u1eadn h\u01b0\u1edfng d\u1ecbch v\u1ee5. H\u00e3y tham gia ngay h\u00f4m nay \u0111\u1ec3 t\u1eadn h\u01b0\u1edfng nh\u1eefng \u0111\u1eb7c quy\u1ec1n v\u00e0 t\u1ef1 tin l\u00e0m ch\u1ee7 tr\u1ea3i nghi\u1ec7m c\u1ee7a b\u1ea3n th\u00e2n nh\u00e9.<\/span><\/p>\n<h2><span class=\"ez-toc-section\" id=\"Pham_vi_mien_tru_trach_nhiem\"><\/span><b>Ph\u1ea1m vi mi\u1ec5n tr\u1eeb tr\u00e1ch nhi\u1ec7m<\/b><span class=\"ez-toc-section-end\"><\/span><\/h2>\n<p><span style=\"font-weight: 400;\">\u0110\u1ec3 m\u1ed9t n\u1ec1n t\u1ea3ng gi\u1ea3i tr\u00ed c\u00f9ng KK55 v\u1eadn h\u00e0nh \u1ed5n \u0111\u1ecbnh, vi\u1ec7c x\u00e1c \u0111\u1ecbnh r\u00f5 gi\u1edbi h\u1ea1n quy\u1ec1n h\u1ea1n c\u1ee7a nh\u00e0 c\u00e1i l\u00e0 v\u00f4 c\u00f9ng c\u1ea5p thi\u1ebft. Ch\u00fang t\u00f4i c\u00f4ng khai c\u00e1c \u0111i\u1ec1u kho\u1ea3n Mi\u1ec5n tr\u1eeb tr\u00e1ch nhi\u1ec7m nh\u1eb1m gi\u00fap ng\u01b0\u1eddi ch\u01a1i c\u00f3 c\u00e1i nh\u00ecn th\u1ef1c t\u1ebf. \u0110i\u1ec1u n\u00e0y \u0111\u1ea3m b\u1ea3o quy\u1ec1n l\u1ee3i h\u1ee3p ph\u00e1p v\u00e0 gi\u00fap b\u1ea1n tr\u00e1nh kh\u1ecfi nh\u1eefng k\u1ef3 v\u1ecdng sai l\u1ec7ch khi h\u1ec7 th\u1ed1ng v\u00f4 t\u00ecnh g\u1eb7p ph\u1ea3i c\u00e1c y\u1ebfu t\u1ed1 b\u1ea5t kh\u1ea3 kh\u00e1ng t\u1eeb m\u00f4i tr\u01b0\u1eddng b\u00ean ngo\u00e0i.<\/span><\/p>\n<figure id=\"attachment_161\" aria-describedby=\"caption-attachment-161\" style=\"width: 800px\" class=\"wp-caption aligncenter\"><img decoding=\"async\" class=\"size-full wp-image-161\" src=\"https:\/\/kk55.archi\/wp-content\/uploads\/2026\/04\/pham-vi-mien-tru-trach-nhiem-chung.jpg\" alt=\"Ph\u1ea1m vi Mi\u1ec5n tr\u1eeb tr\u00e1ch nhi\u1ec7m chung\" width=\"800\" height=\"400\" srcset=\"https:\/\/kk55.archi\/wp-content\/uploads\/2026\/04\/pham-vi-mien-tru-trach-nhiem-chung.jpg 800w, https:\/\/kk55.archi\/wp-content\/uploads\/2026\/04\/pham-vi-mien-tru-trach-nhiem-chung-300x150.jpg 300w, https:\/\/kk55.archi\/wp-content\/uploads\/2026\/04\/pham-vi-mien-tru-trach-nhiem-chung-768x384.jpg 768w\" sizes=\"(max-width: 800px) 100vw, 800px\" \/><figcaption id=\"caption-attachment-161\" class=\"wp-caption-text\">Ph\u1ea1m vi Mi\u1ec5n tr\u1eeb tr\u00e1ch nhi\u1ec7m chung<\/figcaption><\/figure>\n<h3><span class=\"ez-toc-section\" id=\"Rui_ro_phat_sinh_tu_thiet_bi_ca_nhan_cua_nguoi_dung\"><\/span><b>R\u1ee7i ro ph\u00e1t sinh t\u1eeb thi\u1ebft b\u1ecb c\u00e1 nh\u00e2n c\u1ee7a ng\u01b0\u1eddi d\u00f9ng<\/b><span class=\"ez-toc-section-end\"><\/span><\/h3>\n<p><span style=\"font-weight: 400;\">S\u1ef1 c\u1ed1 xu\u1ea5t ph\u00e1t tr\u1ef1c ti\u1ebfp t\u1eeb ph\u1ea7n c\u1ee9ng m\u00e1y t\u00ednh ho\u1eb7c \u0111i\u1ec7n tho\u1ea1i di \u0111\u1ed9ng b\u1ecb nhi\u1ec5m m\u00e3 \u0111\u1ed9c th\u01b0\u1eddng xuy\u00ean x\u1ea3y ra. Theo quy \u0111\u1ecbnh Mi\u1ec5n tr\u1eeb tr\u00e1ch nhi\u1ec7m, khi t\u00e0i kho\u1ea3n b\u1ecb tin t\u1eb7c \u0111\u00e1nh c\u1eafp do l\u1ed7i b\u1ea3o m\u1eadt t\u1eeb ph\u00eda thi\u1ebft b\u1ecb c\u00e1 nh\u00e2n, nh\u00e0 c\u00e1i kh\u00f4ng th\u1ec3 can thi\u1ec7p b\u1ed3i th\u01b0\u1eddng thi\u1ec7t h\u1ea1i. Ng\u01b0\u1eddi ch\u01a1i c\u1ea7n ch\u1ee7 \u0111\u1ed9ng ph\u00f2ng tr\u00e1nh qua c\u00e1c bi\u1ec7n ph\u00e1p sau:<\/span><\/p>\n<ul>\n<li style=\"font-weight: 400;\" aria-level=\"1\"><span style=\"font-weight: 400;\">M\u00e1y t\u00ednh c\u00e1 nh\u00e2n kh\u00f4ng c\u00e0i \u0111\u1eb7t c\u00e1c ph\u1ea7n m\u1ec1m di\u1ec7t virus \u0111\u1ecbnh k\u1ef3.<\/span><\/li>\n<li style=\"font-weight: 400;\" aria-level=\"1\"><span style=\"font-weight: 400;\">\u0110i\u1ec7n tho\u1ea1i s\u1eed d\u1ee5ng h\u1ec7 \u0111i\u1ec1u h\u00e0nh b\u1ebb kh\u00f3a g\u00e2y r\u00f2 r\u1ec9 d\u1eef li\u1ec7u.<\/span><\/li>\n<li style=\"font-weight: 400;\" aria-level=\"1\"><span style=\"font-weight: 400;\">Truy c\u1eadp v\u00e0o c\u00e1c li\u00ean k\u1ebft l\u1ea1 kh\u00f4ng thu\u1ed9c qu\u1ea3n l\u00fd c\u1ee7a h\u1ec7 th\u1ed1ng.<\/span><\/li>\n<\/ul>\n<h3><span class=\"ez-toc-section\" id=\"Su_co_duong_truyen_mang_vuot_ngoai_tam_kiem_soat\"><\/span><b>S\u1ef1 c\u1ed1 \u0111\u01b0\u1eddng truy\u1ec1n m\u1ea1ng v\u01b0\u1ee3t ngo\u00e0i t\u1ea7m ki\u1ec3m so\u00e1t<\/b><span class=\"ez-toc-section-end\"><\/span><\/h3>\n<p><span style=\"font-weight: 400;\">K\u1ebft n\u1ed1i internet ch\u1eadp ch\u1eddn l\u00e0 nguy\u00ean nh\u00e2n v\u00f4 c\u00f9ng ph\u1ed5 bi\u1ebfn khi\u1ebfn l\u1ec7nh c\u00e1 c\u01b0\u1ee3c b\u1ecb gi\u00e1n \u0111o\u1ea1n gi\u1eefa ch\u1eebng g\u00e2y \u1ee9c ch\u1ebf. \u0110\u1ed1i v\u1edbi nh\u1eefng l\u1ed7i ph\u00e1t sinh tr\u1ef1c ti\u1ebfp t\u1eeb nh\u00e0 cung c\u1ea5p vi\u1ec5n th\u00f4ng \u0111\u1ecba ph\u01b0\u01a1ng, n\u1ed9i dung Mi\u1ec5n tr\u1eeb tr\u00e1ch nhi\u1ec7m ch\u1ec9 r\u00f5 ch\u00fang t\u00f4i bu\u1ed9c ph\u1ea3i \u00e1p d\u1ee5ng quy t\u1eafc t\u1eeb ch\u1ed1i x\u1eed l\u00fd ho\u00e0n ti\u1ec1n.<br \/>\n<\/span><\/p>\n<blockquote><p>Xem Th\u00eam:\u00a0H\u1ec7 Th\u1ed1ng B\u1ea3o V\u1ec7 <a href=\"https:\/\/kk55.archi\/index.php\/quyen-rieng-tu\/\">Quy\u1ec1n Ri\u00eang T\u01b0<\/a> An To\u00e0n Nh\u1ea5t Hi\u1ec7n Nay<\/p><\/blockquote>\n<table>\n<tbody>\n<tr>\n<td><span style=\"font-weight: 400;\">Nguy\u00ean nh\u00e2n r\u1edbt m\u1ea1ng<\/span><\/td>\n<td><span style=\"font-weight: 400;\">T\u1ef7 l\u1ec7 l\u1ed7i ghi nh\u1eadn<\/span><\/td>\n<td><span style=\"font-weight: 400;\">H\u01b0\u1edbng x\u1eed l\u00fd theo quy \u0111\u1ecbnh<\/span><\/td>\n<\/tr>\n<tr>\n<td><span style=\"font-weight: 400;\">\u0110\u1ee9t c\u00e1p quang vi\u1ec5n th\u00f4ng<\/span><\/td>\n<td><span style=\"font-weight: 400;\">Kho\u1ea3ng 45 l\u1ed7i m\u1ed7i th\u00e1ng<\/span><\/td>\n<td><span style=\"font-weight: 400;\">B\u1ea3o l\u01b0u tr\u1ea1ng th\u00e1i t\u00e0i kho\u1ea3n<\/span><\/td>\n<\/tr>\n<tr>\n<td><span style=\"font-weight: 400;\">Nh\u00e0 cung c\u1ea5p ch\u1eb7n truy c\u1eadp<\/span><\/td>\n<td><span style=\"font-weight: 400;\">Kho\u1ea3ng 120 l\u1ed7i m\u1ed7i th\u00e1ng<\/span><\/td>\n<td><span style=\"font-weight: 400;\">G\u1eedi li\u00ean k\u1ebft truy c\u1eadp d\u1ef1 ph\u00f2ng<\/span><\/td>\n<\/tr>\n<tr>\n<td><span style=\"font-weight: 400;\">M\u1ea5t s\u00f3ng di \u0111\u1ed9ng c\u00e1 nh\u00e2n<\/span><\/td>\n<td><span style=\"font-weight: 400;\">Kho\u1ea3ng 300 l\u1ed7i m\u1ed7i th\u00e1ng<\/span><\/td>\n<td><span style=\"font-weight: 400;\">Ng\u01b0\u1eddi ch\u01a1i t\u1ef1 ch\u1ecbu m\u1ecdi r\u1ee7i ro<\/span><\/td>\n<\/tr>\n<\/tbody>\n<\/table>\n<h2><span class=\"ez-toc-section\" id=\"Truong_hop_tu_choi_giai_quyet_boi_thuong_thiet_hai\"><\/span><b>Tr\u01b0\u1eddng h\u1ee3p t\u1eeb ch\u1ed1i gi\u1ea3i quy\u1ebft b\u1ed3i th\u01b0\u1eddng thi\u1ec7t h\u1ea1i<\/b><span class=\"ez-toc-section-end\"><\/span><\/h2>\n<p><span style=\"font-weight: 400;\">B\u00ean c\u1ea1nh c\u00e1c s\u1ef1 c\u1ed1 k\u1ef9 thu\u1eadt m\u00e1y m\u00f3c, y\u1ebfu t\u1ed1 con ng\u01b0\u1eddi c\u0169ng \u0111\u00f3ng vai tr\u00f2 quy\u1ebft \u0111\u1ecbnh trong vi\u1ec7c b\u1ea3o v\u1ec7 an to\u00e0n t\u00e0i s\u1ea3n c\u00e1 nh\u00e2n. D\u01b0\u1edbi \u0111\u00e2y l\u00e0 nh\u1eefng t\u00ecnh hu\u1ed1ng thu\u1ed9c di\u1ec7n Mi\u1ec5n tr\u1eeb tr\u00e1ch nhi\u1ec7m m\u00e0 h\u1ec7 th\u1ed1ng t\u1eeb ch\u1ed1i can thi\u1ec7p n\u1ebfu ng\u01b0\u1eddi ch\u01a1i c\u1ed1 t\u00ecnh ph\u1edbt l\u1edd c\u00e1c c\u1ea3nh b\u00e1o b\u1ea3o m\u1eadt.<\/span><\/p>\n<h3><span class=\"ez-toc-section\" id=\"Sai_thong_tin_giao_dich\"><\/span><b>Sai th\u00f4ng tin giao d\u1ecbch<\/b><span class=\"ez-toc-section-end\"><\/span><\/h3>\n<p><span style=\"font-weight: 400;\">R\u1ea5t nhi\u1ec1u tr\u01b0\u1eddng h\u1ee3p ng\u01b0\u1eddi ch\u01a1i \u0111i\u1ec1n nh\u1ea7m s\u1ed1 t\u00e0i kho\u1ea3n ng\u00e2n h\u00e0ng d\u1eabn \u0111\u1ebfn vi\u1ec7c kho\u1ea3n ti\u1ec1n th\u01b0\u1edfng h\u1ee3p l\u1ec7 b\u1ecb chuy\u1ec3n sai l\u1ec7ch cho m\u1ed9t ng\u01b0\u1eddi l\u1ea1. Theo quy \u0111\u1ecbnh, ch\u00fang t\u00f4i ch\u1ec9 th\u1ef1c thi l\u1ec7nh d\u1ef1a tr\u00ean d\u1eef li\u1ec7u bi\u1ec3u m\u1eabu \u0111\u00e3 nh\u1eadn v\u00e0 kh\u00f4ng c\u00f3 ngh\u0129a v\u1ee5 thu h\u1ed3i d\u00f2ng ti\u1ec1n th\u1ea5t tho\u00e1t do l\u1ed7i b\u1ea5t c\u1ea9n n\u00e0y. B\u1ea1n c\u1ea7n ki\u1ec3m tra k\u1ef9 l\u01b0\u1ee1ng m\u1ecdi con s\u1ed1 tr\u00ean m\u00e0n h\u00ecnh tr\u01b0\u1edbc khi nh\u1ea5n n\u00fat x\u00e1c nh\u1eadn cu\u1ed1i c\u00f9ng.<\/span><\/p>\n<figure id=\"attachment_162\" aria-describedby=\"caption-attachment-162\" style=\"width: 800px\" class=\"wp-caption aligncenter\"><img decoding=\"async\" class=\"size-full wp-image-162\" src=\"https:\/\/kk55.archi\/wp-content\/uploads\/2026\/04\/sai-thong-tin-giao-dich.jpg\" alt=\"Sai th\u00f4ng tin giao d\u1ecbch\" width=\"800\" height=\"400\" srcset=\"https:\/\/kk55.archi\/wp-content\/uploads\/2026\/04\/sai-thong-tin-giao-dich.jpg 800w, https:\/\/kk55.archi\/wp-content\/uploads\/2026\/04\/sai-thong-tin-giao-dich-300x150.jpg 300w, https:\/\/kk55.archi\/wp-content\/uploads\/2026\/04\/sai-thong-tin-giao-dich-768x384.jpg 768w\" sizes=\"(max-width: 800px) 100vw, 800px\" \/><figcaption id=\"caption-attachment-162\" class=\"wp-caption-text\">Sai th\u00f4ng tin giao d\u1ecbch<\/figcaption><\/figure>\n<h3><span class=\"ez-toc-section\" id=\"Su_co_do_hoi_vien_tu_y_tiet_lo_mat_khau_tai_khoan\"><\/span><b>S\u1ef1 c\u1ed1 do h\u1ed9i vi\u00ean t\u1ef1 \u00fd ti\u1ebft l\u1ed9 m\u1eadt kh\u1ea9u t\u00e0i kho\u1ea3n<\/b><span class=\"ez-toc-section-end\"><\/span><\/h3>\n<p><span style=\"font-weight: 400;\">Vi\u1ec7c chia s\u1ebb th\u00f4ng tin \u0111\u0103ng nh\u1eadp c\u00e1 nh\u00e2n cho b\u1ea1n b\u00e8 ho\u1eb7c ng\u01b0\u1eddi th\u00e2n l\u00e0 m\u1ed9t th\u00f3i quen v\u00f4 c\u00f9ng tai h\u1ea1i v\u00e0 \u1ea9n ch\u1ee9a r\u1ee7i ro c\u1ef1c l\u1edbn. N\u1ebfu t\u00e0i s\u1ea3n bi\u1ebfn m\u1ea5t do ai \u0111\u00f3 s\u1eed d\u1ee5ng \u0111\u00fang h\u1ec7 th\u1ed1ng m\u1eadt m\u00e3 h\u1ee3p l\u1ec7, n\u1ec1n t\u1ea3ng s\u1ebd m\u1eb7c \u0111\u1ecbnh \u0111\u00f3 l\u00e0 h\u00e0nh \u0111\u1ed9ng t\u1ef1 nguy\u1ec7n. Vi\u1ec7c \u00e1p d\u1ee5ng Mi\u1ec5n tr\u1eeb tr\u00e1ch nhi\u1ec7m trong nh\u1eefng t\u00ecnh hu\u1ed1ng tranh ch\u1ea5p t\u00e0i kho\u1ea3n n\u1ed9i b\u1ed9 gia \u0111\u00ecnh l\u00e0 \u0111i\u1ec1u ho\u00e0n to\u00e0n b\u1eaft bu\u1ed9c.<\/span><\/p>\n<h2><span class=\"ez-toc-section\" id=\"Quyen_dieu_chinh_noi_dung_quy_dinh_tu_phia_he_thong\"><\/span><b>Quy\u1ec1n \u0111i\u1ec1u ch\u1ec9nh n\u1ed9i dung quy \u0111\u1ecbnh t\u1eeb ph\u00eda h\u1ec7 th\u1ed1ng<\/b><span class=\"ez-toc-section-end\"><\/span><\/h2>\n<p><span style=\"font-weight: 400;\">Th\u1ecb tr\u01b0\u1eddng gi\u1ea3i tr\u00ed tr\u1ef1c tuy\u1ebfn lu\u00f4n bi\u1ebfn \u0111\u1ed9ng kh\u00f4ng ng\u1eebng t\u1eebng ng\u00e0y, \u0111\u00f2i h\u1ecfi c\u00e1c b\u1ed9 lu\u1eadt v\u1eadn h\u00e0nh c\u0169ng ph\u1ea3i \u0111\u01b0\u1ee3c n\u00e2ng c\u1ea5p li\u00ean t\u1ee5c \u0111\u1ec3 th\u00edch \u1ee9ng. Nh\u00e0 c\u00e1i gi\u1eef to\u00e0n quy\u1ec1n s\u1eeda \u0111\u1ed5i c\u00e1c \u0111i\u1ec1u ki\u1ec7n Mi\u1ec5n tr\u1eeb tr\u00e1ch nhi\u1ec7m b\u1ea5t k\u1ef3 l\u00fac n\u00e0o nh\u1eb1m mang l\u1ea1i m\u1ed9t m\u00f4i tr\u01b0\u1eddng an to\u00e0n nh\u1ea5t.<\/span><\/p>\n<h3><span class=\"ez-toc-section\" id=\"Thong_bao_cap_nhat_quy_tac_tren_giao_dien_trang_chu\"><\/span><b>Th\u00f4ng b\u00e1o c\u1eadp nh\u1eadt quy t\u1eafc tr\u00ean giao di\u1ec7n trang ch\u1ee7<\/b><span class=\"ez-toc-section-end\"><\/span><\/h3>\n<p><span style=\"font-weight: 400;\">B\u1ea5t k\u1ef3 s\u1ef1 thay \u0111\u1ed5i n\u00e0o li\u00ean quan \u0111\u1ebfn ch\u00ednh s\u00e1ch qu\u1ea3n l\u00fd r\u1ee7i ro \u0111\u1ec1u s\u1ebd \u0111\u01b0\u1ee3c ban qu\u1ea3n tr\u1ecb ghim c\u00f4ng khai tr\u00ean b\u1ea3ng tin th\u00f4ng b\u00e1o ch\u00ednh. Ng\u01b0\u1eddi ch\u01a1i c\u00f3 ngh\u0129a v\u1ee5 th\u01b0\u1eddng xuy\u00ean theo d\u00f5i c\u00e1c th\u00f4ng c\u00e1o n\u00e0y \u0111\u1ec3 kh\u00f4ng b\u1ecf l\u1ee1 nh\u1eefng s\u1eeda \u0111\u1ed5i quan tr\u1ecdng \u1ea3nh h\u01b0\u1edfng tr\u1ef1c ti\u1ebfp \u0111\u1ebfn quy\u1ec1n l\u1ee3i c\u1ee7a b\u1ea3n th\u00e2n. M\u1ecdi v\u0103n b\u1ea3n \u0111\u1ec1u \u0111\u01b0\u1ee3c tr\u00ecnh b\u00e0y minh b\u1ea1ch, chi ti\u1ebft v\u00e0 v\u00f4 c\u00f9ng d\u1ec5 hi\u1ec3u.<\/span><\/p>\n<figure id=\"attachment_159\" aria-describedby=\"caption-attachment-159\" style=\"width: 800px\" class=\"wp-caption aligncenter\"><img decoding=\"async\" class=\"size-full wp-image-159\" src=\"https:\/\/kk55.archi\/wp-content\/uploads\/2026\/04\/cap-nhat-quy-tac-tren-trang-chu.jpg\" alt=\"C\u1eadp nh\u1eadt quy t\u1eafc tr\u00ean trang ch\u1ee7\" width=\"800\" height=\"400\" srcset=\"https:\/\/kk55.archi\/wp-content\/uploads\/2026\/04\/cap-nhat-quy-tac-tren-trang-chu.jpg 800w, https:\/\/kk55.archi\/wp-content\/uploads\/2026\/04\/cap-nhat-quy-tac-tren-trang-chu-300x150.jpg 300w, https:\/\/kk55.archi\/wp-content\/uploads\/2026\/04\/cap-nhat-quy-tac-tren-trang-chu-768x384.jpg 768w\" sizes=\"(max-width: 800px) 100vw, 800px\" \/><figcaption id=\"caption-attachment-159\" class=\"wp-caption-text\">C\u1eadp nh\u1eadt quy t\u1eafc tr\u00ean trang ch\u1ee7<\/figcaption><\/figure>\n<h3><span class=\"ez-toc-section\" id=\"Hieu_luc_thi_hanh_doi_voi_tat_ca_thanh_vien_tham_gia\"><\/span><b>Hi\u1ec7u l\u1ef1c thi h\u00e0nh \u0111\u1ed1i v\u1edbi t\u1ea5t c\u1ea3 th\u00e0nh vi\u00ean tham gia<\/b><span class=\"ez-toc-section-end\"><\/span><\/h3>\n<p><span style=\"font-weight: 400;\">Ngay khi v\u0103n b\u1ea3n s\u1eeda \u0111\u1ed5i \u0111\u01b0\u1ee3c c\u00f4ng b\u1ed1 ch\u00ednh th\u1ee9c, c\u00e1c quy \u0111\u1ecbnh m\u1edbi s\u1ebd l\u1eadp t\u1ee9c c\u00f3 hi\u1ec7u l\u1ef1c \u00e1p d\u1ee5ng \u0111\u1ed3ng b\u1ed9 tr\u00ean to\u00e0n b\u1ed9 m\u1ea1ng l\u01b0\u1edbi m\u00e1y ch\u1ee7. Vi\u1ec7c ng\u01b0\u1eddi ch\u01a1i ti\u1ebfp t\u1ee5c duy tr\u00ec \u0111\u0103ng nh\u1eadp v\u00e0 thao t\u00e1c c\u00e1 c\u01b0\u1ee3c \u0111\u1ed3ng ngh\u0129a v\u1edbi vi\u1ec7c ch\u1ea5p thu\u1eadn v\u00f4 \u0111i\u1ec1u ki\u1ec7n c\u00e1c ch\u00ednh s\u00e1ch v\u1eeba ban h\u00e0nh. N\u1ebfu c\u1ea3m th\u1ea5y kh\u00f4ng ph\u00f9 h\u1ee3p, b\u1ea1n ho\u00e0n to\u00e0n c\u00f3 quy\u1ec1n ch\u1ee7 \u0111\u1ed9ng ng\u1eebng s\u1eed d\u1ee5ng d\u1ecbch v\u1ee5.<\/span><\/p>\n<h2><span class=\"ez-toc-section\" id=\"Ket_luan\"><\/span><b>K\u1ebft lu\u1eadn<\/b><span class=\"ez-toc-section-end\"><\/span><\/h2>\n<p><span style=\"font-weight: 400;\">V\u01b0\u1ee3t qua nh\u1eefng gi\u1edbi h\u1ea1n r\u1ee7i ro kh\u00f4ng \u0111\u00e1ng c\u00f3 l\u00e0 c\u00e1ch tuy\u1ec7t v\u1eddi \u0111\u1ec3 b\u1ea1n t\u1eadn h\u01b0\u1edfng tr\u1ecdn v\u1eb9n ni\u1ec1m \u0111am m\u00ea gi\u1ea3i tr\u00ed tr\u1ef1c tuy\u1ebfn m\u1ed7i ng\u00e0y. Th\u1ea5u hi\u1ec3u t\u01b0\u1eddng t\u1eadn m\u1ecdi \u0111i\u1ec1u kho\u1ea3n <a href=\"https:\/\/kk55.archi\/index.php\/mien-tru-trach-nhiem\/\"><strong>Mi\u1ec5n tr\u1eeb tr\u00e1ch nhi\u1ec7m<\/strong><\/a> ch\u00ednh l\u00e0 t\u1ef1 trang b\u1ecb m\u1ed9t l\u00e1 ch\u1eafn th\u00e9p v\u1eefng ch\u1eafc b\u1ea3o v\u1ec7 d\u00f2ng v\u1ed1n. Th\u01b0\u01a1ng hi\u1ec7u KK55 lu\u00f4n \u0111\u1ed3ng h\u00e0nh c\u00f9ng s\u1ef1 an to\u00e0n c\u1ee7a b\u1ea1n tr\u00ean m\u1ecdi ch\u1eb7ng \u0111\u01b0\u1eddng v\u01b0\u01a1n t\u1edbi \u0111\u1ec9nh cao.<\/span><\/p>\n","protected":false},"excerpt":{"rendered":"<p>C\u1eadp Nh\u1eadt Quy \u0110\u1ecbnh Mi\u1ec5n Tr\u1eeb Tr\u00e1ch Nhi\u1ec7m M\u1edbi Nh\u1ea5t 2026 Mi\u1ec5n tr\u1eeb tr\u00e1ch nhi\u1ec7m l\u00e0 h\u00e0nh trang ph\u00e1p l\u00fd quan tr\u1ecdng b\u1eadc nh\u1ea5t m\u00e0 b\u1ea5t k\u1ef3 ng\u01b0\u1eddi ch\u01a1i n\u00e0o c\u0169ng c\u1ea7n trang b\u1ecb tr\u01b0\u1edbc khi \u0111\u1ea7u t\u01b0. T\u1ea1i h\u1ec7 th\u1ed1ng KK55, ch\u00fang t\u00f4i lu\u00f4n minh b\u1ea1ch h\u00f3a m\u1ecdi ranh gi\u1edbi r\u1ee7i ro \u0111\u1ec3 b\u1ea1n [&#8230;]\n","protected":false},"author":1,"featured_media":160,"parent":0,"menu_order":0,"comment_status":"closed","ping_status":"closed","template":"","meta":{"footnotes":""},"class_list":["post-158","page","type-page","status-publish","has-post-thumbnail","hentry"],"_links":{"self":[{"href":"https:\/\/kk55.archi\/index.php\/wp-json\/wp\/v2\/pages\/158","targetHints":{"allow":["GET"]}}],"collection":[{"href":"https:\/\/kk55.archi\/index.php\/wp-json\/wp\/v2\/pages"}],"about":[{"href":"https:\/\/kk55.archi\/index.php\/wp-json\/wp\/v2\/types\/page"}],"author":[{"embeddable":true,"href":"https:\/\/kk55.archi\/index.php\/wp-json\/wp\/v2\/users\/1"}],"replies":[{"embeddable":true,"href":"https:\/\/kk55.archi\/index.php\/wp-json\/wp\/v2\/comments?post=158"}],"version-history":[{"count":3,"href":"https:\/\/kk55.archi\/index.php\/wp-json\/wp\/v2\/pages\/158\/revisions"}],"predecessor-version":[{"id":314,"href":"https:\/\/kk55.archi\/index.php\/wp-json\/wp\/v2\/pages\/158\/revisions\/314"}],"wp:featuredmedia":[{"embeddable":true,"href":"https:\/\/kk55.archi\/index.php\/wp-json\/wp\/v2\/media\/160"}],"wp:attachment":[{"href":"https:\/\/kk55.archi\/index.php\/wp-json\/wp\/v2\/media?parent=158"}],"curies":[{"name":"wp","href":"https:\/\/api.w.org\/{rel}","templated":true}]}}