{"id":165,"date":"2026-04-11T15:26:21","date_gmt":"2026-04-11T08:26:21","guid":{"rendered":"https:\/\/kk55.archi\/?page_id=165"},"modified":"2026-04-13T01:41:49","modified_gmt":"2026-04-12T18:41:49","slug":"quyen-rieng-tu","status":"publish","type":"page","link":"https:\/\/kk55.archi\/index.php\/quyen-rieng-tu\/","title":{"rendered":"H\u1ec7 Th\u1ed1ng B\u1ea3o V\u1ec7 Quy\u1ec1n Ri\u00eang T\u01b0 An To\u00e0n Nh\u1ea5t Hi\u1ec7n Nay"},"content":{"rendered":"<div id=\"ez-toc-container\" class=\"ez-toc-v2_0_82_2 counter-hierarchy ez-toc-counter ez-toc-grey ez-toc-container-direction\">\n<div class=\"ez-toc-title-container\">\n<p class=\"ez-toc-title\" style=\"cursor:inherit\">M\u1ee5c L\u1ee5c<\/p>\n<span class=\"ez-toc-title-toggle\"><a href=\"#\" class=\"ez-toc-pull-right ez-toc-btn ez-toc-btn-xs ez-toc-btn-default ez-toc-toggle\" aria-label=\"Toggle Table of Content\"><span class=\"ez-toc-js-icon-con\"><span class=\"\"><span class=\"eztoc-hide\" style=\"display:none;\">Toggle<\/span><span class=\"ez-toc-icon-toggle-span\"><svg style=\"fill: #999;color:#999\" xmlns=\"http:\/\/www.w3.org\/2000\/svg\" class=\"list-377408\" width=\"20px\" height=\"20px\" viewBox=\"0 0 24 24\" fill=\"none\"><path d=\"M6 6H4v2h2V6zm14 0H8v2h12V6zM4 11h2v2H4v-2zm16 0H8v2h12v-2zM4 16h2v2H4v-2zm16 0H8v2h12v-2z\" fill=\"currentColor\"><\/path><\/svg><svg style=\"fill: #999;color:#999\" class=\"arrow-unsorted-368013\" xmlns=\"http:\/\/www.w3.org\/2000\/svg\" width=\"10px\" height=\"10px\" viewBox=\"0 0 24 24\" version=\"1.2\" baseProfile=\"tiny\"><path d=\"M18.2 9.3l-6.2-6.3-6.2 6.3c-.2.2-.3.4-.3.7s.1.5.3.7c.2.2.4.3.7.3h11c.3 0 .5-.1.7-.3.2-.2.3-.5.3-.7s-.1-.5-.3-.7zM5.8 14.7l6.2 6.3 6.2-6.3c.2-.2.3-.5.3-.7s-.1-.5-.3-.7c-.2-.2-.4-.3-.7-.3h-11c-.3 0-.5.1-.7.3-.2.2-.3.5-.3.7s.1.5.3.7z\"\/><\/svg><\/span><\/span><\/span><\/a><\/span><\/div>\n<nav><ul class='ez-toc-list ez-toc-list-level-1 ' ><li class='ez-toc-page-1 ez-toc-heading-level-1'><a class=\"ez-toc-link ez-toc-heading-1\" href=\"https:\/\/kk55.archi\/index.php\/quyen-rieng-tu\/#He_Thong_Bao_Ve_Quyen_Rieng_Tu_An_Toan_Nhat_Hien_Nay\" >H\u1ec7 Th\u1ed1ng B\u1ea3o V\u1ec7 Quy\u1ec1n Ri\u00eang T\u01b0 An To\u00e0n Nh\u1ea5t Hi\u1ec7n Nay<\/a><ul class='ez-toc-list-level-2' ><li class='ez-toc-heading-level-2'><a class=\"ez-toc-link ez-toc-heading-2\" href=\"https:\/\/kk55.archi\/index.php\/quyen-rieng-tu\/#Cam_ket_quyen_rieng_tu\" >Cam k\u1ebft quy\u1ec1n ri\u00eang t\u01b0<\/a><ul class='ez-toc-list-level-3' ><li class='ez-toc-heading-level-3'><a class=\"ez-toc-link ez-toc-heading-3\" href=\"https:\/\/kk55.archi\/index.php\/quyen-rieng-tu\/#Pham_vi_thu_thap_du_lieu\" >Ph\u1ea1m vi thu th\u1eadp d\u1eef li\u1ec7u<\/a><\/li><li class='ez-toc-page-1 ez-toc-heading-level-3'><a class=\"ez-toc-link ez-toc-heading-4\" href=\"https:\/\/kk55.archi\/index.php\/quyen-rieng-tu\/#Can_cu_phap_ly_trong_viec_luu_tru_thong_tin\" >C\u0103n c\u1ee9 ph\u00e1p l\u00fd trong vi\u1ec7c l\u01b0u tr\u1eef th\u00f4ng tin<\/a><\/li><\/ul><\/li><li class='ez-toc-page-1 ez-toc-heading-level-2'><a class=\"ez-toc-link ez-toc-heading-5\" href=\"https:\/\/kk55.archi\/index.php\/quyen-rieng-tu\/#Quyen_kiem_soat_ho_so_ca_nhan_cua_hoi_vien\" >Quy\u1ec1n ki\u1ec3m so\u00e1t h\u1ed3 s\u01a1 c\u00e1 nh\u00e2n c\u1ee7a h\u1ed9i vi\u00ean<\/a><ul class='ez-toc-list-level-3' ><li class='ez-toc-heading-level-3'><a class=\"ez-toc-link ez-toc-heading-6\" href=\"https:\/\/kk55.archi\/index.php\/quyen-rieng-tu\/#Huong_dan_thay_doi_du_lieu_dinh_danh\" >H\u01b0\u1edbng d\u1eabn thay \u0111\u1ed5i d\u1eef li\u1ec7u \u0111\u1ecbnh danh<\/a><\/li><li class='ez-toc-page-1 ez-toc-heading-level-3'><a class=\"ez-toc-link ez-toc-heading-7\" href=\"https:\/\/kk55.archi\/index.php\/quyen-rieng-tu\/#Quy_trinh_yeu_cau_xoa_lich_su_hoat_dong\" >Quy tr\u00ecnh y\u00eau c\u1ea7u x\u00f3a l\u1ecbch s\u1eed ho\u1ea1t \u0111\u1ed9ng<\/a><\/li><\/ul><\/li><li class='ez-toc-page-1 ez-toc-heading-level-2'><a class=\"ez-toc-link ez-toc-heading-8\" href=\"https:\/\/kk55.archi\/index.php\/quyen-rieng-tu\/#Chia_se_ben_thu_ba\" >Chia s\u1ebb b\u00ean th\u1ee9 ba<\/a><ul class='ez-toc-list-level-3' ><li class='ez-toc-heading-level-3'><a class=\"ez-toc-link ez-toc-heading-9\" href=\"https:\/\/kk55.archi\/index.php\/quyen-rieng-tu\/#Quy_dinh_cung_cap_du_lieu_cho_ngan_hang\" >Quy \u0111\u1ecbnh cung c\u1ea5p d\u1eef li\u1ec7u cho ng\u00e2n h\u00e0ng<\/a><\/li><li class='ez-toc-page-1 ez-toc-heading-level-3'><a class=\"ez-toc-link ez-toc-heading-10\" href=\"https:\/\/kk55.archi\/index.php\/quyen-rieng-tu\/#Trach_nhiem_cua_nha_cai\" >Tr\u00e1ch nhi\u1ec7m c\u1ee7a nh\u00e0 c\u00e1i<\/a><\/li><\/ul><\/li><li class='ez-toc-page-1 ez-toc-heading-level-2'><a class=\"ez-toc-link ez-toc-heading-11\" href=\"https:\/\/kk55.archi\/index.php\/quyen-rieng-tu\/#Ket_luan\" >K\u1ebft lu\u1eadn<\/a><\/li><\/ul><\/li><\/ul><\/nav><\/div>\n<h1 style=\"text-align: center;\"><span class=\"ez-toc-section\" id=\"He_Thong_Bao_Ve_Quyen_Rieng_Tu_An_Toan_Nhat_Hien_Nay\"><\/span><b>H\u1ec7 Th\u1ed1ng B\u1ea3o V\u1ec7 Quy\u1ec1n Ri\u00eang T\u01b0 An To\u00e0n Nh\u1ea5t Hi\u1ec7n Nay<\/b><span class=\"ez-toc-section-end\"><\/span><\/h1>\n<p><span style=\"font-weight: 400;\">Quy\u1ec1n ri\u00eang t\u01b0 lu\u00f4n l\u00e0 n\u1ec1n t\u1ea3ng v\u1eefng ch\u1eafc \u0111\u1ec3 ch\u00fang t\u00f4i x\u00e2y d\u1ef1ng m\u1ed9t m\u00f4i tr\u01b0\u1eddng gi\u1ea3i tr\u00ed tr\u1ef1c tuy\u1ebfn minh b\u1ea1ch v\u00e0 \u0111\u00e1ng tin c\u1eady. Khi b\u1ea1n tham gia t\u1ea1i <a href=\"https:\/\/kk55.archi\/\"><strong>KK55<\/strong><\/a>, m\u1ecdi d\u1eef li\u1ec7u c\u00e1 nh\u00e2n \u0111\u1ec1u \u0111\u01b0\u1ee3c m\u00e3 h\u00f3a theo ti\u00eau chu\u1ea9n qu\u1ed1c t\u1ebf nghi\u00eam ng\u1eb7t nh\u1ea5t. Nh\u00e0 c\u00e1i t\u1ef1 tin mang \u0111\u1ebfn kh\u00f4ng gian an to\u00e0n, n\u01a1i ng\u01b0\u1eddi ch\u01a1i ho\u00e0n to\u00e0n an t\u00e2m t\u1eadn h\u01b0\u1edfng m\u1ecdi d\u1ecbch v\u1ee5.\u00a0<\/span><\/p>\n<h2><span class=\"ez-toc-section\" id=\"Cam_ket_quyen_rieng_tu\"><\/span><b>Cam k\u1ebft quy\u1ec1n ri\u00eang t\u01b0<\/b><span class=\"ez-toc-section-end\"><\/span><\/h2>\n<p><span style=\"font-weight: 400;\">\u0110\u1ec3 hi\u1ec7n th\u1ef1c h\u00f3a m\u1ee5c ti\u00eau b\u1ea3o v\u1ec7 quy\u1ec1n ri\u00eang t\u01b0 tuy\u1ec7t \u0111\u1ed1i, nh\u00e0 c\u00e1i \u0111\u00e3 tri\u1ec3n khai nh\u1eefng nguy\u00ean t\u1eafc qu\u1ea3n l\u00fd th\u00f4ng tin v\u00f4 c\u00f9ng kh\u1eaft khe. M\u1ecdi quy tr\u00ecnh ti\u1ebfp nh\u1eadn d\u1eef li\u1ec7u \u0111\u1ec1u di\u1ec5n ra t\u1ef1 \u0111\u1ed9ng v\u00e0 kh\u00e9p k\u00edn ho\u00e0n to\u00e0n. Ng\u01b0\u1eddi d\u00f9ng c\u00f3 th\u1ec3 y\u00ean t\u00e2m v\u00ec ch\u00fang t\u00f4i lu\u00f4n tu\u00e2n th\u1ee7 c\u00e1c quy \u0111\u1ecbnh ph\u00e1p lu\u1eadt qu\u1ed1c t\u1ebf v\u1ec1 an ninh m\u1ea1ng.<\/span><\/p>\n<figure id=\"attachment_168\" aria-describedby=\"caption-attachment-168\" style=\"width: 800px\" class=\"wp-caption aligncenter\"><img decoding=\"async\" class=\"size-full wp-image-168\" src=\"https:\/\/kk55.archi\/wp-content\/uploads\/2026\/04\/quy-tac-bao-ve-quyen-rieng-tu.jpg\" alt=\"Quy t\u1eafc b\u1ea3o v\u1ec7 quy\u1ec1n ri\u00eang t\u01b0\" width=\"800\" height=\"400\" srcset=\"https:\/\/kk55.archi\/wp-content\/uploads\/2026\/04\/quy-tac-bao-ve-quyen-rieng-tu.jpg 800w, https:\/\/kk55.archi\/wp-content\/uploads\/2026\/04\/quy-tac-bao-ve-quyen-rieng-tu-300x150.jpg 300w, https:\/\/kk55.archi\/wp-content\/uploads\/2026\/04\/quy-tac-bao-ve-quyen-rieng-tu-768x384.jpg 768w\" sizes=\"(max-width: 800px) 100vw, 800px\" \/><figcaption id=\"caption-attachment-168\" class=\"wp-caption-text\">Quy t\u1eafc b\u1ea3o v\u1ec7 quy\u1ec1n ri\u00eang t\u01b0<\/figcaption><\/figure>\n<h3><span class=\"ez-toc-section\" id=\"Pham_vi_thu_thap_du_lieu\"><\/span><b>Ph\u1ea1m vi thu th\u1eadp d\u1eef li\u1ec7u<\/b><span class=\"ez-toc-section-end\"><\/span><\/h3>\n<p><span style=\"font-weight: 400;\">Khi thi\u1ebft l\u1eadp t\u00e0i kho\u1ea3n t\u1ea1i KK55, h\u1ec7 th\u1ed1ng ch\u1ec9 l\u01b0u tr\u1eef nh\u1eefng th\u00f4ng tin c\u01a1 b\u1ea3n nh\u1ea5t \u0111\u1ec3 ph\u1ee5c v\u1ee5 qu\u00e1 tr\u00ecnh x\u00e1c th\u1ef1c \u0111\u1ecbnh danh. Vi\u1ec7c n\u00e0y gi\u00fap ch\u00fang t\u00f4i ng\u0103n ch\u1eb7n hi\u1ec7u qu\u1ea3 c\u00e1c h\u00e0nh vi gian l\u1eadn v\u00e0 t\u00f4n tr\u1ecdng quy\u1ec1n ri\u00eang t\u01b0 ch\u00ednh \u0111\u00e1ng c\u1ee7a b\u1ea1n.<\/span><\/p>\n<ul>\n<li style=\"font-weight: 400;\" aria-level=\"1\"><span style=\"font-weight: 400;\">H\u1ecd v\u00e0 t\u00ean th\u1eadt kh\u1edbp v\u1edbi ch\u1ee7 t\u00e0i kho\u1ea3n ng\u00e2n h\u00e0ng li\u00ean k\u1ebft.<\/span><\/li>\n<li style=\"font-weight: 400;\" aria-level=\"1\"><span style=\"font-weight: 400;\">\u0110\u1ecba ch\u1ec9 email v\u00e0 s\u1ed1 \u0111i\u1ec7n tho\u1ea1i.<\/span><\/li>\n<li style=\"font-weight: 400;\" aria-level=\"1\"><span style=\"font-weight: 400;\">\u0110\u1ecba ch\u1ec9 IP v\u00e0 l\u1ecbch s\u1eed c\u00e1c giao d\u1ecbch n\u1ea1p r\u00fat ti\u1ec1n m\u1ed7i ng\u00e0y.<\/span><\/li>\n<\/ul>\n<h3><span class=\"ez-toc-section\" id=\"Can_cu_phap_ly_trong_viec_luu_tru_thong_tin\"><\/span><b>C\u0103n c\u1ee9 ph\u00e1p l\u00fd trong vi\u1ec7c l\u01b0u tr\u1eef th\u00f4ng tin<\/b><span class=\"ez-toc-section-end\"><\/span><\/h3>\n<p><span style=\"font-weight: 400;\">M\u1ecdi ho\u1ea1t \u0111\u1ed9ng thu th\u1eadp h\u1ed3 s\u01a1 \u0111\u1ec1u d\u1ef1a tr\u00ean s\u1ef1 \u0111\u1ed3ng thu\u1eadn t\u1ef1 nguy\u1ec7n t\u1eeb ph\u00eda ng\u01b0\u1eddi ch\u01a1i ngay khi \u0111\u0103ng k\u00fd. Ch\u00fang t\u00f4i \u00e1p d\u1ee5ng c\u00e1c ti\u00eau chu\u1ea9n an ninh to\u00e0n c\u1ea7u \u0111\u1ec3 \u0111\u1ed1i chi\u1ebfu v\u00e0 v\u1eadn h\u00e0nh b\u1ed9 m\u00e1y m\u00e1y ch\u1ee7. N\u1ec1n t\u1ea3ng cam k\u1ebft kh\u00f4ng t\u1ef1 \u00fd s\u1eed d\u1ee5ng d\u1eef li\u1ec7u n\u1ebfu ch\u01b0a \u0111\u01b0\u1ee3c s\u1ef1 cho ph\u00e9p r\u00f5 r\u00e0ng t\u1eeb ch\u00ednh b\u1ea1n.<\/span><\/p>\n<blockquote><p>Xem Th\u00eam:\u00a0<a href=\"https:\/\/kk55.archi\/index.php\/chinh-sach-bao-mat\/\">Ch\u00ednh S\u00e1ch B\u1ea3o M\u1eadt<\/a> Th\u00f4ng Tin Ng\u01b0\u1eddi D\u00f9ng An To\u00e0n Nh\u1ea5t<\/p><\/blockquote>\n<h2><span class=\"ez-toc-section\" id=\"Quyen_kiem_soat_ho_so_ca_nhan_cua_hoi_vien\"><\/span><b>Quy\u1ec1n ki\u1ec3m so\u00e1t h\u1ed3 s\u01a1 c\u00e1 nh\u00e2n c\u1ee7a h\u1ed9i vi\u00ean<\/b><span class=\"ez-toc-section-end\"><\/span><\/h2>\n<p><span style=\"font-weight: 400;\">B\u00ean c\u1ea1nh s\u1ef1 b\u1ea3o v\u1ec7 t\u1eeb h\u1ec7 th\u1ed1ng trung t\u00e2m, b\u1ea1n \u0111\u01b0\u1ee3c trao to\u00e0n quy\u1ec1n quy\u1ebft \u0111\u1ecbnh \u0111\u1ed1i v\u1edbi kho d\u1eef li\u1ec7u c\u1ee7a m\u00ecnh. S\u1ef1 minh b\u1ea1ch n\u00e0y l\u00e0 minh ch\u1ee9ng r\u00f5 n\u00e9t cho m\u1ed9t m\u00f4i tr\u01b0\u1eddng gi\u1ea3i tr\u00ed \u0111\u1ec1 cao l\u1ee3i \u00edch c\u1ed9ng \u0111\u1ed3ng. Ng\u01b0\u1eddi ch\u01a1i d\u1ec5 d\u00e0ng t\u00f9y ch\u1ec9nh h\u1ed3 s\u01a1 th\u00f4ng qua c\u00e1c thao t\u00e1c \u0111\u01a1n gi\u1ea3n.<\/span><\/p>\n<h3><span class=\"ez-toc-section\" id=\"Huong_dan_thay_doi_du_lieu_dinh_danh\"><\/span><b>H\u01b0\u1edbng d\u1eabn thay \u0111\u1ed5i d\u1eef li\u1ec7u \u0111\u1ecbnh danh<\/b><span class=\"ez-toc-section-end\"><\/span><\/h3>\n<p><span style=\"font-weight: 400;\">B\u1ea5t c\u1ee9 khi n\u00e0o c\u1ea7n c\u1eadp nh\u1eadt s\u1ed1 \u0111i\u1ec7n tho\u1ea1i hay t\u00e0i kho\u1ea3n thanh to\u00e1n, b\u1ea1n ch\u1ec9 c\u1ea7n truy c\u1eadp v\u00e0o b\u1ea3ng \u0111i\u1ec1u khi\u1ec3n c\u00e1 nh\u00e2n. C\u00e1c b\u01b0\u1edbc thay \u0111\u1ed5i di\u1ec5n ra t\u1ef1 \u0111\u1ed9ng th\u00f4ng qua m\u00e3 x\u00e1c th\u1ef1c OTP g\u1eedi v\u1ec1 thi\u1ebft b\u1ecb di \u0111\u1ed9ng. Nh\u00e0 c\u00e1i lu\u00f4n \u0111\u1ea3m b\u1ea3o t\u00ednh ch\u00ednh x\u00e1c v\u00e0 t\u00f4n tr\u1ecdng quy\u1ec1n ri\u00eang t\u01b0 trong m\u1ecdi b\u01b0\u1edbc x\u1eed l\u00fd m\u01b0\u1ee3t m\u00e0 nh\u1ea5t.<\/span><\/p>\n<figure id=\"attachment_167\" aria-describedby=\"caption-attachment-167\" style=\"width: 800px\" class=\"wp-caption aligncenter\"><img decoding=\"async\" class=\"size-full wp-image-167\" src=\"https:\/\/kk55.archi\/wp-content\/uploads\/2026\/04\/huong-dan-thay-doi-du-lieu-nhanh.jpg\" alt=\"H\u01b0\u1edbng d\u1eabn thay \u0111\u1ed5i d\u1eef li\u1ec7u nhanh\" width=\"800\" height=\"400\" srcset=\"https:\/\/kk55.archi\/wp-content\/uploads\/2026\/04\/huong-dan-thay-doi-du-lieu-nhanh.jpg 800w, https:\/\/kk55.archi\/wp-content\/uploads\/2026\/04\/huong-dan-thay-doi-du-lieu-nhanh-300x150.jpg 300w, https:\/\/kk55.archi\/wp-content\/uploads\/2026\/04\/huong-dan-thay-doi-du-lieu-nhanh-768x384.jpg 768w\" sizes=\"(max-width: 800px) 100vw, 800px\" \/><figcaption id=\"caption-attachment-167\" class=\"wp-caption-text\">H\u01b0\u1edbng d\u1eabn thay \u0111\u1ed5i d\u1eef li\u1ec7u nhanh<\/figcaption><\/figure>\n<h3><span class=\"ez-toc-section\" id=\"Quy_trinh_yeu_cau_xoa_lich_su_hoat_dong\"><\/span><b>Quy tr\u00ecnh y\u00eau c\u1ea7u x\u00f3a l\u1ecbch s\u1eed ho\u1ea1t \u0111\u1ed9ng<\/b><span class=\"ez-toc-section-end\"><\/span><\/h3>\n<p><span style=\"font-weight: 400;\">N\u1ebfu b\u1ea1n mu\u1ed1n ng\u1eebng s\u1eed d\u1ee5ng d\u1ecbch v\u1ee5, h\u1ec7 th\u1ed1ng cho ph\u00e9p y\u00eau c\u1ea7u x\u00f3a v\u0129nh vi\u1ec5n m\u1ecdi d\u1ea5u v\u1ebft truy c\u1eadp. B\u1ed9 ph\u1eadn ch\u0103m s\u00f3c kh\u00e1ch h\u00e0ng s\u1ebd ti\u1ebfp nh\u1eadn l\u1ec7nh v\u00e0 ti\u1ebfn h\u00e0nh thanh l\u1ecdc b\u1ed9 nh\u1edb v\u1eadt l\u00fd sau nh\u1eefng b\u01b0\u1edbc x\u00e1c minh c\u1ea9n th\u1eadn. D\u01b0\u1edbi \u0111\u00e2y l\u00e0 c\u00e1c m\u1ed1c th\u1eddi gian x\u1eed l\u00fd d\u1eef li\u1ec7u ti\u00eau chu\u1ea9n:<\/span><\/p>\n<table>\n<tbody>\n<tr>\n<td><span style=\"font-weight: 400;\">H\u1ea1ng m\u1ee5c d\u1eef li\u1ec7u c\u00e1 nh\u00e2n<\/span><\/td>\n<td><span style=\"font-weight: 400;\">Th\u1eddi gian x\u1eed l\u00fd y\u00eau c\u1ea7u<\/span><\/td>\n<\/tr>\n<tr>\n<td><span style=\"font-weight: 400;\">X\u00f3a l\u1ecbch s\u1eed c\u00e1 c\u01b0\u1ee3c tr\u00ean h\u1ec7 th\u1ed1ng<\/span><\/td>\n<td><span style=\"font-weight: 400;\">24 gi\u1edd<\/span><\/td>\n<\/tr>\n<tr>\n<td><span style=\"font-weight: 400;\">C\u1eadp nh\u1eadt th\u1ebb ng\u00e2n h\u00e0ng thanh to\u00e1n<\/span><\/td>\n<td><span style=\"font-weight: 400;\">5 ph\u00fat<\/span><\/td>\n<\/tr>\n<tr>\n<td><span style=\"font-weight: 400;\">V\u00f4 hi\u1ec7u h\u00f3a t\u00e0i kho\u1ea3n<\/span><\/td>\n<td><span style=\"font-weight: 400;\">72 gi\u1edd<\/span><\/td>\n<\/tr>\n<tr>\n<td><span style=\"font-weight: 400;\">X\u00f3a th\u00f4ng tin li\u00ean l\u1ea1c kh\u1ecfi m\u00e1y ch\u1ee7<\/span><\/td>\n<td><span style=\"font-weight: 400;\">48 gi\u1edd<\/span><\/td>\n<\/tr>\n<\/tbody>\n<\/table>\n<h2><span class=\"ez-toc-section\" id=\"Chia_se_ben_thu_ba\"><\/span><b>Chia s\u1ebb b\u00ean th\u1ee9 ba<\/b><span class=\"ez-toc-section-end\"><\/span><\/h2>\n<p><span style=\"font-weight: 400;\">\u0110\u1ec3 duy tr\u00ec lu\u1ed3ng giao d\u1ecbch t\u00e0i ch\u00ednh th\u00f4ng su\u1ed1t, ch\u00fang t\u00f4i t\u1ea1i KK55 b\u1eaft bu\u1ed9c ph\u1ea3i l\u00e0m vi\u1ec7c c\u00f9ng m\u1ed9t s\u1ed1 \u0111\u1ed1i t\u00e1c trung gian uy t\u00edn. Tuy nhi\u00ean, gi\u1edbi h\u1ea1n cung c\u1ea5p th\u00f4ng tin lu\u00f4n \u0111\u01b0\u1ee3c ki\u1ec3m so\u00e1t ch\u1eb7t ch\u1ebd nh\u1eb1m tr\u00e1nh r\u00f2 r\u1ec9. M\u1ecdi ho\u1ea1t \u0111\u1ed9ng chia s\u1ebb \u0111\u1ec1u tu\u00e2n th\u1ee7 nguy\u00ean t\u1eafc \u1ea9n danh an to\u00e0n.<\/span><\/p>\n<h3><span class=\"ez-toc-section\" id=\"Quy_dinh_cung_cap_du_lieu_cho_ngan_hang\"><\/span><b>Quy \u0111\u1ecbnh cung c\u1ea5p d\u1eef li\u1ec7u cho ng\u00e2n h\u00e0ng<\/b><span class=\"ez-toc-section-end\"><\/span><\/h3>\n<figure id=\"attachment_166\" aria-describedby=\"caption-attachment-166\" style=\"width: 800px\" class=\"wp-caption aligncenter\"><img decoding=\"async\" class=\"size-full wp-image-166\" src=\"https:\/\/kk55.archi\/wp-content\/uploads\/2026\/04\/cung-cap-du-lieu-cho-ngan-hang.jpg\" alt=\"Cung c\u1ea5p d\u1eef li\u1ec7u cho ng\u00e2n h\u00e0ng\" width=\"800\" height=\"400\" srcset=\"https:\/\/kk55.archi\/wp-content\/uploads\/2026\/04\/cung-cap-du-lieu-cho-ngan-hang.jpg 800w, https:\/\/kk55.archi\/wp-content\/uploads\/2026\/04\/cung-cap-du-lieu-cho-ngan-hang-300x150.jpg 300w, https:\/\/kk55.archi\/wp-content\/uploads\/2026\/04\/cung-cap-du-lieu-cho-ngan-hang-768x384.jpg 768w\" sizes=\"(max-width: 800px) 100vw, 800px\" \/><figcaption id=\"caption-attachment-166\" class=\"wp-caption-text\">Cung c\u1ea5p d\u1eef li\u1ec7u cho ng\u00e2n h\u00e0ng<\/figcaption><\/figure>\n<p><span style=\"font-weight: 400;\">H\u1ec7 th\u1ed1ng ch\u1ec9 chuy\u1ec3n ti\u1ebfp c\u00e1c m\u00e3 s\u1ed1 l\u1ec7nh n\u1ea1p r\u00fat v\u00e0 t\u00ean ng\u01b0\u1eddi nh\u1eadn \u0111\u1ebfn c\u1ed5ng thanh to\u00e1n tr\u1ef1c tuy\u1ebfn. Kh\u1ed1i l\u01b0\u1ee3ng d\u1eef li\u1ec7u n\u00e0y v\u1eeba \u0111\u1ee7 \u0111\u1ec3 \u0111\u1ed1i so\u00e1t h\u00f3a \u0111\u01a1n m\u00e0 kh\u00f4ng l\u00e0m l\u1ed9 chi ti\u1ebft \u0111\u1ecbnh danh c\u1ed1t l\u00f5i. \u0110i\u1ec1u n\u00e0y gi\u00fap b\u1ea3o v\u1ec7 quy\u1ec1n ri\u00eang t\u01b0 tuy\u1ec7t \u0111\u1ed1i kh\u1ecfi c\u00e1c r\u1ee7i ro \u0111\u00e1nh c\u1eafp t\u1eeb b\u00ean ngo\u00e0i. Ng\u01b0\u1eddi ch\u01a1i ho\u00e0n to\u00e0n y\u00ean t\u00e2m khi th\u1ef1c hi\u1ec7n h\u00e0ng ng\u00e0n giao d\u1ecbch l\u1edbn nh\u1ecf.<\/span><\/p>\n<h3><span class=\"ez-toc-section\" id=\"Trach_nhiem_cua_nha_cai\"><\/span><b>Tr\u00e1ch nhi\u1ec7m c\u1ee7a nh\u00e0 c\u00e1i<\/b><span class=\"ez-toc-section-end\"><\/span><\/h3>\n<p><span style=\"font-weight: 400;\">C\u00e1c \u0111\u1ed1i t\u00e1c li\u00ean k\u1ebft \u0111\u1ec1u ph\u1ea3i k\u00fd k\u1ebft v\u0103n b\u1ea3n cam k\u1ebft kh\u00f4ng l\u01b0u tr\u1eef ho\u1eb7c t\u00e1i s\u1eed d\u1ee5ng th\u00f4ng tin kh\u00e1ch h\u00e0ng. B\u1ea5t k\u1ef3 d\u1ea5u hi\u1ec7u vi ph\u1ea1m n\u00e0o c\u0169ng s\u1ebd d\u1eabn \u0111\u1ebfn vi\u1ec7c ch\u1ea5m d\u1ee9t h\u1ee3p \u0111\u1ed3ng v\u0129nh vi\u1ec5n v\u00e0 ch\u1ecbu b\u1ed3i th\u01b0\u1eddng thi\u1ec7t h\u1ea1i. Ch\u00fang t\u00f4i c\u00f9ng \u0111\u1ed9i ng\u0169 KK55 lu\u00f4n gi\u00e1m s\u00e1t ch\u00e9o \u0111\u1ecbnh k\u1ef3 \u0111\u1ec3 ch\u1eafc ch\u1eafn quy\u1ec1n ri\u00eang t\u01b0 c\u1ee7a b\u1ea1n kh\u00f4ng b\u1ecb x\u00e2m ph\u1ea1m.<\/span><\/p>\n<h2><span class=\"ez-toc-section\" id=\"Ket_luan\"><\/span><b>K\u1ebft lu\u1eadn<\/b><span class=\"ez-toc-section-end\"><\/span><\/h2>\n<p><span style=\"font-weight: 400;\"><a href=\"https:\/\/kk55.archi\/index.php\/quyen-rieng-tu\/\"><strong>Quy\u1ec1n ri\u00eang t\u01b0<\/strong><\/a> l\u00e0 t\u00e0i s\u1ea3n v\u00f4 gi\u00e1 m\u00e0 b\u1ea5t k\u1ef3 h\u1ed9i vi\u00ean n\u00e0o c\u0169ng x\u1ee9ng \u0111\u00e1ng \u0111\u01b0\u1ee3c th\u1ee5 h\u01b0\u1edfng tr\u1ecdn v\u1eb9n. Ch\u00fang t\u00f4i t\u1ef1 h\u00e0o khi \u0111\u00e3 x\u00e2y d\u1ef1ng th\u00e0nh c\u00f4ng m\u1ed9t l\u00e1 ch\u1eafn c\u00f4ng ngh\u1ec7 ho\u00e0n h\u1ea3o, \u0111\u00e1nh bay m\u1ecdi lo \u00e2u v\u1ec1 r\u1ee7i ro m\u1ea1ng. S\u1ef1 tin t\u01b0\u1edfng c\u1ee7a b\u1ea1n d\u00e0nh cho n\u1ec1n t\u1ea3ng KK55 ch\u00ednh l\u00e0 \u0111\u1ed9ng l\u1ef1c l\u1edbn lao nh\u1ea5t.\u00a0<\/span><\/p>\n","protected":false},"excerpt":{"rendered":"<p>H\u1ec7 Th\u1ed1ng B\u1ea3o V\u1ec7 Quy\u1ec1n Ri\u00eang T\u01b0 An To\u00e0n Nh\u1ea5t Hi\u1ec7n Nay Quy\u1ec1n ri\u00eang t\u01b0 lu\u00f4n l\u00e0 n\u1ec1n t\u1ea3ng v\u1eefng ch\u1eafc \u0111\u1ec3 ch\u00fang t\u00f4i x\u00e2y d\u1ef1ng m\u1ed9t m\u00f4i tr\u01b0\u1eddng gi\u1ea3i tr\u00ed tr\u1ef1c tuy\u1ebfn minh b\u1ea1ch v\u00e0 \u0111\u00e1ng tin c\u1eady. Khi b\u1ea1n tham gia t\u1ea1i KK55, m\u1ecdi d\u1eef li\u1ec7u c\u00e1 nh\u00e2n \u0111\u1ec1u \u0111\u01b0\u1ee3c m\u00e3 h\u00f3a theo [&#8230;]\n","protected":false},"author":1,"featured_media":169,"parent":0,"menu_order":0,"comment_status":"closed","ping_status":"closed","template":"","meta":{"footnotes":""},"class_list":["post-165","page","type-page","status-publish","has-post-thumbnail","hentry"],"_links":{"self":[{"href":"https:\/\/kk55.archi\/index.php\/wp-json\/wp\/v2\/pages\/165","targetHints":{"allow":["GET"]}}],"collection":[{"href":"https:\/\/kk55.archi\/index.php\/wp-json\/wp\/v2\/pages"}],"about":[{"href":"https:\/\/kk55.archi\/index.php\/wp-json\/wp\/v2\/types\/page"}],"author":[{"embeddable":true,"href":"https:\/\/kk55.archi\/index.php\/wp-json\/wp\/v2\/users\/1"}],"replies":[{"embeddable":true,"href":"https:\/\/kk55.archi\/index.php\/wp-json\/wp\/v2\/comments?post=165"}],"version-history":[{"count":4,"href":"https:\/\/kk55.archi\/index.php\/wp-json\/wp\/v2\/pages\/165\/revisions"}],"predecessor-version":[{"id":361,"href":"https:\/\/kk55.archi\/index.php\/wp-json\/wp\/v2\/pages\/165\/revisions\/361"}],"wp:featuredmedia":[{"embeddable":true,"href":"https:\/\/kk55.archi\/index.php\/wp-json\/wp\/v2\/media\/169"}],"wp:attachment":[{"href":"https:\/\/kk55.archi\/index.php\/wp-json\/wp\/v2\/media?parent=165"}],"curies":[{"name":"wp","href":"https:\/\/api.w.org\/{rel}","templated":true}]}}