{"id":172,"date":"2026-04-11T15:28:44","date_gmt":"2026-04-11T08:28:44","guid":{"rendered":"https:\/\/kk55.archi\/?page_id=172"},"modified":"2026-04-13T01:41:13","modified_gmt":"2026-04-12T18:41:13","slug":"chinh-sach-bao-mat","status":"publish","type":"page","link":"https:\/\/kk55.archi\/index.php\/chinh-sach-bao-mat\/","title":{"rendered":"Ch\u00ednh S\u00e1ch B\u1ea3o M\u1eadt Th\u00f4ng Tin Ng\u01b0\u1eddi D\u00f9ng An To\u00e0n Nh\u1ea5t"},"content":{"rendered":"<div id=\"ez-toc-container\" class=\"ez-toc-v2_0_82_2 counter-hierarchy ez-toc-counter ez-toc-grey ez-toc-container-direction\">\n<div class=\"ez-toc-title-container\">\n<p class=\"ez-toc-title\" style=\"cursor:inherit\">M\u1ee5c L\u1ee5c<\/p>\n<span class=\"ez-toc-title-toggle\"><a href=\"#\" class=\"ez-toc-pull-right ez-toc-btn ez-toc-btn-xs ez-toc-btn-default ez-toc-toggle\" aria-label=\"Toggle Table of Content\"><span class=\"ez-toc-js-icon-con\"><span class=\"\"><span class=\"eztoc-hide\" style=\"display:none;\">Toggle<\/span><span class=\"ez-toc-icon-toggle-span\"><svg style=\"fill: #999;color:#999\" xmlns=\"http:\/\/www.w3.org\/2000\/svg\" class=\"list-377408\" width=\"20px\" height=\"20px\" viewBox=\"0 0 24 24\" fill=\"none\"><path d=\"M6 6H4v2h2V6zm14 0H8v2h12V6zM4 11h2v2H4v-2zm16 0H8v2h12v-2zM4 16h2v2H4v-2zm16 0H8v2h12v-2z\" fill=\"currentColor\"><\/path><\/svg><svg style=\"fill: #999;color:#999\" class=\"arrow-unsorted-368013\" xmlns=\"http:\/\/www.w3.org\/2000\/svg\" width=\"10px\" height=\"10px\" viewBox=\"0 0 24 24\" version=\"1.2\" baseProfile=\"tiny\"><path d=\"M18.2 9.3l-6.2-6.3-6.2 6.3c-.2.2-.3.4-.3.7s.1.5.3.7c.2.2.4.3.7.3h11c.3 0 .5-.1.7-.3.2-.2.3-.5.3-.7s-.1-.5-.3-.7zM5.8 14.7l6.2 6.3 6.2-6.3c.2-.2.3-.5.3-.7s-.1-.5-.3-.7c-.2-.2-.4-.3-.7-.3h-11c-.3 0-.5.1-.7.3-.2.2-.3.5-.3.7s.1.5.3.7z\"\/><\/svg><\/span><\/span><\/span><\/a><\/span><\/div>\n<nav><ul class='ez-toc-list ez-toc-list-level-1 ' ><li class='ez-toc-page-1 ez-toc-heading-level-1'><a class=\"ez-toc-link ez-toc-heading-1\" href=\"https:\/\/kk55.archi\/index.php\/chinh-sach-bao-mat\/#Chinh_Sach_Bao_Mat_Thong_Tin_Nguoi_Dung_An_Toan_Nhat\" >Ch\u00ednh S\u00e1ch B\u1ea3o M\u1eadt Th\u00f4ng Tin Ng\u01b0\u1eddi D\u00f9ng An To\u00e0n Nh\u1ea5t<\/a><ul class='ez-toc-list-level-2' ><li class='ez-toc-heading-level-2'><a class=\"ez-toc-link ez-toc-heading-2\" href=\"https:\/\/kk55.archi\/index.php\/chinh-sach-bao-mat\/#Chinh_sach_bao_mat_thong_tin_tai_KK55\" >Ch\u00ednh s\u00e1ch b\u1ea3o m\u1eadt th\u00f4ng tin t\u1ea1i KK55<\/a><ul class='ez-toc-list-level-3' ><li class='ez-toc-heading-level-3'><a class=\"ez-toc-link ez-toc-heading-3\" href=\"https:\/\/kk55.archi\/index.php\/chinh-sach-bao-mat\/#Loai_du_lieu_duoc_thu_thap\" >Lo\u1ea1i d\u1eef li\u1ec7u \u0111\u01b0\u1ee3c thu th\u1eadp<\/a><\/li><li class='ez-toc-page-1 ez-toc-heading-level-3'><a class=\"ez-toc-link ez-toc-heading-4\" href=\"https:\/\/kk55.archi\/index.php\/chinh-sach-bao-mat\/#Muc_dich_su_dung_thong_tin\" >M\u1ee5c \u0111\u00edch s\u1eed d\u1ee5ng th\u00f4ng tin<\/a><\/li><li class='ez-toc-page-1 ez-toc-heading-level-3'><a class=\"ez-toc-link ez-toc-heading-5\" href=\"https:\/\/kk55.archi\/index.php\/chinh-sach-bao-mat\/#Cong_nghe_ma_hoa_du_lieu\" >C\u00f4ng ngh\u1ec7 m\u00e3 h\u00f3a d\u1eef li\u1ec7u<\/a><\/li><\/ul><\/li><li class='ez-toc-page-1 ez-toc-heading-level-2'><a class=\"ez-toc-link ez-toc-heading-6\" href=\"https:\/\/kk55.archi\/index.php\/chinh-sach-bao-mat\/#Quyen_loi_nguoi_choi_doi_voi_du_lieu_ca_nhan\" >Quy\u1ec1n l\u1ee3i ng\u01b0\u1eddi ch\u01a1i \u0111\u1ed1i v\u1edbi d\u1eef li\u1ec7u c\u00e1 nh\u00e2n<\/a><ul class='ez-toc-list-level-3' ><li class='ez-toc-heading-level-3'><a class=\"ez-toc-link ez-toc-heading-7\" href=\"https:\/\/kk55.archi\/index.php\/chinh-sach-bao-mat\/#Chinh_sach_bao_mat_ve_truy_cap_va_chinh_sua\" >Ch\u00ednh s\u00e1ch b\u1ea3o m\u1eadt v\u1ec1 truy c\u1eadp v\u00e0 ch\u1ec9nh s\u1eeda<\/a><\/li><li class='ez-toc-page-1 ez-toc-heading-level-3'><a class=\"ez-toc-link ez-toc-heading-8\" href=\"https:\/\/kk55.archi\/index.php\/chinh-sach-bao-mat\/#Yeu_cau_xoa_du_lieu_hoac_ngung_cung_cap\" >Y\u00eau c\u1ea7u x\u00f3a d\u1eef li\u1ec7u ho\u1eb7c ng\u1eebng cung c\u1ea5p<\/a><\/li><\/ul><\/li><li class='ez-toc-page-1 ez-toc-heading-level-2'><a class=\"ez-toc-link ez-toc-heading-9\" href=\"https:\/\/kk55.archi\/index.php\/chinh-sach-bao-mat\/#Cam_ket_an_toan_va_trach_nhiem_cua_thanh_vien\" >Cam k\u1ebft an to\u00e0n v\u00e0 tr\u00e1ch nhi\u1ec7m c\u1ee7a th\u00e0nh vi\u00ean<\/a><ul class='ez-toc-list-level-3' ><li class='ez-toc-heading-level-3'><a class=\"ez-toc-link ez-toc-heading-10\" href=\"https:\/\/kk55.archi\/index.php\/chinh-sach-bao-mat\/#He_thong_tuong_lua_bao_ve\" >H\u1ec7 th\u1ed1ng t\u01b0\u1eddng l\u1eeda b\u1ea3o v\u1ec7<\/a><\/li><li class='ez-toc-page-1 ez-toc-heading-level-3'><a class=\"ez-toc-link ez-toc-heading-11\" href=\"https:\/\/kk55.archi\/index.php\/chinh-sach-bao-mat\/#Trach_nhiem_bao_ve_tai_khoan\" >Tr\u00e1ch nhi\u1ec7m b\u1ea3o v\u1ec7 t\u00e0i kho\u1ea3n<\/a><\/li><\/ul><\/li><li class='ez-toc-page-1 ez-toc-heading-level-2'><a class=\"ez-toc-link ez-toc-heading-12\" href=\"https:\/\/kk55.archi\/index.php\/chinh-sach-bao-mat\/#Ket_luan\" >K\u1ebft lu\u1eadn<\/a><\/li><\/ul><\/li><\/ul><\/nav><\/div>\n<h1 style=\"text-align: center;\"><span class=\"ez-toc-section\" id=\"Chinh_Sach_Bao_Mat_Thong_Tin_Nguoi_Dung_An_Toan_Nhat\"><\/span><b>Ch\u00ednh S\u00e1ch B\u1ea3o M\u1eadt Th\u00f4ng Tin Ng\u01b0\u1eddi D\u00f9ng An To\u00e0n Nh\u1ea5t<\/b><span class=\"ez-toc-section-end\"><\/span><\/h1>\n<p><span style=\"font-weight: 400;\">Ch\u00ednh s\u00e1ch b\u1ea3o m\u1eadt l\u00e0 n\u1ec1n t\u1ea3ng c\u1ed1t l\u00f5i quy\u1ebft \u0111\u1ecbnh s\u1ef1 tin t\u01b0\u1edfng v\u1eefng ch\u1eafc m\u00e0 c\u1ed9ng \u0111\u1ed3ng d\u00e0nh cho n\u1ec1n t\u1ea3ng ch\u00fang t\u00f4i. Khi tham gia gi\u1ea3i tr\u00ed t\u1ea1i <a href=\"https:\/\/kk55.archi\/\"><strong>KK55<\/strong><\/a>, th\u00f4ng tin c\u00e1 nh\u00e2n v\u00e0 giao d\u1ecbch c\u1ee7a ng\u01b0\u1eddi ch\u01a1i \u0111\u1ec1u \u0111\u01b0\u1ee3c b\u1ea3o v\u1ec7 nghi\u00eam ng\u1eb7t. Ch\u00fang t\u00f4i hi\u1ec3u r\u1eb1ng s\u1ef1 an t\u00e2m c\u1ee7a b\u1ea1n l\u00e0 n\u1ec1n m\u00f3ng \u0111\u1ec3 x\u00e2y d\u1ef1ng m\u00f4i tr\u01b0\u1eddng tr\u1ef1c tuy\u1ebfn minh b\u1ea1ch, ph\u00e1t tri\u1ec3n b\u1ec1n v\u1eefng.<\/span><\/p>\n<h2><span class=\"ez-toc-section\" id=\"Chinh_sach_bao_mat_thong_tin_tai_KK55\"><\/span><b>Ch\u00ednh s\u00e1ch b\u1ea3o m\u1eadt th\u00f4ng tin t\u1ea1i KK55<\/b><span class=\"ez-toc-section-end\"><\/span><\/h2>\n<p><span style=\"font-weight: 400;\">\u0110\u1ec3 thi\u1ebft l\u1eadp m\u1ed9t kh\u00f4ng gian gi\u1ea3i tr\u00ed an to\u00e0n tuy\u1ec7t \u0111\u1ed1i, nh\u00e0 c\u00e1i li\u00ean t\u1ee5c \u00e1p d\u1ee5ng nh\u1eefng ti\u00eau chu\u1ea9n qu\u1ed1c t\u1ebf kh\u1eaft khe nh\u1ea5t trong qu\u00e1 tr\u00ecnh v\u1eadn h\u00e0nh m\u00e1y ch\u1ee7. S\u1ef1 minh b\u1ea1ch v\u1ec1 ph\u01b0\u01a1ng ph\u00e1p thu th\u1eadp, c\u0169ng nh\u01b0 \u0111\u1ecbnh h\u01b0\u1edbng x\u1eed l\u00fd d\u1eef li\u1ec7u lu\u00f4n \u0111\u01b0\u1ee3c ch\u00fang t\u00f4i \u01b0u ti\u00ean h\u00e0ng \u0111\u1ea7u nh\u1eb1m b\u1ea3o v\u1ec7 quy\u1ec1n l\u1ee3i ch\u00ednh \u0111\u00e1ng cho ng\u01b0\u1eddi d\u00f9ng trong su\u1ed1t qu\u00e1 tr\u00ecnh tr\u1ea3i nghi\u1ec7m d\u1ecbch v\u1ee5.<\/span><\/p>\n<blockquote><p><span style=\"font-weight: 400;\">Xem Th\u00eam:\u00a0<a href=\"https:\/\/kk55.archi\/index.php\/gioi-thieu-kk55\/\">KK55 Nh\u00e0 C\u00e1i Tr\u1ef1c Tuy\u1ebfn Uy T\u00edn<\/a> &amp; \u0110\u01b0\u1ee3c Y\u00eau Th\u00edch Nh\u1ea5t 2026<\/span><\/p><\/blockquote>\n<h3><span class=\"ez-toc-section\" id=\"Loai_du_lieu_duoc_thu_thap\"><\/span><b>Lo\u1ea1i d\u1eef li\u1ec7u \u0111\u01b0\u1ee3c thu th\u1eadp<\/b><span class=\"ez-toc-section-end\"><\/span><\/h3>\n<figure id=\"attachment_175\" aria-describedby=\"caption-attachment-175\" style=\"width: 800px\" class=\"wp-caption aligncenter\"><img decoding=\"async\" class=\"size-full wp-image-175\" src=\"https:\/\/kk55.archi\/wp-content\/uploads\/2026\/04\/quy-dinh-chinh-sach-bao-mat-nen-tang.jpg\" alt=\"Quy \u0111\u1ecbnh ch\u00ednh s\u00e1ch b\u1ea3o m\u1eadt\" width=\"800\" height=\"400\" srcset=\"https:\/\/kk55.archi\/wp-content\/uploads\/2026\/04\/quy-dinh-chinh-sach-bao-mat-nen-tang.jpg 800w, https:\/\/kk55.archi\/wp-content\/uploads\/2026\/04\/quy-dinh-chinh-sach-bao-mat-nen-tang-300x150.jpg 300w, https:\/\/kk55.archi\/wp-content\/uploads\/2026\/04\/quy-dinh-chinh-sach-bao-mat-nen-tang-768x384.jpg 768w\" sizes=\"(max-width: 800px) 100vw, 800px\" \/><figcaption id=\"caption-attachment-175\" class=\"wp-caption-text\">Quy \u0111\u1ecbnh ch\u00ednh s\u00e1ch b\u1ea3o m\u1eadt<\/figcaption><\/figure>\n<p><span style=\"font-weight: 400;\">Trong giai \u0111o\u1ea1n cung c\u1ea5p d\u1ecbch v\u1ee5, h\u1ec7 th\u1ed1ng t\u1ef1 \u0111\u1ed9ng ghi nh\u1eadn m\u1ed9t s\u1ed1 th\u00f4ng s\u1ed1 c\u01a1 b\u1ea3n \u0111\u1ec3 h\u1ed7 tr\u1ee3 \u0111\u1ecbnh danh t\u00e0i kho\u1ea3n. Vi\u1ec7c n\u00e0y gi\u00fap ch\u00fang t\u00f4i d\u1ec5 d\u00e0ng ph\u00e2n lo\u1ea1i v\u00e0 ch\u0103m s\u00f3c h\u1ed9i vi\u00ean chu \u0111\u00e1o h\u01a1n. Ch\u00ednh s\u00e1ch b\u1ea3o m\u1eadt KK55 cam k\u1ebft ch\u1ec9 l\u01b0u tr\u1eef d\u1eef li\u1ec7u th\u1ef1c s\u1ef1 c\u1ea5p thi\u1ebft v\u00e0 g\u1eafn li\u1ec1n v\u1edbi ti\u1ec7n \u00edch c\u1ee7a b\u1ea1n.<\/span><\/p>\n<ul>\n<li style=\"font-weight: 400;\" aria-level=\"1\"><span style=\"font-weight: 400;\">D\u1eef li\u1ec7u \u0111\u1ecbnh danh: H\u1ecd t\u00ean kh\u1edbp t\u00e0i kho\u1ea3n ng\u00e2n h\u00e0ng, s\u1ed1 \u0111i\u1ec7n tho\u1ea1i ch\u00ednh ch\u1ee7 \u0111ang ho\u1ea1t \u0111\u1ed9ng, \u0111\u1ecba ch\u1ec9 h\u00f2m th\u01b0 \u0111i\u1ec7n t\u1eed.<\/span><\/li>\n<li style=\"font-weight: 400;\" aria-level=\"1\"><span style=\"font-weight: 400;\">H\u1ed3 s\u01a1 giao d\u1ecbch: L\u1ecbch s\u1eed n\u1ea1p r\u00fat ti\u1ec1n, th\u00f4ng tin chi nh\u00e1nh ng\u00e2n h\u00e0ng li\u00ean k\u1ebft, m\u00e3 s\u1ed1 th\u1ebb thanh to\u00e1n.<\/span><\/li>\n<li style=\"font-weight: 400;\" aria-level=\"1\"><span style=\"font-weight: 400;\">Nh\u1eadt k\u00fd ho\u1ea1t \u0111\u1ed9ng: \u0110\u1ecba ch\u1ec9 IP \u0111\u0103ng nh\u1eadp, h\u1ec7 \u0111i\u1ec1u h\u00e0nh thi\u1ebft b\u1ecb s\u1eed d\u1ee5ng, th\u1eddi l\u01b0\u1ee3ng truy c\u1eadp m\u1ea1ng.<\/span><\/li>\n<\/ul>\n<h3><span class=\"ez-toc-section\" id=\"Muc_dich_su_dung_thong_tin\"><\/span><b>M\u1ee5c \u0111\u00edch s\u1eed d\u1ee5ng th\u00f4ng tin<\/b><span class=\"ez-toc-section-end\"><\/span><\/h3>\n<p><span style=\"font-weight: 400;\">Kho d\u1eef li\u1ec7u n\u00e0y \u0111\u01b0\u1ee3c ph\u00e2n lo\u1ea1i chuy\u00ean bi\u1ec7t nh\u1eb1m m\u1ee5c ti\u00eau duy nh\u1ea5t l\u00e0 n\u00e2ng t\u1ea7m ch\u1ea5t l\u01b0\u1ee3ng ph\u1ee5c v\u1ee5 ng\u01b0\u1eddi ch\u01a1i m\u1ed7i ng\u00e0y. Ch\u00fang t\u00f4i tuy\u1ec7t \u0111\u1ed1i n\u00f3i kh\u00f4ng v\u1edbi h\u00e0nh vi mua b\u00e1n, trao \u0111\u1ed5i hay r\u00f2 r\u1ec9 h\u1ed3 s\u01a1 c\u1ee7a b\u1ea1n cho t\u1ed5 ch\u1ee9c trung gian nh\u1eb1m tr\u1ee5c l\u1ee3i. Tu\u00e2n th\u1ee7 ch\u00ednh s\u00e1ch b\u1ea3o m\u1eadt ch\u00ednh l\u00e0 th\u01b0\u1edbc \u0111o \u0111\u1ea1o \u0111\u1ee9c v\u00e0 kim ch\u1ec9 nam cho m\u1ecdi chi\u1ebfn l\u01b0\u1ee3c ph\u00e1t tri\u1ec3n c\u1ee7a nh\u00e0 c\u00e1i KK55. C\u00e1c d\u1eef ki\u1ec7n thu th\u1eadp ch\u1ec9 d\u00f9ng \u0111\u1ec3 x\u00e1c th\u1ef1c l\u1ec7nh chuy\u1ec3n ti\u1ec1n, c\u1ea3nh b\u00e1o gian l\u1eadn v\u00e0 g\u1eedi c\u00e1c th\u00f4ng b\u00e1o thay \u0111\u1ed5i quy \u0111\u1ecbnh n\u1ed9i b\u1ed9 nhanh ch\u00f3ng.<\/span><\/p>\n<h3><span class=\"ez-toc-section\" id=\"Cong_nghe_ma_hoa_du_lieu\"><\/span><b>C\u00f4ng ngh\u1ec7 m\u00e3 h\u00f3a d\u1eef li\u1ec7u<\/b><span class=\"ez-toc-section-end\"><\/span><\/h3>\n<p><span style=\"font-weight: 400;\">N\u1ec1n t\u1ea3ng t\u1ef1 h\u00e0o s\u1edf h\u1eefu c\u01a1 s\u1edf h\u1ea1 t\u1ea7ng an ninh m\u1ea1ng top \u0111\u1ea7u khu v\u1ef1c, s\u1eb5n s\u00e0ng v\u00f4 hi\u1ec7u h\u00f3a m\u1ecdi n\u1ed7 l\u1ef1c t\u1ea5n c\u00f4ng tinh vi nh\u1ea5t. Nh\u1eefng thu\u1eadt to\u00e1n m\u00e3 h\u00f3a \u0111\u01b0\u1ee3c k\u1ef9 s\u01b0 thi\u1ebft l\u1eadp \u0111an xen, d\u1ef1ng l\u00ean b\u1ee9c t\u01b0\u1eddng l\u1eeda \u0111a l\u1edbp c\u1ef1c k\u1ef3 v\u1eefng ch\u1eafc. Qu\u00e1 tr\u00ecnh trao \u0111\u1ed5i d\u1eef li\u1ec7u t\u1eeb m\u00e1y kh\u00e1ch \u0111\u1ebfn trung t\u00e2m \u0111\u1ec1u \u0111i qua h\u1ec7 th\u1ed1ng \u1ed1ng d\u1eabn \u1ea3o \u1ea9n danh an to\u00e0n.<\/span><\/p>\n<p><span style=\"font-weight: 400;\">D\u01b0\u1edbi \u0111\u00e2y l\u00e0 th\u1ed1ng k\u00ea th\u1ef1c t\u1ebf v\u1ec1 n\u0103ng l\u1ef1c c\u1ee7a trung t\u00e2m ph\u00f2ng th\u1ee7:<\/span><\/p>\n<table>\n<tbody>\n<tr>\n<td><span style=\"font-weight: 400;\">H\u1ea1ng m\u1ee5c an ninh m\u1ea1ng<\/span><\/td>\n<td><span style=\"font-weight: 400;\">S\u1ed1 l\u01b0\u1ee3ng\/Ti\u00eau chu\u1ea9n th\u1ef1c t\u1ebf<\/span><\/td>\n<\/tr>\n<tr>\n<td><span style=\"font-weight: 400;\">Giao th\u1ee9c m\u00e3 h\u00f3a d\u1eef li\u1ec7u<\/span><\/td>\n<td><span style=\"font-weight: 400;\">Ti\u00eau chu\u1ea9n SSL 256-bit<\/span><\/td>\n<\/tr>\n<tr>\n<td><span style=\"font-weight: 400;\">H\u1ec7 th\u1ed1ng m\u00e1y ch\u1ee7 d\u1ef1 ph\u00f2ng<\/span><\/td>\n<td><span style=\"font-weight: 400;\">15 c\u1ee5m server \u0111\u1ed9c l\u1eadp<\/span><\/td>\n<\/tr>\n<tr>\n<td><span style=\"font-weight: 400;\">T\u1ea7n su\u1ea5t qu\u00e9t l\u1ed7 h\u1ed5ng h\u1ec7 th\u1ed1ng<\/span><\/td>\n<td><span style=\"font-weight: 400;\">10 ph\u00fat\/l\u1ea7n<\/span><\/td>\n<\/tr>\n<tr>\n<td><span style=\"font-weight: 400;\">Nh\u00e2n s\u1ef1 chuy\u00ean gia an ninh<\/span><\/td>\n<td><span style=\"font-weight: 400;\">50 k\u1ef9 s\u01b0 ph\u1ea7n m\u1ec1m<\/span><\/td>\n<\/tr>\n<\/tbody>\n<\/table>\n<h2><span class=\"ez-toc-section\" id=\"Quyen_loi_nguoi_choi_doi_voi_du_lieu_ca_nhan\"><\/span><b>Quy\u1ec1n l\u1ee3i ng\u01b0\u1eddi ch\u01a1i \u0111\u1ed1i v\u1edbi d\u1eef li\u1ec7u c\u00e1 nh\u00e2n<\/b><span class=\"ez-toc-section-end\"><\/span><\/h2>\n<p><span style=\"font-weight: 400;\">Song song v\u1edbi ngh\u0129a v\u1ee5 b\u1ea3o v\u1ec7 t\u1eeb h\u1ec7 th\u1ed1ng trung t\u00e2m, b\u1ea1n ho\u00e0n to\u00e0n l\u00e0m ch\u1ee7 nh\u1eefng t\u00e0i nguy\u00ean d\u1eef li\u1ec7u do ch\u00ednh m\u00ecnh t\u1ea1o ra. Ch\u00fang t\u00f4i \u0111\u00e3 l\u1eadp tr\u00ecnh s\u1eb5n c\u00e1c c\u00f4ng c\u1ee5 qu\u1ea3n l\u00fd tr\u1ef1c quan nh\u1ea5t, gi\u00fap ng\u01b0\u1eddi d\u00f9ng d\u1ec5 d\u00e0ng th\u1ef1c thi nh\u1eefng \u0111\u1eb7c quy\u1ec1n c\u01a1 b\u1ea3n m\u00e0 kh\u00f4ng c\u1ea7n qua nhi\u1ec1u kh\u00e2u x\u00e9t duy\u1ec7t ph\u1ee9c t\u1ea1p hay t\u1ed1n k\u00e9m th\u1eddi gian.<\/span><\/p>\n<h3><span class=\"ez-toc-section\" id=\"Chinh_sach_bao_mat_ve_truy_cap_va_chinh_sua\"><\/span><b>Ch\u00ednh s\u00e1ch b\u1ea3o m\u1eadt v\u1ec1 truy c\u1eadp v\u00e0 ch\u1ec9nh s\u1eeda<\/b><span class=\"ez-toc-section-end\"><\/span><\/h3>\n<figure id=\"attachment_174\" aria-describedby=\"caption-attachment-174\" style=\"width: 800px\" class=\"wp-caption aligncenter\"><img decoding=\"async\" class=\"size-full wp-image-174\" src=\"https:\/\/kk55.archi\/wp-content\/uploads\/2026\/04\/nguoi-choi-de-dang-cap-nhat-ho-so.jpg\" alt=\"Ng\u01b0\u1eddi ch\u01a1i d\u1ec5 d\u00e0ng c\u1eadp nh\u1eadt h\u1ed3 s\u01a1\" width=\"800\" height=\"400\" srcset=\"https:\/\/kk55.archi\/wp-content\/uploads\/2026\/04\/nguoi-choi-de-dang-cap-nhat-ho-so.jpg 800w, https:\/\/kk55.archi\/wp-content\/uploads\/2026\/04\/nguoi-choi-de-dang-cap-nhat-ho-so-300x150.jpg 300w, https:\/\/kk55.archi\/wp-content\/uploads\/2026\/04\/nguoi-choi-de-dang-cap-nhat-ho-so-768x384.jpg 768w\" sizes=\"(max-width: 800px) 100vw, 800px\" \/><figcaption id=\"caption-attachment-174\" class=\"wp-caption-text\">Ng\u01b0\u1eddi ch\u01a1i d\u1ec5 d\u00e0ng c\u1eadp nh\u1eadt h\u1ed3 s\u01a1<\/figcaption><\/figure>\n<p><span style=\"font-weight: 400;\">V\u00e0o b\u1ea5t c\u1ee9 khung gi\u1edd n\u00e0o, h\u1ed9i vi\u00ean c\u0169ng c\u00f3 th\u1ec3 ch\u1ee7 \u0111\u1ed9ng truy c\u1eadp trung t\u00e2m t\u00e0i kho\u1ea3n c\u00e1 nh\u00e2n \u0111\u1ec3 r\u00e0 so\u00e1t to\u00e0n b\u1ed9 th\u00f4ng tin g\u1ed1c. N\u1ebfu ph\u00e1t sinh thay \u0111\u1ed5i v\u1ec1 s\u1ed1 \u0111i\u1ec7n tho\u1ea1i hay c\u1eadp nh\u1eadt ng\u00e2n h\u00e0ng m\u1edbi, b\u1ea1n ho\u00e0n to\u00e0n t\u1ef1 thao t\u00e1c b\u1eb1ng m\u00e3 OTP \u0111\u01a1n gi\u1ea3n. C\u0103n c\u1ee9 theo \u0111\u00fang ch\u00ednh s\u00e1ch b\u1ea3o m\u1eadt hi\u1ec7n h\u00e0nh, lu\u1ed3ng x\u1eed l\u00fd n\u00e0y \u0111\u01b0\u1ee3c m\u00e1y ch\u1ee7 ghi nh\u1eadn t\u1ef1 \u0111\u1ed9ng ngay l\u1eadp t\u1ee9c, \u0111\u1ea3m b\u1ea3o h\u1ed3 s\u01a1 ng\u01b0\u1eddi ch\u01a1i lu\u00f4n gi\u1eef \u0111\u1ed9 ch\u00ednh x\u00e1c tuy\u1ec7t \u0111\u1ed1i m\u00e0 kh\u00f4ng c\u1ea7n ch\u1edd nh\u00e2n vi\u00ean ph\u00ea duy\u1ec7t.<\/span><\/p>\n<h3><span class=\"ez-toc-section\" id=\"Yeu_cau_xoa_du_lieu_hoac_ngung_cung_cap\"><\/span><b>Y\u00eau c\u1ea7u x\u00f3a d\u1eef li\u1ec7u ho\u1eb7c ng\u1eebng cung c\u1ea5p<\/b><span class=\"ez-toc-section-end\"><\/span><\/h3>\n<p><span style=\"font-weight: 400;\">Khi ng\u01b0\u1eddi d\u00f9ng mu\u1ed1n t\u1ea1m ng\u01b0ng tr\u1ea3i nghi\u1ec7m ho\u1eb7c chuy\u1ec3n \u0111\u1ed5i n\u1ec1n t\u1ea3ng, m\u1ecdi y\u00eau c\u1ea7u v\u00f4 hi\u1ec7u h\u00f3a h\u1ed3 s\u01a1 \u0111\u1ec1u \u0111\u01b0\u1ee3c nh\u00e0 c\u00e1i ti\u1ebfp nh\u1eadn v\u00e0 x\u1eed l\u00fd tri\u1ec7t \u0111\u1ec3. Quy\u1ec1n ri\u00eang t\u01b0 c\u1ee7a b\u1ea1n lu\u00f4n n\u1eb1m \u1edf m\u1ee9c \u01b0u ti\u00ean cao nh\u1ea5t trong m\u1ecdi ho\u00e0n c\u1ea3nh.<\/span><\/p>\n<ul>\n<li style=\"font-weight: 400;\" aria-level=\"1\"><span style=\"font-weight: 400;\">T\u1ea1o l\u1ec7nh y\u00eau c\u1ea7u \u0111\u00f3ng b\u0103ng th\u00f4ng qua khung chat tr\u1ef1c tuy\u1ebfn c\u00f9ng chuy\u00ean vi\u00ean ch\u0103m s\u00f3c kh\u00e1ch h\u00e0ng.<\/span><\/li>\n<li style=\"font-weight: 400;\" aria-level=\"1\"><span style=\"font-weight: 400;\">H\u1ec7 th\u1ed1ng m\u00e1y ch\u1ee7 t\u1ef1 \u0111\u1ed9ng \u0111\u1ed1i so\u00e1t ti\u1ec1n d\u01b0 v\u00e0 t\u1ea5t to\u00e1n s\u00f2ng ph\u1eb3ng tr\u01b0\u1edbc khi ti\u1ebfn h\u00e0nh v\u00f4 hi\u1ec7u h\u00f3a.<\/span><\/li>\n<li style=\"font-weight: 400;\" aria-level=\"1\"><span style=\"font-weight: 400;\">To\u00e0n b\u1ed9 m\u00e3 \u0111\u1ecbnh danh, l\u1ecbch s\u1eed c\u01b0\u1ee3c b\u1ecb x\u00f3a s\u1ea1ch kh\u1ecfi b\u1ed9 nh\u1edb v\u1eadt l\u00fd sau \u0111\u00fang 45 ng\u00e0y l\u00e0m vi\u1ec7c ch\u00ednh th\u1ee9c.<\/span><\/li>\n<\/ul>\n<h2><span class=\"ez-toc-section\" id=\"Cam_ket_an_toan_va_trach_nhiem_cua_thanh_vien\"><\/span><b>Cam k\u1ebft an to\u00e0n v\u00e0 tr\u00e1ch nhi\u1ec7m c\u1ee7a th\u00e0nh vi\u00ean<\/b><span class=\"ez-toc-section-end\"><\/span><\/h2>\n<p><span style=\"font-weight: 400;\">Nh\u1eefng n\u1ed7 l\u1ef1c x\u00e2y d\u1ef1ng r\u00e0o ch\u1eafn an ninh t\u1eeb nh\u00e0 c\u00e1i s\u1ebd tr\u1edf n\u00ean v\u00f4 ngh\u0129a n\u1ebfu thi\u1ebfu \u0111i s\u1ef1 h\u1ee3p t\u00e1c t\u1ef1 gi\u00e1c t\u1eeb ch\u00ednh b\u1ea1n. M\u1ed9t ch\u00ednh s\u00e1ch b\u1ea3o m\u1eadt ho\u00e0n ch\u1ec9nh lu\u00f4n \u0111\u00f2i h\u1ecfi tinh th\u1ea7n tr\u00e1ch nhi\u1ec7m v\u00e0 s\u1ef1 ph\u1ed1i h\u1ee3p nh\u1ecbp nh\u00e0ng gi\u1eefa c\u1ea3 h\u1ec7 th\u1ed1ng cung c\u1ea5p l\u1eabn ng\u01b0\u1eddi tr\u1ef1c ti\u1ebfp tr\u1ea3i nghi\u1ec7m m\u1ed7i ng\u00e0y.<\/span><\/p>\n<h3><span class=\"ez-toc-section\" id=\"He_thong_tuong_lua_bao_ve\"><\/span><b>H\u1ec7 th\u1ed1ng t\u01b0\u1eddng l\u1eeda b\u1ea3o v\u1ec7<\/b><span class=\"ez-toc-section-end\"><\/span><\/h3>\n<figure id=\"attachment_176\" aria-describedby=\"caption-attachment-176\" style=\"width: 800px\" class=\"wp-caption aligncenter\"><img decoding=\"async\" class=\"size-full wp-image-176\" src=\"https:\/\/kk55.archi\/wp-content\/uploads\/2026\/04\/tuong-lua-may-chu-hoat-dong-cuc-manh.jpg\" alt=\"T\u01b0\u1eddng l\u1eeda m\u00e1y ch\u1ee7 ho\u1ea1t \u0111\u1ed9ng c\u1ef1c m\u1ea1nh\" width=\"800\" height=\"400\" srcset=\"https:\/\/kk55.archi\/wp-content\/uploads\/2026\/04\/tuong-lua-may-chu-hoat-dong-cuc-manh.jpg 800w, https:\/\/kk55.archi\/wp-content\/uploads\/2026\/04\/tuong-lua-may-chu-hoat-dong-cuc-manh-300x150.jpg 300w, https:\/\/kk55.archi\/wp-content\/uploads\/2026\/04\/tuong-lua-may-chu-hoat-dong-cuc-manh-768x384.jpg 768w\" sizes=\"(max-width: 800px) 100vw, 800px\" \/><figcaption id=\"caption-attachment-176\" class=\"wp-caption-text\">T\u01b0\u1eddng l\u1eeda m\u00e1y ch\u1ee7 ho\u1ea1t \u0111\u1ed9ng c\u1ef1c m\u1ea1nh<\/figcaption><\/figure>\n<p><span style=\"font-weight: 400;\">Ch\u00fang t\u00f4i tri\u1ec3n khai b\u1ed9 l\u1ecdc l\u01b0u l\u01b0\u1ee3ng truy c\u1eadp xuy\u00ean su\u1ed1t ng\u00e0y \u0111\u00eam, t\u1ef1 \u0111\u1ed9ng b\u00f3c t\u00e1ch v\u00e0 ng\u0103n ch\u1eb7n t\u1ee9c th\u1eddi c\u00e1c d\u1ea3i IP \u0111\u1ed9c h\u1ea1i. T\u1eebng l\u1ec7nh n\u1ea1p r\u00fat ti\u1ec1n \u0111\u1ec1u ph\u1ea3i \u0111i qua quy tr\u00ecnh x\u00e1c th\u1ef1c ch\u00e9o tr\u1ef1c ti\u1ebfp v\u1edbi ng\u00e2n h\u00e0ng \u0111\u1ed1i t\u00e1c, x\u00f3a b\u1ecf r\u1ee7i ro can thi\u1ec7p thay \u0111\u1ed5i s\u1ed1 d\u01b0. \u0110\u1ed9i ng\u0169 IT c\u1ee7a KK55 li\u00ean t\u1ee5c tung ra b\u1ea3n v\u00e1 l\u1ed7i h\u00e0ng tu\u1ea7n, n\u00e2ng c\u1ea5p thu\u1eadt to\u00e1n nh\u1eb1m \u0111i tr\u01b0\u1edbc m\u1ed9t b\u01b0\u1edbc so v\u1edbi c\u00e1c th\u1ee7 \u0111o\u1ea1n \u0111\u00e1nh c\u1eafp th\u00f4ng tin m\u1edbi n\u1ed5i tr\u00ean kh\u00f4ng gian m\u1ea1ng.<\/span><\/p>\n<h3><span class=\"ez-toc-section\" id=\"Trach_nhiem_bao_ve_tai_khoan\"><\/span><b>Tr\u00e1ch nhi\u1ec7m b\u1ea3o v\u1ec7 t\u00e0i kho\u1ea3n<\/b><span class=\"ez-toc-section-end\"><\/span><\/h3>\n<p><span style=\"font-weight: 400;\">Ch\u00ednh s\u00e1ch b\u1ea3o m\u1eadt c\u1ee7a ng\u01b0\u1eddi d\u00f9ng khi tham gia n\u1ec1n t\u1ea3ng tuy\u1ec7t \u0111\u1ed1i kh\u00f4ng \u0111\u01b0\u1ee3c ti\u1ebft l\u1ed9 t\u00ean \u0111\u0103ng nh\u1eadp hay m\u1eadt kh\u1ea9u b\u1ea3o v\u1ec7 cho b\u1ea5t c\u1ee9 b\u00ean th\u1ee9 ba n\u00e0o. N\u1ebfu h\u1ec7 th\u1ed1ng qu\u00e9t \u0111\u01b0\u1ee3c r\u1ee7i ro th\u1ea5t tho\u00e1t t\u00e0i s\u1ea3n do s\u1ef1 ch\u1ee7 quan c\u1ee7a b\u1ea1n, nh\u00e0 c\u00e1i s\u1ebd mi\u1ec5n tr\u1eeb tr\u00e1ch nhi\u1ec7m b\u1ed3i th\u01b0\u1eddng theo \u0111\u00fang ch\u00ednh s\u00e1ch b\u1ea3o m\u1eadt \u0111\u00e3 quy \u0111\u1ecbnh. Ng\u01b0\u1eddi ch\u01a1i n\u00ean duy tr\u00ec th\u00f3i quen \u0111\u1ed5i m\u1eadt kh\u1ea9u m\u1ea1nh chu k\u1ef3 3 th\u00e1ng m\u1ed9t l\u1ea7n v\u00e0 \u0111\u0103ng xu\u1ea5t kh\u1ecfi tr\u00ecnh duy\u1ec7t web c\u00f4ng c\u1ed9ng. Vi\u1ec7c c\u1ea3 hai b\u00ean nghi\u00eam t\u00fac th\u1ef1c hi\u1ec7n ch\u00ednh s\u00e1ch b\u1ea3o m\u1eadt s\u1ebd t\u1ea1o ti\u1ec1n \u0111\u1ec1 v\u1eefng ch\u1eafc cho m\u1ed9t s\u00e2n ch\u01a1i uy t\u00edn.<\/span><\/p>\n<h2><span class=\"ez-toc-section\" id=\"Ket_luan\"><\/span><b>K\u1ebft lu\u1eadn<\/b><span class=\"ez-toc-section-end\"><\/span><\/h2>\n<p><span style=\"font-weight: 400;\">S\u1ef1 r\u00e0nh m\u1ea1ch, chuy\u00ean nghi\u1ec7p trong qu\u1ea3n l\u00fd th\u00f4ng tin ch\u00ednh l\u00e0 m\u00f3n qu\u00e0 tri \u00e2n gi\u00e1 tr\u1ecb nh\u1ea5t m\u00e0 ch\u00fang t\u00f4i g\u1eedi g\u1eafm \u0111\u1ebfn c\u1ed9ng \u0111\u1ed3ng. M\u1ed9t <a href=\"https:\/\/kk55.archi\/index.php\/chinh-sach-bao-mat\/\"><strong>ch\u00ednh s\u00e1ch b\u1ea3o m\u1eadt<\/strong><\/a> ho\u00e0n h\u1ea3o th\u1ec3 hi\u1ec7n qua kh\u1ea3 n\u0103ng duy tr\u00ec quy\u1ec1n l\u1ee3i h\u1ee3p ph\u00e1p cho b\u1ea1n m\u1ed7i ng\u00e0y. Quy\u1ebft \u0111\u1ecbnh \u0111\u1ed3ng h\u00e0nh c\u00f9ng KK55 \u0111\u1ed3ng ngh\u0129a v\u1edbi vi\u1ec7c tr\u00fat b\u1ecf g\u00e1nh n\u1eb7ng an ninh \u0111\u1ec3 ch\u00e1y h\u1ebft m\u00ecnh c\u00f9ng \u0111am m\u00ea.<\/span><\/p>\n","protected":false},"excerpt":{"rendered":"<p>Ch\u00ednh S\u00e1ch B\u1ea3o M\u1eadt Th\u00f4ng Tin Ng\u01b0\u1eddi D\u00f9ng An To\u00e0n Nh\u1ea5t Ch\u00ednh s\u00e1ch b\u1ea3o m\u1eadt l\u00e0 n\u1ec1n t\u1ea3ng c\u1ed1t l\u00f5i quy\u1ebft \u0111\u1ecbnh s\u1ef1 tin t\u01b0\u1edfng v\u1eefng ch\u1eafc m\u00e0 c\u1ed9ng \u0111\u1ed3ng d\u00e0nh cho n\u1ec1n t\u1ea3ng ch\u00fang t\u00f4i. Khi tham gia gi\u1ea3i tr\u00ed t\u1ea1i KK55, th\u00f4ng tin c\u00e1 nh\u00e2n v\u00e0 giao d\u1ecbch c\u1ee7a ng\u01b0\u1eddi ch\u01a1i \u0111\u1ec1u \u0111\u01b0\u1ee3c [&#8230;]\n","protected":false},"author":1,"featured_media":173,"parent":0,"menu_order":0,"comment_status":"closed","ping_status":"closed","template":"","meta":{"footnotes":""},"class_list":["post-172","page","type-page","status-publish","has-post-thumbnail","hentry"],"_links":{"self":[{"href":"https:\/\/kk55.archi\/index.php\/wp-json\/wp\/v2\/pages\/172","targetHints":{"allow":["GET"]}}],"collection":[{"href":"https:\/\/kk55.archi\/index.php\/wp-json\/wp\/v2\/pages"}],"about":[{"href":"https:\/\/kk55.archi\/index.php\/wp-json\/wp\/v2\/types\/page"}],"author":[{"embeddable":true,"href":"https:\/\/kk55.archi\/index.php\/wp-json\/wp\/v2\/users\/1"}],"replies":[{"embeddable":true,"href":"https:\/\/kk55.archi\/index.php\/wp-json\/wp\/v2\/comments?post=172"}],"version-history":[{"count":5,"href":"https:\/\/kk55.archi\/index.php\/wp-json\/wp\/v2\/pages\/172\/revisions"}],"predecessor-version":[{"id":360,"href":"https:\/\/kk55.archi\/index.php\/wp-json\/wp\/v2\/pages\/172\/revisions\/360"}],"wp:featuredmedia":[{"embeddable":true,"href":"https:\/\/kk55.archi\/index.php\/wp-json\/wp\/v2\/media\/173"}],"wp:attachment":[{"href":"https:\/\/kk55.archi\/index.php\/wp-json\/wp\/v2\/media?parent=172"}],"curies":[{"name":"wp","href":"https:\/\/api.w.org\/{rel}","templated":true}]}}