{"id":178,"date":"2026-04-11T15:30:22","date_gmt":"2026-04-11T08:30:22","guid":{"rendered":"https:\/\/kk55.archi\/?page_id=178"},"modified":"2026-04-12T13:53:11","modified_gmt":"2026-04-12T06:53:11","slug":"the-thao-kk55","status":"publish","type":"page","link":"https:\/\/kk55.archi\/index.php\/the-thao-kk55\/","title":{"rendered":"S\u1ea3nh C\u00e1 C\u01b0\u1ee3c Th\u1ec3 Thao KK55 Uy T\u00edn V\u00e0 \u0110\u1eb3ng C\u1ea5p Nh\u1ea5t N\u0103m"},"content":{"rendered":"<div id=\"ez-toc-container\" class=\"ez-toc-v2_0_82_2 counter-hierarchy ez-toc-counter ez-toc-grey ez-toc-container-direction\">\n<div class=\"ez-toc-title-container\">\n<p class=\"ez-toc-title\" style=\"cursor:inherit\">M\u1ee5c L\u1ee5c<\/p>\n<span class=\"ez-toc-title-toggle\"><a href=\"#\" class=\"ez-toc-pull-right ez-toc-btn ez-toc-btn-xs ez-toc-btn-default ez-toc-toggle\" aria-label=\"Toggle Table of Content\"><span class=\"ez-toc-js-icon-con\"><span class=\"\"><span class=\"eztoc-hide\" style=\"display:none;\">Toggle<\/span><span class=\"ez-toc-icon-toggle-span\"><svg style=\"fill: #999;color:#999\" xmlns=\"http:\/\/www.w3.org\/2000\/svg\" class=\"list-377408\" width=\"20px\" height=\"20px\" viewBox=\"0 0 24 24\" fill=\"none\"><path d=\"M6 6H4v2h2V6zm14 0H8v2h12V6zM4 11h2v2H4v-2zm16 0H8v2h12v-2zM4 16h2v2H4v-2zm16 0H8v2h12v-2z\" fill=\"currentColor\"><\/path><\/svg><svg style=\"fill: #999;color:#999\" class=\"arrow-unsorted-368013\" xmlns=\"http:\/\/www.w3.org\/2000\/svg\" width=\"10px\" height=\"10px\" viewBox=\"0 0 24 24\" version=\"1.2\" baseProfile=\"tiny\"><path d=\"M18.2 9.3l-6.2-6.3-6.2 6.3c-.2.2-.3.4-.3.7s.1.5.3.7c.2.2.4.3.7.3h11c.3 0 .5-.1.7-.3.2-.2.3-.5.3-.7s-.1-.5-.3-.7zM5.8 14.7l6.2 6.3 6.2-6.3c.2-.2.3-.5.3-.7s-.1-.5-.3-.7c-.2-.2-.4-.3-.7-.3h-11c-.3 0-.5.1-.7.3-.2.2-.3.5-.3.7s.1.5.3.7z\"\/><\/svg><\/span><\/span><\/span><\/a><\/span><\/div>\n<nav><ul class='ez-toc-list ez-toc-list-level-1 ' ><li class='ez-toc-page-1 ez-toc-heading-level-1'><a class=\"ez-toc-link ez-toc-heading-1\" href=\"https:\/\/kk55.archi\/index.php\/the-thao-kk55\/#Sanh_Ca_Cuoc_The_Thao_KK55_Uy_Tin_Va_Dang_Cap_Nhat_Nam\" >S\u1ea3nh C\u00e1 C\u01b0\u1ee3c Th\u1ec3 Thao KK55 Uy T\u00edn V\u00e0 \u0110\u1eb3ng C\u1ea5p Nh\u1ea5t N\u0103m<\/a><ul class='ez-toc-list-level-2' ><li class='ez-toc-heading-level-2'><a class=\"ez-toc-link ez-toc-heading-2\" href=\"https:\/\/kk55.archi\/index.php\/the-thao-kk55\/#Sanh_cuoc_the_thao_KK55_dang_cap_va_uy_tin_hang_dau\" >S\u1ea3nh c\u01b0\u1ee3c th\u1ec3 thao KK55 \u0111\u1eb3ng c\u1ea5p v\u00e0 uy t\u00edn h\u00e0ng \u0111\u1ea7u<\/a><ul class='ez-toc-list-level-3' ><li class='ez-toc-heading-level-3'><a class=\"ez-toc-link ez-toc-heading-3\" href=\"https:\/\/kk55.archi\/index.php\/the-thao-kk55\/#He_thong_bang_keo_bong_da_truc_tuyen_da_dang\" >H\u1ec7 th\u1ed1ng b\u1ea3ng k\u00e8o b\u00f3ng \u0111\u00e1 tr\u1ef1c tuy\u1ebfn \u0111a d\u1ea1ng<\/a><\/li><li class='ez-toc-page-1 ez-toc-heading-level-3'><a class=\"ez-toc-link ez-toc-heading-4\" href=\"https:\/\/kk55.archi\/index.php\/the-thao-kk55\/#Ty_le_quy_doi_canh_tranh\" >T\u1ef7 l\u1ec7 quy \u0111\u1ed5i c\u1ea1nh tranh<\/a><\/li><li class='ez-toc-page-1 ez-toc-heading-level-3'><a class=\"ez-toc-link ez-toc-heading-5\" href=\"https:\/\/kk55.archi\/index.php\/the-thao-kk55\/#Giao_dien_dat_cuoc_thong_minh_cho_moi_thiet_bi\" >Giao di\u1ec7n \u0111\u1eb7t c\u01b0\u1ee3c th\u00f4ng minh cho m\u1ecdi thi\u1ebft b\u1ecb<\/a><\/li><\/ul><\/li><li class='ez-toc-page-1 ez-toc-heading-level-2'><a class=\"ez-toc-link ez-toc-heading-6\" href=\"https:\/\/kk55.archi\/index.php\/the-thao-kk55\/#Cac_bo_mon_the_thao_thinh_hanh_tai_he_thong_KK55\" >C\u00e1c b\u1ed9 m\u00f4n th\u1ec3 thao th\u1ecbnh h\u00e0nh t\u1ea1i h\u1ec7 th\u1ed1ng KK55<\/a><ul class='ez-toc-list-level-3' ><li class='ez-toc-heading-level-3'><a class=\"ez-toc-link ez-toc-heading-7\" href=\"https:\/\/kk55.archi\/index.php\/the-thao-kk55\/#Cuong_nhiet_cung_cac_giai_bong_da_lon_toan_cau\" >Cu\u1ed3ng nhi\u1ec7t c\u00f9ng c\u00e1c gi\u1ea3i b\u00f3ng \u0111\u00e1 l\u1edbn to\u00e0n c\u1ea7u<\/a><\/li><li class='ez-toc-page-1 ez-toc-heading-level-3'><a class=\"ez-toc-link ez-toc-heading-8\" href=\"https:\/\/kk55.archi\/index.php\/the-thao-kk55\/#Trai_nghiem_kich_tinh_voi_bong_ro_va_quan_vot\" >Tr\u1ea3i nghi\u1ec7m k\u1ecbch t\u00ednh v\u1edbi b\u00f3ng r\u1ed5 v\u00e0 qu\u1ea7n v\u1ee3t<\/a><\/li><li class='ez-toc-page-1 ez-toc-heading-level-3'><a class=\"ez-toc-link ez-toc-heading-9\" href=\"https:\/\/kk55.archi\/index.php\/the-thao-kk55\/#Dot_pha_cung_sanh_cuoc_the_thao_dien_tu_hien_dai\" >\u0110\u1ed9t ph\u00e1 c\u00f9ng s\u1ea3nh c\u01b0\u1ee3c th\u1ec3 thao \u0111i\u1ec7n t\u1eed hi\u1ec7n \u0111\u1ea1i<\/a><\/li><\/ul><\/li><li class='ez-toc-page-1 ez-toc-heading-level-2'><a class=\"ez-toc-link ez-toc-heading-10\" href=\"https:\/\/kk55.archi\/index.php\/the-thao-kk55\/#Uu_the_vuot_troi_khi_tham_gia_the_thao_KK55\" >\u01afu th\u1ebf v\u01b0\u1ee3t tr\u1ed9i khi tham gia th\u1ec3 thao KK55<\/a><ul class='ez-toc-list-level-3' ><li class='ez-toc-heading-level-3'><a class=\"ez-toc-link ez-toc-heading-11\" href=\"https:\/\/kk55.archi\/index.php\/the-thao-kk55\/#Quy_trinh_thanh_toan_nhanh\" >Quy tr\u00ecnh thanh to\u00e1n nhanh<\/a><\/li><li class='ez-toc-page-1 ez-toc-heading-level-3'><a class=\"ez-toc-link ez-toc-heading-12\" href=\"https:\/\/kk55.archi\/index.php\/the-thao-kk55\/#He_thong_bao_mat_thong_tin_dat_cuoc_tuyet_doi\" >H\u1ec7 th\u1ed1ng b\u1ea3o m\u1eadt th\u00f4ng tin \u0111\u1eb7t c\u01b0\u1ee3c tuy\u1ec7t \u0111\u1ed1i<\/a><\/li><li class='ez-toc-page-1 ez-toc-heading-level-3'><a class=\"ez-toc-link ez-toc-heading-13\" href=\"https:\/\/kk55.archi\/index.php\/the-thao-kk55\/#Doi_ngu_CSKh_tan_tam\" >\u0110\u1ed9i ng\u0169 CSKh t\u1eadn t\u00e2m<\/a><\/li><\/ul><\/li><li class='ez-toc-page-1 ez-toc-heading-level-2'><a class=\"ez-toc-link ez-toc-heading-14\" href=\"https:\/\/kk55.archi\/index.php\/the-thao-kk55\/#Ket_luan\" >K\u1ebft lu\u1eadn<\/a><\/li><\/ul><\/li><\/ul><\/nav><\/div>\n<h1 style=\"text-align: center;\"><span class=\"ez-toc-section\" id=\"Sanh_Ca_Cuoc_The_Thao_KK55_Uy_Tin_Va_Dang_Cap_Nhat_Nam\"><\/span><b>S\u1ea3nh C\u00e1 C\u01b0\u1ee3c Th\u1ec3 Thao KK55 Uy T\u00edn V\u00e0 \u0110\u1eb3ng C\u1ea5p Nh\u1ea5t N\u0103m<\/b><span class=\"ez-toc-section-end\"><\/span><\/h1>\n<p><span style=\"font-weight: 400;\">Th\u1ec3 thao KK55 mang \u0111\u1ebfn m\u1ed9t th\u1ebf gi\u1edbi gi\u1ea3i tr\u00ed \u0111\u1ea7y m\u00e0u s\u1eafc v\u1edbi h\u00e0ng ng\u00e0n tr\u1eadn \u0111\u1ea5u \u0111\u1ec9nh cao di\u1ec5n ra m\u1ed7i ng\u00e0y. Ch\u00fang t\u00f4i cam k\u1ebft t\u1ea1o ra m\u00f4i tr\u01b0\u1eddng c\u00e1 c\u01b0\u1ee3c c\u00f4ng b\u1eb1ng, minh b\u1ea1ch c\u00f9ng h\u1ec7 th\u1ed1ng b\u1ea3o m\u1eadt hi\u1ec7n \u0111\u1ea1i nh\u1ea5t hi\u1ec7n nay. Ng\u01b0\u1eddi ch\u01a1i s\u1ebd \u0111\u01b0\u1ee3c tr\u1ea3i nghi\u1ec7m c\u1ea3m gi\u00e1c k\u1ecbch t\u00ednh trong t\u1eebng pha b\u00f3ng v\u00e0 nh\u1eadn v\u1ec1 nh\u1eefng ph\u1ea7n th\u01b0\u1edfng x\u1ee9ng \u0111\u00e1ng t\u1eeb\u00a0 <a href=\"https:\/\/kk55.archi\/\"><strong>KK55<\/strong><\/a>.<\/span><\/p>\n<h2><span class=\"ez-toc-section\" id=\"Sanh_cuoc_the_thao_KK55_dang_cap_va_uy_tin_hang_dau\"><\/span><b>S\u1ea3nh c\u01b0\u1ee3c th\u1ec3 thao KK55 \u0111\u1eb3ng c\u1ea5p v\u00e0 uy t\u00edn h\u00e0ng \u0111\u1ea7u<\/b><span class=\"ez-toc-section-end\"><\/span><\/h2>\n<p><span style=\"font-weight: 400;\">Ch\u00fang t\u00f4i t\u1ef1 h\u00e0o l\u00e0 \u0111\u01a1n v\u1ecb cung c\u1ea5p n\u1ec1n t\u1ea3ng c\u00e1 c\u01b0\u1ee3c th\u1ec3 thao ch\u1ea5t l\u01b0\u1ee3ng cao v\u1edbi s\u1ef1 h\u1ee3p t\u00e1c c\u00f9ng c\u00e1c nh\u00e0 ph\u00e1t h\u00e0nh k\u00e8o h\u00e0ng \u0111\u1ea7u th\u1ebf gi\u1edbi hi\u1ec7n nay.<\/span><\/p>\n<figure id=\"attachment_181\" aria-describedby=\"caption-attachment-181\" style=\"width: 800px\" class=\"wp-caption aligncenter\"><img decoding=\"async\" class=\"size-full wp-image-181\" src=\"https:\/\/kk55.archi\/wp-content\/uploads\/2026\/04\/giao-dien-sanh-cuoc-the-thao-kk55.jpg\" alt=\"Giao di\u1ec7n s\u1ea3nh c\u01b0\u1ee3c th\u1ec3 thao KK55\" width=\"800\" height=\"400\" srcset=\"https:\/\/kk55.archi\/wp-content\/uploads\/2026\/04\/giao-dien-sanh-cuoc-the-thao-kk55.jpg 800w, https:\/\/kk55.archi\/wp-content\/uploads\/2026\/04\/giao-dien-sanh-cuoc-the-thao-kk55-300x150.jpg 300w, https:\/\/kk55.archi\/wp-content\/uploads\/2026\/04\/giao-dien-sanh-cuoc-the-thao-kk55-768x384.jpg 768w\" sizes=\"(max-width: 800px) 100vw, 800px\" \/><figcaption id=\"caption-attachment-181\" class=\"wp-caption-text\">Giao di\u1ec7n s\u1ea3nh c\u01b0\u1ee3c th\u1ec3 thao KK55<\/figcaption><\/figure>\n<h3><span class=\"ez-toc-section\" id=\"He_thong_bang_keo_bong_da_truc_tuyen_da_dang\"><\/span><b>H\u1ec7 th\u1ed1ng b\u1ea3ng k\u00e8o b\u00f3ng \u0111\u00e1 tr\u1ef1c tuy\u1ebfn \u0111a d\u1ea1ng<\/b><span class=\"ez-toc-section-end\"><\/span><\/h3>\n<p><span style=\"font-weight: 400;\">Nh\u00e0 c\u00e1i cung c\u1ea5p h\u00e0ng lo\u1ea1t lo\u1ea1i k\u00e8o t\u1eeb k\u00e8o ch\u00e2u \u00c1, ch\u00e2u \u00c2u \u0111\u1ebfn k\u00e8o t\u00e0i x\u1ec9u c\u1ee7a t\u1ea5t c\u1ea3 c\u00e1c gi\u1ea3i \u0111\u1ea5u l\u1edbn nh\u1ecf. Ng\u01b0\u1eddi ch\u01a1i c\u00f3 th\u1ec3 d\u1ec5 d\u00e0ng t\u00ecm th\u1ea5y tr\u1eadn \u0111\u1ea5u y\u00eau th\u00edch c\u1ee7a m\u00ecnh th\u00f4ng qua thanh t\u00ecm ki\u1ebfm th\u00f4ng minh \u0111\u01b0\u1ee3c t\u00edch h\u1ee3p s\u1eb5n. H\u1ec7 th\u1ed1ng b\u1ea3ng k\u00e8o \u0111\u01b0\u1ee3c c\u1eadp nh\u1eadt theo th\u1eddi gian th\u1ef1c \u0111\u1ec3 b\u1ea1n kh\u00f4ng b\u1ecf l\u1ee1 b\u1ea5t k\u1ef3 bi\u1ebfn \u0111\u1ed9ng n\u00e0o t\u1eeb th\u1ecb tr\u01b0\u1eddng th\u1ec3 thao KK55.<\/span><\/p>\n<blockquote><p><span style=\"font-weight: 400;\">Xem Th\u00eam:\u00a0Tham Gia S\u00f2ng B\u00e0i Tr\u1ef1c Tuy\u1ebfn <a href=\"https:\/\/kk55.archi\/index.php\/live-casino-kk55\/\">Live Casino<\/a> KK55 C\u1ef1c Hay<\/span><\/p><\/blockquote>\n<h3><span class=\"ez-toc-section\" id=\"Ty_le_quy_doi_canh_tranh\"><\/span><b>T\u1ef7 l\u1ec7 quy \u0111\u1ed5i c\u1ea1nh tranh<\/b><span class=\"ez-toc-section-end\"><\/span><\/h3>\n<p><span style=\"font-weight: 400;\">M\u1ed9t trong nh\u1eefng l\u00fd do gi\u00fap ch\u00fang t\u00f4i thu h\u00fat \u0111\u00f4ng \u0111\u1ea3o th\u00e0nh vi\u00ean ch\u00ednh l\u00e0 t\u1ef7 l\u1ec7 \u0103n c\u01b0\u1ee3c c\u1ef1c cao trong m\u1ed7i s\u1ea3nh \u0111\u1ea5u. So v\u1edbi m\u1eb7t b\u1eb1ng chung, m\u1ee9c th\u01b0\u1edfng t\u1ea1i \u0111\u00e2y lu\u00f4n nh\u1ec9nh h\u01a1n, gi\u00fap ng\u01b0\u1eddi ch\u01a1i t\u1ed1i \u01b0u h\u00f3a l\u1ee3i nhu\u1eadn trong m\u1ed7i l\u1ea7n d\u1ef1 \u0111o\u00e1n ch\u00ednh x\u00e1c. Ch\u00fang t\u00f4i lu\u00f4n \u0111\u1ea3m b\u1ea3o s\u1ef1 minh b\u1ea1ch trong vi\u1ec7c t\u00ednh to\u00e1n v\u00e0 tr\u1ea3 th\u01b0\u1edfng ngay sau khi tr\u1eadn \u0111\u1ea5u k\u1ebft th\u00fac.<\/span><\/p>\n<h3><span class=\"ez-toc-section\" id=\"Giao_dien_dat_cuoc_thong_minh_cho_moi_thiet_bi\"><\/span><b>Giao di\u1ec7n \u0111\u1eb7t c\u01b0\u1ee3c th\u00f4ng minh cho m\u1ecdi thi\u1ebft b\u1ecb<\/b><span class=\"ez-toc-section-end\"><\/span><\/h3>\n<p><span style=\"font-weight: 400;\">Ch\u00fang t\u00f4i hi\u1ec3u r\u1eb1ng s\u1ef1 ti\u1ec7n l\u1ee3i l\u00e0 y\u1ebfu t\u1ed1 then ch\u1ed1t, v\u00ec v\u1eady giao di\u1ec7n s\u1ea3nh c\u01b0\u1ee3c \u0111\u01b0\u1ee3c t\u1ed1i \u01b0u ho\u00e0n h\u1ea3o cho c\u1ea3 m\u00e1y t\u00ednh v\u00e0 \u0111i\u1ec7n tho\u1ea1i. B\u1ea1n c\u00f3 th\u1ec3 th\u1ef1c hi\u1ec7n c\u00e1c thao t\u00e1c \u0111\u1eb7t c\u01b0\u1ee3c th\u1ec3 thao KK55 ch\u1ec9 v\u1edbi v\u00e0i l\u1ea7n ch\u1ea1m \u0111\u01a1n gi\u1ea3n tr\u00ean m\u00e0n h\u00ecnh di \u0111\u1ed9ng. T\u1ed1c \u0111\u1ed9 t\u1ea3i trang c\u1ef1c nhanh gi\u00fap tr\u1ea3i nghi\u1ec7m c\u1ee7a ng\u01b0\u1eddi d\u00f9ng lu\u00f4n m\u01b0\u1ee3t m\u00e0 v\u00e0 kh\u00f4ng b\u1ecb gi\u00e1n \u0111o\u1ea1n.<\/span><\/p>\n<h2><span class=\"ez-toc-section\" id=\"Cac_bo_mon_the_thao_thinh_hanh_tai_he_thong_KK55\"><\/span><b>C\u00e1c b\u1ed9 m\u00f4n th\u1ec3 thao th\u1ecbnh h\u00e0nh t\u1ea1i h\u1ec7 th\u1ed1ng KK55<\/b><span class=\"ez-toc-section-end\"><\/span><\/h2>\n<p><span style=\"font-weight: 400;\">T\u1ea1i \u0111\u00e2y, danh m\u1ee5c tr\u00f2 ch\u01a1i kh\u00f4ng ch\u1ec9 d\u1eebng l\u1ea1i \u1edf b\u00f3ng \u0111\u00e1 m\u00e0 c\u00f2n m\u1edf r\u1ed9ng ra nhi\u1ec1u l\u0129nh v\u1ef1c h\u1ea5p d\u1eabn kh\u00e1c \u0111\u1ec3 \u0111\u00e1p \u1ee9ng m\u1ecdi nhu c\u1ea7u c\u1ee7a h\u1ed9i vi\u00ean.<\/span><\/p>\n<table>\n<tbody>\n<tr>\n<td><span style=\"font-weight: 400;\">H\u1ea1ng m\u1ee5c<\/span><\/td>\n<td><span style=\"font-weight: 400;\">Th\u00f4ng s\u1ed1 chi ti\u1ebft<\/span><\/td>\n<\/tr>\n<tr>\n<td><span style=\"font-weight: 400;\">S\u1ed1 l\u01b0\u1ee3ng tr\u1eadn \u0111\u1ea5u<\/span><\/td>\n<td><span style=\"font-weight: 400;\">1500+ tr\u1eadn m\u1ed7i ng\u00e0y<\/span><\/td>\n<\/tr>\n<tr>\n<td><span style=\"font-weight: 400;\">T\u1ef7 l\u1ec7 ho\u00e0n tr\u1ea3<\/span><\/td>\n<td><span style=\"font-weight: 400;\">L\u00ean \u0111\u1ebfn 1.5%<\/span><\/td>\n<\/tr>\n<tr>\n<td><span style=\"font-weight: 400;\">Th\u1eddi gian thanh to\u00e1n<\/span><\/td>\n<td><span style=\"font-weight: 400;\">3 &#8211; 5 ph\u00fat<\/span><\/td>\n<\/tr>\n<tr>\n<td><span style=\"font-weight: 400;\">C\u00e1c s\u1ea3nh li\u00ean k\u1ebft<\/span><\/td>\n<td><span style=\"font-weight: 400;\">SABA, CMD, SBO<\/span><\/td>\n<\/tr>\n<\/tbody>\n<\/table>\n<h3><span class=\"ez-toc-section\" id=\"Cuong_nhiet_cung_cac_giai_bong_da_lon_toan_cau\"><\/span><b>Cu\u1ed3ng nhi\u1ec7t c\u00f9ng c\u00e1c gi\u1ea3i b\u00f3ng \u0111\u00e1 l\u1edbn to\u00e0n c\u1ea7u<\/b><span class=\"ez-toc-section-end\"><\/span><\/h3>\n<p><span style=\"font-weight: 400;\">B\u00f3ng \u0111\u00e1 lu\u00f4n l\u00e0 t\u00e2m \u0111i\u1ec3m t\u1ea1i h\u1ec7 th\u1ed1ng v\u1edbi s\u1ef1 g\u00f3p m\u1eb7t c\u1ee7a c\u00e1c gi\u1ea3i \u0111\u1ea5u l\u1edbn nh\u01b0 Ngo\u1ea1i h\u1ea1ng Anh, La Liga hay Champions League. Ng\u01b0\u1eddi ch\u01a1i c\u00f3 th\u1ec3 tham gia d\u1ef1 \u0111o\u00e1n c\u00e1c ch\u1ec9 s\u1ed1 ph\u1ee5 nh\u01b0 ph\u1ea1t g\u00f3c, th\u1ebb ph\u1ea1t hay c\u1ea7u th\u1ee7 ghi b\u00e0n \u0111\u1ea7u ti\u00ean. Nh\u00e0 c\u00e1i mang \u0111\u1ebfn cho ng\u01b0\u1eddi d\u00f9ng nh\u1eefng th\u00f4ng tin soi k\u00e8o h\u1eefu \u00edch \u0111\u1ec3 t\u0103ng kh\u1ea3 n\u0103ng chi\u1ebfn th\u1eafng khi tham gia th\u1ec3 thao KK55.<\/span><\/p>\n<figure id=\"attachment_179\" aria-describedby=\"caption-attachment-179\" style=\"width: 800px\" class=\"wp-caption aligncenter\"><img decoding=\"async\" class=\"size-full wp-image-179\" src=\"https:\/\/kk55.archi\/wp-content\/uploads\/2026\/04\/bang-keo-bong-da-truc-tuyen-moi.jpg\" alt=\"B\u1ea3ng k\u00e8o b\u00f3ng \u0111\u00e1 tr\u1ef1c tuy\u1ebfn m\u1edbi\" width=\"800\" height=\"400\" srcset=\"https:\/\/kk55.archi\/wp-content\/uploads\/2026\/04\/bang-keo-bong-da-truc-tuyen-moi.jpg 800w, https:\/\/kk55.archi\/wp-content\/uploads\/2026\/04\/bang-keo-bong-da-truc-tuyen-moi-300x150.jpg 300w, https:\/\/kk55.archi\/wp-content\/uploads\/2026\/04\/bang-keo-bong-da-truc-tuyen-moi-768x384.jpg 768w\" sizes=\"(max-width: 800px) 100vw, 800px\" \/><figcaption id=\"caption-attachment-179\" class=\"wp-caption-text\">B\u1ea3ng k\u00e8o b\u00f3ng \u0111\u00e1 tr\u1ef1c tuy\u1ebfn m\u1edbi<\/figcaption><\/figure>\n<h3><span class=\"ez-toc-section\" id=\"Trai_nghiem_kich_tinh_voi_bong_ro_va_quan_vot\"><\/span><b>Tr\u1ea3i nghi\u1ec7m k\u1ecbch t\u00ednh v\u1edbi b\u00f3ng r\u1ed5 v\u00e0 qu\u1ea7n v\u1ee3t<\/b><span class=\"ez-toc-section-end\"><\/span><\/h3>\n<p><span style=\"font-weight: 400;\">B\u00ean c\u1ea1nh m\u00f4n th\u1ec3 thao vua, b\u00f3ng r\u1ed5 v\u00e0 qu\u1ea7n v\u1ee3t c\u0169ng nh\u1eadn \u0111\u01b0\u1ee3c s\u1ef1 quan t\u00e2m r\u1ea5t l\u1edbn t\u1eeb c\u1ed9ng \u0111\u1ed3ng ng\u01b0\u1eddi ch\u01a1i. C\u00e1c gi\u1ea3i \u0111\u1ea5u NBA hay Grand Slam lu\u00f4n c\u00f3 m\u1eb7t trong danh s\u00e1ch c\u00e1 c\u01b0\u1ee3c v\u1edbi \u0111\u1ea7y \u0111\u1ee7 c\u00e1c lo\u1ea1i k\u00e8o \u0111a d\u1ea1ng. B\u1ea1n s\u1ebd c\u1ea3m nh\u1eadn \u0111\u01b0\u1ee3c s\u1ef1 chuy\u00ean nghi\u1ec7p trong c\u00e1ch t\u1ed5 ch\u1ee9c v\u00e0 v\u1eadn h\u00e0nh s\u1ea3nh c\u01b0\u1ee3c th\u1ec3 thao KK55 c\u1ee7a ch\u00fang t\u00f4i.<\/span><\/p>\n<h3><span class=\"ez-toc-section\" id=\"Dot_pha_cung_sanh_cuoc_the_thao_dien_tu_hien_dai\"><\/span><b>\u0110\u1ed9t ph\u00e1 c\u00f9ng s\u1ea3nh c\u01b0\u1ee3c th\u1ec3 thao \u0111i\u1ec7n t\u1eed hi\u1ec7n \u0111\u1ea1i<\/b><span class=\"ez-toc-section-end\"><\/span><\/h3>\n<p><span style=\"font-weight: 400;\">Th\u1ec3 thao \u0111i\u1ec7n t\u1eed (E-Sports) l\u00e0 xu h\u01b0\u1edbng m\u1edbi m\u00e0 ch\u00fang t\u00f4i \u0111ang t\u1eadp trung ph\u00e1t tri\u1ec3n m\u1ea1nh m\u1ebd \u0111\u1ec3 ph\u1ee5c v\u1ee5 gi\u1edbi tr\u1ebb. C\u00e1c gi\u1ea3i \u0111\u1ea5u nh\u01b0 League of Legends, Dota 2 hay CS:GO lu\u00f4n s\u00f4i \u0111\u1ed9ng v\u1edbi nh\u1eefng m\u00e0n so t\u00e0i ngh\u1eb9t th\u1edf gi\u1eefa c\u00e1c \u0111\u1ed9i tuy\u1ec3n. Ch\u00fang t\u00f4i cung c\u1ea5p h\u00ecnh \u1ea3nh livestream ch\u1ea5t l\u01b0\u1ee3ng cao \u0111\u1ec3 ng\u01b0\u1eddi d\u00f9ng v\u1eeba theo d\u00f5i v\u1eeba \u0111\u1eb7t c\u01b0\u1ee3c th\u1ec3 thao KK55 tr\u1ef1c ti\u1ebfp.<\/span><\/p>\n<h2><span class=\"ez-toc-section\" id=\"Uu_the_vuot_troi_khi_tham_gia_the_thao_KK55\"><\/span><b>\u01afu th\u1ebf v\u01b0\u1ee3t tr\u1ed9i khi tham gia th\u1ec3 thao KK55<\/b><span class=\"ez-toc-section-end\"><\/span><\/h2>\n<p><span style=\"font-weight: 400;\">H\u1ec7 th\u1ed1ng lu\u00f4n n\u1ed7 l\u1ef1c c\u1ea3i thi\u1ec7n d\u1ecbch v\u1ee5 \u0111\u1ec3 mang l\u1ea1i s\u1ef1 h\u00e0i l\u00f2ng tuy\u1ec7t \u0111\u1ed1i cho m\u1ed7i c\u00e1 nh\u00e2n khi l\u1ef1a ch\u1ecdn \u0111\u1ed3ng h\u00e0nh c\u00f9ng ch\u00fang t\u00f4i.<\/span><\/p>\n<figure id=\"attachment_180\" aria-describedby=\"caption-attachment-180\" style=\"width: 800px\" class=\"wp-caption aligncenter\"><img decoding=\"async\" class=\"size-full wp-image-180\" src=\"https:\/\/kk55.archi\/wp-content\/uploads\/2026\/04\/cac-bo-mon-ca-cuoc-phong-phu.jpg\" alt=\"C\u00e1c b\u1ed9 m\u00f4n c\u00e1 c\u01b0\u1ee3c phong ph\u00fa\" width=\"800\" height=\"400\" srcset=\"https:\/\/kk55.archi\/wp-content\/uploads\/2026\/04\/cac-bo-mon-ca-cuoc-phong-phu.jpg 800w, https:\/\/kk55.archi\/wp-content\/uploads\/2026\/04\/cac-bo-mon-ca-cuoc-phong-phu-300x150.jpg 300w, https:\/\/kk55.archi\/wp-content\/uploads\/2026\/04\/cac-bo-mon-ca-cuoc-phong-phu-768x384.jpg 768w\" sizes=\"(max-width: 800px) 100vw, 800px\" \/><figcaption id=\"caption-attachment-180\" class=\"wp-caption-text\">C\u00e1c b\u1ed9 m\u00f4n c\u00e1 c\u01b0\u1ee3c phong ph\u00fa<\/figcaption><\/figure>\n<h3><span class=\"ez-toc-section\" id=\"Quy_trinh_thanh_toan_nhanh\"><\/span><b>Quy tr\u00ecnh thanh to\u00e1n nhanh<\/b><span class=\"ez-toc-section-end\"><\/span><\/h3>\n<p><span style=\"font-weight: 400;\">T\u1ed1c \u0111\u1ed9 giao d\u1ecbch lu\u00f4n l\u00e0 \u01b0u ti\u00ean h\u00e0ng \u0111\u1ea7u m\u00e0 nh\u00e0 c\u00e1i cam k\u1ebft th\u1ef1c hi\u1ec7n \u0111\u1ed1i v\u1edbi m\u1ecdi kho\u1ea3n th\u1eafng c\u01b0\u1ee3c. Ng\u01b0\u1eddi ch\u01a1i c\u00f3 th\u1ec3 th\u1ef1c hi\u1ec7n r\u00fat ti\u1ec1n v\u1ec1 t\u00e0i kho\u1ea3n ng\u00e2n h\u00e0ng m\u1ed9t c\u00e1ch d\u1ec5 d\u00e0ng v\u00e0 nhanh ch\u00f3ng m\u00e0 kh\u00f4ng c\u1ea7n ch\u1edd \u0111\u1ee3i qu\u00e1 l\u00e2u. Ch\u00fang t\u00f4i h\u1ed7 tr\u1ee3 nhi\u1ec1u ph\u01b0\u01a1ng th\u1ee9c thanh to\u00e1n linh ho\u1ea1t \u0111\u1ec3 b\u1ea1n thu\u1eadn ti\u1ec7n nh\u1ea5t khi c\u00e1 c\u01b0\u1ee3c th\u1ec3 thao KK55.<\/span><\/p>\n<h3><span class=\"ez-toc-section\" id=\"He_thong_bao_mat_thong_tin_dat_cuoc_tuyet_doi\"><\/span><b>H\u1ec7 th\u1ed1ng b\u1ea3o m\u1eadt th\u00f4ng tin \u0111\u1eb7t c\u01b0\u1ee3c tuy\u1ec7t \u0111\u1ed1i<\/b><span class=\"ez-toc-section-end\"><\/span><\/h3>\n<p><span style=\"font-weight: 400;\">M\u1ecdi d\u1eef li\u1ec7u c\u00e1 nh\u00e2n v\u00e0 l\u1ecbch s\u1eed c\u00e1 c\u01b0\u1ee3c c\u1ee7a h\u1ed9i vi\u00ean \u0111\u1ec1u \u0111\u01b0\u1ee3c b\u1ea3o v\u1ec7 b\u1edfi c\u00f4ng ngh\u1ec7 m\u00e3 h\u00f3a ti\u00ean ti\u1ebfn nh\u1ea5t. Nh\u00e0 c\u00e1i \u0111\u1ea7u t\u01b0 m\u1ea1nh m\u1ebd v\u00e0o h\u1ec7 th\u1ed1ng t\u01b0\u1eddng l\u1eeda \u0111a l\u1edbp \u0111\u1ec3 b\u1ea3o v\u1ec7 m\u1ecdi giao d\u1ecbch th\u1ec3 thao KK55.<\/span><\/p>\n<h3><span class=\"ez-toc-section\" id=\"Doi_ngu_CSKh_tan_tam\"><\/span><b>\u0110\u1ed9i ng\u0169 CSKh t\u1eadn t\u00e2m<\/b><span class=\"ez-toc-section-end\"><\/span><\/h3>\n<p><span style=\"font-weight: 400;\">N\u1ebfu g\u1eb7p b\u1ea5t k\u1ef3 kh\u00f3 kh\u0103n n\u00e0o trong qu\u00e1 tr\u00ecnh tham gia, b\u1ea1n c\u00f3 th\u1ec3 li\u00ean h\u1ec7 ngay v\u1edbi \u0111\u1ed9i ng\u0169 ch\u0103m s\u00f3c kh\u00e1ch h\u00e0ng. Ch\u00fang t\u00f4i ho\u1ea1t \u0111\u1ed9ng 24\/7 \u0111\u1ec3 gi\u1ea3i \u0111\u00e1p m\u1ecdi th\u1eafc m\u1eafc v\u00e0 h\u1ed7 tr\u1ee3 ng\u01b0\u1eddi d\u00f9ng x\u1eed l\u00fd c\u00e1c v\u1ea5n \u0111\u1ec1 k\u1ef9 thu\u1eadt nhanh nh\u1ea5t. S\u1ef1 h\u00e0i l\u00f2ng c\u1ee7a ng\u01b0\u1eddi ch\u01a1i ch\u00ednh l\u00e0 \u0111\u1ed9ng l\u1ef1c \u0111\u1ec3 s\u1ea3nh th\u1ec3 thao ng\u00e0y c\u00e0ng ho\u00e0n thi\u1ec7n h\u01a1n.<\/span><\/p>\n<h2><span class=\"ez-toc-section\" id=\"Ket_luan\"><\/span><b>K\u1ebft lu\u1eadn<\/b><span class=\"ez-toc-section-end\"><\/span><\/h2>\n<p><span style=\"font-weight: 400;\">Tham gia v\u00e0o s\u1ea3nh <a href=\"https:\/\/kk55.archi\/index.php\/the-thao-kk55\/\"><strong>th\u1ec3 thao KK55<\/strong><\/a>, b\u1ea1n kh\u00f4ng ch\u1ec9 \u0111\u01b0\u1ee3c h\u00f2a m\u00ecnh v\u00e0o kh\u00f4ng kh\u00ed s\u00f4i \u0111\u1ed9ng c\u1ee7a nh\u1eefng tr\u1eadn c\u1ea7u \u0111\u1ec9nh cao m\u00e0 c\u00f2n t\u00ecm th\u1ea5y c\u01a1 h\u1ed9i gia t\u0103ng thu nh\u1eadp h\u1ea5p d\u1eabn. M\u1ecdi giao d\u1ecbch v\u00e0 th\u00f4ng tin c\u1ee7a KK55 \u0111\u1ec1u \u0111\u01b0\u1ee3c \u0111\u1ea3m b\u1ea3o an to\u00e0n tuy\u1ec7t \u0111\u1ed1i. H\u00e3y b\u1eaft \u0111\u1ea7u h\u00e0nh tr\u00ecnh chinh ph\u1ee5c nh\u1eefng \u0111\u1ec9nh cao m\u1edbi c\u00f9ng nh\u00e0 c\u00e1i ngay h\u00f4m nay \u0111\u1ec3 nh\u1eadn \u0111\u01b0\u1ee3c nh\u1eefng \u01b0u \u0111\u00e3i \u0111\u1eb7c bi\u1ec7t nh\u1ea5t d\u00e0nh ri\u00eang cho h\u1ed9i vi\u00ean.<\/span><\/p>\n","protected":false},"excerpt":{"rendered":"<p>S\u1ea3nh C\u00e1 C\u01b0\u1ee3c Th\u1ec3 Thao KK55 Uy T\u00edn V\u00e0 \u0110\u1eb3ng C\u1ea5p Nh\u1ea5t N\u0103m Th\u1ec3 thao KK55 mang \u0111\u1ebfn m\u1ed9t th\u1ebf gi\u1edbi gi\u1ea3i tr\u00ed \u0111\u1ea7y m\u00e0u s\u1eafc v\u1edbi h\u00e0ng ng\u00e0n tr\u1eadn \u0111\u1ea5u \u0111\u1ec9nh cao di\u1ec5n ra m\u1ed7i ng\u00e0y. Ch\u00fang t\u00f4i cam k\u1ebft t\u1ea1o ra m\u00f4i tr\u01b0\u1eddng c\u00e1 c\u01b0\u1ee3c c\u00f4ng b\u1eb1ng, minh b\u1ea1ch c\u00f9ng h\u1ec7 th\u1ed1ng b\u1ea3o [&#8230;]\n","protected":false},"author":1,"featured_media":182,"parent":0,"menu_order":0,"comment_status":"closed","ping_status":"closed","template":"","meta":{"footnotes":""},"class_list":["post-178","page","type-page","status-publish","has-post-thumbnail","hentry"],"_links":{"self":[{"href":"https:\/\/kk55.archi\/index.php\/wp-json\/wp\/v2\/pages\/178","targetHints":{"allow":["GET"]}}],"collection":[{"href":"https:\/\/kk55.archi\/index.php\/wp-json\/wp\/v2\/pages"}],"about":[{"href":"https:\/\/kk55.archi\/index.php\/wp-json\/wp\/v2\/types\/page"}],"author":[{"embeddable":true,"href":"https:\/\/kk55.archi\/index.php\/wp-json\/wp\/v2\/users\/1"}],"replies":[{"embeddable":true,"href":"https:\/\/kk55.archi\/index.php\/wp-json\/wp\/v2\/comments?post=178"}],"version-history":[{"count":3,"href":"https:\/\/kk55.archi\/index.php\/wp-json\/wp\/v2\/pages\/178\/revisions"}],"predecessor-version":[{"id":319,"href":"https:\/\/kk55.archi\/index.php\/wp-json\/wp\/v2\/pages\/178\/revisions\/319"}],"wp:featuredmedia":[{"embeddable":true,"href":"https:\/\/kk55.archi\/index.php\/wp-json\/wp\/v2\/media\/182"}],"wp:attachment":[{"href":"https:\/\/kk55.archi\/index.php\/wp-json\/wp\/v2\/media?parent=178"}],"curies":[{"name":"wp","href":"https:\/\/api.w.org\/{rel}","templated":true}]}}