{"id":185,"date":"2026-04-11T15:32:41","date_gmt":"2026-04-11T08:32:41","guid":{"rendered":"https:\/\/kk55.archi\/?page_id=185"},"modified":"2026-04-12T14:00:13","modified_gmt":"2026-04-12T07:00:13","slug":"live-casino-kk55","status":"publish","type":"page","link":"https:\/\/kk55.archi\/index.php\/live-casino-kk55\/","title":{"rendered":"Tham Gia S\u00f2ng B\u00e0i Tr\u1ef1c Tuy\u1ebfn Live Casino KK55 C\u1ef1c Hay"},"content":{"rendered":"<div id=\"ez-toc-container\" class=\"ez-toc-v2_0_82_2 counter-hierarchy ez-toc-counter ez-toc-grey ez-toc-container-direction\">\n<div class=\"ez-toc-title-container\">\n<p class=\"ez-toc-title\" style=\"cursor:inherit\">M\u1ee5c L\u1ee5c<\/p>\n<span class=\"ez-toc-title-toggle\"><a href=\"#\" class=\"ez-toc-pull-right ez-toc-btn ez-toc-btn-xs ez-toc-btn-default ez-toc-toggle\" aria-label=\"Toggle Table of Content\"><span class=\"ez-toc-js-icon-con\"><span class=\"\"><span class=\"eztoc-hide\" style=\"display:none;\">Toggle<\/span><span class=\"ez-toc-icon-toggle-span\"><svg style=\"fill: #999;color:#999\" xmlns=\"http:\/\/www.w3.org\/2000\/svg\" class=\"list-377408\" width=\"20px\" height=\"20px\" viewBox=\"0 0 24 24\" fill=\"none\"><path d=\"M6 6H4v2h2V6zm14 0H8v2h12V6zM4 11h2v2H4v-2zm16 0H8v2h12v-2zM4 16h2v2H4v-2zm16 0H8v2h12v-2z\" fill=\"currentColor\"><\/path><\/svg><svg style=\"fill: #999;color:#999\" class=\"arrow-unsorted-368013\" xmlns=\"http:\/\/www.w3.org\/2000\/svg\" width=\"10px\" height=\"10px\" viewBox=\"0 0 24 24\" version=\"1.2\" baseProfile=\"tiny\"><path d=\"M18.2 9.3l-6.2-6.3-6.2 6.3c-.2.2-.3.4-.3.7s.1.5.3.7c.2.2.4.3.7.3h11c.3 0 .5-.1.7-.3.2-.2.3-.5.3-.7s-.1-.5-.3-.7zM5.8 14.7l6.2 6.3 6.2-6.3c.2-.2.3-.5.3-.7s-.1-.5-.3-.7c-.2-.2-.4-.3-.7-.3h-11c-.3 0-.5.1-.7.3-.2.2-.3.5-.3.7s.1.5.3.7z\"\/><\/svg><\/span><\/span><\/span><\/a><\/span><\/div>\n<nav><ul class='ez-toc-list ez-toc-list-level-1 ' ><li class='ez-toc-page-1 ez-toc-heading-level-1'><a class=\"ez-toc-link ez-toc-heading-1\" href=\"https:\/\/kk55.archi\/index.php\/live-casino-kk55\/#Tham_Gia_Song_Bai_Truc_Tuyen_Live_Casino_KK55_Cuc_Hay\" >Tham Gia S\u00f2ng B\u00e0i Tr\u1ef1c Tuy\u1ebfn Live Casino KK55 C\u1ef1c Hay<\/a><ul class='ez-toc-list-level-2' ><li class='ez-toc-heading-level-2'><a class=\"ez-toc-link ez-toc-heading-2\" href=\"https:\/\/kk55.archi\/index.php\/live-casino-kk55\/#Trai_nghiem_live_casino_KK55_dang_cap_va_chuyen_nghiep\" >Tr\u1ea3i nghi\u1ec7m live casino KK55 \u0111\u1eb3ng c\u1ea5p v\u00e0 chuy\u00ean nghi\u1ec7p<\/a><ul class='ez-toc-list-level-3' ><li class='ez-toc-heading-level-3'><a class=\"ez-toc-link ez-toc-heading-3\" href=\"https:\/\/kk55.archi\/index.php\/live-casino-kk55\/#He_thong_sanh_cuoc_hien_dai_van_hanh_chuan_quoc_te\" >H\u1ec7 th\u1ed1ng s\u1ea3nh c\u01b0\u1ee3c hi\u1ec7n \u0111\u1ea1i v\u1eadn h\u00e0nh chu\u1ea9n qu\u1ed1c t\u1ebf<\/a><\/li><li class='ez-toc-page-1 ez-toc-heading-level-3'><a class=\"ez-toc-link ez-toc-heading-4\" href=\"https:\/\/kk55.archi\/index.php\/live-casino-kk55\/#Cong_nghe_truyen_tai_hinh_anh_4K_sac_net_minh_bach\" >C\u00f4ng ngh\u1ec7 truy\u1ec1n t\u1ea3i h\u00ecnh \u1ea3nh 4K s\u1eafc n\u00e9t minh b\u1ea1ch<\/a><\/li><li class='ez-toc-page-1 ez-toc-heading-level-3'><a class=\"ez-toc-link ez-toc-heading-5\" href=\"https:\/\/kk55.archi\/index.php\/live-casino-kk55\/#Doi_ngu_Dealer_nong_bong_tuong_tac_truc_tiep_thu_vi\" >\u0110\u1ed9i ng\u0169 Dealer n\u00f3ng b\u1ecfng t\u01b0\u01a1ng t\u00e1c tr\u1ef1c ti\u1ebfp th\u00fa v\u1ecb<\/a><\/li><\/ul><\/li><li class='ez-toc-page-1 ez-toc-heading-level-2'><a class=\"ez-toc-link ez-toc-heading-6\" href=\"https:\/\/kk55.archi\/index.php\/live-casino-kk55\/#Kham_pha_nhung_tua_game_song_bai_truc_tuyen_hap_dan\" >Kh\u00e1m ph\u00e1 nh\u1eefng t\u1ef1a game s\u00f2ng b\u00e0i tr\u1ef1c tuy\u1ebfn h\u1ea5p d\u1eabn<\/a><ul class='ez-toc-list-level-3' ><li class='ez-toc-heading-level-3'><a class=\"ez-toc-link ez-toc-heading-7\" href=\"https:\/\/kk55.archi\/index.php\/live-casino-kk55\/#Baccarat_kich_tinh_voi_ty_le_tra_thuong_canh_tranh\" >Baccarat k\u1ecbch t\u00ednh v\u1edbi t\u1ef7 l\u1ec7 tr\u1ea3 th\u01b0\u1edfng c\u1ea1nh tranh<\/a><\/li><li class='ez-toc-page-1 ez-toc-heading-level-3'><a class=\"ez-toc-link ez-toc-heading-8\" href=\"https:\/\/kk55.archi\/index.php\/live-casino-kk55\/#Roulette_vong_quay_may_man_day_loi_cuon_moi_giay\" >Roulette v\u00f2ng quay may m\u1eafn \u0111\u1ea7y l\u00f4i cu\u1ed1n m\u1ed7i gi\u00e2y<\/a><\/li><li class='ez-toc-page-1 ez-toc-heading-level-3'><a class=\"ez-toc-link ez-toc-heading-9\" href=\"https:\/\/kk55.archi\/index.php\/live-casino-kk55\/#Sic_Bo_tai_xiu_soi_dong_cung_am_thanh_chan_thuc_nhat\" >Sic Bo t\u00e0i x\u1ec9u s\u00f4i \u0111\u1ed9ng c\u00f9ng \u00e2m thanh ch\u00e2n th\u1ef1c nh\u1ea5t<\/a><\/li><\/ul><\/li><li class='ez-toc-page-1 ez-toc-heading-level-2'><a class=\"ez-toc-link ez-toc-heading-10\" href=\"https:\/\/kk55.archi\/index.php\/live-casino-kk55\/#Cam_ket_an_toan_va_bao_mat_du_lieu_nguoi_dung\" >Cam k\u1ebft an to\u00e0n v\u00e0 b\u1ea3o m\u1eadt d\u1eef li\u1ec7u ng\u01b0\u1eddi d\u00f9ng<\/a><\/li><li class='ez-toc-page-1 ez-toc-heading-level-2'><a class=\"ez-toc-link ez-toc-heading-11\" href=\"https:\/\/kk55.archi\/index.php\/live-casino-kk55\/#Ket_luan\" >K\u1ebft lu\u1eadn<\/a><\/li><\/ul><\/li><\/ul><\/nav><\/div>\n<h1 style=\"text-align: center;\"><span class=\"ez-toc-section\" id=\"Tham_Gia_Song_Bai_Truc_Tuyen_Live_Casino_KK55_Cuc_Hay\"><\/span><b>Tham Gia S\u00f2ng B\u00e0i Tr\u1ef1c Tuy\u1ebfn Live Casino KK55 C\u1ef1c Hay<\/b><span class=\"ez-toc-section-end\"><\/span><\/h1>\n<p><span style=\"font-weight: 400;\">Live casino KK55 \u0111ang kh\u1eb3ng \u0111\u1ecbnh v\u1ecb th\u1ebf d\u1eabn \u0111\u1ea7u nh\u1edd h\u1ec7 th\u1ed1ng s\u1ea3nh c\u01b0\u1ee3c \u0111\u01b0\u1ee3c \u0111\u1ea7u t\u01b0 b\u00e0i b\u1ea3n v\u00e0 chuy\u00ean nghi\u1ec7p nh\u1ea5t hi\u1ec7n nay. Ch\u00fang t\u00f4i hi\u1ec3u r\u1eb1ng ng\u01b0\u1eddi ch\u01a1i lu\u00f4n c\u1ea7n m\u1ed9t kh\u00f4ng gian gi\u1ea3i tr\u00ed c\u00f4ng b\u1eb1ng, n\u01a1i m\u1ed7i l\u00e1 b\u00e0i \u0111\u1ec1u \u0111\u01b0\u1ee3c l\u1eadt m\u1edf c\u00f4ng khai d\u01b0\u1edbi s\u1ef1 ch\u1ee9ng ki\u1ebfn tr\u1ef1c ti\u1ebfp c\u1ee7a b\u1ea1n. <a href=\"https:\/\/kk55.archi\/\"><strong>KK55<\/strong><\/a> cam k\u1ebft b\u1ea3o v\u1ec7 quy\u1ec1n l\u1ee3i t\u1ed1i \u0111a v\u00e0 mang l\u1ea1i nh\u1eefng gi\u00e2y ph\u00fat h\u1ed3i h\u1ed9p kh\u00f3 qu\u00ean cho m\u1ecdi th\u00e0nh vi\u00ean.<\/span><\/p>\n<h2><span class=\"ez-toc-section\" id=\"Trai_nghiem_live_casino_KK55_dang_cap_va_chuyen_nghiep\"><\/span><b>Tr\u1ea3i nghi\u1ec7m live casino KK55 \u0111\u1eb3ng c\u1ea5p v\u00e0 chuy\u00ean nghi\u1ec7p<\/b><span class=\"ez-toc-section-end\"><\/span><\/h2>\n<p><span style=\"font-weight: 400;\">S\u1ef1 chuy\u00ean nghi\u1ec7p l\u00e0 y\u1ebfu t\u1ed1 then ch\u1ed1t t\u1ea1o n\u00ean uy t\u00edn v\u1eefng ch\u1eafc c\u1ee7a h\u1ec7 th\u1ed1ng s\u00f2ng b\u00e0i tr\u1ef1c tuy\u1ebfn n\u00e0y trong l\u00f2ng ng\u01b0\u1eddi d\u00f9ng.<\/span><\/p>\n<figure id=\"attachment_189\" aria-describedby=\"caption-attachment-189\" style=\"width: 800px\" class=\"wp-caption aligncenter\"><img decoding=\"async\" class=\"size-full wp-image-189\" src=\"https:\/\/kk55.archi\/wp-content\/uploads\/2026\/04\/song-bai-live-casino-kk55-chuyen-nghiep.jpg\" alt=\"S\u00f2ng b\u00e0i live casino KK55 chuy\u00ean nghi\u1ec7p\" width=\"800\" height=\"400\" srcset=\"https:\/\/kk55.archi\/wp-content\/uploads\/2026\/04\/song-bai-live-casino-kk55-chuyen-nghiep.jpg 800w, https:\/\/kk55.archi\/wp-content\/uploads\/2026\/04\/song-bai-live-casino-kk55-chuyen-nghiep-300x150.jpg 300w, https:\/\/kk55.archi\/wp-content\/uploads\/2026\/04\/song-bai-live-casino-kk55-chuyen-nghiep-768x384.jpg 768w\" sizes=\"(max-width: 800px) 100vw, 800px\" \/><figcaption id=\"caption-attachment-189\" class=\"wp-caption-text\">S\u00f2ng b\u00e0i live casino KK55 chuy\u00ean nghi\u1ec7p<\/figcaption><\/figure>\n<h3><span class=\"ez-toc-section\" id=\"He_thong_sanh_cuoc_hien_dai_van_hanh_chuan_quoc_te\"><\/span><b>H\u1ec7 th\u1ed1ng s\u1ea3nh c\u01b0\u1ee3c hi\u1ec7n \u0111\u1ea1i v\u1eadn h\u00e0nh chu\u1ea9n qu\u1ed1c t\u1ebf<\/b><span class=\"ez-toc-section-end\"><\/span><\/h3>\n<p><span style=\"font-weight: 400;\">Ch\u00fang t\u00f4i h\u1ee3p t\u00e1c v\u1edbi nh\u1eefng \u0111\u01a1n v\u1ecb cung c\u1ea5p n\u1ec1n t\u1ea3ng gi\u1ea3i tr\u00ed h\u00e0ng \u0111\u1ea7u th\u1ebf gi\u1edbi \u0111\u1ec3 mang \u0111\u1ebfn h\u01a1n 50 b\u00e0n c\u01b0\u1ee3c ho\u1ea1t \u0111\u1ed9ng li\u00ean t\u1ee5c 24\/7. Ng\u01b0\u1eddi ch\u01a1i c\u00f3 th\u1ec3 d\u1ec5 d\u00e0ng chuy\u1ec3n \u0111\u1ed5i gi\u1eefa c\u00e1c s\u1ea3nh v\u1edbi giao di\u1ec7n m\u01b0\u1ee3t m\u00e0, kh\u00f4ng g\u1eb7p b\u1ea5t k\u1ef3 tr\u1edf ng\u1ea1i n\u00e0o v\u1ec1 k\u1ef9 thu\u1eadt. M\u1ed7i s\u1ea3nh c\u01b0\u1ee3c t\u1ea1i Live casino KK55 \u0111\u1ec1u \u0111\u01b0\u1ee3c thi\u1ebft k\u1ebf sang tr\u1ecdng, m\u00f4 ph\u1ecfng ch\u00ednh x\u00e1c kh\u00f4ng gian c\u1ee7a c\u00e1c s\u00f2ng b\u00e0i l\u1edbn t\u1ea1i Macau hay Las Vegas.<br \/>\n<\/span><\/p>\n<h3><span class=\"ez-toc-section\" id=\"Cong_nghe_truyen_tai_hinh_anh_4K_sac_net_minh_bach\"><\/span><b>C\u00f4ng ngh\u1ec7 truy\u1ec1n t\u1ea3i h\u00ecnh \u1ea3nh 4K s\u1eafc n\u00e9t minh b\u1ea1ch<\/b><span class=\"ez-toc-section-end\"><\/span><\/h3>\n<p><span style=\"font-weight: 400;\">\u0110i\u1ec3m kh\u00e1c bi\u1ec7t c\u1ee7a h\u1ec7 th\u1ed1ng ch\u00ednh l\u00e0 c\u00f4ng ngh\u1ec7 livestream ti\u00ean ti\u1ebfn, gi\u00fap gi\u1ea3m thi\u1ec3u \u0111\u1ed9 tr\u1ec5 xu\u1ed1ng m\u1ee9c c\u1ef1c th\u1ea5p. B\u1ea1n c\u00f3 th\u1ec3 quan s\u00e1t t\u1eebng c\u1eed ch\u1ec9 c\u1ee7a Dealer th\u00f4ng qua c\u00e1c g\u00f3c quay \u0111a chi\u1ec1u, \u0111\u1ea3m b\u1ea3o t\u00ednh kh\u00e1ch quan tuy\u1ec7t \u0111\u1ed1i cho m\u1ed7i v\u00e1n b\u00e0i.<\/span><\/p>\n<figure id=\"attachment_186\" aria-describedby=\"caption-attachment-186\" style=\"width: 800px\" class=\"wp-caption aligncenter\"><img decoding=\"async\" class=\"size-full wp-image-186\" src=\"https:\/\/kk55.archi\/wp-content\/uploads\/2026\/04\/hinh-anh-sac-net-tai-sanh-cuoc.jpg\" alt=\"H\u00ecnh \u1ea3nh s\u1eafc n\u00e9t t\u1ea1i s\u1ea3nh c\u01b0\u1ee3c\" width=\"800\" height=\"400\" srcset=\"https:\/\/kk55.archi\/wp-content\/uploads\/2026\/04\/hinh-anh-sac-net-tai-sanh-cuoc.jpg 800w, https:\/\/kk55.archi\/wp-content\/uploads\/2026\/04\/hinh-anh-sac-net-tai-sanh-cuoc-300x150.jpg 300w, https:\/\/kk55.archi\/wp-content\/uploads\/2026\/04\/hinh-anh-sac-net-tai-sanh-cuoc-768x384.jpg 768w\" sizes=\"(max-width: 800px) 100vw, 800px\" \/><figcaption id=\"caption-attachment-186\" class=\"wp-caption-text\">H\u00ecnh \u1ea3nh s\u1eafc n\u00e9t t\u1ea1i s\u1ea3nh c\u01b0\u1ee3c<\/figcaption><\/figure>\n<h3><span class=\"ez-toc-section\" id=\"Doi_ngu_Dealer_nong_bong_tuong_tac_truc_tiep_thu_vi\"><\/span><b>\u0110\u1ed9i ng\u0169 Dealer n\u00f3ng b\u1ecfng t\u01b0\u01a1ng t\u00e1c tr\u1ef1c ti\u1ebfp th\u00fa v\u1ecb<\/b><span class=\"ez-toc-section-end\"><\/span><\/h3>\n<p><span style=\"font-weight: 400;\">S\u1ef1 g\u00f3p m\u1eb7t c\u1ee7a d\u00e0n chia b\u00e0i xinh \u0111\u1eb9p v\u00e0 gi\u00e0u kinh nghi\u1ec7m kh\u00f4ng ch\u1ec9 l\u00e0m t\u0103ng t\u00ednh chuy\u00ean nghi\u1ec7p m\u00e0 c\u00f2n t\u1ea1o ra kh\u00f4ng kh\u00ed s\u00f4i \u0111\u1ed9ng. Ng\u01b0\u1eddi ch\u01a1i c\u00f3 th\u1ec3 tr\u00f2 chuy\u1ec7n tr\u1ef1c ti\u1ebfp qua khung chat, t\u1ea1o c\u1ea3m gi\u00e1c g\u1ea7n g\u0169i nh\u01b0 \u0111ang ng\u1ed3i t\u1ea1i b\u00e0n c\u01b0\u1ee3c th\u1ef1c th\u1ee5.<\/span><\/p>\n<blockquote><p><span style=\"font-weight: 400;\"><br \/>\nXem Th\u00eam:\u00a0S\u0103n Th\u01b0\u1edfng \u0110\u1ea1i D\u01b0\u01a1ng <a href=\"https:\/\/kk55.archi\/index.php\/ban-ca-kk55\/\">B\u1eafn C\u00e1 <\/a>KK55 \u0110\u1eb3ng C\u1ea5p V\u1edbi T\u1ef7 L\u1ec7 Cao<\/span><\/p><\/blockquote>\n<p><span style=\"font-weight: 400;\">H\u1ec7 th\u1ed1ng s\u00f2ng b\u00e0i Live casino KK55 kh\u00f4ng ch\u1ec9 m\u1ea1nh v\u1ec1 c\u00f4ng ngh\u1ec7 m\u00e0 c\u00f2n \u1ea5n t\u01b0\u1ee3ng v\u1ec1 c\u00e1c ch\u1ec9 s\u1ed1 v\u1eadn h\u00e0nh th\u1ef1c t\u1ebf:<\/span><\/p>\n<table>\n<tbody>\n<tr>\n<td><span style=\"font-weight: 400;\">Th\u00f4ng s\u1ed1 k\u1ef9 thu\u1eadt<\/span><\/td>\n<td><span style=\"font-weight: 400;\">Chi ti\u1ebft d\u1ecbch v\u1ee5<\/span><\/td>\n<\/tr>\n<tr>\n<td><span style=\"font-weight: 400;\">S\u1ed1 l\u01b0\u1ee3ng s\u1ea3nh c\u01b0\u1ee3c<\/span><\/td>\n<td><span style=\"font-weight: 400;\">8 s\u1ea3nh qu\u1ed1c t\u1ebf<\/span><\/td>\n<\/tr>\n<tr>\n<td><span style=\"font-weight: 400;\">\u0110\u1ed9 ph\u00e2n gi\u1ea3i video<\/span><\/td>\n<td><span style=\"font-weight: 400;\">Chu\u1ea9n 4K Ultra HD<\/span><\/td>\n<\/tr>\n<tr>\n<td><span style=\"font-weight: 400;\">T\u1ed1c \u0111\u1ed9 \u0111\u01b0\u1eddng truy\u1ec1n<\/span><\/td>\n<td><span style=\"font-weight: 400;\">D\u01b0\u1edbi 0.1 gi\u00e2y \u0111\u1ed9 tr\u1ec5<\/span><\/td>\n<\/tr>\n<tr>\n<td><span style=\"font-weight: 400;\">S\u1ed1 l\u01b0\u1ee3ng Dealer<\/span><\/td>\n<td><span style=\"font-weight: 400;\">H\u01a1n 200 nh\u00e2n vi\u00ean<\/span><\/td>\n<\/tr>\n<tr>\n<td><span style=\"font-weight: 400;\">M\u1ee9c c\u01b0\u1ee3c t\u1ed1i thi\u1ec3u<\/span><\/td>\n<td><span style=\"font-weight: 400;\">10.000 VN\u0110<\/span><\/td>\n<\/tr>\n<\/tbody>\n<\/table>\n<h2><span class=\"ez-toc-section\" id=\"Kham_pha_nhung_tua_game_song_bai_truc_tuyen_hap_dan\"><\/span><b>Kh\u00e1m ph\u00e1 nh\u1eefng t\u1ef1a game s\u00f2ng b\u00e0i tr\u1ef1c tuy\u1ebfn h\u1ea5p d\u1eabn<\/b><span class=\"ez-toc-section-end\"><\/span><\/h2>\n<p><span style=\"font-weight: 400;\">T\u1ea1i \u0111\u00e2y, b\u1ea1n s\u1ebd \u0111\u01b0\u1ee3c \u0111\u1eafm ch\u00ecm trong th\u1ebf gi\u1edbi tr\u00f2 ch\u01a1i \u0111a d\u1ea1ng, n\u01a1i m\u1ed7i l\u1ef1a ch\u1ecdn \u0111\u1ec1u mang l\u1ea1i c\u01a1 h\u1ed9i \u0111\u1ed5i \u0111\u1eddi h\u1ea5p d\u1eabn. S\u1ef1 l\u00f4i cu\u1ed1n c\u1ee7a Live casino KK55 c\u00f2n n\u1eb1m \u1edf t\u1ef7 l\u1ec7 tr\u1ea3 th\u01b0\u1edfng c\u1ea1nh tranh b\u1eadc nh\u1ea5t th\u1ecb tr\u01b0\u1eddng hi\u1ec7n nay.<\/span><\/p>\n<h3><span class=\"ez-toc-section\" id=\"Baccarat_kich_tinh_voi_ty_le_tra_thuong_canh_tranh\"><\/span><b>Baccarat k\u1ecbch t\u00ednh v\u1edbi t\u1ef7 l\u1ec7 tr\u1ea3 th\u01b0\u1edfng c\u1ea1nh tranh<\/b><span class=\"ez-toc-section-end\"><\/span><\/h3>\n<p><span style=\"font-weight: 400;\">\u0110\u00e2y l\u00e0 tr\u00f2 ch\u01a1i thu h\u00fat l\u01b0\u1ee3ng l\u1edbn ng\u01b0\u1eddi ch\u01a1i nh\u1edd lu\u1eadt ch\u01a1i \u0111\u01a1n gi\u1ea3n nh\u01b0ng \u0111\u1ea7y bi\u1ebfn h\u00f3a. B\u1ea1n ch\u1ec9 c\u1ea7n d\u1ef1 \u0111o\u00e1n \u0111i\u1ec3m s\u1ed1 gi\u1eefa hai c\u1eeda Player v\u00e0 Banker \u0111\u1ec3 mang v\u1ec1 nh\u1eefng kho\u1ea3n l\u1ee3i nhu\u1eadn l\u1edbn. Nh\u00e0 c\u00e1i lu\u00f4n c\u1eadp nh\u1eadt b\u1ea3ng th\u1ed1ng k\u00ea k\u1ebft qu\u1ea3 chi ti\u1ebft \u0111\u1ec3 ng\u01b0\u1eddi d\u00f9ng d\u1ec5 d\u00e0ng theo d\u00f5i v\u00e0 \u0111\u01b0a ra quy\u1ebft \u0111\u1ecbnh \u0111\u1eb7t c\u01b0\u1ee3c ch\u00ednh x\u00e1c h\u01a1n.<\/span><\/p>\n<h3><span class=\"ez-toc-section\" id=\"Roulette_vong_quay_may_man_day_loi_cuon_moi_giay\"><\/span><b>Roulette v\u00f2ng quay may m\u1eafn \u0111\u1ea7y l\u00f4i cu\u1ed1n m\u1ed7i gi\u00e2y<\/b><span class=\"ez-toc-section-end\"><\/span><\/h3>\n<p><span style=\"font-weight: 400;\">V\u00f2ng quay Roulette lu\u00f4n l\u00e0 t\u00e2m \u0111i\u1ec3m c\u1ee7a s\u1ef1 ch\u00fa \u00fd v\u1edbi nh\u1eefng con s\u1ed1 mang l\u1ea1i v\u1eadn may b\u1ea5t ng\u1edd. Ch\u00fang t\u00f4i cung c\u1ea5p \u0111a d\u1ea1ng c\u00e1c ki\u1ec3u c\u01b0\u1ee3c t\u1eeb c\u01b0\u1ee3c \u0111\u01a1n, c\u01b0\u1ee3c \u0111\u00f4i \u0111\u1ebfn c\u01b0\u1ee3c m\u00e0u s\u1eafc, gi\u00fap b\u1ea1n t\u1ed1i \u01b0u h\u00f3a chi\u1ebfn thu\u1eadt c\u00e1 nh\u00e2n c\u1ee7a m\u00ecnh. T\u1ea1i Live casino KK55, m\u1ed7i v\u00f2ng quay \u0111\u1ec1u \u0111\u01b0\u1ee3c v\u1eadn h\u00e0nh m\u1ed9t c\u00e1ch ng\u1eabu nhi\u00ean v\u00e0 minh b\u1ea1ch ho\u00e0n to\u00e0n.<\/span><\/p>\n<h3><span class=\"ez-toc-section\" id=\"Sic_Bo_tai_xiu_soi_dong_cung_am_thanh_chan_thuc_nhat\"><\/span><b>Sic Bo t\u00e0i x\u1ec9u s\u00f4i \u0111\u1ed9ng c\u00f9ng \u00e2m thanh ch\u00e2n th\u1ef1c nh\u1ea5t<\/b><span class=\"ez-toc-section-end\"><\/span><\/h3>\n<p><span style=\"font-weight: 400;\">Tr\u00f2 ch\u01a1i x\u00fac x\u1eafc truy\u1ec1n th\u1ed1ng n\u00e0y \u0111\u00e3 \u0111\u01b0\u1ee3c n\u00e2ng c\u1ea5p l\u00ean m\u1ed9t t\u1ea7m cao m\u1edbi v\u1edbi hi\u1ec7u \u1ee9ng \u00e2m thanh s\u1ed1ng \u0111\u1ed9ng. Ng\u01b0\u1eddi ch\u01a1i s\u1ebd c\u1ea3m nh\u1eadn \u0111\u01b0\u1ee3c ti\u1ebfng x\u00fac x\u1eafc va ch\u1ea1m th\u1ef1c t\u1ebf, t\u1ea1o n\u00ean c\u1ea3m x\u00fac h\u1ed3i h\u1ed9p \u0111\u1ebfn ngh\u1eb9t th\u1edf tr\u01b0\u1edbc khi k\u1ebft qu\u1ea3 \u0111\u01b0\u1ee3c c\u00f4ng b\u1ed1.<\/span><\/p>\n<figure id=\"attachment_188\" aria-describedby=\"caption-attachment-188\" style=\"width: 800px\" class=\"wp-caption aligncenter\"><img decoding=\"async\" class=\"size-full wp-image-188\" src=\"https:\/\/kk55.archi\/wp-content\/uploads\/2026\/04\/sanh-cuoc-tai-xiu-truc-tuyen-vui.jpg\" alt=\"S\u1ea3nh c\u01b0\u1ee3c t\u00e0i x\u1ec9u tr\u1ef1c tuy\u1ebfn vui\" width=\"800\" height=\"400\" srcset=\"https:\/\/kk55.archi\/wp-content\/uploads\/2026\/04\/sanh-cuoc-tai-xiu-truc-tuyen-vui.jpg 800w, https:\/\/kk55.archi\/wp-content\/uploads\/2026\/04\/sanh-cuoc-tai-xiu-truc-tuyen-vui-300x150.jpg 300w, https:\/\/kk55.archi\/wp-content\/uploads\/2026\/04\/sanh-cuoc-tai-xiu-truc-tuyen-vui-768x384.jpg 768w\" sizes=\"(max-width: 800px) 100vw, 800px\" \/><figcaption id=\"caption-attachment-188\" class=\"wp-caption-text\">S\u1ea3nh c\u01b0\u1ee3c t\u00e0i x\u1ec9u tr\u1ef1c tuy\u1ebfn vui<\/figcaption><\/figure>\n<h2><span class=\"ez-toc-section\" id=\"Cam_ket_an_toan_va_bao_mat_du_lieu_nguoi_dung\"><\/span><b>Cam k\u1ebft an to\u00e0n v\u00e0 b\u1ea3o m\u1eadt d\u1eef li\u1ec7u ng\u01b0\u1eddi d\u00f9ng<\/b><span class=\"ez-toc-section-end\"><\/span><\/h2>\n<p><span style=\"font-weight: 400;\">Ch\u00fang t\u00f4i lu\u00f4n \u0111\u1eb7t s\u1ef1 an to\u00e0n c\u1ee7a b\u1ea1n l\u00ean h\u00e0ng \u0111\u1ea7u b\u1eb1ng vi\u1ec7c \u00e1p d\u1ee5ng nh\u1eefng c\u00f4ng ngh\u1ec7 b\u1ea3o m\u1eadt ti\u00ean ti\u1ebfn nh\u1ea5t hi\u1ec7n nay. M\u1ecdi th\u00f4ng tin giao d\u1ecbch v\u00e0 d\u1eef li\u1ec7u c\u00e1 nh\u00e2n t\u1ea1i Live casino KK55 \u0111\u1ec1u \u0111\u01b0\u1ee3c m\u00e3 h\u00f3a \u0111a t\u1ea7ng, ng\u0103n ch\u1eb7n m\u1ecdi h\u00e0nh vi x\u00e2m nh\u1eadp tr\u00e1i ph\u00e9p t\u1eeb b\u00ean ngo\u00e0i.<\/span><\/p>\n<p><span style=\"font-weight: 400;\">S\u1ef1 tin t\u01b0\u1edfng c\u1ee7a ng\u01b0\u1eddi d\u00f9ng ch\u00ednh l\u00e0 \u0111\u1ed9ng l\u1ef1c \u0111\u1ec3 nh\u00e0 c\u00e1i kh\u00f4ng ng\u1eebng n\u00e2ng c\u1ea5p h\u1ec7 th\u1ed1ng:<\/span><\/p>\n<ul>\n<li style=\"font-weight: 400;\" aria-level=\"1\"><span style=\"font-weight: 400;\">S\u1eed d\u1ee5ng giao th\u1ee9c SSL 128 bit \u0111\u1ec3 b\u1ea3o v\u1ec7 m\u1ecdi lu\u1ed3ng th\u00f4ng tin.<\/span><\/li>\n<li style=\"font-weight: 400;\" aria-level=\"1\"><span style=\"font-weight: 400;\">H\u1ec7 th\u1ed1ng t\u01b0\u1eddng l\u1eeda k\u00e9p gi\u00e1m s\u00e1t h\u00e0nh vi gian l\u1eadn 24\/24.<\/span><\/li>\n<li style=\"font-weight: 400;\" aria-level=\"1\"><span style=\"font-weight: 400;\">Ch\u00ednh s\u00e1ch r\u00fat ti\u1ec1n nhanh ch\u00f3ng, minh b\u1ea1ch trong v\u00f2ng 5 ph\u00fat.<\/span><\/li>\n<li style=\"font-weight: 400;\" aria-level=\"1\"><span style=\"font-weight: 400;\">\u0110\u1ed9i ng\u0169 h\u1ed7 tr\u1ee3 k\u1ef9 thu\u1eadt lu\u00f4n s\u1eb5n s\u00e0ng gi\u1ea3i \u0111\u00e1p m\u1ecdi th\u1eafc m\u1eafc c\u1ee7a b\u1ea1n.<\/span><\/li>\n<\/ul>\n<h2><span class=\"ez-toc-section\" id=\"Ket_luan\"><\/span><b>K\u1ebft lu\u1eadn<\/b><span class=\"ez-toc-section-end\"><\/span><\/h2>\n<p><span style=\"font-weight: 400;\"><a href=\"https:\/\/kk55.archi\/index.php\/live-casino-kk55\/\"><strong>Live casino KK55<\/strong><\/a> hy v\u1ecdng b\u1ea1n s\u1ebd c\u00f3 \u0111\u01b0\u1ee3c nh\u1eefng tr\u1ea3i nghi\u1ec7m tuy\u1ec7t v\u1eddi v\u00e0 g\u1eb7t h\u00e1i \u0111\u01b0\u1ee3c nhi\u1ec1u th\u00e0nh c\u00f4ng r\u1ef1c r\u1ee1. S\u1ef1 minh b\u1ea1ch, chuy\u00ean nghi\u1ec7p v\u00e0 t\u1eadn t\u00e2m ch\u00ednh l\u00e0 nh\u1eefng g\u00ec nh\u00e0 c\u00e1i lu\u00f4n n\u1ed7 l\u1ef1c duy tr\u00ec \u0111\u1ec3 ph\u1ee5c v\u1ee5 c\u1ed9ng \u0111\u1ed3ng m\u1ed9t c\u00e1ch t\u1ed1t nh\u1ea5t. Ch\u00fac b\u1ea1n lu\u00f4n t\u1ec9nh t\u00e1o \u0111\u1ec3 \u0111\u01b0a ra nh\u1eefng quy\u1ebft \u0111\u1ecbnh c\u01b0\u1ee3c s\u00e1ng su\u1ed1t v\u00e0 gi\u00e0nh chi\u1ebfn th\u1eafng l\u1edbn m\u1ed7i ng\u00e0y.<\/span><\/p>\n","protected":false},"excerpt":{"rendered":"<p>Tham Gia S\u00f2ng B\u00e0i Tr\u1ef1c Tuy\u1ebfn Live Casino KK55 C\u1ef1c Hay Live casino KK55 \u0111ang kh\u1eb3ng \u0111\u1ecbnh v\u1ecb th\u1ebf d\u1eabn \u0111\u1ea7u nh\u1edd h\u1ec7 th\u1ed1ng s\u1ea3nh c\u01b0\u1ee3c \u0111\u01b0\u1ee3c \u0111\u1ea7u t\u01b0 b\u00e0i b\u1ea3n v\u00e0 chuy\u00ean nghi\u1ec7p nh\u1ea5t hi\u1ec7n nay. Ch\u00fang t\u00f4i hi\u1ec3u r\u1eb1ng ng\u01b0\u1eddi ch\u01a1i lu\u00f4n c\u1ea7n m\u1ed9t kh\u00f4ng gian gi\u1ea3i tr\u00ed c\u00f4ng b\u1eb1ng, n\u01a1i m\u1ed7i l\u00e1 [&#8230;]\n","protected":false},"author":1,"featured_media":187,"parent":0,"menu_order":0,"comment_status":"closed","ping_status":"closed","template":"","meta":{"footnotes":""},"class_list":["post-185","page","type-page","status-publish","has-post-thumbnail","hentry"],"_links":{"self":[{"href":"https:\/\/kk55.archi\/index.php\/wp-json\/wp\/v2\/pages\/185","targetHints":{"allow":["GET"]}}],"collection":[{"href":"https:\/\/kk55.archi\/index.php\/wp-json\/wp\/v2\/pages"}],"about":[{"href":"https:\/\/kk55.archi\/index.php\/wp-json\/wp\/v2\/types\/page"}],"author":[{"embeddable":true,"href":"https:\/\/kk55.archi\/index.php\/wp-json\/wp\/v2\/users\/1"}],"replies":[{"embeddable":true,"href":"https:\/\/kk55.archi\/index.php\/wp-json\/wp\/v2\/comments?post=185"}],"version-history":[{"count":5,"href":"https:\/\/kk55.archi\/index.php\/wp-json\/wp\/v2\/pages\/185\/revisions"}],"predecessor-version":[{"id":321,"href":"https:\/\/kk55.archi\/index.php\/wp-json\/wp\/v2\/pages\/185\/revisions\/321"}],"wp:featuredmedia":[{"embeddable":true,"href":"https:\/\/kk55.archi\/index.php\/wp-json\/wp\/v2\/media\/187"}],"wp:attachment":[{"href":"https:\/\/kk55.archi\/index.php\/wp-json\/wp\/v2\/media?parent=185"}],"curies":[{"name":"wp","href":"https:\/\/api.w.org\/{rel}","templated":true}]}}